{"id":1002,"date":"2024-12-23T22:47:59","date_gmt":"2024-12-23T21:47:59","guid":{"rendered":"https:\/\/amchungary.hu\/?page_id=1002"},"modified":"2026-01-09T21:15:34","modified_gmt":"2026-01-09T20:15:34","slug":"audiotherm","status":"publish","type":"page","link":"https:\/\/amchungary.hu\/sr\/termekek\/intelligens-konyha\/audiotherm\/","title":{"rendered":"audiotherm"},"content":{"rendered":"\t\t<div data-elementor-type=\"wp-page\" data-elementor-id=\"1002\" class=\"elementor elementor-1002\" data-elementor-post-type=\"page\">\n\t\t\t\t<div class=\"elementor-element elementor-element-3c960ba e-con-full e-flex e-con e-parent\" data-id=\"3c960ba\" data-element_type=\"container\" data-e-type=\"container\" data-settings=\"{&quot;background_background&quot;:&quot;classic&quot;}\">\n\t\t\t\t<\/div>\n\t\t<div class=\"elementor-element elementor-element-cd4ce5a e-flex e-con-boxed e-con e-parent\" data-id=\"cd4ce5a\" data-element_type=\"container\" data-e-type=\"container\" data-settings=\"{&quot;background_background&quot;:&quot;classic&quot;}\">\n\t\t\t\t\t<div class=\"e-con-inner\">\n\t\t\t\t<div class=\"elementor-element elementor-element-9780306 elementor-widget elementor-widget-heading\" data-id=\"9780306\" data-element_type=\"widget\" data-e-type=\"widget\" data-widget_type=\"heading.default\">\n\t\t\t\t<div class=\"elementor-widget-container\">\n\t\t\t\t\t<h2 class=\"elementor-heading-title elementor-size-default\">Audiotherm akusztikus vez\u00e9rl\u00e9s a h\u0151m\u00e9rs\u00e9klet- \u00e9s id\u0151vez\u00e9relt f\u0151z\u00e9shez<\/h2>\t\t\t\t<\/div>\n\t\t\t\t<\/div>\n\t\t\t\t<div class=\"elementor-element elementor-element-d96a158 elementor-widget elementor-widget-text-editor\" data-id=\"d96a158\" data-element_type=\"widget\" data-e-type=\"widget\" data-widget_type=\"text-editor.default\">\n\t\t\t\t<div class=\"elementor-widget-container\">\n\t\t\t\t\t\t\t\t\t<p>Az Audiotherm akusztikus vez\u00e9rl\u00e9s a Visiotherm h\u0151m\u00e9rs\u00e9klet-kijelz\u0151vel lehet\u0151v\u00e9 teszi a h\u0151m\u00e9rs\u00e9klet- \u00e9s id\u0151vez\u00e9relt f\u0151z\u00e9st. Az Audiotherm sz\u00f3l\u00edtja \u00d6nt, ha valamit el kell v\u00e9gezni, \u00e9s a kijelz\u0151n megmutatja, hogy mit kell tennie.<\/p>\t\t\t\t\t\t\t\t<\/div>\n\t\t\t\t<\/div>\n\t\t\t\t\t<\/div>\n\t\t\t\t<\/div>\n\t\t<div class=\"elementor-element elementor-element-097ef89 e-flex e-con-boxed e-con e-parent\" data-id=\"097ef89\" data-element_type=\"container\" data-e-type=\"container\">\n\t\t\t\t\t<div class=\"e-con-inner\">\n\t\t<div class=\"elementor-element elementor-element-994c1f0 e-flex e-con-boxed e-con e-child\" data-id=\"994c1f0\" data-element_type=\"container\" data-e-type=\"container\">\n\t\t\t\t\t<div class=\"e-con-inner\">\n\t\t\t\t<div class=\"elementor-element elementor-element-6471262 elementor-widget elementor-widget-heading\" data-id=\"6471262\" data-element_type=\"widget\" data-e-type=\"widget\" data-widget_type=\"heading.default\">\n\t\t\t\t<div class=\"elementor-widget-container\">\n\t\t\t\t\t<h2 class=\"elementor-heading-title elementor-size-default\">El\u0151nye<\/h2>\t\t\t\t<\/div>\n\t\t\t\t<\/div>\n\t\t\t\t<div class=\"elementor-element elementor-element-a72d2e4 elementor-icon-list--layout-traditional elementor-list-item-link-full_width elementor-widget elementor-widget-icon-list\" data-id=\"a72d2e4\" data-element_type=\"widget\" data-e-type=\"widget\" data-widget_type=\"icon-list.default\">\n\t\t\t\t<div class=\"elementor-widget-container\">\n\t\t\t\t\t\t\t<ul class=\"elementor-icon-list-items\">\n\t\t\t\t\t\t\t<li class=\"elementor-icon-list-item\">\n\t\t\t\t\t\t\t\t\t\t\t<span class=\"elementor-icon-list-icon\">\n\t\t\t\t\t\t\t<svg aria-hidden=\"true\" class=\"e-font-icon-svg e-fas-circle\" viewBox=\"0 0 512 512\" xmlns=\"http:\/\/www.w3.org\/2000\/svg\"><path d=\"M256 8C119 8 8 119 8 256s111 248 248 248 248-111 248-248S393 8 256 8z\"><\/path><\/svg>\t\t\t\t\t\t<\/span>\n\t\t\t\t\t\t\t\t\t\t<span class=\"elementor-icon-list-text\">L\u00e9p\u00e9sr\u0151l l\u00e9p\u00e9sre v\u00e9gigvezeti \u00d6nt a f\u0151z\u00e9si folyamaton<\/span>\n\t\t\t\t\t\t\t\t\t<\/li>\n\t\t\t\t\t\t\t\t<li class=\"elementor-icon-list-item\">\n\t\t\t\t\t\t\t\t\t\t\t<span class=\"elementor-icon-list-icon\">\n\t\t\t\t\t\t\t<svg aria-hidden=\"true\" class=\"e-font-icon-svg e-fas-circle\" viewBox=\"0 0 512 512\" xmlns=\"http:\/\/www.w3.org\/2000\/svg\"><path d=\"M256 8C119 8 8 119 8 256s111 248 248 248 248-111 248-248S393 8 256 8z\"><\/path><\/svg>\t\t\t\t\t\t<\/span>\n\t\t\t\t\t\t\t\t\t\t<span class=\"elementor-icon-list-text\">A tervezett f\u0151z\u00e9si id\u0151 k\u00f6nnyen megadhat\u00f3<\/span>\n\t\t\t\t\t\t\t\t\t<\/li>\n\t\t\t\t\t\t\t\t<li class=\"elementor-icon-list-item\">\n\t\t\t\t\t\t\t\t\t\t\t<span class=\"elementor-icon-list-icon\">\n\t\t\t\t\t\t\t<svg aria-hidden=\"true\" class=\"e-font-icon-svg e-fas-circle\" viewBox=\"0 0 512 512\" xmlns=\"http:\/\/www.w3.org\/2000\/svg\"><path d=\"M256 8C119 8 8 119 8 256s111 248 248 248 248-111 248-248S393 8 256 8z\"><\/path><\/svg>\t\t\t\t\t\t<\/span>\n\t\t\t\t\t\t\t\t\t\t<span class=\"elementor-icon-list-text\">A hangjelz\u00e9s t\u00e1j\u00e9koztatja \u00d6nt, \u00e9s az Audiotherm megmutatja, mit kell tennie.<\/span>\n\t\t\t\t\t\t\t\t\t<\/li>\n\t\t\t\t\t\t\t\t<li class=\"elementor-icon-list-item\">\n\t\t\t\t\t\t\t\t\t\t\t<span class=\"elementor-icon-list-icon\">\n\t\t\t\t\t\t\t<svg aria-hidden=\"true\" class=\"e-font-icon-svg e-fas-circle\" viewBox=\"0 0 512 512\" xmlns=\"http:\/\/www.w3.org\/2000\/svg\"><path d=\"M256 8C119 8 8 119 8 256s111 248 248 248 248-111 248-248S393 8 256 8z\"><\/path><\/svg>\t\t\t\t\t\t<\/span>\n\t\t\t\t\t\t\t\t\t\t<span class=\"elementor-icon-list-text\">Inform\u00e1ci\u00f3 a z\u00f6lds\u00e9g-, s\u00fct\u0151- \u00e9s g\u0151zablakr\u00f3l, valamint a 60\u00b0C-os \u00fajrameleg\u00edt\u00e9s\/melegen tart\u00e1s funkci\u00f3r\u00f3l<\/span>\n\t\t\t\t\t\t\t\t\t<\/li>\n\t\t\t\t\t\t\t\t<li class=\"elementor-icon-list-item\">\n\t\t\t\t\t\t\t\t\t\t\t<span class=\"elementor-icon-list-icon\">\n\t\t\t\t\t\t\t<svg aria-hidden=\"true\" class=\"e-font-icon-svg e-fas-circle\" viewBox=\"0 0 512 512\" xmlns=\"http:\/\/www.w3.org\/2000\/svg\"><path d=\"M256 8C119 8 8 119 8 256s111 248 248 248 248-111 248-248S393 8 256 8z\"><\/path><\/svg>\t\t\t\t\t\t<\/span>\n\t\t\t\t\t\t\t\t\t\t<span class=\"elementor-icon-list-text\">A \u201eSecuquick softline\u201d nyom\u00e1start\u00f3 ed\u00e9nyfed\u00e9lhez, a soft \u00e9s a turbo tartom\u00e1nyra vonatkoz\u00f3 inform\u00e1ci\u00f3k<\/span>\n\t\t\t\t\t\t\t\t\t<\/li>\n\t\t\t\t\t\t\t\t<li class=\"elementor-icon-list-item\">\n\t\t\t\t\t\t\t\t\t\t\t<span class=\"elementor-icon-list-icon\">\n\t\t\t\t\t\t\t<svg aria-hidden=\"true\" class=\"e-font-icon-svg e-fas-circle\" viewBox=\"0 0 512 512\" xmlns=\"http:\/\/www.w3.org\/2000\/svg\"><path d=\"M256 8C119 8 8 119 8 256s111 248 248 248 248-111 248-248S393 8 256 8z\"><\/path><\/svg>\t\t\t\t\t\t<\/span>\n\t\t\t\t\t\t\t\t\t\t<span class=\"elementor-icon-list-text\">Az AMC Cook &amp; Go alkalmaz\u00e1snak k\u00f6sz\u00f6nhet\u0151en minden funkci\u00f3t t\u00fckr\u00f6z az intelligens eszk\u00f6z\u00e9re<\/span>\n\t\t\t\t\t\t\t\t\t<\/li>\n\t\t\t\t\t\t<\/ul>\n\t\t\t\t\t\t<\/div>\n\t\t\t\t<\/div>\n\t\t\t\t\t<\/div>\n\t\t\t\t<\/div>\n\t\t\t\t\t<\/div>\n\t\t\t\t<\/div>\n\t\t<div class=\"elementor-element elementor-element-500c901 e-flex e-con-boxed e-con e-parent\" data-id=\"500c901\" data-element_type=\"container\" data-e-type=\"container\">\n\t\t\t\t\t<div class=\"e-con-inner\">\n\t\t<div class=\"elementor-element elementor-element-b856154 e-flex e-con-boxed e-con e-child\" data-id=\"b856154\" data-element_type=\"container\" data-e-type=\"container\">\n\t\t\t\t\t<div class=\"e-con-inner\">\n\t\t\t\t<div class=\"elementor-element elementor-element-f5deb58 elementor-widget-mobile__width-initial elementor-widget elementor-widget-heading\" data-id=\"f5deb58\" data-element_type=\"widget\" data-e-type=\"widget\" data-widget_type=\"heading.default\">\n\t\t\t\t<div class=\"elementor-widget-container\">\n\t\t\t\t\t<h2 class=\"elementor-heading-title elementor-size-default\">Term\u00e9kle\u00edr\u00e1s<\/h2>\t\t\t\t<\/div>\n\t\t\t\t<\/div>\n\t\t\t\t<div class=\"elementor-element elementor-element-76ffcc1 elementor-widget elementor-widget-text-editor\" data-id=\"76ffcc1\" data-element_type=\"widget\" data-e-type=\"widget\" data-widget_type=\"text-editor.default\">\n\t\t\t\t<div class=\"elementor-widget-container\">\n\t\t\t\t\t\t\t\t\t<p>Az Audiotherm akusztikus vez\u00e9rl\u00e9s a Visiotherm h\u0151m\u00e9rs\u00e9klet-kijelz\u0151vel egy\u00fctt lehet\u0151s\u00e9get ad arra, hogy f\u0151z\u00e9s k\u00f6zben mindig k\u00e9zben tarthassa az id\u0151t \u00e9s a h\u0151m\u00e9rs\u00e9kletet. Az Audiotherm egyszer\u0171en a Visiothermre ker\u00fcl, \u00e9s felh\u00edvja \u00d6nt, ha valami dolga van. Az Audiotherm kijelz\u0151 megmutatja, hogy mit kell tennie. Funkci\u00f3inak k\u00f6sz\u00f6nhet\u0151en v\u00e9gigk\u00eds\u00e9ri \u00d6nt a teljes f\u0151z\u00e9si folyamaton, \u00e9s \u00edgy lehet\u0151v\u00e9 teszi az intelligens f\u0151z\u00e9st. A z\u00f6lds\u00e9g-, s\u00fclt- \u00e9s g\u0151zablakkal kapcsolatos inform\u00e1ci\u00f3k mellett azt is tudatja \u00d6nnel, hogy mikor \u00e1ll k\u00e9szen az \u00e9tel a f\u0151z\u00e9sre. A Secuquick softline gyorsf\u0151z\u0151 fedel\u00e9vel kombin\u00e1lva az Audiothermnek k\u00f6sz\u00f6nhet\u0151en l\u00e1thatja, hogy melyik f\u0151z\u00e9si m\u00f3dot v\u00e1lasztotta a nagynyom\u00e1s\u00fa f\u0151z\u00e9shez: Soft vagy Turbo. Az Audiotherm bemeleg\u00edt\u00e9si \u00e9s melegen tart\u00e1si funkci\u00f3t is k\u00edn\u00e1l 60\u00b0C-on. \u00cdgy \u00f3vatosan felmeleg\u00edtheti a m\u00e1r f\u0151tt \u00e9teleket, vagy melegen tarthatja a frissen f\u0151z\u00f6tt \u00e9teleket. A Navigenio mobil f\u0151z\u0151lappal egy\u00fctt az Audiotherm t\u00f6k\u00e9letes csapatot alkot a teljesen intelligens f\u0151z\u00e9shez, \u00edgy nem kell a t\u0171zhely mellett \u00e1llnia. Ez minden nap id\u0151t ad arra, hogy m\u00e1s tev\u00e9kenys\u00e9geknek szentelje mag\u00e1t. Az Audiotherm \u00e9s a Navigenio ide\u00e1lisan kombin\u00e1lhat\u00f3 az AMC term\u00e9kek sz\u00e9les v\u00e1laszt\u00e9k\u00e1val. Az Audiotherm teljes potenci\u00e1lja kibontakozik az AMC alkalmaz\u00e1snak, a Cook &amp; Go-nak k\u00f6sz\u00f6nhet\u0151en, amely az Audiotherm \u00f6sszes funkci\u00f3j\u00e1t az \u00d6n \u00e1ltal v\u00e1lasztott k\u00e9sz\u00fcl\u00e9kre hozza.<\/p>\t\t\t\t\t\t\t\t<\/div>\n\t\t\t\t<\/div>\n\t\t\t\t\t<\/div>\n\t\t\t\t<\/div>\n\t\t<div class=\"elementor-element elementor-element-a9616d7 e-flex e-con-boxed e-con e-child\" data-id=\"a9616d7\" data-element_type=\"container\" data-e-type=\"container\">\n\t\t\t\t\t<div class=\"e-con-inner\">\n\t\t\t\t<div class=\"elementor-element elementor-element-40145b8 elementor-widget elementor-widget-image\" data-id=\"40145b8\" data-element_type=\"widget\" data-e-type=\"widget\" data-widget_type=\"image.default\">\n\t\t\t\t<div class=\"elementor-widget-container\">\n\t\t\t\t\t\t\t\t\t\t\t\t\t\t\t<img fetchpriority=\"high\" decoding=\"async\" width=\"1956\" height=\"1222\" src=\"https:\/\/amchungary.hu\/wp-content\/uploads\/2024\/12\/AMC-CoockGo-bemutatas.webp\" class=\"attachment-full size-full wp-image-163\" alt=\"\" srcset=\"https:\/\/amchungary.hu\/wp-content\/uploads\/2024\/12\/AMC-CoockGo-bemutatas.webp 1956w, https:\/\/amchungary.hu\/wp-content\/uploads\/2024\/12\/AMC-CoockGo-bemutatas-300x187.webp 300w, https:\/\/amchungary.hu\/wp-content\/uploads\/2024\/12\/AMC-CoockGo-bemutatas-1024x640.webp 1024w, https:\/\/amchungary.hu\/wp-content\/uploads\/2024\/12\/AMC-CoockGo-bemutatas-768x480.webp 768w, https:\/\/amchungary.hu\/wp-content\/uploads\/2024\/12\/AMC-CoockGo-bemutatas-1536x960.webp 1536w\" sizes=\"(max-width: 1956px) 100vw, 1956px\" \/>\t\t\t\t\t\t\t\t\t\t\t\t\t\t\t<\/div>\n\t\t\t\t<\/div>\n\t\t\t\t\t<\/div>\n\t\t\t\t<\/div>\n\t\t\t\t\t<\/div>\n\t\t\t\t<\/div>\n\t\t<div class=\"elementor-element elementor-element-9092520 e-con-full e-flex e-con e-parent\" data-id=\"9092520\" data-element_type=\"container\" data-e-type=\"container\">\n\t\t\t\t<div class=\"elementor-element elementor-element-7214c00 elementor-widget-mobile__width-inherit elementor-mobile-align-center elementor-widget elementor-widget-button\" data-id=\"7214c00\" data-element_type=\"widget\" data-e-type=\"widget\" data-settings=\"{&quot;sticky&quot;:&quot;bottom&quot;,&quot;sticky_on&quot;:[&quot;desktop&quot;],&quot;sticky_offset&quot;:0,&quot;sticky_effects_offset&quot;:0,&quot;sticky_anchor_link_offset&quot;:0}\" data-widget_type=\"button.default\">\n\t\t\t\t<div class=\"elementor-widget-container\">\n\t\t\t\t\t\t\t\t\t<div class=\"elementor-button-wrapper\">\n\t\t\t\t\t<a class=\"elementor-button elementor-button-link elementor-size-sm\" href=\"https:\/\/amchungary.hu\/foglalas-az-amc-bemutatora\/\">\n\t\t\t\t\t\t<span class=\"elementor-button-content-wrapper\">\n\t\t\t\t\t\t\t\t\t<span class=\"elementor-button-text\">Jelentkezzen most!<\/span>\n\t\t\t\t\t<\/span>\n\t\t\t\t\t<\/a>\n\t\t\t\t<\/div>\n\t\t\t\t\t\t\t\t<\/div>\n\t\t\t\t<\/div>\n\t\t\t\t<\/div>\n\t\t\t\t<\/div>\n\t\t","protected":false},"excerpt":{"rendered":"<p>Audiotherm akusztikus vez\u00e9rl\u00e9s a h\u0151m\u00e9rs\u00e9klet- \u00e9s id\u0151vez\u00e9relt f\u0151z\u00e9shez Az Audiotherm akusztikus vez\u00e9rl\u00e9s a Visiotherm h\u0151m\u00e9rs\u00e9klet-kijelz\u0151vel lehet\u0151v\u00e9 teszi a h\u0151m\u00e9rs\u00e9klet- \u00e9s id\u0151vez\u00e9relt f\u0151z\u00e9st. Az Audiotherm sz\u00f3l\u00edtja \u00d6nt, ha valamit el kell v\u00e9gezni, \u00e9s a kijelz\u0151n megmutatja, hogy mit kell tennie. El\u0151nye L\u00e9p\u00e9sr\u0151l l\u00e9p\u00e9sre v\u00e9gigvezeti \u00d6nt a f\u0151z\u00e9si folyamaton A tervezett f\u0151z\u00e9si id\u0151 k\u00f6nnyen megadhat\u00f3 A hangjelz\u00e9s [&hellip;]<\/p>\n","protected":false},"author":3,"featured_media":0,"parent":848,"menu_order":0,"comment_status":"closed","ping_status":"closed","template":"","meta":{"footnotes":""},"class_list":["post-1002","page","type-page","status-publish","hentry"],"yoast_head":"<!-- This site is optimized with the Yoast SEO Premium plugin v27.6 (Yoast SEO v27.6) - https:\/\/yoast.com\/product\/yoast-seo-premium-wordpress\/ -->\n<title>audiotherm - AMC Hungary<\/title>\n<meta name=\"robots\" content=\"index, follow, max-snippet:-1, max-image-preview:large, max-video-preview:-1\" \/>\n<link rel=\"canonical\" href=\"https:\/\/amchungary.hu\/sr\/termekek\/intelligens-konyha\/audiotherm\/\" \/>\n<meta property=\"og:locale\" content=\"sr_RS\" \/>\n<meta property=\"og:type\" content=\"article\" \/>\n<meta property=\"og:title\" content=\"audiotherm\" \/>\n<meta property=\"og:description\" content=\"Audiotherm akusztikus vez\u00e9rl\u00e9s a h\u0151m\u00e9rs\u00e9klet- \u00e9s id\u0151vez\u00e9relt f\u0151z\u00e9shez Az Audiotherm akusztikus vez\u00e9rl\u00e9s a Visiotherm h\u0151m\u00e9rs\u00e9klet-kijelz\u0151vel lehet\u0151v\u00e9 teszi a h\u0151m\u00e9rs\u00e9klet- \u00e9s id\u0151vez\u00e9relt f\u0151z\u00e9st. Az Audiotherm sz\u00f3l\u00edtja \u00d6nt, ha valamit el kell v\u00e9gezni, \u00e9s a kijelz\u0151n megmutatja, hogy mit kell tennie. El\u0151nye L\u00e9p\u00e9sr\u0151l l\u00e9p\u00e9sre v\u00e9gigvezeti \u00d6nt a f\u0151z\u00e9si folyamaton A tervezett f\u0151z\u00e9si id\u0151 k\u00f6nnyen megadhat\u00f3 A hangjelz\u00e9s [&hellip;]\" \/>\n<meta property=\"og:url\" content=\"https:\/\/amchungary.hu\/sr\/termekek\/intelligens-konyha\/audiotherm\/\" \/>\n<meta property=\"og:site_name\" content=\"AMC Hungary\" \/>\n<meta property=\"article:publisher\" content=\"https:\/\/www.facebook.com\/people\/AMC-Hungary\/61570426203273\/\" \/>\n<meta property=\"article:modified_time\" content=\"2026-01-09T20:15:34+00:00\" \/>\n<meta property=\"og:image\" content=\"https:\/\/amchungary.hu\/wp-content\/uploads\/2024\/12\/AMC-CoockGo-bemutatas.webp\" \/>\n\t<meta property=\"og:image:width\" content=\"1956\" \/>\n\t<meta property=\"og:image:height\" content=\"1222\" \/>\n\t<meta property=\"og:image:type\" content=\"image\/webp\" \/>\n<meta name=\"twitter:card\" content=\"summary_large_image\" \/>\n<meta name=\"twitter:label1\" content=\"\u041f\u0440\u043e\u0446\u0435\u045a\u0435\u043d\u043e \u0432\u0440\u0435\u043c\u0435 \u0447\u0438\u0442\u0430\u045a\u0430\" \/>\n\t<meta name=\"twitter:data1\" content=\"2 \u043c\u0438\u043d\u0443\u0442\u0430\" \/>\n<script type=\"application\/ld+json\" class=\"yoast-schema-graph\">{\"@context\":\"https:\\\/\\\/schema.org\",\"@graph\":[{\"@type\":\"WebPage\",\"@id\":\"https:\\\/\\\/amchungary.hu\\\/termekek\\\/intelligens-konyha\\\/audiotherm\\\/\",\"url\":\"https:\\\/\\\/amchungary.hu\\\/termekek\\\/intelligens-konyha\\\/audiotherm\\\/\",\"name\":\"audiotherm - AMC Hungary\",\"isPartOf\":{\"@id\":\"https:\\\/\\\/amchungary.hu\\\/#website\"},\"primaryImageOfPage\":{\"@id\":\"https:\\\/\\\/amchungary.hu\\\/termekek\\\/intelligens-konyha\\\/audiotherm\\\/#primaryimage\"},\"image\":{\"@id\":\"https:\\\/\\\/amchungary.hu\\\/termekek\\\/intelligens-konyha\\\/audiotherm\\\/#primaryimage\"},\"thumbnailUrl\":\"https:\\\/\\\/amchungary.hu\\\/wp-content\\\/uploads\\\/2024\\\/12\\\/AMC-CoockGo-bemutatas.webp\",\"datePublished\":\"2024-12-23T21:47:59+00:00\",\"dateModified\":\"2026-01-09T20:15:34+00:00\",\"breadcrumb\":{\"@id\":\"https:\\\/\\\/amchungary.hu\\\/termekek\\\/intelligens-konyha\\\/audiotherm\\\/#breadcrumb\"},\"inLanguage\":\"sr-RS\",\"potentialAction\":[{\"@type\":\"ReadAction\",\"target\":[\"https:\\\/\\\/amchungary.hu\\\/termekek\\\/intelligens-konyha\\\/audiotherm\\\/\"]}]},{\"@type\":\"ImageObject\",\"inLanguage\":\"sr-RS\",\"@id\":\"https:\\\/\\\/amchungary.hu\\\/termekek\\\/intelligens-konyha\\\/audiotherm\\\/#primaryimage\",\"url\":\"https:\\\/\\\/amchungary.hu\\\/wp-content\\\/uploads\\\/2024\\\/12\\\/AMC-CoockGo-bemutatas.webp\",\"contentUrl\":\"https:\\\/\\\/amchungary.hu\\\/wp-content\\\/uploads\\\/2024\\\/12\\\/AMC-CoockGo-bemutatas.webp\"},{\"@type\":\"BreadcrumbList\",\"@id\":\"https:\\\/\\\/amchungary.hu\\\/termekek\\\/intelligens-konyha\\\/audiotherm\\\/#breadcrumb\",\"itemListElement\":[{\"@type\":\"ListItem\",\"position\":1,\"name\":\"Home\",\"item\":\"https:\\\/\\\/amchungary.hu\\\/\"},{\"@type\":\"ListItem\",\"position\":2,\"name\":\"Term\u00e9kek\",\"item\":\"https:\\\/\\\/amchungary.hu\\\/termekek\\\/\"},{\"@type\":\"ListItem\",\"position\":3,\"name\":\"Intelligens konyha\",\"item\":\"https:\\\/\\\/amchungary.hu\\\/termekek\\\/intelligens-konyha\\\/\"},{\"@type\":\"ListItem\",\"position\":4,\"name\":\"audiotherm\"}]},{\"@type\":\"WebSite\",\"@id\":\"https:\\\/\\\/amchungary.hu\\\/#website\",\"url\":\"https:\\\/\\\/amchungary.hu\\\/\",\"name\":\"AMC Hungary\",\"description\":\"\",\"publisher\":{\"@id\":\"https:\\\/\\\/amchungary.hu\\\/#organization\"},\"potentialAction\":[{\"@type\":\"SearchAction\",\"target\":{\"@type\":\"EntryPoint\",\"urlTemplate\":\"https:\\\/\\\/amchungary.hu\\\/?s={search_term_string}\"},\"query-input\":{\"@type\":\"PropertyValueSpecification\",\"valueRequired\":true,\"valueName\":\"search_term_string\"}}],\"inLanguage\":\"sr-RS\"},{\"@type\":\"Organization\",\"@id\":\"https:\\\/\\\/amchungary.hu\\\/#organization\",\"name\":\"AMC Hungary\",\"url\":\"https:\\\/\\\/amchungary.hu\\\/\",\"logo\":{\"@type\":\"ImageObject\",\"inLanguage\":\"sr-RS\",\"@id\":\"https:\\\/\\\/amchungary.hu\\\/#\\\/schema\\\/logo\\\/image\\\/\",\"url\":\"https:\\\/\\\/amchungary.hu\\\/wp-content\\\/uploads\\\/2025\\\/09\\\/AMC_Logo_outline_bw_1-1.avif\",\"contentUrl\":\"https:\\\/\\\/amchungary.hu\\\/wp-content\\\/uploads\\\/2025\\\/09\\\/AMC_Logo_outline_bw_1-1.avif\",\"width\":180,\"height\":120,\"caption\":\"AMC Hungary\"},\"image\":{\"@id\":\"https:\\\/\\\/amchungary.hu\\\/#\\\/schema\\\/logo\\\/image\\\/\"},\"sameAs\":[\"https:\\\/\\\/www.facebook.com\\\/people\\\/AMC-Hungary\\\/61570426203273\\\/\",\"https:\\\/\\\/www.instagram.com\\\/amchungary\\\/\",\"https:\\\/\\\/www.youtube.com\\\/@AMCHUNGARY\",\"https:\\\/\\\/www.tiktok.com\\\/@amchungary\"]}]}<\/script>\n<!-- \/ Yoast SEO Premium plugin. -->","yoast_head_json":{"title":"audiotherm - AMC Hungary","robots":{"index":"index","follow":"follow","max-snippet":"max-snippet:-1","max-image-preview":"max-image-preview:large","max-video-preview":"max-video-preview:-1"},"canonical":"https:\/\/amchungary.hu\/sr\/termekek\/intelligens-konyha\/audiotherm\/","og_locale":"sr_RS","og_type":"article","og_title":"audiotherm","og_description":"Audiotherm akusztikus vez\u00e9rl\u00e9s a h\u0151m\u00e9rs\u00e9klet- \u00e9s id\u0151vez\u00e9relt f\u0151z\u00e9shez Az Audiotherm akusztikus vez\u00e9rl\u00e9s a Visiotherm h\u0151m\u00e9rs\u00e9klet-kijelz\u0151vel lehet\u0151v\u00e9 teszi a h\u0151m\u00e9rs\u00e9klet- \u00e9s id\u0151vez\u00e9relt f\u0151z\u00e9st. Az Audiotherm sz\u00f3l\u00edtja \u00d6nt, ha valamit el kell v\u00e9gezni, \u00e9s a kijelz\u0151n megmutatja, hogy mit kell tennie. El\u0151nye L\u00e9p\u00e9sr\u0151l l\u00e9p\u00e9sre v\u00e9gigvezeti \u00d6nt a f\u0151z\u00e9si folyamaton A tervezett f\u0151z\u00e9si id\u0151 k\u00f6nnyen megadhat\u00f3 A hangjelz\u00e9s [&hellip;]","og_url":"https:\/\/amchungary.hu\/sr\/termekek\/intelligens-konyha\/audiotherm\/","og_site_name":"AMC Hungary","article_publisher":"https:\/\/www.facebook.com\/people\/AMC-Hungary\/61570426203273\/","article_modified_time":"2026-01-09T20:15:34+00:00","og_image":[{"width":1956,"height":1222,"url":"https:\/\/amchungary.hu\/wp-content\/uploads\/2024\/12\/AMC-CoockGo-bemutatas.webp","type":"image\/webp"}],"twitter_card":"summary_large_image","twitter_misc":{"\u041f\u0440\u043e\u0446\u0435\u045a\u0435\u043d\u043e \u0432\u0440\u0435\u043c\u0435 \u0447\u0438\u0442\u0430\u045a\u0430":"2 \u043c\u0438\u043d\u0443\u0442\u0430"},"schema":{"@context":"https:\/\/schema.org","@graph":[{"@type":"WebPage","@id":"https:\/\/amchungary.hu\/termekek\/intelligens-konyha\/audiotherm\/","url":"https:\/\/amchungary.hu\/termekek\/intelligens-konyha\/audiotherm\/","name":"audiotherm - AMC Hungary","isPartOf":{"@id":"https:\/\/amchungary.hu\/#website"},"primaryImageOfPage":{"@id":"https:\/\/amchungary.hu\/termekek\/intelligens-konyha\/audiotherm\/#primaryimage"},"image":{"@id":"https:\/\/amchungary.hu\/termekek\/intelligens-konyha\/audiotherm\/#primaryimage"},"thumbnailUrl":"https:\/\/amchungary.hu\/wp-content\/uploads\/2024\/12\/AMC-CoockGo-bemutatas.webp","datePublished":"2024-12-23T21:47:59+00:00","dateModified":"2026-01-09T20:15:34+00:00","breadcrumb":{"@id":"https:\/\/amchungary.hu\/termekek\/intelligens-konyha\/audiotherm\/#breadcrumb"},"inLanguage":"sr-RS","potentialAction":[{"@type":"ReadAction","target":["https:\/\/amchungary.hu\/termekek\/intelligens-konyha\/audiotherm\/"]}]},{"@type":"ImageObject","inLanguage":"sr-RS","@id":"https:\/\/amchungary.hu\/termekek\/intelligens-konyha\/audiotherm\/#primaryimage","url":"https:\/\/amchungary.hu\/wp-content\/uploads\/2024\/12\/AMC-CoockGo-bemutatas.webp","contentUrl":"https:\/\/amchungary.hu\/wp-content\/uploads\/2024\/12\/AMC-CoockGo-bemutatas.webp"},{"@type":"BreadcrumbList","@id":"https:\/\/amchungary.hu\/termekek\/intelligens-konyha\/audiotherm\/#breadcrumb","itemListElement":[{"@type":"ListItem","position":1,"name":"Home","item":"https:\/\/amchungary.hu\/"},{"@type":"ListItem","position":2,"name":"Term\u00e9kek","item":"https:\/\/amchungary.hu\/termekek\/"},{"@type":"ListItem","position":3,"name":"Intelligens konyha","item":"https:\/\/amchungary.hu\/termekek\/intelligens-konyha\/"},{"@type":"ListItem","position":4,"name":"audiotherm"}]},{"@type":"WebSite","@id":"https:\/\/amchungary.hu\/#website","url":"https:\/\/amchungary.hu\/","name":"AMC Hungary","description":"","publisher":{"@id":"https:\/\/amchungary.hu\/#organization"},"potentialAction":[{"@type":"SearchAction","target":{"@type":"EntryPoint","urlTemplate":"https:\/\/amchungary.hu\/?s={search_term_string}"},"query-input":{"@type":"PropertyValueSpecification","valueRequired":true,"valueName":"search_term_string"}}],"inLanguage":"sr-RS"},{"@type":"Organization","@id":"https:\/\/amchungary.hu\/#organization","name":"AMC Hungary","url":"https:\/\/amchungary.hu\/","logo":{"@type":"ImageObject","inLanguage":"sr-RS","@id":"https:\/\/amchungary.hu\/#\/schema\/logo\/image\/","url":"https:\/\/amchungary.hu\/wp-content\/uploads\/2025\/09\/AMC_Logo_outline_bw_1-1.avif","contentUrl":"https:\/\/amchungary.hu\/wp-content\/uploads\/2025\/09\/AMC_Logo_outline_bw_1-1.avif","width":180,"height":120,"caption":"AMC Hungary"},"image":{"@id":"https:\/\/amchungary.hu\/#\/schema\/logo\/image\/"},"sameAs":["https:\/\/www.facebook.com\/people\/AMC-Hungary\/61570426203273\/","https:\/\/www.instagram.com\/amchungary\/","https:\/\/www.youtube.com\/@AMCHUNGARY","https:\/\/www.tiktok.com\/@amchungary"]}]}},"_links":{"self":[{"href":"https:\/\/amchungary.hu\/sr\/wp-json\/wp\/v2\/pages\/1002","targetHints":{"allow":["GET"]}}],"collection":[{"href":"https:\/\/amchungary.hu\/sr\/wp-json\/wp\/v2\/pages"}],"about":[{"href":"https:\/\/amchungary.hu\/sr\/wp-json\/wp\/v2\/types\/page"}],"author":[{"embeddable":true,"href":"https:\/\/amchungary.hu\/sr\/wp-json\/wp\/v2\/users\/3"}],"replies":[{"embeddable":true,"href":"https:\/\/amchungary.hu\/sr\/wp-json\/wp\/v2\/comments?post=1002"}],"version-history":[{"count":0,"href":"https:\/\/amchungary.hu\/sr\/wp-json\/wp\/v2\/pages\/1002\/revisions"}],"up":[{"embeddable":true,"href":"https:\/\/amchungary.hu\/sr\/wp-json\/wp\/v2\/pages\/848"}],"wp:attachment":[{"href":"https:\/\/amchungary.hu\/sr\/wp-json\/wp\/v2\/media?parent=1002"}],"curies":[{"name":"wp","href":"https:\/\/api.w.org\/{rel}","templated":true}]}}