{"id":1088,"date":"2024-12-24T21:04:27","date_gmt":"2024-12-24T20:04:27","guid":{"rendered":"https:\/\/amchungary.hu\/?page_id=1088"},"modified":"2026-01-09T21:17:40","modified_gmt":"2026-01-09T20:17:40","slug":"navigenio","status":"publish","type":"page","link":"https:\/\/amchungary.hu\/sr\/termekek\/intelligens-konyha\/navigenio\/","title":{"rendered":"Navigenio"},"content":{"rendered":"\t\t<div data-elementor-type=\"wp-page\" data-elementor-id=\"1088\" class=\"elementor elementor-1088\" data-elementor-post-type=\"page\">\n\t\t\t\t<div class=\"elementor-element elementor-element-7a906ef e-con-full e-flex e-con e-parent\" data-id=\"7a906ef\" data-element_type=\"container\" data-e-type=\"container\" data-settings=\"{&quot;background_background&quot;:&quot;classic&quot;}\">\n\t\t\t\t<\/div>\n\t\t<div class=\"elementor-element elementor-element-1936fff e-flex e-con-boxed e-con e-parent\" data-id=\"1936fff\" data-element_type=\"container\" data-e-type=\"container\" data-settings=\"{&quot;background_background&quot;:&quot;classic&quot;}\">\n\t\t\t\t\t<div class=\"e-con-inner\">\n\t\t\t\t<div class=\"elementor-element elementor-element-de7706b elementor-widget elementor-widget-heading\" data-id=\"de7706b\" data-element_type=\"widget\" data-e-type=\"widget\" data-widget_type=\"heading.default\">\n\t\t\t\t<div class=\"elementor-widget-container\">\n\t\t\t\t\t<h2 class=\"elementor-heading-title elementor-size-default\">Navigenio mobil f\u0151z\u0151lap f\u0151z\u00e9shez, grillez\u00e9shez \u00e9s s\u00fct\u00e9shez\n<\/h2>\t\t\t\t<\/div>\n\t\t\t\t<\/div>\n\t\t\t\t<div class=\"elementor-element elementor-element-c9bfd41 elementor-widget elementor-widget-text-editor\" data-id=\"c9bfd41\" data-element_type=\"widget\" data-e-type=\"widget\" data-widget_type=\"text-editor.default\">\n\t\t\t\t<div class=\"elementor-widget-container\">\n\t\t\t\t\t\t\t\t\t<p>A Navigenio egy mobil f\u0151z\u0151lap. Az \u00d6n n\u00e9lk\u00fcl\u00f6zhetetlen seg\u00edt\u0151je a konyh\u00e1ban, \u00e9s lehet\u0151v\u00e9 teszi az intelligens f\u0151z\u00e9st. K\u00f6nnyen haszn\u00e1lhat\u00f3 a konyh\u00e1ban vagy az erk\u00e9lyen. A Navigenio az AMC ed\u00e9ny\u00e9t egy kis s\u00fct\u0151v\u00e9 alak\u00edtja \u00e1t. K\u00f6nnyed\u00e9n var\u00e1zsolhat finom \u00e9teleket, p\u00e9ld\u00e1ul pizz\u00e1t, kenyeret vagy s\u00fctem\u00e9nyeket.<\/p>\t\t\t\t\t\t\t\t<\/div>\n\t\t\t\t<\/div>\n\t\t\t\t\t<\/div>\n\t\t\t\t<\/div>\n\t\t<div class=\"elementor-element elementor-element-1189dba e-flex e-con-boxed e-con e-parent\" data-id=\"1189dba\" data-element_type=\"container\" data-e-type=\"container\">\n\t\t\t\t\t<div class=\"e-con-inner\">\n\t\t<div class=\"elementor-element elementor-element-33800cd e-flex e-con-boxed e-con e-child\" data-id=\"33800cd\" data-element_type=\"container\" data-e-type=\"container\">\n\t\t\t\t\t<div class=\"e-con-inner\">\n\t\t\t\t<div class=\"elementor-element elementor-element-e7f9d58 elementor-widget elementor-widget-heading\" data-id=\"e7f9d58\" data-element_type=\"widget\" data-e-type=\"widget\" data-widget_type=\"heading.default\">\n\t\t\t\t<div class=\"elementor-widget-container\">\n\t\t\t\t\t<h2 class=\"elementor-heading-title elementor-size-default\">El\u0151nye<\/h2>\t\t\t\t<\/div>\n\t\t\t\t<\/div>\n\t\t\t\t<div class=\"elementor-element elementor-element-5dcac51 elementor-icon-list--layout-traditional elementor-list-item-link-full_width elementor-widget elementor-widget-icon-list\" data-id=\"5dcac51\" data-element_type=\"widget\" data-e-type=\"widget\" data-widget_type=\"icon-list.default\">\n\t\t\t\t<div class=\"elementor-widget-container\">\n\t\t\t\t\t\t\t<ul class=\"elementor-icon-list-items\">\n\t\t\t\t\t\t\t<li class=\"elementor-icon-list-item\">\n\t\t\t\t\t\t\t\t\t\t\t<span class=\"elementor-icon-list-icon\">\n\t\t\t\t\t\t\t<svg aria-hidden=\"true\" class=\"e-font-icon-svg e-fas-circle\" viewBox=\"0 0 512 512\" xmlns=\"http:\/\/www.w3.org\/2000\/svg\"><path d=\"M256 8C119 8 8 119 8 256s111 248 248 248 248-111 248-248S393 8 256 8z\"><\/path><\/svg>\t\t\t\t\t\t<\/span>\n\t\t\t\t\t\t\t\t\t\t<span class=\"elementor-icon-list-text\">Mobil f\u0151z\u0151lap belt\u00e9ren \u00e9s k\u00fclt\u00e9ren egyar\u00e1nt haszn\u00e1lhat\u00f3<\/span>\n\t\t\t\t\t\t\t\t\t<\/li>\n\t\t\t\t\t\t\t\t<li class=\"elementor-icon-list-item\">\n\t\t\t\t\t\t\t\t\t\t\t<span class=\"elementor-icon-list-icon\">\n\t\t\t\t\t\t\t<svg aria-hidden=\"true\" class=\"e-font-icon-svg e-fas-circle\" viewBox=\"0 0 512 512\" xmlns=\"http:\/\/www.w3.org\/2000\/svg\"><path d=\"M256 8C119 8 8 119 8 256s111 248 248 248 248-111 248-248S393 8 256 8z\"><\/path><\/svg>\t\t\t\t\t\t<\/span>\n\t\t\t\t\t\t\t\t\t\t<span class=\"elementor-icon-list-text\">B\u00e1rmilyen f\u0151z\u0151ed\u00e9nyt kis s\u00fct\u0151v\u00e9 alak\u00edt \u00e1t<\/span>\n\t\t\t\t\t\t\t\t\t<\/li>\n\t\t\t\t\t\t\t\t<li class=\"elementor-icon-list-item\">\n\t\t\t\t\t\t\t\t\t\t\t<span class=\"elementor-icon-list-icon\">\n\t\t\t\t\t\t\t<svg aria-hidden=\"true\" class=\"e-font-icon-svg e-fas-circle\" viewBox=\"0 0 512 512\" xmlns=\"http:\/\/www.w3.org\/2000\/svg\"><path d=\"M256 8C119 8 8 119 8 256s111 248 248 248 248-111 248-248S393 8 256 8z\"><\/path><\/svg>\t\t\t\t\t\t<\/span>\n\t\t\t\t\t\t\t\t\t\t<span class=\"elementor-icon-list-text\">Ide\u00e1lis pizza \u00e9s s\u00fctem\u00e9nyek s\u00fct\u00e9s\u00e9hez<\/span>\n\t\t\t\t\t\t\t\t\t<\/li>\n\t\t\t\t\t\t\t\t<li class=\"elementor-icon-list-item\">\n\t\t\t\t\t\t\t\t\t\t\t<span class=\"elementor-icon-list-icon\">\n\t\t\t\t\t\t\t<svg aria-hidden=\"true\" class=\"e-font-icon-svg e-fas-circle\" viewBox=\"0 0 512 512\" xmlns=\"http:\/\/www.w3.org\/2000\/svg\"><path d=\"M256 8C119 8 8 119 8 256s111 248 248 248 248-111 248-248S393 8 256 8z\"><\/path><\/svg>\t\t\t\t\t\t<\/span>\n\t\t\t\t\t\t\t\t\t\t<span class=\"elementor-icon-list-text\">Garant\u00e1ltan sikeres receptek a h\u0151m\u00e9rs\u00e9klet- \u00e9s id\u0151vez\u00e9relt s\u00fct\u00e9snek k\u00f6sz\u00f6nhet\u0151en<\/span>\n\t\t\t\t\t\t\t\t\t<\/li>\n\t\t\t\t\t\t\t\t<li class=\"elementor-icon-list-item\">\n\t\t\t\t\t\t\t\t\t\t\t<span class=\"elementor-icon-list-icon\">\n\t\t\t\t\t\t\t<svg aria-hidden=\"true\" class=\"e-font-icon-svg e-fas-circle\" viewBox=\"0 0 512 512\" xmlns=\"http:\/\/www.w3.org\/2000\/svg\"><path d=\"M256 8C119 8 8 119 8 256s111 248 248 248 248-111 248-248S393 8 256 8z\"><\/path><\/svg>\t\t\t\t\t\t<\/span>\n\t\t\t\t\t\t\t\t\t\t<span class=\"elementor-icon-list-text\">A Navigenio seg\u00edt energi\u00e1t megtakar\u00edtani, \u00e9s t\u00f6bb id\u0151 jut t\u00f6bbre<\/span>\n\t\t\t\t\t\t\t\t\t<\/li>\n\t\t\t\t\t\t<\/ul>\n\t\t\t\t\t\t<\/div>\n\t\t\t\t<\/div>\n\t\t\t\t\t<\/div>\n\t\t\t\t<\/div>\n\t\t\t\t\t<\/div>\n\t\t\t\t<\/div>\n\t\t<div class=\"elementor-element elementor-element-feb9cd8 e-flex e-con-boxed e-con e-parent\" data-id=\"feb9cd8\" data-element_type=\"container\" data-e-type=\"container\">\n\t\t\t\t\t<div class=\"e-con-inner\">\n\t\t<div class=\"elementor-element elementor-element-5a026bd e-flex e-con-boxed e-con e-child\" data-id=\"5a026bd\" data-element_type=\"container\" data-e-type=\"container\">\n\t\t\t\t\t<div class=\"e-con-inner\">\n\t\t\t\t<div class=\"elementor-element elementor-element-899a065 elementor-widget-mobile__width-initial elementor-widget elementor-widget-heading\" data-id=\"899a065\" data-element_type=\"widget\" data-e-type=\"widget\" data-widget_type=\"heading.default\">\n\t\t\t\t<div class=\"elementor-widget-container\">\n\t\t\t\t\t<h2 class=\"elementor-heading-title elementor-size-default\">Term\u00e9kle\u00edr\u00e1s<\/h2>\t\t\t\t<\/div>\n\t\t\t\t<\/div>\n\t\t\t\t<div class=\"elementor-element elementor-element-b61b76c elementor-widget elementor-widget-text-editor\" data-id=\"b61b76c\" data-element_type=\"widget\" data-e-type=\"widget\" data-widget_type=\"text-editor.default\">\n\t\t\t\t<div class=\"elementor-widget-container\">\n\t\t\t\t\t\t\t\t\t<p class=\"font_8 wixui-rich-text__text\" style=\"background: transparent; border: 0px; outline: 0px; padding: 0px; vertical-align: baseline; pointer-events: auto; color: rgb(var(--color_15)); margin-block-end: 0px; margin-top: 0px; margin-right: 0px; margin-left: 0px; text-align: justify;\">A Navigenio mobil f\u0151z\u0151lap \u00e9s az Audiotherm akusztikus vez\u00e9rl\u0151rendszer \u00f6nmag\u00e1ban teljesen szab\u00e1lyozott h\u0151m\u00e9rs\u00e9klet- \u00e9s id\u0151szab\u00e1lyoz\u00e1st tesz lehet\u0151v\u00e9. Mik\u00f6zben az ed\u00e9nyben l\u00e9v\u0151 h\u0151m\u00e9rs\u00e9kletet m\u00e9rik, az Audiotherm \u00e9s a Navigenio kommunik\u00e1lnak, hogy sz\u00fcks\u00e9g szerint szab\u00e1lyozz\u00e1k a h\u0151ell\u00e1t\u00e1st. A f\u0151z\u00e9s, s\u00fct\u00e9s, g\u0151z\u00f6l\u00e9s \u00e9s nyom\u00e1s alatti f\u0151z\u00e9s mag\u00e1t\u00f3l megy. A f\u0151z\u00e9si id\u0151 letelte ut\u00e1n a mobil f\u0151z\u0151lap egy \u00f3r\u00e1ra 60 \u00b0C-on melegen tart\u00f3 funkci\u00f3ra kapcsol.\u00a0 Az \u00e9tel t\u00f6k\u00e9letesen elk\u00e9sz\u00fcl, \u00e9s garant\u00e1ltan sikeres lesz. A Navigenio \u00e9s az Audiotherm id\u0151t \u00e9s energi\u00e1t takar\u00edt meg \u00d6nnek. Frissen s\u00fclt pizz\u00e1ra, ropog\u00f3s gratinra vagy egy kis s\u00fctem\u00e9nyre v\u00e1gyik? A Navigenio seg\u00edts\u00e9g\u00e9vel b\u00e1rmilyen AMC f\u0151z\u0151ed\u00e9nyt kis s\u00fct\u0151v\u00e9 alak\u00edthat. Haszn\u00e1lhatja az ed\u00e9ny alatt, vagy felette is ak\u00e1r.<\/p><p class=\"font_8 wixui-rich-text__text\" style=\"background: transparent; border: 0px; outline: 0px; padding: 0px; vertical-align: baseline; pointer-events: auto; color: rgb(var(--color_15)); margin-block-end: 0px; margin-top: 0px; margin-right: 0px; margin-left: 0px; text-align: justify;\">\u00a0<\/p><p class=\"font_8 wixui-rich-text__text\" style=\"background: transparent; border: 0px; outline: 0px; padding: 0px; vertical-align: baseline; pointer-events: auto; color: rgb(var(--color_15)); margin-block-end: 0px; margin-top: 0px; margin-right: 0px; margin-left: 0px; text-align: justify;\">F\u0151zz\u00f6n b\u00e1rhol! A konyh\u00e1ban, a nappaliban vagy az erk\u00e9lyen, a mobil f\u0151z\u0151lapnak k\u00f6sz\u00f6nhet\u0151en nincs probl\u00e9ma: csak egy k\u00f6zeli aljzatra van sz\u00fcks\u00e9ge, \u00e9s lehet\u0151v\u00e9 v\u00e1lik az intelligens f\u0151z\u00e9s. A mobil f\u0151z\u0151lap kib\u0151v\u00edti az AMC Cook &amp; Go alkalmaz\u00e1s hat\u00f3t\u00e1vols\u00e1g\u00e1t az AMC Cook &amp; Go alkalmaz\u00e1ssal val\u00f3 WiFi kapcsolat\u00e1nak k\u00f6sz\u00f6nhet\u0151en. A Navigenio \u00e9s az Audiotherm ide\u00e1lisan kombin\u00e1lhat\u00f3 sz\u00e1mos AMC term\u00e9kkel, \u00e9s egy\u00fctt intelligens f\u0151z\u00e9st tesznek lehet\u0151v\u00e9.<\/p>\t\t\t\t\t\t\t\t<\/div>\n\t\t\t\t<\/div>\n\t\t\t\t\t<\/div>\n\t\t\t\t<\/div>\n\t\t<div class=\"elementor-element elementor-element-15bf5e5 e-flex e-con-boxed e-con e-child\" data-id=\"15bf5e5\" data-element_type=\"container\" data-e-type=\"container\">\n\t\t\t\t\t<div class=\"e-con-inner\">\n\t\t\t\t<div class=\"elementor-element elementor-element-24a0c30 elementor-widget elementor-widget-image\" data-id=\"24a0c30\" data-element_type=\"widget\" data-e-type=\"widget\" data-widget_type=\"image.default\">\n\t\t\t\t<div class=\"elementor-widget-container\">\n\t\t\t\t\t\t\t\t\t\t\t\t\t\t\t<img fetchpriority=\"high\" decoding=\"async\" width=\"800\" height=\"565\" src=\"https:\/\/amchungary.hu\/wp-content\/uploads\/2024\/12\/AMC-coockgo-ckommunikacio.webp\" class=\"attachment-full size-full wp-image-174\" alt=\"\" srcset=\"https:\/\/amchungary.hu\/wp-content\/uploads\/2024\/12\/AMC-coockgo-ckommunikacio.webp 800w, https:\/\/amchungary.hu\/wp-content\/uploads\/2024\/12\/AMC-coockgo-ckommunikacio-300x212.webp 300w, https:\/\/amchungary.hu\/wp-content\/uploads\/2024\/12\/AMC-coockgo-ckommunikacio-768x542.webp 768w\" sizes=\"(max-width: 800px) 100vw, 800px\" \/>\t\t\t\t\t\t\t\t\t\t\t\t\t\t\t<\/div>\n\t\t\t\t<\/div>\n\t\t\t\t\t<\/div>\n\t\t\t\t<\/div>\n\t\t\t\t\t<\/div>\n\t\t\t\t<\/div>\n\t\t<div class=\"elementor-element elementor-element-a49856f e-con-full e-flex e-con e-parent\" data-id=\"a49856f\" data-element_type=\"container\" data-e-type=\"container\">\n\t\t\t\t<div class=\"elementor-element elementor-element-791bf68 elementor-widget-mobile__width-inherit elementor-mobile-align-center elementor-widget elementor-widget-button\" data-id=\"791bf68\" data-element_type=\"widget\" data-e-type=\"widget\" data-settings=\"{&quot;sticky&quot;:&quot;bottom&quot;,&quot;sticky_on&quot;:[&quot;desktop&quot;],&quot;sticky_offset&quot;:0,&quot;sticky_effects_offset&quot;:0,&quot;sticky_anchor_link_offset&quot;:0}\" data-widget_type=\"button.default\">\n\t\t\t\t<div class=\"elementor-widget-container\">\n\t\t\t\t\t\t\t\t\t<div class=\"elementor-button-wrapper\">\n\t\t\t\t\t<a class=\"elementor-button elementor-button-link elementor-size-sm\" href=\"https:\/\/amchungary.hu\/foglalas-az-amc-bemutatora\/\">\n\t\t\t\t\t\t<span class=\"elementor-button-content-wrapper\">\n\t\t\t\t\t\t\t\t\t<span class=\"elementor-button-text\">Jelentkezzen most!<\/span>\n\t\t\t\t\t<\/span>\n\t\t\t\t\t<\/a>\n\t\t\t\t<\/div>\n\t\t\t\t\t\t\t\t<\/div>\n\t\t\t\t<\/div>\n\t\t\t\t<\/div>\n\t\t\t\t<\/div>\n\t\t","protected":false},"excerpt":{"rendered":"<p>Navigenio mobil f\u0151z\u0151lap f\u0151z\u00e9shez, grillez\u00e9shez \u00e9s s\u00fct\u00e9shez A Navigenio egy mobil f\u0151z\u0151lap. Az \u00d6n n\u00e9lk\u00fcl\u00f6zhetetlen seg\u00edt\u0151je a konyh\u00e1ban, \u00e9s lehet\u0151v\u00e9 teszi az intelligens f\u0151z\u00e9st. K\u00f6nnyen haszn\u00e1lhat\u00f3 a konyh\u00e1ban vagy az erk\u00e9lyen. A Navigenio az AMC ed\u00e9ny\u00e9t egy kis s\u00fct\u0151v\u00e9 alak\u00edtja \u00e1t. K\u00f6nnyed\u00e9n var\u00e1zsolhat finom \u00e9teleket, p\u00e9ld\u00e1ul pizz\u00e1t, kenyeret vagy s\u00fctem\u00e9nyeket. El\u0151nye Mobil f\u0151z\u0151lap belt\u00e9ren \u00e9s [&hellip;]<\/p>\n","protected":false},"author":1,"featured_media":0,"parent":848,"menu_order":0,"comment_status":"closed","ping_status":"closed","template":"","meta":{"footnotes":""},"class_list":["post-1088","page","type-page","status-publish","hentry"],"yoast_head":"<!-- This site is optimized with the Yoast SEO Premium plugin v27.6 (Yoast SEO v27.6) - https:\/\/yoast.com\/product\/yoast-seo-premium-wordpress\/ -->\n<title>Navigenio - AMC Hungary<\/title>\n<meta name=\"robots\" content=\"index, follow, max-snippet:-1, max-image-preview:large, max-video-preview:-1\" \/>\n<link rel=\"canonical\" href=\"https:\/\/amchungary.hu\/sr\/termekek\/intelligens-konyha\/navigenio\/\" \/>\n<meta property=\"og:locale\" content=\"sr_RS\" \/>\n<meta property=\"og:type\" content=\"article\" \/>\n<meta property=\"og:title\" content=\"Navigenio\" \/>\n<meta property=\"og:description\" content=\"Navigenio mobil f\u0151z\u0151lap f\u0151z\u00e9shez, grillez\u00e9shez \u00e9s s\u00fct\u00e9shez A Navigenio egy mobil f\u0151z\u0151lap. Az \u00d6n n\u00e9lk\u00fcl\u00f6zhetetlen seg\u00edt\u0151je a konyh\u00e1ban, \u00e9s lehet\u0151v\u00e9 teszi az intelligens f\u0151z\u00e9st. K\u00f6nnyen haszn\u00e1lhat\u00f3 a konyh\u00e1ban vagy az erk\u00e9lyen. A Navigenio az AMC ed\u00e9ny\u00e9t egy kis s\u00fct\u0151v\u00e9 alak\u00edtja \u00e1t. K\u00f6nnyed\u00e9n var\u00e1zsolhat finom \u00e9teleket, p\u00e9ld\u00e1ul pizz\u00e1t, kenyeret vagy s\u00fctem\u00e9nyeket. El\u0151nye Mobil f\u0151z\u0151lap belt\u00e9ren \u00e9s [&hellip;]\" \/>\n<meta property=\"og:url\" content=\"https:\/\/amchungary.hu\/sr\/termekek\/intelligens-konyha\/navigenio\/\" \/>\n<meta property=\"og:site_name\" content=\"AMC Hungary\" \/>\n<meta property=\"article:publisher\" content=\"https:\/\/www.facebook.com\/people\/AMC-Hungary\/61570426203273\/\" \/>\n<meta property=\"article:modified_time\" content=\"2026-01-09T20:17:40+00:00\" \/>\n<meta property=\"og:image\" content=\"https:\/\/amchungary.hu\/wp-content\/uploads\/2024\/12\/AMC-coockgo-ckommunikacio.webp\" \/>\n\t<meta property=\"og:image:width\" content=\"800\" \/>\n\t<meta property=\"og:image:height\" content=\"565\" \/>\n\t<meta property=\"og:image:type\" content=\"image\/webp\" \/>\n<meta name=\"twitter:card\" content=\"summary_large_image\" \/>\n<meta name=\"twitter:label1\" content=\"\u041f\u0440\u043e\u0446\u0435\u045a\u0435\u043d\u043e \u0432\u0440\u0435\u043c\u0435 \u0447\u0438\u0442\u0430\u045a\u0430\" \/>\n\t<meta name=\"twitter:data1\" content=\"2 \u043c\u0438\u043d\u0443\u0442\u0430\" \/>\n<script type=\"application\/ld+json\" class=\"yoast-schema-graph\">{\"@context\":\"https:\\\/\\\/schema.org\",\"@graph\":[{\"@type\":\"WebPage\",\"@id\":\"https:\\\/\\\/amchungary.hu\\\/termekek\\\/intelligens-konyha\\\/navigenio\\\/\",\"url\":\"https:\\\/\\\/amchungary.hu\\\/termekek\\\/intelligens-konyha\\\/navigenio\\\/\",\"name\":\"Navigenio - AMC Hungary\",\"isPartOf\":{\"@id\":\"https:\\\/\\\/amchungary.hu\\\/#website\"},\"primaryImageOfPage\":{\"@id\":\"https:\\\/\\\/amchungary.hu\\\/termekek\\\/intelligens-konyha\\\/navigenio\\\/#primaryimage\"},\"image\":{\"@id\":\"https:\\\/\\\/amchungary.hu\\\/termekek\\\/intelligens-konyha\\\/navigenio\\\/#primaryimage\"},\"thumbnailUrl\":\"https:\\\/\\\/amchungary.hu\\\/wp-content\\\/uploads\\\/2024\\\/12\\\/AMC-coockgo-ckommunikacio.webp\",\"datePublished\":\"2024-12-24T20:04:27+00:00\",\"dateModified\":\"2026-01-09T20:17:40+00:00\",\"breadcrumb\":{\"@id\":\"https:\\\/\\\/amchungary.hu\\\/termekek\\\/intelligens-konyha\\\/navigenio\\\/#breadcrumb\"},\"inLanguage\":\"sr-RS\",\"potentialAction\":[{\"@type\":\"ReadAction\",\"target\":[\"https:\\\/\\\/amchungary.hu\\\/termekek\\\/intelligens-konyha\\\/navigenio\\\/\"]}]},{\"@type\":\"ImageObject\",\"inLanguage\":\"sr-RS\",\"@id\":\"https:\\\/\\\/amchungary.hu\\\/termekek\\\/intelligens-konyha\\\/navigenio\\\/#primaryimage\",\"url\":\"https:\\\/\\\/amchungary.hu\\\/wp-content\\\/uploads\\\/2024\\\/12\\\/AMC-coockgo-ckommunikacio.webp\",\"contentUrl\":\"https:\\\/\\\/amchungary.hu\\\/wp-content\\\/uploads\\\/2024\\\/12\\\/AMC-coockgo-ckommunikacio.webp\"},{\"@type\":\"BreadcrumbList\",\"@id\":\"https:\\\/\\\/amchungary.hu\\\/termekek\\\/intelligens-konyha\\\/navigenio\\\/#breadcrumb\",\"itemListElement\":[{\"@type\":\"ListItem\",\"position\":1,\"name\":\"Home\",\"item\":\"https:\\\/\\\/amchungary.hu\\\/\"},{\"@type\":\"ListItem\",\"position\":2,\"name\":\"Term\u00e9kek\",\"item\":\"https:\\\/\\\/amchungary.hu\\\/termekek\\\/\"},{\"@type\":\"ListItem\",\"position\":3,\"name\":\"Intelligens konyha\",\"item\":\"https:\\\/\\\/amchungary.hu\\\/termekek\\\/intelligens-konyha\\\/\"},{\"@type\":\"ListItem\",\"position\":4,\"name\":\"Navigenio\"}]},{\"@type\":\"WebSite\",\"@id\":\"https:\\\/\\\/amchungary.hu\\\/#website\",\"url\":\"https:\\\/\\\/amchungary.hu\\\/\",\"name\":\"AMC Hungary\",\"description\":\"\",\"publisher\":{\"@id\":\"https:\\\/\\\/amchungary.hu\\\/#organization\"},\"potentialAction\":[{\"@type\":\"SearchAction\",\"target\":{\"@type\":\"EntryPoint\",\"urlTemplate\":\"https:\\\/\\\/amchungary.hu\\\/?s={search_term_string}\"},\"query-input\":{\"@type\":\"PropertyValueSpecification\",\"valueRequired\":true,\"valueName\":\"search_term_string\"}}],\"inLanguage\":\"sr-RS\"},{\"@type\":\"Organization\",\"@id\":\"https:\\\/\\\/amchungary.hu\\\/#organization\",\"name\":\"AMC Hungary\",\"url\":\"https:\\\/\\\/amchungary.hu\\\/\",\"logo\":{\"@type\":\"ImageObject\",\"inLanguage\":\"sr-RS\",\"@id\":\"https:\\\/\\\/amchungary.hu\\\/#\\\/schema\\\/logo\\\/image\\\/\",\"url\":\"https:\\\/\\\/amchungary.hu\\\/wp-content\\\/uploads\\\/2025\\\/09\\\/AMC_Logo_outline_bw_1-1.avif\",\"contentUrl\":\"https:\\\/\\\/amchungary.hu\\\/wp-content\\\/uploads\\\/2025\\\/09\\\/AMC_Logo_outline_bw_1-1.avif\",\"width\":180,\"height\":120,\"caption\":\"AMC Hungary\"},\"image\":{\"@id\":\"https:\\\/\\\/amchungary.hu\\\/#\\\/schema\\\/logo\\\/image\\\/\"},\"sameAs\":[\"https:\\\/\\\/www.facebook.com\\\/people\\\/AMC-Hungary\\\/61570426203273\\\/\",\"https:\\\/\\\/www.instagram.com\\\/amchungary\\\/\",\"https:\\\/\\\/www.youtube.com\\\/@AMCHUNGARY\",\"https:\\\/\\\/www.tiktok.com\\\/@amchungary\"]}]}<\/script>\n<!-- \/ Yoast SEO Premium plugin. -->","yoast_head_json":{"title":"Navigenio - AMC Hungary","robots":{"index":"index","follow":"follow","max-snippet":"max-snippet:-1","max-image-preview":"max-image-preview:large","max-video-preview":"max-video-preview:-1"},"canonical":"https:\/\/amchungary.hu\/sr\/termekek\/intelligens-konyha\/navigenio\/","og_locale":"sr_RS","og_type":"article","og_title":"Navigenio","og_description":"Navigenio mobil f\u0151z\u0151lap f\u0151z\u00e9shez, grillez\u00e9shez \u00e9s s\u00fct\u00e9shez A Navigenio egy mobil f\u0151z\u0151lap. Az \u00d6n n\u00e9lk\u00fcl\u00f6zhetetlen seg\u00edt\u0151je a konyh\u00e1ban, \u00e9s lehet\u0151v\u00e9 teszi az intelligens f\u0151z\u00e9st. K\u00f6nnyen haszn\u00e1lhat\u00f3 a konyh\u00e1ban vagy az erk\u00e9lyen. A Navigenio az AMC ed\u00e9ny\u00e9t egy kis s\u00fct\u0151v\u00e9 alak\u00edtja \u00e1t. K\u00f6nnyed\u00e9n var\u00e1zsolhat finom \u00e9teleket, p\u00e9ld\u00e1ul pizz\u00e1t, kenyeret vagy s\u00fctem\u00e9nyeket. El\u0151nye Mobil f\u0151z\u0151lap belt\u00e9ren \u00e9s [&hellip;]","og_url":"https:\/\/amchungary.hu\/sr\/termekek\/intelligens-konyha\/navigenio\/","og_site_name":"AMC Hungary","article_publisher":"https:\/\/www.facebook.com\/people\/AMC-Hungary\/61570426203273\/","article_modified_time":"2026-01-09T20:17:40+00:00","og_image":[{"width":800,"height":565,"url":"https:\/\/amchungary.hu\/wp-content\/uploads\/2024\/12\/AMC-coockgo-ckommunikacio.webp","type":"image\/webp"}],"twitter_card":"summary_large_image","twitter_misc":{"\u041f\u0440\u043e\u0446\u0435\u045a\u0435\u043d\u043e \u0432\u0440\u0435\u043c\u0435 \u0447\u0438\u0442\u0430\u045a\u0430":"2 \u043c\u0438\u043d\u0443\u0442\u0430"},"schema":{"@context":"https:\/\/schema.org","@graph":[{"@type":"WebPage","@id":"https:\/\/amchungary.hu\/termekek\/intelligens-konyha\/navigenio\/","url":"https:\/\/amchungary.hu\/termekek\/intelligens-konyha\/navigenio\/","name":"Navigenio - AMC Hungary","isPartOf":{"@id":"https:\/\/amchungary.hu\/#website"},"primaryImageOfPage":{"@id":"https:\/\/amchungary.hu\/termekek\/intelligens-konyha\/navigenio\/#primaryimage"},"image":{"@id":"https:\/\/amchungary.hu\/termekek\/intelligens-konyha\/navigenio\/#primaryimage"},"thumbnailUrl":"https:\/\/amchungary.hu\/wp-content\/uploads\/2024\/12\/AMC-coockgo-ckommunikacio.webp","datePublished":"2024-12-24T20:04:27+00:00","dateModified":"2026-01-09T20:17:40+00:00","breadcrumb":{"@id":"https:\/\/amchungary.hu\/termekek\/intelligens-konyha\/navigenio\/#breadcrumb"},"inLanguage":"sr-RS","potentialAction":[{"@type":"ReadAction","target":["https:\/\/amchungary.hu\/termekek\/intelligens-konyha\/navigenio\/"]}]},{"@type":"ImageObject","inLanguage":"sr-RS","@id":"https:\/\/amchungary.hu\/termekek\/intelligens-konyha\/navigenio\/#primaryimage","url":"https:\/\/amchungary.hu\/wp-content\/uploads\/2024\/12\/AMC-coockgo-ckommunikacio.webp","contentUrl":"https:\/\/amchungary.hu\/wp-content\/uploads\/2024\/12\/AMC-coockgo-ckommunikacio.webp"},{"@type":"BreadcrumbList","@id":"https:\/\/amchungary.hu\/termekek\/intelligens-konyha\/navigenio\/#breadcrumb","itemListElement":[{"@type":"ListItem","position":1,"name":"Home","item":"https:\/\/amchungary.hu\/"},{"@type":"ListItem","position":2,"name":"Term\u00e9kek","item":"https:\/\/amchungary.hu\/termekek\/"},{"@type":"ListItem","position":3,"name":"Intelligens konyha","item":"https:\/\/amchungary.hu\/termekek\/intelligens-konyha\/"},{"@type":"ListItem","position":4,"name":"Navigenio"}]},{"@type":"WebSite","@id":"https:\/\/amchungary.hu\/#website","url":"https:\/\/amchungary.hu\/","name":"AMC Hungary","description":"","publisher":{"@id":"https:\/\/amchungary.hu\/#organization"},"potentialAction":[{"@type":"SearchAction","target":{"@type":"EntryPoint","urlTemplate":"https:\/\/amchungary.hu\/?s={search_term_string}"},"query-input":{"@type":"PropertyValueSpecification","valueRequired":true,"valueName":"search_term_string"}}],"inLanguage":"sr-RS"},{"@type":"Organization","@id":"https:\/\/amchungary.hu\/#organization","name":"AMC Hungary","url":"https:\/\/amchungary.hu\/","logo":{"@type":"ImageObject","inLanguage":"sr-RS","@id":"https:\/\/amchungary.hu\/#\/schema\/logo\/image\/","url":"https:\/\/amchungary.hu\/wp-content\/uploads\/2025\/09\/AMC_Logo_outline_bw_1-1.avif","contentUrl":"https:\/\/amchungary.hu\/wp-content\/uploads\/2025\/09\/AMC_Logo_outline_bw_1-1.avif","width":180,"height":120,"caption":"AMC Hungary"},"image":{"@id":"https:\/\/amchungary.hu\/#\/schema\/logo\/image\/"},"sameAs":["https:\/\/www.facebook.com\/people\/AMC-Hungary\/61570426203273\/","https:\/\/www.instagram.com\/amchungary\/","https:\/\/www.youtube.com\/@AMCHUNGARY","https:\/\/www.tiktok.com\/@amchungary"]}]}},"_links":{"self":[{"href":"https:\/\/amchungary.hu\/sr\/wp-json\/wp\/v2\/pages\/1088","targetHints":{"allow":["GET"]}}],"collection":[{"href":"https:\/\/amchungary.hu\/sr\/wp-json\/wp\/v2\/pages"}],"about":[{"href":"https:\/\/amchungary.hu\/sr\/wp-json\/wp\/v2\/types\/page"}],"author":[{"embeddable":true,"href":"https:\/\/amchungary.hu\/sr\/wp-json\/wp\/v2\/users\/1"}],"replies":[{"embeddable":true,"href":"https:\/\/amchungary.hu\/sr\/wp-json\/wp\/v2\/comments?post=1088"}],"version-history":[{"count":0,"href":"https:\/\/amchungary.hu\/sr\/wp-json\/wp\/v2\/pages\/1088\/revisions"}],"up":[{"embeddable":true,"href":"https:\/\/amchungary.hu\/sr\/wp-json\/wp\/v2\/pages\/848"}],"wp:attachment":[{"href":"https:\/\/amchungary.hu\/sr\/wp-json\/wp\/v2\/media?parent=1088"}],"curies":[{"name":"wp","href":"https:\/\/api.w.org\/{rel}","templated":true}]}}