{"id":1207,"date":"2024-12-24T22:38:20","date_gmt":"2024-12-24T21:38:20","guid":{"rendered":"https:\/\/amchungary.hu\/?page_id=1207"},"modified":"2026-01-07T22:07:21","modified_gmt":"2026-01-07T21:07:21","slug":"fenntarthato-fozes","status":"publish","type":"page","link":"https:\/\/amchungary.hu\/sr\/fooldal\/fenntarthato-fozes\/","title":{"rendered":"Fenntarthat\u00f3 f\u0151z\u00e9s"},"content":{"rendered":"<div data-elementor-type=\"wp-page\" data-elementor-id=\"1207\" class=\"elementor elementor-1207\" data-elementor-post-type=\"page\">\n\t\t\t\t<div class=\"elementor-element elementor-element-9175373 e-con-full e-flex e-con e-parent\" data-id=\"9175373\" data-element_type=\"container\" data-e-type=\"container\" data-settings=\"{&quot;background_background&quot;:&quot;classic&quot;}\">\n\t\t\t\t<\/div>\n\t\t<div class=\"elementor-element elementor-element-fb6a630 e-flex e-con-boxed e-con e-parent\" data-id=\"fb6a630\" data-element_type=\"container\" data-e-type=\"container\" data-settings=\"{&quot;background_background&quot;:&quot;classic&quot;}\">\n\t\t\t\t\t<div class=\"e-con-inner\">\n\t\t\t\t<div class=\"elementor-element elementor-element-16231a0 elementor-widget elementor-widget-heading\" data-id=\"16231a0\" data-element_type=\"widget\" data-e-type=\"widget\" data-widget_type=\"heading.default\">\n\t\t\t\t<div class=\"elementor-widget-container\">\n\t\t\t\t\t<h2 class=\"elementor-heading-title elementor-size-default\">Odr\u017eivo kuvanje sa AMC-om<\/h2>\t\t\t\t<\/div>\n\t\t\t\t<\/div>\n\t\t\t\t\t<\/div>\n\t\t\t\t<\/div>\n\t\t<div class=\"elementor-element elementor-element-56fbfae e-flex e-con-boxed e-con e-parent\" data-id=\"56fbfae\" data-element_type=\"container\" data-e-type=\"container\" data-settings=\"{&quot;background_background&quot;:&quot;classic&quot;}\">\n\t\t\t\t\t<div class=\"e-con-inner\">\n\t\t\t\t<div class=\"elementor-element elementor-element-da0f859 elementor-widget elementor-widget-text-editor\" data-id=\"da0f859\" data-element_type=\"widget\" data-e-type=\"widget\" data-widget_type=\"text-editor.default\">\n\t\t\t\t<div class=\"elementor-widget-container\">\n\t\t\t\t\t\t\t\t\t<p class=\"font_8 wixui-rich-text__text\"><span class=\"wixui-rich-text__text\">U svakodnevnom \u017eivotu potreba za odr\u017eivo\u0161\u0107u je prisutnija nego ikad, a trenutno, u vreme globalne energetske krize, sna\u017eno raste. AMC se bavi va\u017enim aspektima podr\u0161ke odr\u017eivom na\u010dinu \u017eivota: Efikasnost i jednostavnost u svakodnevnom kuvanju. Na\u0161i proizvodi, posebno napravljeni od izdr\u017eljive premium ner\u0111aju\u0107e \u010delika, odlikuju se visokom funkcionalno\u0161\u0107u i inovacijama. Sa AMC sistemom kuvanja mo\u017eete u\u0161tedeti vreme, energiju i vodu, \u0161to doprinosi odr\u017eivom na\u010dinu \u017eivota u va\u0161em doma\u0107instvu, i garantovano je 30 godina.<\/span><\/p>\t\t\t\t\t\t\t\t<\/div>\n\t\t\t\t<\/div>\n\t\t\t\t\t<\/div>\n\t\t\t\t<\/div>\n\t\t<div class=\"elementor-element elementor-element-f7e9e2e e-flex e-con-boxed e-con e-parent\" data-id=\"f7e9e2e\" data-element_type=\"container\" data-e-type=\"container\">\n\t\t\t\t\t<div class=\"e-con-inner\">\n\t\t\t\t<div class=\"elementor-element elementor-element-f30ed25 elementor-widget__width-initial elementor-widget-mobile__width-initial elementor-widget elementor-widget-heading\" data-id=\"f30ed25\" data-element_type=\"widget\" data-e-type=\"widget\" data-widget_type=\"heading.default\">\n\t\t\t\t<div class=\"elementor-widget-container\">\n\t\t\t\t\t<h2 class=\"elementor-heading-title elementor-size-default\">Pametno energetsku efikasnost sa AMC-om<\/h2>\t\t\t\t<\/div>\n\t\t\t\t<\/div>\n\t\t\t\t<div class=\"elementor-element elementor-element-9dd81b3 elementor-widget elementor-widget-text-editor\" data-id=\"9dd81b3\" data-element_type=\"widget\" data-e-type=\"widget\" data-widget_type=\"text-editor.default\">\n\t\t\t\t<div class=\"elementor-widget-container\">\n\t\t\t\t\t\t\t\t\t<main id=\"PAGES_CONTAINER\" class=\"PAGES_CONTAINER\" tabindex=\"-1\" data-main-content=\"true\"><div id=\"SITE_PAGES\" class=\"JsJXaX SITE_PAGES\"><div id=\"SITE_PAGES_TRANSITION_GROUP\" class=\"AnQkDU\"><div id=\"i62qb\" class=\"dBAkHi i62qb\"><div class=\"HT5ybB\"><div id=\"Containeri62qb\" class=\"Containeri62qb SPY_vo\"><div class=\"\" data-mesh-id=\"Containeri62qbinlineContent\" data-testid=\"inline-content\"><div data-mesh-id=\"Containeri62qbinlineContent-gridContainer\" data-testid=\"mesh-container-content\"><section id=\"comp-m4dwkz6a\" class=\"Oqnisf comp-m4dwkz6a wixui-section\" tabindex=\"-1\" data-block-level-container=\"ClassicSection\"><div class=\"\" data-mesh-id=\"comp-m4dwkz6ainlineContent\" data-testid=\"inline-content\"><div data-mesh-id=\"comp-m4dwkz6ainlineContent-gridContainer\" data-testid=\"mesh-container-content\"><div id=\"comp-m4dx3bbh\" class=\"HcOXKn c9GqVL QxJLC3 lq2cno YQcXTT comp-m4dx3bbh wixui-rich-text\" data-testid=\"richTextElement\"><p class=\"font_8 wixui-rich-text__text\"><span class=\"wixui-rich-text__text\">Trenutno se brine zbog nadolaze\u0107e nesta\u0161ice struje i razmi\u0161lja \u0161ta mo\u017ee u\u010diniti da ubla\u017ei situaciju. Tokom kuvanja u kuhinji mo\u017ee se u\u0161tedeti ogromna koli\u010dina energije. AMC proizvodi i na\u0161i na\u010dini kuvanja ne \u0161tede samo vreme, ve\u0107 i energiju tokom kuvanja. Svi na\u0161i testni rezultati su testirani i odobreni od strane T\u00dcV-Rheinland.<\/span><\/p><\/div><\/div><\/div><\/section><\/div><\/div><\/div><\/div><\/div><\/div><\/div><\/main><div id=\"soapAfterPagesContainer\" class=\"page-without-sosp soapAfterPagesContainer page-without-sosp\"><div class=\"\" data-mesh-id=\"soapAfterPagesContainerinlineContent\" data-testid=\"inline-content\"><div data-mesh-id=\"soapAfterPagesContainerinlineContent-gridContainer\" data-testid=\"mesh-container-content\">\u00a0<\/div><\/div><\/div><div id=\"pinnedBottomRight\" class=\"pinnedBottomRight\"><div id=\"comp-kxypmtp3-pinned-layer\" class=\"comp-kxypmtp3-pinned-layer big2ZD\">\u00a0<\/div><\/div>\t\t\t\t\t\t\t\t<\/div>\n\t\t\t\t<\/div>\n\t\t\t\t<div class=\"elementor-element elementor-element-5c1dcf0 elementor-widget__width-initial elementor-widget elementor-widget-toggle\" data-id=\"5c1dcf0\" data-element_type=\"widget\" data-e-type=\"widget\" data-widget_type=\"toggle.default\">\n\t\t\t\t<div class=\"elementor-widget-container\">\n\t\t\t\t\t\t\t<div class=\"elementor-toggle\">\n\t\t\t\t\t\t\t<div class=\"elementor-toggle-item\">\n\t\t\t\t\t<h3 id=\"elementor-tab-title-9651\" class=\"elementor-tab-title\" data-tab=\"1\" role=\"button\" aria-controls=\"elementor-tab-content-9651\" aria-expanded=\"false\">\n\t\t\t\t\t\t\t\t\t\t\t\t<span class=\"elementor-toggle-icon elementor-toggle-icon-right\" aria-hidden=\"true\">\n\t\t\t\t\t\t\t\t\t\t\t\t\t\t\t<span class=\"elementor-toggle-icon-closed\"><svg class=\"e-font-icon-svg e-fas-plus-circle\" viewbox=\"0 0 512 512\" xmlns=\"http:\/\/www.w3.org\/2000\/svg\"><path d=\"M256 8C119 8 8 119 8 256s111 248 248 248 248-111 248-248S393 8 256 8zm144 276c0 6.6-5.4 12-12 12h-92v92c0 6.6-5.4 12-12 12h-56c-6.6 0-12-5.4-12-12v-92h-92c-6.6 0-12-5.4-12-12v-56c0-6.6 5.4-12 12-12h92v-92c0-6.6 5.4-12 12-12h56c6.6 0 12 5.4 12 12v92h92c6.6 0 12 5.4 12 12v56z\"><\/path><\/svg><\/span>\n\t\t\t\t\t\t\t\t<span class=\"elementor-toggle-icon-opened\"><svg class=\"elementor-toggle-icon-opened e-font-icon-svg e-fas-minus\" viewbox=\"0 0 448 512\" xmlns=\"http:\/\/www.w3.org\/2000\/svg\"><path d=\"M416 208H32c-17.67 0-32 14.33-32 32v32c0 17.67 14.33 32 32 32h384c17.67 0 32-14.33 32-32v-32c0-17.67-14.33-32-32-32z\"><\/path><\/svg><\/span>\n\t\t\t\t\t\t\t\t\t\t\t\t\t<\/span>\n\t\t\t\t\t\t\t\t\t\t\t\t<a class=\"elementor-toggle-title\" tabindex=\"0\">Kuvanje sa Secuquick i Navigenio vs. tradicionalno kuvanje na gasu<\/a>\n\t\t\t\t\t<\/h3>\n\n\t\t\t\t\t<div id=\"elementor-tab-content-9651\" class=\"elementor-tab-content elementor-clearfix\" data-tab=\"1\" role=\"region\" aria-labelledby=\"elementor-tab-title-9651\"><p>AMC brzi kuvar poklopac Secuquick softline omogu\u0107ava u\u0161tedu energije do 70% kada se koristi zajedno sa Navigenio mobilnom povr\u0161inom za kuvanje tokom kuvanja. Ovo je ogromna u\u0161teda energije u pore\u0111enju sa tradicionalnim kuvanjem na gas.<\/p><\/div>\n\t\t\t\t<\/div>\n\t\t\t\t\t\t\t<div class=\"elementor-toggle-item\">\n\t\t\t\t\t<h3 id=\"elementor-tab-title-9652\" class=\"elementor-tab-title\" data-tab=\"2\" role=\"button\" aria-controls=\"elementor-tab-content-9652\" aria-expanded=\"false\">\n\t\t\t\t\t\t\t\t\t\t\t\t<span class=\"elementor-toggle-icon elementor-toggle-icon-right\" aria-hidden=\"true\">\n\t\t\t\t\t\t\t\t\t\t\t\t\t\t\t<span class=\"elementor-toggle-icon-closed\"><svg class=\"e-font-icon-svg e-fas-plus-circle\" viewbox=\"0 0 512 512\" xmlns=\"http:\/\/www.w3.org\/2000\/svg\"><path d=\"M256 8C119 8 8 119 8 256s111 248 248 248 248-111 248-248S393 8 256 8zm144 276c0 6.6-5.4 12-12 12h-92v92c0 6.6-5.4 12-12 12h-56c-6.6 0-12-5.4-12-12v-92h-92c-6.6 0-12-5.4-12-12v-56c0-6.6 5.4-12 12-12h92v-92c0-6.6 5.4-12 12-12h56c6.6 0 12 5.4 12 12v92h92c6.6 0 12 5.4 12 12v56z\"><\/path><\/svg><\/span>\n\t\t\t\t\t\t\t\t<span class=\"elementor-toggle-icon-opened\"><svg class=\"elementor-toggle-icon-opened e-font-icon-svg e-fas-minus\" viewbox=\"0 0 448 512\" xmlns=\"http:\/\/www.w3.org\/2000\/svg\"><path d=\"M416 208H32c-17.67 0-32 14.33-32 32v32c0 17.67 14.33 32 32 32h384c17.67 0 32-14.33 32-32v-32c0-17.67-14.33-32-32-32z\"><\/path><\/svg><\/span>\n\t\t\t\t\t\t\t\t\t\t\t\t\t<\/span>\n\t\t\t\t\t\t\t\t\t\t\t\t<a class=\"elementor-toggle-title\" tabindex=\"0\">Kuvanje sa Secuquickom vs. tradicionalno kuvanje<\/a>\n\t\t\t\t\t<\/h3>\n\n\t\t\t\t\t<div id=\"elementor-tab-content-9652\" class=\"elementor-tab-content elementor-clearfix\" data-tab=\"2\" role=\"region\" aria-labelledby=\"elementor-tab-title-9652\"><p>U pore\u0111enju sa tradicionalnim kuvanjem, recepti se uz AMC Quick Cooking Lid Secuquick softline poklopac mogu pripremiti vrlo brzo, tako da mo\u017eemo ujedno u\u0161tedeti i mnogo energije. Sveukupno, \u010dak 45% u\u0161tede energije mo\u017ee se posti\u0107i tokom kuvanja sa Secuquick-om.<\/p><\/div>\n\t\t\t\t<\/div>\n\t\t\t\t\t\t\t<div class=\"elementor-toggle-item\">\n\t\t\t\t\t<h3 id=\"elementor-tab-title-9653\" class=\"elementor-tab-title\" data-tab=\"3\" role=\"button\" aria-controls=\"elementor-tab-content-9653\" aria-expanded=\"false\">\n\t\t\t\t\t\t\t\t\t\t\t\t<span class=\"elementor-toggle-icon elementor-toggle-icon-right\" aria-hidden=\"true\">\n\t\t\t\t\t\t\t\t\t\t\t\t\t\t\t<span class=\"elementor-toggle-icon-closed\"><svg class=\"e-font-icon-svg e-fas-plus-circle\" viewbox=\"0 0 512 512\" xmlns=\"http:\/\/www.w3.org\/2000\/svg\"><path d=\"M256 8C119 8 8 119 8 256s111 248 248 248 248-111 248-248S393 8 256 8zm144 276c0 6.6-5.4 12-12 12h-92v92c0 6.6-5.4 12-12 12h-56c-6.6 0-12-5.4-12-12v-92h-92c-6.6 0-12-5.4-12-12v-56c0-6.6 5.4-12 12-12h92v-92c0-6.6 5.4-12 12-12h56c6.6 0 12 5.4 12 12v92h92c6.6 0 12 5.4 12 12v56z\"><\/path><\/svg><\/span>\n\t\t\t\t\t\t\t\t<span class=\"elementor-toggle-icon-opened\"><svg class=\"elementor-toggle-icon-opened e-font-icon-svg e-fas-minus\" viewbox=\"0 0 448 512\" xmlns=\"http:\/\/www.w3.org\/2000\/svg\"><path d=\"M416 208H32c-17.67 0-32 14.33-32 32v32c0 17.67 14.33 32 32 32h384c17.67 0 32-14.33 32-32v-32c0-17.67-14.33-32-32-32z\"><\/path><\/svg><\/span>\n\t\t\t\t\t\t\t\t\t\t\t\t\t<\/span>\n\t\t\t\t\t\t\t\t\t\t\t\t<a class=\"elementor-toggle-title\" tabindex=\"0\">Kuvanje sa Navigenio-om vs. tradicionalno kuvanje na gasu<\/a>\n\t\t\t\t\t<\/h3>\n\n\t\t\t\t\t<div id=\"elementor-tab-content-9653\" class=\"elementor-tab-content elementor-clearfix\" data-tab=\"3\" role=\"region\" aria-labelledby=\"elementor-tab-title-9653\"><p>Navigenio mobilna kuhinjska plo\u010da je tako\u0111e veoma talentovana u o\u010duvanju energije. U pore\u0111enju sa tradicionalnim kuvanjem na gas, mogu\u0107e je ostvariti \u010dak 50% u\u0161tede energije prilikom kuvanja sa Navigenio kuhinjskim tanjirom.<\/p><\/div>\n\t\t\t\t<\/div>\n\t\t\t\t\t\t\t\t<\/div>\n\t\t\t\t\t\t<\/div>\n\t\t\t\t<\/div>\n\t\t\t\t\t<\/div>\n\t\t\t\t<\/div>\n\t\t<div class=\"elementor-element elementor-element-74d8b5b7 e-flex e-con-boxed e-con e-parent\" data-id=\"74d8b5b7\" data-element_type=\"container\" data-e-type=\"container\">\n\t\t\t\t\t<div class=\"e-con-inner\">\n\t\t<div class=\"elementor-element elementor-element-43151fcd e-con-full e-flex e-con e-child\" data-id=\"43151fcd\" data-element_type=\"container\" data-e-type=\"container\">\n\t\t\t\t<div class=\"elementor-element elementor-element-18b5f73d elementor-widget elementor-widget-image\" data-id=\"18b5f73d\" data-element_type=\"widget\" data-e-type=\"widget\" data-widget_type=\"image.default\">\n\t\t\t\t<div class=\"elementor-widget-container\">\n\t\t\t\t\t\t\t\t\t\t\t\t\t\t\t<img fetchpriority=\"high\" decoding=\"async\" width=\"1280\" height=\"1280\" src=\"https:\/\/amchungary.hu\/wp-content\/uploads\/2024\/12\/goulash-8388432_1280.webp\" class=\"attachment-full size-full wp-image-1270\" alt=\"\" srcset=\"https:\/\/amchungary.hu\/wp-content\/uploads\/2024\/12\/goulash-8388432_1280.webp 1280w, https:\/\/amchungary.hu\/wp-content\/uploads\/2024\/12\/goulash-8388432_1280-300x300.webp 300w, https:\/\/amchungary.hu\/wp-content\/uploads\/2024\/12\/goulash-8388432_1280-1024x1024.webp 1024w, https:\/\/amchungary.hu\/wp-content\/uploads\/2024\/12\/goulash-8388432_1280-150x150.webp 150w, https:\/\/amchungary.hu\/wp-content\/uploads\/2024\/12\/goulash-8388432_1280-768x768.webp 768w\" sizes=\"(max-width: 1280px) 100vw, 1280px\" \/>\t\t\t\t\t\t\t\t\t\t\t\t\t\t\t<\/div>\n\t\t\t\t<\/div>\n\t\t\t\t<\/div>\n\t\t<div class=\"elementor-element elementor-element-4fac8c5e e-con-full e-flex e-con e-child\" data-id=\"4fac8c5e\" data-element_type=\"container\" data-e-type=\"container\">\n\t\t\t\t<div class=\"elementor-element elementor-element-65c7c2e3 elementor-widget__width-initial elementor-widget-mobile__width-initial elementor-widget elementor-widget-heading\" data-id=\"65c7c2e3\" data-element_type=\"widget\" data-e-type=\"widget\" data-widget_type=\"heading.default\">\n\t\t\t\t<div class=\"elementor-widget-container\">\n\t\t\t\t\t<h2 class=\"elementor-heading-title elementor-size-default\">Zagrijava: bogata i ne\u017ena gula\u0161<\/h2>\t\t\t\t<\/div>\n\t\t\t\t<\/div>\n\t\t\t\t<div class=\"elementor-element elementor-element-4f51ce1c elementor-widget elementor-widget-text-editor\" data-id=\"4f51ce1c\" data-element_type=\"widget\" data-e-type=\"widget\" data-widget_type=\"text-editor.default\">\n\t\t\t\t<div class=\"elementor-widget-container\">\n\t\t\t\t\t\t\t\t\t<p class=\"font_8 wixui-rich-text__text\">Nemcsak j\u00f3llakat, hanem a hideg napokon sz\u00fcks\u00e9ges meleget is megadja: egy finom guly\u00e1s. A kiad\u00f3s p\u00f6rk\u00f6lt elk\u00e9sz\u00edt\u00e9s\u00e9vel nemcsak sok energi\u00e1t, de id\u0151t is sp\u00f3rolhatsz. A Secuquick softline AMC gyorsf\u0151z\u0151fed\u00e9llel \u00e9s a Navigenio mobil f\u0151z\u0151lappal egy\u00fctt hihetetlen, ak\u00e1r 72%-os energiamegtakar\u00edt\u00e1st \u00e9rhet el a g\u00e1zzal val\u00f3 f\u0151z\u00e9shez k\u00e9pest, \u00e9s 1 \u00f3ra 43 perc helyett mind\u00f6ssze 30 perc alatt elk\u00e9sz\u00fclhet a finom guly\u00e1ssal. Ez 73 plusz percet jelent az \u00d6n sz\u00e1m\u00e1ra!<\/p>\t\t\t\t\t\t\t\t<\/div>\n\t\t\t\t<\/div>\n\t\t\t\t<\/div>\n\t\t\t\t\t<\/div>\n\t\t\t\t<\/div>\n\t\t\t\t<\/div>","protected":false},"excerpt":{"rendered":"<p>Fenntarthat\u00f3 f\u0151z\u00e9s AMC-vel A mindennapi \u00e9letben a fenntarthat\u00f3s\u00e1g ir\u00e1nti ig\u00e9ny jelenval\u00f3bb, mint valaha, \u00e9s jelenleg, a glob\u00e1lis energiav\u00e1ls\u00e1g idej\u00e9n er\u0151sen n\u00f6vekszik. Az AMC a fenntarthat\u00f3 \u00e9letm\u00f3d t\u00e1mogat\u00e1s\u00e1nak fontos szempontjaival foglalkozik: Hat\u00e9konys\u00e1g \u00e9s egyszer\u0171s\u00e9g a mindennapi f\u0151z\u00e9sben. K\u00fcl\u00f6n\u00f6sen tart\u00f3s pr\u00e9mium rozsdamentes ac\u00e9lb\u00f3l k\u00e9sz\u00fclt term\u00e9keinket magas funkcionalit\u00e1s \u00e9s innov\u00e1ci\u00f3 jellemzi. Az AMC f\u0151z\u0151rendszerrel id\u0151t, energi\u00e1t \u00e9s vizet [&hellip;]<\/p>\n","protected":false},"author":3,"featured_media":0,"parent":39,"menu_order":0,"comment_status":"closed","ping_status":"closed","template":"","meta":{"footnotes":""},"class_list":["post-1207","page","type-page","status-publish","hentry"],"yoast_head":"<!-- This site is optimized with the Yoast SEO Premium plugin v27.6 (Yoast SEO v27.6) - https:\/\/yoast.com\/product\/yoast-seo-premium-wordpress\/ -->\n<title>Fenntarthat\u00f3 f\u0151z\u00e9s - AMC Hungary<\/title>\n<meta name=\"robots\" content=\"index, follow, max-snippet:-1, max-image-preview:large, max-video-preview:-1\" \/>\n<link rel=\"canonical\" href=\"https:\/\/amchungary.hu\/sr\/home\/fenntarthato-fozes\/\" \/>\n<meta property=\"og:locale\" content=\"sr_RS\" \/>\n<meta property=\"og:type\" content=\"article\" \/>\n<meta property=\"og:title\" content=\"Fenntarthat\u00f3 f\u0151z\u00e9s\" \/>\n<meta property=\"og:description\" content=\"Fenntarthat\u00f3 f\u0151z\u00e9s AMC-vel A mindennapi \u00e9letben a fenntarthat\u00f3s\u00e1g ir\u00e1nti ig\u00e9ny jelenval\u00f3bb, mint valaha, \u00e9s jelenleg, a glob\u00e1lis energiav\u00e1ls\u00e1g idej\u00e9n er\u0151sen n\u00f6vekszik. Az AMC a fenntarthat\u00f3 \u00e9letm\u00f3d t\u00e1mogat\u00e1s\u00e1nak fontos szempontjaival foglalkozik: Hat\u00e9konys\u00e1g \u00e9s egyszer\u0171s\u00e9g a mindennapi f\u0151z\u00e9sben. K\u00fcl\u00f6n\u00f6sen tart\u00f3s pr\u00e9mium rozsdamentes ac\u00e9lb\u00f3l k\u00e9sz\u00fclt term\u00e9keinket magas funkcionalit\u00e1s \u00e9s innov\u00e1ci\u00f3 jellemzi. Az AMC f\u0151z\u0151rendszerrel id\u0151t, energi\u00e1t \u00e9s vizet [&hellip;]\" \/>\n<meta property=\"og:url\" content=\"https:\/\/amchungary.hu\/sr\/home\/fenntarthato-fozes\/\" \/>\n<meta property=\"og:site_name\" content=\"AMC Hungary\" \/>\n<meta property=\"article:publisher\" content=\"https:\/\/www.facebook.com\/people\/AMC-Hungary\/61570426203273\/\" \/>\n<meta property=\"article:modified_time\" content=\"2026-01-07T21:07:21+00:00\" \/>\n<meta property=\"og:image\" content=\"https:\/\/amchungary.hu\/wp-content\/uploads\/2024\/12\/goulash-8388432_1280.webp\" \/>\n\t<meta property=\"og:image:width\" content=\"1280\" \/>\n\t<meta property=\"og:image:height\" content=\"1280\" \/>\n\t<meta property=\"og:image:type\" content=\"image\/webp\" \/>\n<meta name=\"twitter:card\" content=\"summary_large_image\" \/>\n<meta name=\"twitter:label1\" content=\"\u041f\u0440\u043e\u0446\u0435\u045a\u0435\u043d\u043e \u0432\u0440\u0435\u043c\u0435 \u0447\u0438\u0442\u0430\u045a\u0430\" \/>\n\t<meta name=\"twitter:data1\" content=\"2 \u043c\u0438\u043d\u0443\u0442\u0430\" \/>\n<script type=\"application\/ld+json\" class=\"yoast-schema-graph\">{\"@context\":\"https:\\\/\\\/schema.org\",\"@graph\":[{\"@type\":\"WebPage\",\"@id\":\"https:\\\/\\\/amchungary.hu\\\/home\\\/fenntarthato-fozes\\\/\",\"url\":\"https:\\\/\\\/amchungary.hu\\\/home\\\/fenntarthato-fozes\\\/\",\"name\":\"Fenntarthat\u00f3 f\u0151z\u00e9s - AMC Hungary\",\"isPartOf\":{\"@id\":\"https:\\\/\\\/amchungary.hu\\\/#website\"},\"primaryImageOfPage\":{\"@id\":\"https:\\\/\\\/amchungary.hu\\\/home\\\/fenntarthato-fozes\\\/#primaryimage\"},\"image\":{\"@id\":\"https:\\\/\\\/amchungary.hu\\\/home\\\/fenntarthato-fozes\\\/#primaryimage\"},\"thumbnailUrl\":\"https:\\\/\\\/amchungary.hu\\\/wp-content\\\/uploads\\\/2024\\\/12\\\/goulash-8388432_1280.webp\",\"datePublished\":\"2024-12-24T21:38:20+00:00\",\"dateModified\":\"2026-01-07T21:07:21+00:00\",\"breadcrumb\":{\"@id\":\"https:\\\/\\\/amchungary.hu\\\/home\\\/fenntarthato-fozes\\\/#breadcrumb\"},\"inLanguage\":\"sr-RS\",\"potentialAction\":[{\"@type\":\"ReadAction\",\"target\":[\"https:\\\/\\\/amchungary.hu\\\/home\\\/fenntarthato-fozes\\\/\"]}]},{\"@type\":\"ImageObject\",\"inLanguage\":\"sr-RS\",\"@id\":\"https:\\\/\\\/amchungary.hu\\\/home\\\/fenntarthato-fozes\\\/#primaryimage\",\"url\":\"https:\\\/\\\/amchungary.hu\\\/wp-content\\\/uploads\\\/2024\\\/12\\\/goulash-8388432_1280.webp\",\"contentUrl\":\"https:\\\/\\\/amchungary.hu\\\/wp-content\\\/uploads\\\/2024\\\/12\\\/goulash-8388432_1280.webp\"},{\"@type\":\"BreadcrumbList\",\"@id\":\"https:\\\/\\\/amchungary.hu\\\/home\\\/fenntarthato-fozes\\\/#breadcrumb\",\"itemListElement\":[{\"@type\":\"ListItem\",\"position\":1,\"name\":\"Home\",\"item\":\"https:\\\/\\\/amchungary.hu\\\/\"},{\"@type\":\"ListItem\",\"position\":2,\"name\":\"F\u0151oldal\",\"item\":\"https:\\\/\\\/amchungary.hu\\\/\"},{\"@type\":\"ListItem\",\"position\":3,\"name\":\"Fenntarthat\u00f3 f\u0151z\u00e9s\"}]},{\"@type\":\"WebSite\",\"@id\":\"https:\\\/\\\/amchungary.hu\\\/#website\",\"url\":\"https:\\\/\\\/amchungary.hu\\\/\",\"name\":\"AMC Hungary\",\"description\":\"\",\"publisher\":{\"@id\":\"https:\\\/\\\/amchungary.hu\\\/#organization\"},\"potentialAction\":[{\"@type\":\"SearchAction\",\"target\":{\"@type\":\"EntryPoint\",\"urlTemplate\":\"https:\\\/\\\/amchungary.hu\\\/?s={search_term_string}\"},\"query-input\":{\"@type\":\"PropertyValueSpecification\",\"valueRequired\":true,\"valueName\":\"search_term_string\"}}],\"inLanguage\":\"sr-RS\"},{\"@type\":\"Organization\",\"@id\":\"https:\\\/\\\/amchungary.hu\\\/#organization\",\"name\":\"AMC Hungary\",\"url\":\"https:\\\/\\\/amchungary.hu\\\/\",\"logo\":{\"@type\":\"ImageObject\",\"inLanguage\":\"sr-RS\",\"@id\":\"https:\\\/\\\/amchungary.hu\\\/#\\\/schema\\\/logo\\\/image\\\/\",\"url\":\"https:\\\/\\\/amchungary.hu\\\/wp-content\\\/uploads\\\/2025\\\/09\\\/AMC_Logo_outline_bw_1-1.avif\",\"contentUrl\":\"https:\\\/\\\/amchungary.hu\\\/wp-content\\\/uploads\\\/2025\\\/09\\\/AMC_Logo_outline_bw_1-1.avif\",\"width\":180,\"height\":120,\"caption\":\"AMC Hungary\"},\"image\":{\"@id\":\"https:\\\/\\\/amchungary.hu\\\/#\\\/schema\\\/logo\\\/image\\\/\"},\"sameAs\":[\"https:\\\/\\\/www.facebook.com\\\/people\\\/AMC-Hungary\\\/61570426203273\\\/\",\"https:\\\/\\\/www.instagram.com\\\/amchungary\\\/\",\"https:\\\/\\\/www.youtube.com\\\/@AMCHUNGARY\",\"https:\\\/\\\/www.tiktok.com\\\/@amchungary\"]}]}<\/script>\n<!-- \/ Yoast SEO Premium plugin. -->","yoast_head_json":{"title":"Fenntarthat\u00f3 f\u0151z\u00e9s - AMC Hungary","robots":{"index":"index","follow":"follow","max-snippet":"max-snippet:-1","max-image-preview":"max-image-preview:large","max-video-preview":"max-video-preview:-1"},"canonical":"https:\/\/amchungary.hu\/sr\/home\/fenntarthato-fozes\/","og_locale":"sr_RS","og_type":"article","og_title":"Fenntarthat\u00f3 f\u0151z\u00e9s","og_description":"Fenntarthat\u00f3 f\u0151z\u00e9s AMC-vel A mindennapi \u00e9letben a fenntarthat\u00f3s\u00e1g ir\u00e1nti ig\u00e9ny jelenval\u00f3bb, mint valaha, \u00e9s jelenleg, a glob\u00e1lis energiav\u00e1ls\u00e1g idej\u00e9n er\u0151sen n\u00f6vekszik. Az AMC a fenntarthat\u00f3 \u00e9letm\u00f3d t\u00e1mogat\u00e1s\u00e1nak fontos szempontjaival foglalkozik: Hat\u00e9konys\u00e1g \u00e9s egyszer\u0171s\u00e9g a mindennapi f\u0151z\u00e9sben. K\u00fcl\u00f6n\u00f6sen tart\u00f3s pr\u00e9mium rozsdamentes ac\u00e9lb\u00f3l k\u00e9sz\u00fclt term\u00e9keinket magas funkcionalit\u00e1s \u00e9s innov\u00e1ci\u00f3 jellemzi. Az AMC f\u0151z\u0151rendszerrel id\u0151t, energi\u00e1t \u00e9s vizet [&hellip;]","og_url":"https:\/\/amchungary.hu\/sr\/home\/fenntarthato-fozes\/","og_site_name":"AMC Hungary","article_publisher":"https:\/\/www.facebook.com\/people\/AMC-Hungary\/61570426203273\/","article_modified_time":"2026-01-07T21:07:21+00:00","og_image":[{"width":1280,"height":1280,"url":"https:\/\/amchungary.hu\/wp-content\/uploads\/2024\/12\/goulash-8388432_1280.webp","type":"image\/webp"}],"twitter_card":"summary_large_image","twitter_misc":{"\u041f\u0440\u043e\u0446\u0435\u045a\u0435\u043d\u043e \u0432\u0440\u0435\u043c\u0435 \u0447\u0438\u0442\u0430\u045a\u0430":"2 \u043c\u0438\u043d\u0443\u0442\u0430"},"schema":{"@context":"https:\/\/schema.org","@graph":[{"@type":"WebPage","@id":"https:\/\/amchungary.hu\/home\/fenntarthato-fozes\/","url":"https:\/\/amchungary.hu\/home\/fenntarthato-fozes\/","name":"Fenntarthat\u00f3 f\u0151z\u00e9s - AMC Hungary","isPartOf":{"@id":"https:\/\/amchungary.hu\/#website"},"primaryImageOfPage":{"@id":"https:\/\/amchungary.hu\/home\/fenntarthato-fozes\/#primaryimage"},"image":{"@id":"https:\/\/amchungary.hu\/home\/fenntarthato-fozes\/#primaryimage"},"thumbnailUrl":"https:\/\/amchungary.hu\/wp-content\/uploads\/2024\/12\/goulash-8388432_1280.webp","datePublished":"2024-12-24T21:38:20+00:00","dateModified":"2026-01-07T21:07:21+00:00","breadcrumb":{"@id":"https:\/\/amchungary.hu\/home\/fenntarthato-fozes\/#breadcrumb"},"inLanguage":"sr-RS","potentialAction":[{"@type":"ReadAction","target":["https:\/\/amchungary.hu\/home\/fenntarthato-fozes\/"]}]},{"@type":"ImageObject","inLanguage":"sr-RS","@id":"https:\/\/amchungary.hu\/home\/fenntarthato-fozes\/#primaryimage","url":"https:\/\/amchungary.hu\/wp-content\/uploads\/2024\/12\/goulash-8388432_1280.webp","contentUrl":"https:\/\/amchungary.hu\/wp-content\/uploads\/2024\/12\/goulash-8388432_1280.webp"},{"@type":"BreadcrumbList","@id":"https:\/\/amchungary.hu\/home\/fenntarthato-fozes\/#breadcrumb","itemListElement":[{"@type":"ListItem","position":1,"name":"Home","item":"https:\/\/amchungary.hu\/"},{"@type":"ListItem","position":2,"name":"F\u0151oldal","item":"https:\/\/amchungary.hu\/"},{"@type":"ListItem","position":3,"name":"Fenntarthat\u00f3 f\u0151z\u00e9s"}]},{"@type":"WebSite","@id":"https:\/\/amchungary.hu\/#website","url":"https:\/\/amchungary.hu\/","name":"AMC Hungary","description":"","publisher":{"@id":"https:\/\/amchungary.hu\/#organization"},"potentialAction":[{"@type":"SearchAction","target":{"@type":"EntryPoint","urlTemplate":"https:\/\/amchungary.hu\/?s={search_term_string}"},"query-input":{"@type":"PropertyValueSpecification","valueRequired":true,"valueName":"search_term_string"}}],"inLanguage":"sr-RS"},{"@type":"Organization","@id":"https:\/\/amchungary.hu\/#organization","name":"AMC Hungary","url":"https:\/\/amchungary.hu\/","logo":{"@type":"ImageObject","inLanguage":"sr-RS","@id":"https:\/\/amchungary.hu\/#\/schema\/logo\/image\/","url":"https:\/\/amchungary.hu\/wp-content\/uploads\/2025\/09\/AMC_Logo_outline_bw_1-1.avif","contentUrl":"https:\/\/amchungary.hu\/wp-content\/uploads\/2025\/09\/AMC_Logo_outline_bw_1-1.avif","width":180,"height":120,"caption":"AMC Hungary"},"image":{"@id":"https:\/\/amchungary.hu\/#\/schema\/logo\/image\/"},"sameAs":["https:\/\/www.facebook.com\/people\/AMC-Hungary\/61570426203273\/","https:\/\/www.instagram.com\/amchungary\/","https:\/\/www.youtube.com\/@AMCHUNGARY","https:\/\/www.tiktok.com\/@amchungary"]}]}},"_links":{"self":[{"href":"https:\/\/amchungary.hu\/sr\/wp-json\/wp\/v2\/pages\/1207","targetHints":{"allow":["GET"]}}],"collection":[{"href":"https:\/\/amchungary.hu\/sr\/wp-json\/wp\/v2\/pages"}],"about":[{"href":"https:\/\/amchungary.hu\/sr\/wp-json\/wp\/v2\/types\/page"}],"author":[{"embeddable":true,"href":"https:\/\/amchungary.hu\/sr\/wp-json\/wp\/v2\/users\/3"}],"replies":[{"embeddable":true,"href":"https:\/\/amchungary.hu\/sr\/wp-json\/wp\/v2\/comments?post=1207"}],"version-history":[{"count":0,"href":"https:\/\/amchungary.hu\/sr\/wp-json\/wp\/v2\/pages\/1207\/revisions"}],"up":[{"embeddable":true,"href":"https:\/\/amchungary.hu\/sr\/wp-json\/wp\/v2\/pages\/39"}],"wp:attachment":[{"href":"https:\/\/amchungary.hu\/sr\/wp-json\/wp\/v2\/media?parent=1207"}],"curies":[{"name":"wp","href":"https:\/\/api.w.org\/{rel}","templated":true}]}}