{"id":2083,"date":"2024-12-29T11:51:21","date_gmt":"2024-12-29T10:51:21","guid":{"rendered":"https:\/\/amchungary.hu\/?page_id=2083"},"modified":"2025-01-03T11:15:40","modified_gmt":"2025-01-03T10:15:40","slug":"adott-termek-oldal-sablon","status":"publish","type":"page","link":"https:\/\/amchungary.hu\/sr\/adott-termek-oldal-sablon\/","title":{"rendered":"Adott term\u00e9k oldal sablon"},"content":{"rendered":"<div data-elementor-type=\"wp-page\" data-elementor-id=\"2083\" class=\"elementor elementor-2083\" data-elementor-post-type=\"page\">\n\t\t\t\t<div class=\"elementor-element elementor-element-1429a8bc e-con-full e-flex e-con e-parent\" data-id=\"1429a8bc\" data-element_type=\"container\" data-e-type=\"container\" data-settings=\"{&quot;background_background&quot;:&quot;classic&quot;}\">\n\t\t\t\t<\/div>\n\t\t<div class=\"elementor-element elementor-element-44a1ca15 e-con-full e-flex e-con e-parent\" data-id=\"44a1ca15\" data-element_type=\"container\" data-e-type=\"container\" data-settings=\"{&quot;background_background&quot;:&quot;classic&quot;}\">\n\t\t\t\t<div class=\"elementor-element elementor-element-78ed09 elementor-widget elementor-widget-heading\" data-id=\"78ed09\" data-element_type=\"widget\" data-e-type=\"widget\" data-widget_type=\"heading.default\">\n\t\t\t\t<div class=\"elementor-widget-container\">\n\t\t\t\t\t<h2 class=\"elementor-heading-title elementor-size-default\">Izvrstan kvalitet, wok od ner\u0111aju\u0107eg \u010delika, pogodan za do 6 osoba.<\/h2>\t\t\t\t<\/div>\n\t\t\t\t<\/div>\n\t\t\t\t<div class=\"elementor-element elementor-element-75e451c5 elementor-widget elementor-widget-text-editor\" data-id=\"75e451c5\" data-element_type=\"widget\" data-e-type=\"widget\" data-widget_type=\"text-editor.default\">\n\t\t\t\t<div class=\"elementor-widget-container\">\n\t\t\t\t\t\t\t\t\t<p>Navigenio je mobilna kuhinjska plo\u010da. Va\u0161 neophodni pomo\u0107nik u kuhinji, koji omogu\u0107ava pametno kuvanje. Lako se koristi u kuhinji ili na terasi. Navigenio pretvara AMC posu\u0111e u mali rernu. Lako mo\u017eete pripremiti ukusna jela, poput pice, hleba ili kola\u010da.<\/p>\t\t\t\t\t\t\t\t<\/div>\n\t\t\t\t<\/div>\n\t\t\t\t<\/div>\n\t\t<div class=\"elementor-element elementor-element-5396c583 e-con-full e-flex e-con e-parent\" data-id=\"5396c583\" data-element_type=\"container\" data-e-type=\"container\">\n\t\t<div class=\"elementor-element elementor-element-1aa565b1 e-flex e-con-boxed e-con e-child\" data-id=\"1aa565b1\" data-element_type=\"container\" data-e-type=\"container\">\n\t\t\t\t\t<div class=\"e-con-inner\">\n\t\t\t\t<div class=\"elementor-element elementor-element-7680811a elementor-widget elementor-widget-heading\" data-id=\"7680811a\" data-element_type=\"widget\" data-e-type=\"widget\" data-widget_type=\"heading.default\">\n\t\t\t\t<div class=\"elementor-widget-container\">\n\t\t\t\t\t<h2 class=\"elementor-heading-title elementor-size-default\">Prednosti<\/h2>\t\t\t\t<\/div>\n\t\t\t\t<\/div>\n\t\t\t\t<div class=\"elementor-element elementor-element-1b378a49 elementor-icon-list--layout-traditional elementor-list-item-link-full_width elementor-widget elementor-widget-icon-list\" data-id=\"1b378a49\" data-element_type=\"widget\" data-e-type=\"widget\" data-widget_type=\"icon-list.default\">\n\t\t\t\t<div class=\"elementor-widget-container\">\n\t\t\t\t\t\t\t<ul class=\"elementor-icon-list-items\">\n\t\t\t\t\t\t\t<li class=\"elementor-icon-list-item\">\n\t\t\t\t\t\t\t\t\t\t\t<span class=\"elementor-icon-list-icon\">\n\t\t\t\t\t\t\t<svg aria-hidden=\"true\" class=\"e-font-icon-svg e-fas-circle\" viewbox=\"0 0 512 512\" xmlns=\"http:\/\/www.w3.org\/2000\/svg\"><path d=\"M256 8C119 8 8 119 8 256s111 248 248 248 248-111 248-248S393 8 256 8z\"><\/path><\/svg>\t\t\t\t\t\t<\/span>\n\t\t\t\t\t\t\t\t\t\t<span class=\"elementor-icon-list-text\">Mobilna kuhinjska plo\u010da mo\u017ee se koristiti i unutra i napolju<\/span>\n\t\t\t\t\t\t\t\t\t<\/li>\n\t\t\t\t\t\t\t\t<li class=\"elementor-icon-list-item\">\n\t\t\t\t\t\t\t\t\t\t\t<span class=\"elementor-icon-list-icon\">\n\t\t\t\t\t\t\t<svg aria-hidden=\"true\" class=\"e-font-icon-svg e-fas-circle\" viewbox=\"0 0 512 512\" xmlns=\"http:\/\/www.w3.org\/2000\/svg\"><path d=\"M256 8C119 8 8 119 8 256s111 248 248 248 248-111 248-248S393 8 256 8z\"><\/path><\/svg>\t\t\t\t\t\t<\/span>\n\t\t\t\t\t\t\t\t\t\t<span class=\"elementor-icon-list-text\">Svaku posudu za kuvanje pretvara u mali rernu<\/span>\n\t\t\t\t\t\t\t\t\t<\/li>\n\t\t\t\t\t\t\t\t<li class=\"elementor-icon-list-item\">\n\t\t\t\t\t\t\t\t\t\t\t<span class=\"elementor-icon-list-icon\">\n\t\t\t\t\t\t\t<svg aria-hidden=\"true\" class=\"e-font-icon-svg e-fas-circle\" viewbox=\"0 0 512 512\" xmlns=\"http:\/\/www.w3.org\/2000\/svg\"><path d=\"M256 8C119 8 8 119 8 256s111 248 248 248 248-111 248-248S393 8 256 8z\"><\/path><\/svg>\t\t\t\t\t\t<\/span>\n\t\t\t\t\t\t\t\t\t\t<span class=\"elementor-icon-list-text\">Idealna pizza i kola\u010di za pe\u010denje<\/span>\n\t\t\t\t\t\t\t\t\t<\/li>\n\t\t\t\t\t\t\t\t<li class=\"elementor-icon-list-item\">\n\t\t\t\t\t\t\t\t\t\t\t<span class=\"elementor-icon-list-icon\">\n\t\t\t\t\t\t\t<svg aria-hidden=\"true\" class=\"e-font-icon-svg e-fas-circle\" viewbox=\"0 0 512 512\" xmlns=\"http:\/\/www.w3.org\/2000\/svg\"><path d=\"M256 8C119 8 8 119 8 256s111 248 248 248 248-111 248-248S393 8 256 8z\"><\/path><\/svg>\t\t\t\t\t\t<\/span>\n\t\t\t\t\t\t\t\t\t\t<span class=\"elementor-icon-list-text\">Garantovano uspe\u0161ni recepti zahvaljuju\u0107i pe\u010denju koje kontroli\u0161u temperatura i vreme<\/span>\n\t\t\t\t\t\t\t\t\t<\/li>\n\t\t\t\t\t\t\t\t<li class=\"elementor-icon-list-item\">\n\t\t\t\t\t\t\t\t\t\t\t<span class=\"elementor-icon-list-icon\">\n\t\t\t\t\t\t\t<svg aria-hidden=\"true\" class=\"e-font-icon-svg e-fas-circle\" viewbox=\"0 0 512 512\" xmlns=\"http:\/\/www.w3.org\/2000\/svg\"><path d=\"M256 8C119 8 8 119 8 256s111 248 248 248 248-111 248-248S393 8 256 8z\"><\/path><\/svg>\t\t\t\t\t\t<\/span>\n\t\t\t\t\t\t\t\t\t\t<span class=\"elementor-icon-list-text\">Navigenio poma\u017ee da se u\u0161tedi energija i da se vi\u0161e vremena posveti vi\u0161e stvari.<\/span>\n\t\t\t\t\t\t\t\t\t<\/li>\n\t\t\t\t\t\t<\/ul>\n\t\t\t\t\t\t<\/div>\n\t\t\t\t<\/div>\n\t\t\t\t\t<\/div>\n\t\t\t\t<\/div>\n\t\t\t\t<\/div>\n\t\t<div class=\"elementor-element elementor-element-2e94fe0 e-con-full e-flex e-con e-parent\" data-id=\"2e94fe0\" data-element_type=\"container\" data-e-type=\"container\">\n\t\t<div class=\"elementor-element elementor-element-362e66fb e-flex e-con-boxed e-con e-child\" data-id=\"362e66fb\" data-element_type=\"container\" data-e-type=\"container\">\n\t\t\t\t\t<div class=\"e-con-inner\">\n\t\t\t\t<div class=\"elementor-element elementor-element-4a4f8adc elementor-widget elementor-widget-heading\" data-id=\"4a4f8adc\" data-element_type=\"widget\" data-e-type=\"widget\" data-widget_type=\"heading.default\">\n\t\t\t\t<div class=\"elementor-widget-container\">\n\t\t\t\t\t<h2 class=\"elementor-heading-title elementor-size-default\">Opis proizvoda<\/h2>\t\t\t\t<\/div>\n\t\t\t\t<\/div>\n\t\t\t\t<div class=\"elementor-element elementor-element-11b2fc35 elementor-widget elementor-widget-text-editor\" data-id=\"11b2fc35\" data-element_type=\"widget\" data-e-type=\"widget\" data-widget_type=\"text-editor.default\">\n\t\t\t\t<div class=\"elementor-widget-container\">\n\t\t\t\t\t\t\t\t\t<p class=\"font_8 wixui-rich-text__text\" style=\"background: transparent; border: 0px; outline: 0px; padding: 0px; vertical-align: baseline; pointer-events: auto; color: rgb(var(--color_15)); margin-block-end: 0px; margin-top: 0px; margin-right: 0px; margin-left: 0px; text-align: justify;\">A Navigenio mobil f\u0151z\u0151lap \u00e9s az Audiotherm akusztikus vez\u00e9rl\u0151rendszer \u00f6nmag\u00e1ban teljesen szab\u00e1lyozott h\u0151m\u00e9rs\u00e9klet- \u00e9s id\u0151szab\u00e1lyoz\u00e1st tesz lehet\u0151v\u00e9. Mik\u00f6zben az ed\u00e9nyben l\u00e9v\u0151 h\u0151m\u00e9rs\u00e9kletet m\u00e9rik, az Audiotherm \u00e9s a Navigenio kommunik\u00e1lnak, hogy sz\u00fcks\u00e9g szerint szab\u00e1lyozz\u00e1k a h\u0151ell\u00e1t\u00e1st. A f\u0151z\u00e9s, s\u00fct\u00e9s, g\u0151z\u00f6l\u00e9s \u00e9s nyom\u00e1s alatti f\u0151z\u00e9s mag\u00e1t\u00f3l megy. A f\u0151z\u00e9si id\u0151 letelte ut\u00e1n a mobil f\u0151z\u0151lap egy \u00f3r\u00e1ra 60 \u00b0C-on melegen tart\u00f3 funkci\u00f3ra kapcsol.&nbsp; Az \u00e9tel t\u00f6k\u00e9letesen elk\u00e9sz\u00fcl, \u00e9s garant\u00e1ltan sikeres lesz. A Navigenio \u00e9s az Audiotherm id\u0151t \u00e9s energi\u00e1t takar\u00edt meg \u00d6nnek. Frissen s\u00fclt pizz\u00e1ra, ropog\u00f3s gratinra vagy egy kis s\u00fctem\u00e9nyre v\u00e1gyik? A Navigenio seg\u00edts\u00e9g\u00e9vel b\u00e1rmilyen AMC f\u0151z\u0151ed\u00e9nyt kis s\u00fct\u0151v\u00e9 alak\u00edthat. Haszn\u00e1lhatja az ed\u00e9ny alatt, vagy felette is ak\u00e1r.<\/p><p class=\"font_8 wixui-rich-text__text\" style=\"background: transparent; border: 0px; outline: 0px; padding: 0px; vertical-align: baseline; pointer-events: auto; color: rgb(var(--color_15)); margin-block-end: 0px; margin-top: 0px; margin-right: 0px; margin-left: 0px; text-align: justify;\"><span class=\"wixGuard wixui-rich-text__text\" style=\"background: transparent; border: 0px; margin: 0px; outline: 0px; padding: 0px; vertical-align: baseline;\"><\/span><\/p><p class=\"font_8 wixui-rich-text__text\" style=\"background: transparent; border: 0px; outline: 0px; padding: 0px; vertical-align: baseline; pointer-events: auto; color: rgb(var(--color_15)); margin-block-end: 0px; margin-top: 0px; margin-right: 0px; margin-left: 0px; text-align: justify;\">Kuvajte bilo gde! U kuhinji, u dnevnoj sobi ili na terasi, zahvaljuju\u0107i mobilnoj plo\u010di za kuvanje, nema problema: potrebno je samo da imate priklju\u010dak u blizini, i omogu\u0107eno je pametno kuvanje. Mobilna plo\u010da za kuvanje pro\u0161iruje domet AMC Cook &amp; Go aplikacije zahvaljuju\u0107i WiFi vezi sa AMC Cook &amp; Go aplikacijom. Navigenio i Audiotherm se idealno kombinuju sa brojnim AMC proizvodima i zajedno omogu\u0107avaju pametno kuvanje.<\/p>\t\t\t\t\t\t\t\t<\/div>\n\t\t\t\t<\/div>\n\t\t\t\t\t<\/div>\n\t\t\t\t<\/div>\n\t\t\t\t<\/div>\n\t\t\t\t<\/div>","protected":false},"excerpt":{"rendered":"<p>Kiv\u00e1l\u00f3 min\u0151s\u00e9g\u0171 rozsdamentes ac\u00e9lb\u00f3l k\u00e9sz\u00fclt wok ak\u00e1r 6 szem\u00e9lyre is alkalmas A Navigenio egy mobil f\u0151z\u0151lap. Az \u00d6n n\u00e9lk\u00fcl\u00f6zhetetlen seg\u00edt\u0151je a konyh\u00e1ban, \u00e9s lehet\u0151v\u00e9 teszi az intelligens f\u0151z\u00e9st. K\u00f6nnyen haszn\u00e1lhat\u00f3 a konyh\u00e1ban vagy az erk\u00e9lyen. A Navigenio az AMC ed\u00e9ny\u00e9t egy kis s\u00fct\u0151v\u00e9 alak\u00edtja \u00e1t. K\u00f6nnyed\u00e9n var\u00e1zsolhat finom \u00e9teleket, p\u00e9ld\u00e1ul pizz\u00e1t, kenyeret vagy s\u00fctem\u00e9nyeket. El\u0151nye [&hellip;]<\/p>\n","protected":false},"author":3,"featured_media":0,"parent":0,"menu_order":0,"comment_status":"closed","ping_status":"closed","template":"","meta":{"footnotes":""},"class_list":["post-2083","page","type-page","status-publish","hentry"],"yoast_head":"<!-- This site is optimized with the Yoast SEO Premium plugin v27.6 (Yoast SEO v27.6) - https:\/\/yoast.com\/product\/yoast-seo-premium-wordpress\/ -->\n<title>Adott term\u00e9k oldal sablon - AMC Hungary<\/title>\n<meta name=\"robots\" content=\"index, follow, max-snippet:-1, max-image-preview:large, max-video-preview:-1\" \/>\n<link rel=\"canonical\" href=\"https:\/\/amchungary.hu\/sr\/adott-termek-oldal-sablon\/\" \/>\n<meta property=\"og:locale\" content=\"sr_RS\" \/>\n<meta property=\"og:type\" content=\"article\" \/>\n<meta property=\"og:title\" content=\"Adott term\u00e9k oldal sablon\" \/>\n<meta property=\"og:description\" content=\"Kiv\u00e1l\u00f3 min\u0151s\u00e9g\u0171 rozsdamentes ac\u00e9lb\u00f3l k\u00e9sz\u00fclt wok ak\u00e1r 6 szem\u00e9lyre is alkalmas A Navigenio egy mobil f\u0151z\u0151lap. Az \u00d6n n\u00e9lk\u00fcl\u00f6zhetetlen seg\u00edt\u0151je a konyh\u00e1ban, \u00e9s lehet\u0151v\u00e9 teszi az intelligens f\u0151z\u00e9st. K\u00f6nnyen haszn\u00e1lhat\u00f3 a konyh\u00e1ban vagy az erk\u00e9lyen. A Navigenio az AMC ed\u00e9ny\u00e9t egy kis s\u00fct\u0151v\u00e9 alak\u00edtja \u00e1t. K\u00f6nnyed\u00e9n var\u00e1zsolhat finom \u00e9teleket, p\u00e9ld\u00e1ul pizz\u00e1t, kenyeret vagy s\u00fctem\u00e9nyeket. El\u0151nye [&hellip;]\" \/>\n<meta property=\"og:url\" content=\"https:\/\/amchungary.hu\/sr\/adott-termek-oldal-sablon\/\" \/>\n<meta property=\"og:site_name\" content=\"AMC Hungary\" \/>\n<meta property=\"article:publisher\" content=\"https:\/\/www.facebook.com\/people\/AMC-Hungary\/61570426203273\/\" \/>\n<meta property=\"article:modified_time\" content=\"2025-01-03T10:15:40+00:00\" \/>\n<meta name=\"twitter:card\" content=\"summary_large_image\" \/>\n<meta name=\"twitter:label1\" content=\"\u041f\u0440\u043e\u0446\u0435\u045a\u0435\u043d\u043e \u0432\u0440\u0435\u043c\u0435 \u0447\u0438\u0442\u0430\u045a\u0430\" \/>\n\t<meta name=\"twitter:data1\" content=\"2 \u043c\u0438\u043d\u0443\u0442\u0430\" \/>\n<script type=\"application\/ld+json\" class=\"yoast-schema-graph\">{\"@context\":\"https:\\\/\\\/schema.org\",\"@graph\":[{\"@type\":\"WebPage\",\"@id\":\"https:\\\/\\\/amchungary.hu\\\/adott-termek-oldal-sablon\\\/\",\"url\":\"https:\\\/\\\/amchungary.hu\\\/adott-termek-oldal-sablon\\\/\",\"name\":\"Adott term\u00e9k oldal sablon - AMC Hungary\",\"isPartOf\":{\"@id\":\"https:\\\/\\\/amchungary.hu\\\/#website\"},\"datePublished\":\"2024-12-29T10:51:21+00:00\",\"dateModified\":\"2025-01-03T10:15:40+00:00\",\"breadcrumb\":{\"@id\":\"https:\\\/\\\/amchungary.hu\\\/adott-termek-oldal-sablon\\\/#breadcrumb\"},\"inLanguage\":\"sr-RS\",\"potentialAction\":[{\"@type\":\"ReadAction\",\"target\":[\"https:\\\/\\\/amchungary.hu\\\/adott-termek-oldal-sablon\\\/\"]}]},{\"@type\":\"BreadcrumbList\",\"@id\":\"https:\\\/\\\/amchungary.hu\\\/adott-termek-oldal-sablon\\\/#breadcrumb\",\"itemListElement\":[{\"@type\":\"ListItem\",\"position\":1,\"name\":\"Home\",\"item\":\"https:\\\/\\\/amchungary.hu\\\/\"},{\"@type\":\"ListItem\",\"position\":2,\"name\":\"Adott term\u00e9k oldal sablon\"}]},{\"@type\":\"WebSite\",\"@id\":\"https:\\\/\\\/amchungary.hu\\\/#website\",\"url\":\"https:\\\/\\\/amchungary.hu\\\/\",\"name\":\"AMC Hungary\",\"description\":\"\",\"publisher\":{\"@id\":\"https:\\\/\\\/amchungary.hu\\\/#organization\"},\"potentialAction\":[{\"@type\":\"SearchAction\",\"target\":{\"@type\":\"EntryPoint\",\"urlTemplate\":\"https:\\\/\\\/amchungary.hu\\\/?s={search_term_string}\"},\"query-input\":{\"@type\":\"PropertyValueSpecification\",\"valueRequired\":true,\"valueName\":\"search_term_string\"}}],\"inLanguage\":\"sr-RS\"},{\"@type\":\"Organization\",\"@id\":\"https:\\\/\\\/amchungary.hu\\\/#organization\",\"name\":\"AMC Hungary\",\"url\":\"https:\\\/\\\/amchungary.hu\\\/\",\"logo\":{\"@type\":\"ImageObject\",\"inLanguage\":\"sr-RS\",\"@id\":\"https:\\\/\\\/amchungary.hu\\\/#\\\/schema\\\/logo\\\/image\\\/\",\"url\":\"https:\\\/\\\/amchungary.hu\\\/wp-content\\\/uploads\\\/2025\\\/09\\\/AMC_Logo_outline_bw_1-1.avif\",\"contentUrl\":\"https:\\\/\\\/amchungary.hu\\\/wp-content\\\/uploads\\\/2025\\\/09\\\/AMC_Logo_outline_bw_1-1.avif\",\"width\":180,\"height\":120,\"caption\":\"AMC Hungary\"},\"image\":{\"@id\":\"https:\\\/\\\/amchungary.hu\\\/#\\\/schema\\\/logo\\\/image\\\/\"},\"sameAs\":[\"https:\\\/\\\/www.facebook.com\\\/people\\\/AMC-Hungary\\\/61570426203273\\\/\",\"https:\\\/\\\/www.instagram.com\\\/amchungary\\\/\",\"https:\\\/\\\/www.youtube.com\\\/@AMCHUNGARY\",\"https:\\\/\\\/www.tiktok.com\\\/@amchungary\"]}]}<\/script>\n<!-- \/ Yoast SEO Premium plugin. -->","yoast_head_json":{"title":"Adott term\u00e9k oldal sablon - AMC Hungary","robots":{"index":"index","follow":"follow","max-snippet":"max-snippet:-1","max-image-preview":"max-image-preview:large","max-video-preview":"max-video-preview:-1"},"canonical":"https:\/\/amchungary.hu\/sr\/adott-termek-oldal-sablon\/","og_locale":"sr_RS","og_type":"article","og_title":"Adott term\u00e9k oldal sablon","og_description":"Kiv\u00e1l\u00f3 min\u0151s\u00e9g\u0171 rozsdamentes ac\u00e9lb\u00f3l k\u00e9sz\u00fclt wok ak\u00e1r 6 szem\u00e9lyre is alkalmas A Navigenio egy mobil f\u0151z\u0151lap. Az \u00d6n n\u00e9lk\u00fcl\u00f6zhetetlen seg\u00edt\u0151je a konyh\u00e1ban, \u00e9s lehet\u0151v\u00e9 teszi az intelligens f\u0151z\u00e9st. K\u00f6nnyen haszn\u00e1lhat\u00f3 a konyh\u00e1ban vagy az erk\u00e9lyen. A Navigenio az AMC ed\u00e9ny\u00e9t egy kis s\u00fct\u0151v\u00e9 alak\u00edtja \u00e1t. K\u00f6nnyed\u00e9n var\u00e1zsolhat finom \u00e9teleket, p\u00e9ld\u00e1ul pizz\u00e1t, kenyeret vagy s\u00fctem\u00e9nyeket. El\u0151nye [&hellip;]","og_url":"https:\/\/amchungary.hu\/sr\/adott-termek-oldal-sablon\/","og_site_name":"AMC Hungary","article_publisher":"https:\/\/www.facebook.com\/people\/AMC-Hungary\/61570426203273\/","article_modified_time":"2025-01-03T10:15:40+00:00","twitter_card":"summary_large_image","twitter_misc":{"\u041f\u0440\u043e\u0446\u0435\u045a\u0435\u043d\u043e \u0432\u0440\u0435\u043c\u0435 \u0447\u0438\u0442\u0430\u045a\u0430":"2 \u043c\u0438\u043d\u0443\u0442\u0430"},"schema":{"@context":"https:\/\/schema.org","@graph":[{"@type":"WebPage","@id":"https:\/\/amchungary.hu\/adott-termek-oldal-sablon\/","url":"https:\/\/amchungary.hu\/adott-termek-oldal-sablon\/","name":"Adott term\u00e9k oldal sablon - AMC Hungary","isPartOf":{"@id":"https:\/\/amchungary.hu\/#website"},"datePublished":"2024-12-29T10:51:21+00:00","dateModified":"2025-01-03T10:15:40+00:00","breadcrumb":{"@id":"https:\/\/amchungary.hu\/adott-termek-oldal-sablon\/#breadcrumb"},"inLanguage":"sr-RS","potentialAction":[{"@type":"ReadAction","target":["https:\/\/amchungary.hu\/adott-termek-oldal-sablon\/"]}]},{"@type":"BreadcrumbList","@id":"https:\/\/amchungary.hu\/adott-termek-oldal-sablon\/#breadcrumb","itemListElement":[{"@type":"ListItem","position":1,"name":"Home","item":"https:\/\/amchungary.hu\/"},{"@type":"ListItem","position":2,"name":"Adott term\u00e9k oldal sablon"}]},{"@type":"WebSite","@id":"https:\/\/amchungary.hu\/#website","url":"https:\/\/amchungary.hu\/","name":"AMC Hungary","description":"","publisher":{"@id":"https:\/\/amchungary.hu\/#organization"},"potentialAction":[{"@type":"SearchAction","target":{"@type":"EntryPoint","urlTemplate":"https:\/\/amchungary.hu\/?s={search_term_string}"},"query-input":{"@type":"PropertyValueSpecification","valueRequired":true,"valueName":"search_term_string"}}],"inLanguage":"sr-RS"},{"@type":"Organization","@id":"https:\/\/amchungary.hu\/#organization","name":"AMC Hungary","url":"https:\/\/amchungary.hu\/","logo":{"@type":"ImageObject","inLanguage":"sr-RS","@id":"https:\/\/amchungary.hu\/#\/schema\/logo\/image\/","url":"https:\/\/amchungary.hu\/wp-content\/uploads\/2025\/09\/AMC_Logo_outline_bw_1-1.avif","contentUrl":"https:\/\/amchungary.hu\/wp-content\/uploads\/2025\/09\/AMC_Logo_outline_bw_1-1.avif","width":180,"height":120,"caption":"AMC Hungary"},"image":{"@id":"https:\/\/amchungary.hu\/#\/schema\/logo\/image\/"},"sameAs":["https:\/\/www.facebook.com\/people\/AMC-Hungary\/61570426203273\/","https:\/\/www.instagram.com\/amchungary\/","https:\/\/www.youtube.com\/@AMCHUNGARY","https:\/\/www.tiktok.com\/@amchungary"]}]}},"_links":{"self":[{"href":"https:\/\/amchungary.hu\/sr\/wp-json\/wp\/v2\/pages\/2083","targetHints":{"allow":["GET"]}}],"collection":[{"href":"https:\/\/amchungary.hu\/sr\/wp-json\/wp\/v2\/pages"}],"about":[{"href":"https:\/\/amchungary.hu\/sr\/wp-json\/wp\/v2\/types\/page"}],"author":[{"embeddable":true,"href":"https:\/\/amchungary.hu\/sr\/wp-json\/wp\/v2\/users\/3"}],"replies":[{"embeddable":true,"href":"https:\/\/amchungary.hu\/sr\/wp-json\/wp\/v2\/comments?post=2083"}],"version-history":[{"count":0,"href":"https:\/\/amchungary.hu\/sr\/wp-json\/wp\/v2\/pages\/2083\/revisions"}],"wp:attachment":[{"href":"https:\/\/amchungary.hu\/sr\/wp-json\/wp\/v2\/media?parent=2083"}],"curies":[{"name":"wp","href":"https:\/\/api.w.org\/{rel}","templated":true}]}}