{"id":2156,"date":"2024-12-29T14:49:37","date_gmt":"2024-12-29T13:49:37","guid":{"rendered":"https:\/\/amchungary.hu\/?page_id=2156"},"modified":"2026-01-13T22:02:23","modified_gmt":"2026-01-13T21:02:23","slug":"20-cm-es-edeny-30-l","status":"publish","type":"page","link":"https:\/\/amchungary.hu\/sr\/termekek\/fozoedenyek\/20-cm-es-edeny-30-l\/","title":{"rendered":"20 cm posuda, 3,0 l"},"content":{"rendered":"\t\t<div data-elementor-type=\"wp-page\" data-elementor-id=\"2156\" class=\"elementor elementor-2156\" data-elementor-post-type=\"page\">\n\t\t\t\t<div class=\"elementor-element elementor-element-4859a1d8 e-con-full e-flex e-con e-parent\" data-id=\"4859a1d8\" data-element_type=\"container\" data-e-type=\"container\" data-settings=\"{&quot;background_background&quot;:&quot;classic&quot;}\">\n\t\t\t\t<\/div>\n\t\t<div class=\"elementor-element elementor-element-190044db e-flex e-con-boxed e-con e-parent\" data-id=\"190044db\" data-element_type=\"container\" data-e-type=\"container\" data-settings=\"{&quot;background_background&quot;:&quot;classic&quot;}\">\n\t\t\t\t\t<div class=\"e-con-inner\">\n\t\t\t\t<div class=\"elementor-element elementor-element-7d936057 elementor-widget elementor-widget-heading\" data-id=\"7d936057\" data-element_type=\"widget\" data-e-type=\"widget\" data-widget_type=\"heading.default\">\n\t\t\t\t<div class=\"elementor-widget-container\">\n\t\t\t\t\t<h2 class=\"elementor-heading-title elementor-size-default\">Kiv\u00e1l\u00f3 min\u0151s\u00e9g\u0171 rozsdamentes ac\u00e9lb\u00f3l k\u00e9sz\u00fclt ed\u00e9ny 4 szem\u00e9ly sz\u00e1m\u00e1ra<\/h2>\t\t\t\t<\/div>\n\t\t\t\t<\/div>\n\t\t\t\t<div class=\"elementor-element elementor-element-38443648 elementor-widget elementor-widget-text-editor\" data-id=\"38443648\" data-element_type=\"widget\" data-e-type=\"widget\" data-widget_type=\"text-editor.default\">\n\t\t\t\t<div class=\"elementor-widget-container\">\n\t\t\t\t\t\t\t\t\t<p>F\u0151z\u0151ed\u00e9ny 4 f\u0151re z\u00f6lds\u00e9gekhez \u00e9s p\u00f6rk\u00f6ltekhez, vagy Secuquick gyorsf\u0151z\u0151fed\u00e9llel ide\u00e1lis rizott\u00f3hoz \u00e9s guly\u00e1shoz.<\/p>\t\t\t\t\t\t\t\t<\/div>\n\t\t\t\t<\/div>\n\t\t\t\t\t<\/div>\n\t\t\t\t<\/div>\n\t\t<div class=\"elementor-element elementor-element-4a03ff88 e-flex e-con-boxed e-con e-parent\" data-id=\"4a03ff88\" data-element_type=\"container\" data-e-type=\"container\">\n\t\t\t\t\t<div class=\"e-con-inner\">\n\t\t<div class=\"elementor-element elementor-element-682d8843 e-flex e-con-boxed e-con e-child\" data-id=\"682d8843\" data-element_type=\"container\" data-e-type=\"container\">\n\t\t\t\t\t<div class=\"e-con-inner\">\n\t\t\t\t<div class=\"elementor-element elementor-element-e9427d1 elementor-widget elementor-widget-heading\" data-id=\"e9427d1\" data-element_type=\"widget\" data-e-type=\"widget\" data-widget_type=\"heading.default\">\n\t\t\t\t<div class=\"elementor-widget-container\">\n\t\t\t\t\t<h2 class=\"elementor-heading-title elementor-size-default\">El\u0151nye<\/h2>\t\t\t\t<\/div>\n\t\t\t\t<\/div>\n\t\t\t\t<div class=\"elementor-element elementor-element-35cc20fc elementor-icon-list--layout-traditional elementor-list-item-link-full_width elementor-widget elementor-widget-icon-list\" data-id=\"35cc20fc\" data-element_type=\"widget\" data-e-type=\"widget\" data-widget_type=\"icon-list.default\">\n\t\t\t\t<div class=\"elementor-widget-container\">\n\t\t\t\t\t\t\t<ul class=\"elementor-icon-list-items\">\n\t\t\t\t\t\t\t<li class=\"elementor-icon-list-item\">\n\t\t\t\t\t\t\t\t\t\t\t<span class=\"elementor-icon-list-icon\">\n\t\t\t\t\t\t\t<svg aria-hidden=\"true\" class=\"e-font-icon-svg e-fas-circle\" viewBox=\"0 0 512 512\" xmlns=\"http:\/\/www.w3.org\/2000\/svg\"><path d=\"M256 8C119 8 8 119 8 256s111 248 248 248 248-111 248-248S393 8 256 8z\"><\/path><\/svg>\t\t\t\t\t\t<\/span>\n\t\t\t\t\t\t\t\t\t\t<span class=\"elementor-icon-list-text\">Egyenletes h\u0151eloszl\u00e1s a f\u0151z\u0151ed\u00e9nyben az Akkutherm kapszulaalapnak k\u00f6sz\u00f6nhet\u0151en<\/span>\n\t\t\t\t\t\t\t\t\t<\/li>\n\t\t\t\t\t\t\t\t<li class=\"elementor-icon-list-item\">\n\t\t\t\t\t\t\t\t\t\t\t<span class=\"elementor-icon-list-icon\">\n\t\t\t\t\t\t\t<svg aria-hidden=\"true\" class=\"e-font-icon-svg e-fas-circle\" viewBox=\"0 0 512 512\" xmlns=\"http:\/\/www.w3.org\/2000\/svg\"><path d=\"M256 8C119 8 8 119 8 256s111 248 248 248 248-111 248-248S393 8 256 8z\"><\/path><\/svg>\t\t\t\t\t\t<\/span>\n\t\t\t\t\t\t\t\t\t\t<span class=\"elementor-icon-list-text\">T\u00f6k\u00e9letes h\u0151m\u00e9rs\u00e9klet-szab\u00e1lyoz\u00e1s a faz\u00e9kban a Visiotherm h\u0151m\u00e9rs\u00e9klet-kijelz\u0151vel<\/span>\n\t\t\t\t\t\t\t\t\t<\/li>\n\t\t\t\t\t\t\t\t<li class=\"elementor-icon-list-item\">\n\t\t\t\t\t\t\t\t\t\t\t<span class=\"elementor-icon-list-icon\">\n\t\t\t\t\t\t\t<svg aria-hidden=\"true\" class=\"e-font-icon-svg e-fas-circle\" viewBox=\"0 0 512 512\" xmlns=\"http:\/\/www.w3.org\/2000\/svg\"><path d=\"M256 8C119 8 8 119 8 256s111 248 248 248 248-111 248-248S393 8 256 8z\"><\/path><\/svg>\t\t\t\t\t\t<\/span>\n\t\t\t\t\t\t\t\t\t\t<span class=\"elementor-icon-list-text\">Az ed\u00e9ny \u00e9s a fed\u00e9l kiv\u00e1l\u00f3 min\u0151s\u00e9g\u0171 rozsdamentes ac\u00e9lb\u00f3l k\u00e9sz\u00fclt \u00e9s mosogat\u00f3g\u00e9pben moshat\u00f3<\/span>\n\t\t\t\t\t\t\t\t\t<\/li>\n\t\t\t\t\t\t\t\t<li class=\"elementor-icon-list-item\">\n\t\t\t\t\t\t\t\t\t\t\t<span class=\"elementor-icon-list-icon\">\n\t\t\t\t\t\t\t<svg aria-hidden=\"true\" class=\"e-font-icon-svg e-fas-circle\" viewBox=\"0 0 512 512\" xmlns=\"http:\/\/www.w3.org\/2000\/svg\"><path d=\"M256 8C119 8 8 119 8 256s111 248 248 248 248-111 248-248S393 8 256 8z\"><\/path><\/svg>\t\t\t\t\t\t<\/span>\n\t\t\t\t\t\t\t\t\t\t<span class=\"elementor-icon-list-text\">K\u00e9t ergonomikus foganty\u00fa, amelyek a Thermobloc ker\u00e1mia h\u0151szigetel\u0151nek k\u00f6sz\u00f6nhet\u0151en nem forr\u00f3sodnak fel f\u0151z\u00e9s k\u00f6zben.<\/span>\n\t\t\t\t\t\t\t\t\t<\/li>\n\t\t\t\t\t\t\t\t<li class=\"elementor-icon-list-item\">\n\t\t\t\t\t\t\t\t\t\t\t<span class=\"elementor-icon-list-icon\">\n\t\t\t\t\t\t\t<svg aria-hidden=\"true\" class=\"e-font-icon-svg e-fas-circle\" viewBox=\"0 0 512 512\" xmlns=\"http:\/\/www.w3.org\/2000\/svg\"><path d=\"M256 8C119 8 8 119 8 256s111 248 248 248 248-111 248-248S393 8 256 8z\"><\/path><\/svg>\t\t\t\t\t\t<\/span>\n\t\t\t\t\t\t\t\t\t\t<span class=\"elementor-icon-list-text\">Kombin\u00e1lhat\u00f3 a Secuquick softline gyorsf\u0151z\u0151fed\u00e9llel \u00e9s az EasyQuick p\u00e1rol\u00f3fed\u00e9llel, \u00e9s alkalmas a Navigenio mobil f\u0151z\u0151lap seg\u00edts\u00e9g\u00e9vel t\u00f6rt\u00e9n\u0151 gratin\u00e1l\u00e1shoz is.<\/span>\n\t\t\t\t\t\t\t\t\t<\/li>\n\t\t\t\t\t\t<\/ul>\n\t\t\t\t\t\t<\/div>\n\t\t\t\t<\/div>\n\t\t\t\t\t<\/div>\n\t\t\t\t<\/div>\n\t\t\t\t\t<\/div>\n\t\t\t\t<\/div>\n\t\t<div class=\"elementor-element elementor-element-36152754 e-flex e-con-boxed e-con e-parent\" data-id=\"36152754\" data-element_type=\"container\" data-e-type=\"container\">\n\t\t\t\t\t<div class=\"e-con-inner\">\n\t\t<div class=\"elementor-element elementor-element-7756308a e-flex e-con-boxed e-con e-child\" data-id=\"7756308a\" data-element_type=\"container\" data-e-type=\"container\">\n\t\t\t\t\t<div class=\"e-con-inner\">\n\t\t\t\t<div class=\"elementor-element elementor-element-4c2299f elementor-widget-mobile__width-initial elementor-widget elementor-widget-heading\" data-id=\"4c2299f\" data-element_type=\"widget\" data-e-type=\"widget\" data-widget_type=\"heading.default\">\n\t\t\t\t<div class=\"elementor-widget-container\">\n\t\t\t\t\t<h2 class=\"elementor-heading-title elementor-size-default\">Term\u00e9kle\u00edr\u00e1s<\/h2>\t\t\t\t<\/div>\n\t\t\t\t<\/div>\n\t\t\t\t<div class=\"elementor-element elementor-element-5747ad21 elementor-widget elementor-widget-text-editor\" data-id=\"5747ad21\" data-element_type=\"widget\" data-e-type=\"widget\" data-widget_type=\"text-editor.default\">\n\t\t\t\t<div class=\"elementor-widget-container\">\n\t\t\t\t\t\t\t\t\t<p class=\"font_8 wixui-rich-text__text\" style=\"background: transparent; border: 0px; outline: 0px; padding: 0px; vertical-align: baseline; pointer-events: auto; color: rgb(var(--color_15)); margin-block-end: 0px; margin-top: 0px; margin-right: 0px; margin-left: 0px; text-align: justify;\">Ez az AMC f\u0151z\u0151ed\u00e9ny ide\u00e1lis k\u00f6retek k\u00e9sz\u00edt\u00e9s\u00e9hez legfeljebb n\u00e9gy szem\u00e9lyre sz\u00e1nt adagok, kisebb p\u00f6rk\u00f6ltek \u00e9s raguk elk\u00e9sz\u00edt\u00e9s\u00e9hez. Ebben az ed\u00e9nyben ak\u00e1r 1 kg z\u00f6lds\u00e9get is megf\u0151zhet, mik\u00f6zben meg\u0151rzi a vitaminokat. Legyen sz\u00f3 ak\u00e1r z\u00f6lds\u00e9gekr\u0151l, rizsr\u0151l, burgony\u00e1r\u00f3l vagy egy\u00e9b k\u00f6retekr\u0151l ak\u00e1r n\u00e9gy szem\u00e9ly sz\u00e1m\u00e1ra &#8211; ezzel az AMC f\u0151z\u0151ed\u00e9nnyel sz\u00e1mtalan \u00e9telt var\u00e1zsolhat! A Secuquick softline gyorsf\u0151z\u0151fed\u00e9l m\u00e9g gyorsabb\u00e1 \u00e9s energiatakar\u00e9kosabb\u00e1 teszi a f\u0151z\u00e9st. Az EasyQuick p\u00e1rol\u00f3fed\u00e9llel a serpeny\u0151 p\u00e1rol\u00f3ed\u00e9nyk\u00e9nt is funkcion\u00e1lhat. Ezzel az ed\u00e9nnyel \u00e9s a Navigenio mobil f\u0151z\u0151lappal grillezni \u00e9s s\u00fctni is lehet az \u00e9teleket. A stabil tart\u00e1st a f\u0151z\u0151ed\u00e9ny k\u00e9t ergonomikus foganty\u00faja biztos\u00edtja, amelyek a Thermobloc ker\u00e1mia h\u0151g\u00e1tl\u00f3nak k\u00f6sz\u00f6nhet\u0151en nem forr\u00f3sodnak fel. A foganty\u00fak nemcsak stabil tart\u00e1st biztos\u00edtanak, hanem ide\u00e1lis fed\u0151tart\u00f3k is. A k\u00e9t foganty\u00fanak k\u00f6sz\u00f6nhet\u0151en a fed\u0151 is k\u00f6nnyen felakaszthat\u00f3 a serpeny\u0151 oldal\u00e1ra, ami megk\u00f6nny\u00edti a f\u0171szerez\u00e9st, a kever\u00e9st \u00e9s a forgat\u00e1st. A k\u00f6nnyen tiszt\u00edthat\u00f3, mosogat\u00f3g\u00e9pben moshat\u00f3 AMC ed\u00e9nynek rozsdamentes ac\u00e9l fedele van, amely t\u00f6k\u00e9letesen z\u00e1r\u00f3dik. A fed\u00e9lgombba integr\u00e1lt Visiotherm h\u0151m\u00e9rs\u00e9kletjelz\u0151 mindenkor t\u00f6k\u00e9letes h\u0151m\u00e9rs\u00e9klet-szab\u00e1lyoz\u00e1st biztos\u00edt a faz\u00e9kban. Az Audiotherm akusztikus vez\u00e9rl\u00e9ssel egy\u00fctt ez biztos\u00edtja a faz\u00e9kban a h\u0151m\u00e9rs\u00e9klet- \u00e9s id\u0151vez\u00e9relt f\u0151z\u00e9st. A faz\u00e9k fedele fejjel lefel\u00e9 ford\u00edtva faz\u00e9kalapk\u00e9nt haszn\u00e1lhat\u00f3. Ez azt jelenti, hogy az id\u0151tlen\u00fcl eleg\u00e1ns k\u00fcls\u0151vel rendelkez\u0151 faz\u00e9k k\u00f6zvetlen\u00fcl az asztalon t\u00e1lalhat\u00f3. Mint minden AMC serpeny\u0151, ez a serpeny\u0151 is minden t\u00edpus\u00fa f\u0151z\u0151lapon haszn\u00e1lhat\u00f3, bele\u00e9rtve az indukci\u00f3sat is. Miut\u00e1n az \u00f6sszes m\u0171anyag alkatr\u00e9szt elt\u00e1vol\u00edtott\u00e1k, a serpeny\u0151 teljes m\u00e9rt\u00e9kben alkalmas a s\u00fct\u0151ben val\u00f3 haszn\u00e1latra. Erre a kiv\u00e1l\u00f3 min\u0151s\u00e9g\u0171 rozsdamentes ac\u00e9lb\u00f3l k\u00e9sz\u00fclt faz\u00e9kra 30 \u00e9v garancia vonatkozik, \u00e9s m\u00e9g hosszabb \u00e9lettartamot biztos\u00edt.<\/p>\t\t\t\t\t\t\t\t<\/div>\n\t\t\t\t<\/div>\n\t\t\t\t\t<\/div>\n\t\t\t\t<\/div>\n\t\t\t\t\t<\/div>\n\t\t\t\t<\/div>\n\t\t<div class=\"elementor-element elementor-element-52985b4d e-flex e-con-boxed e-con e-parent\" data-id=\"52985b4d\" data-element_type=\"container\" data-e-type=\"container\" data-settings=\"{&quot;background_background&quot;:&quot;classic&quot;}\">\n\t\t\t\t\t<div class=\"e-con-inner\">\n\t\t\t\t<div class=\"elementor-element elementor-element-61876214 elementor-widget elementor-widget-heading\" data-id=\"61876214\" data-element_type=\"widget\" data-e-type=\"widget\" data-widget_type=\"heading.default\">\n\t\t\t\t<div class=\"elementor-widget-container\">\n\t\t\t\t\t<h2 class=\"elementor-heading-title elementor-size-default\">Szeretn\u00e9 term\u00e9keinket \u00e9l\u0151ben is megtapasztalni?<\/h2>\t\t\t\t<\/div>\n\t\t\t\t<\/div>\n\t\t\t\t<div class=\"elementor-element elementor-element-e49b53a elementor-widget elementor-widget-heading\" data-id=\"e49b53a\" data-element_type=\"widget\" data-e-type=\"widget\" data-widget_type=\"heading.default\">\n\t\t\t\t<div class=\"elementor-widget-container\">\n\t\t\t\t\t<h2 class=\"elementor-heading-title elementor-size-default\">Foglalja le a nem k\u00f6telez\u0151 AMC f\u0151z\u0151bemutat\u00f3t most!<\/h2>\t\t\t\t<\/div>\n\t\t\t\t<\/div>\n\t\t\t\t<div class=\"elementor-element elementor-element-3c7f2e74 elementor-widget-mobile__width-inherit elementor-mobile-align-center elementor-widget elementor-widget-button\" data-id=\"3c7f2e74\" data-element_type=\"widget\" data-e-type=\"widget\" data-widget_type=\"button.default\">\n\t\t\t\t<div class=\"elementor-widget-container\">\n\t\t\t\t\t\t\t\t\t<div class=\"elementor-button-wrapper\">\n\t\t\t\t\t<a class=\"elementor-button elementor-button-link elementor-size-sm\" href=\"https:\/\/amchungary.hu\/foglalas-az-amc-bemutatora\/\">\n\t\t\t\t\t\t<span class=\"elementor-button-content-wrapper\">\n\t\t\t\t\t\t\t\t\t<span class=\"elementor-button-text\">Foglalom<\/span>\n\t\t\t\t\t<\/span>\n\t\t\t\t\t<\/a>\n\t\t\t\t<\/div>\n\t\t\t\t\t\t\t\t<\/div>\n\t\t\t\t<\/div>\n\t\t\t\t\t<\/div>\n\t\t\t\t<\/div>\n\t\t<div class=\"elementor-element elementor-element-5ceb3d2a e-con-full e-flex e-con e-parent\" data-id=\"5ceb3d2a\" data-element_type=\"container\" data-e-type=\"container\">\n\t\t\t\t<div class=\"elementor-element elementor-element-bccd505 elementor-widget-mobile__width-inherit elementor-mobile-align-center elementor-hidden-tablet elementor-hidden-mobile elementor-widget elementor-widget-button\" data-id=\"bccd505\" data-element_type=\"widget\" data-e-type=\"widget\" data-settings=\"{&quot;sticky&quot;:&quot;bottom&quot;,&quot;sticky_on&quot;:[&quot;desktop&quot;],&quot;sticky_offset&quot;:0,&quot;sticky_effects_offset&quot;:0,&quot;sticky_anchor_link_offset&quot;:0}\" data-widget_type=\"button.default\">\n\t\t\t\t<div class=\"elementor-widget-container\">\n\t\t\t\t\t\t\t\t\t<div class=\"elementor-button-wrapper\">\n\t\t\t\t\t<a class=\"elementor-button elementor-button-link elementor-size-sm\" href=\"https:\/\/amchungary.hu\/sr\/foglalas-az-amc-bemutatora\/\">\n\t\t\t\t\t\t<span class=\"elementor-button-content-wrapper\">\n\t\t\t\t\t\t\t\t\t<span class=\"elementor-button-text\">Id\u0151pont foglal\u00e1s<\/span>\n\t\t\t\t\t<\/span>\n\t\t\t\t\t<\/a>\n\t\t\t\t<\/div>\n\t\t\t\t\t\t\t\t<\/div>\n\t\t\t\t<\/div>\n\t\t\t\t<\/div>\n\t\t\t\t<\/div>\n\t\t","protected":false},"excerpt":{"rendered":"<p>Kiv\u00e1l\u00f3 min\u0151s\u00e9g\u0171 rozsdamentes ac\u00e9lb\u00f3l k\u00e9sz\u00fclt ed\u00e9ny 4 szem\u00e9ly sz\u00e1m\u00e1ra F\u0151z\u0151ed\u00e9ny 4 f\u0151re z\u00f6lds\u00e9gekhez \u00e9s p\u00f6rk\u00f6ltekhez, vagy Secuquick gyorsf\u0151z\u0151fed\u00e9llel ide\u00e1lis rizott\u00f3hoz \u00e9s guly\u00e1shoz. El\u0151nye Egyenletes h\u0151eloszl\u00e1s a f\u0151z\u0151ed\u00e9nyben az Akkutherm kapszulaalapnak k\u00f6sz\u00f6nhet\u0151en T\u00f6k\u00e9letes h\u0151m\u00e9rs\u00e9klet-szab\u00e1lyoz\u00e1s a faz\u00e9kban a Visiotherm h\u0151m\u00e9rs\u00e9klet-kijelz\u0151vel Az ed\u00e9ny \u00e9s a fed\u00e9l kiv\u00e1l\u00f3 min\u0151s\u00e9g\u0171 rozsdamentes ac\u00e9lb\u00f3l k\u00e9sz\u00fclt \u00e9s mosogat\u00f3g\u00e9pben moshat\u00f3 K\u00e9t ergonomikus foganty\u00fa, amelyek [&hellip;]<\/p>\n","protected":false},"author":1,"featured_media":0,"parent":1912,"menu_order":0,"comment_status":"closed","ping_status":"closed","template":"","meta":{"footnotes":""},"class_list":["post-2156","page","type-page","status-publish","hentry"],"yoast_head":"<!-- This site is optimized with the Yoast SEO Premium plugin v27.6 (Yoast SEO v27.6) - https:\/\/yoast.com\/product\/yoast-seo-premium-wordpress\/ -->\n<title>20 cm-es ed\u00e9ny, 3,0 l - AMC Hungary<\/title>\n<meta name=\"robots\" content=\"index, follow, max-snippet:-1, max-image-preview:large, max-video-preview:-1\" \/>\n<link rel=\"canonical\" href=\"https:\/\/amchungary.hu\/sr\/termekek\/fozoedenyek\/20-cm-es-edeny-30-l\/\" \/>\n<meta property=\"og:locale\" content=\"sr_RS\" \/>\n<meta property=\"og:type\" content=\"article\" \/>\n<meta property=\"og:title\" content=\"20 cm-es ed\u00e9ny, 3,0 l\" \/>\n<meta property=\"og:description\" content=\"Kiv\u00e1l\u00f3 min\u0151s\u00e9g\u0171 rozsdamentes ac\u00e9lb\u00f3l k\u00e9sz\u00fclt ed\u00e9ny 4 szem\u00e9ly sz\u00e1m\u00e1ra F\u0151z\u0151ed\u00e9ny 4 f\u0151re z\u00f6lds\u00e9gekhez \u00e9s p\u00f6rk\u00f6ltekhez, vagy Secuquick gyorsf\u0151z\u0151fed\u00e9llel ide\u00e1lis rizott\u00f3hoz \u00e9s guly\u00e1shoz. El\u0151nye Egyenletes h\u0151eloszl\u00e1s a f\u0151z\u0151ed\u00e9nyben az Akkutherm kapszulaalapnak k\u00f6sz\u00f6nhet\u0151en T\u00f6k\u00e9letes h\u0151m\u00e9rs\u00e9klet-szab\u00e1lyoz\u00e1s a faz\u00e9kban a Visiotherm h\u0151m\u00e9rs\u00e9klet-kijelz\u0151vel Az ed\u00e9ny \u00e9s a fed\u00e9l kiv\u00e1l\u00f3 min\u0151s\u00e9g\u0171 rozsdamentes ac\u00e9lb\u00f3l k\u00e9sz\u00fclt \u00e9s mosogat\u00f3g\u00e9pben moshat\u00f3 K\u00e9t ergonomikus foganty\u00fa, amelyek [&hellip;]\" \/>\n<meta property=\"og:url\" content=\"https:\/\/amchungary.hu\/sr\/termekek\/fozoedenyek\/20-cm-es-edeny-30-l\/\" \/>\n<meta property=\"og:site_name\" content=\"AMC Hungary\" \/>\n<meta property=\"article:publisher\" content=\"https:\/\/www.facebook.com\/people\/AMC-Hungary\/61570426203273\/\" \/>\n<meta property=\"article:modified_time\" content=\"2026-01-13T21:02:23+00:00\" \/>\n<meta name=\"twitter:card\" content=\"summary_large_image\" \/>\n<meta name=\"twitter:label1\" content=\"\u041f\u0440\u043e\u0446\u0435\u045a\u0435\u043d\u043e \u0432\u0440\u0435\u043c\u0435 \u0447\u0438\u0442\u0430\u045a\u0430\" \/>\n\t<meta name=\"twitter:data1\" content=\"3 \u043c\u0438\u043d\u0443\u0442\u0430\" \/>\n<script type=\"application\/ld+json\" class=\"yoast-schema-graph\">{\"@context\":\"https:\\\/\\\/schema.org\",\"@graph\":[{\"@type\":\"WebPage\",\"@id\":\"https:\\\/\\\/amchungary.hu\\\/termekek\\\/fozoedenyek\\\/20-cm-es-edeny-30-l\\\/\",\"url\":\"https:\\\/\\\/amchungary.hu\\\/termekek\\\/fozoedenyek\\\/20-cm-es-edeny-30-l\\\/\",\"name\":\"20 cm-es ed\u00e9ny, 3,0 l - AMC Hungary\",\"isPartOf\":{\"@id\":\"https:\\\/\\\/amchungary.hu\\\/#website\"},\"datePublished\":\"2024-12-29T13:49:37+00:00\",\"dateModified\":\"2026-01-13T21:02:23+00:00\",\"breadcrumb\":{\"@id\":\"https:\\\/\\\/amchungary.hu\\\/termekek\\\/fozoedenyek\\\/20-cm-es-edeny-30-l\\\/#breadcrumb\"},\"inLanguage\":\"sr-RS\",\"potentialAction\":[{\"@type\":\"ReadAction\",\"target\":[\"https:\\\/\\\/amchungary.hu\\\/termekek\\\/fozoedenyek\\\/20-cm-es-edeny-30-l\\\/\"]}]},{\"@type\":\"BreadcrumbList\",\"@id\":\"https:\\\/\\\/amchungary.hu\\\/termekek\\\/fozoedenyek\\\/20-cm-es-edeny-30-l\\\/#breadcrumb\",\"itemListElement\":[{\"@type\":\"ListItem\",\"position\":1,\"name\":\"Home\",\"item\":\"https:\\\/\\\/amchungary.hu\\\/\"},{\"@type\":\"ListItem\",\"position\":2,\"name\":\"Term\u00e9kek\",\"item\":\"https:\\\/\\\/amchungary.hu\\\/termekek\\\/\"},{\"@type\":\"ListItem\",\"position\":3,\"name\":\"F\u0151z\u0151ed\u00e9nyek\",\"item\":\"https:\\\/\\\/amchungary.hu\\\/termekek\\\/fozoedenyek\\\/\"},{\"@type\":\"ListItem\",\"position\":4,\"name\":\"20 cm-es ed\u00e9ny, 3,0 l\"}]},{\"@type\":\"WebSite\",\"@id\":\"https:\\\/\\\/amchungary.hu\\\/#website\",\"url\":\"https:\\\/\\\/amchungary.hu\\\/\",\"name\":\"AMC Hungary\",\"description\":\"\",\"publisher\":{\"@id\":\"https:\\\/\\\/amchungary.hu\\\/#organization\"},\"potentialAction\":[{\"@type\":\"SearchAction\",\"target\":{\"@type\":\"EntryPoint\",\"urlTemplate\":\"https:\\\/\\\/amchungary.hu\\\/?s={search_term_string}\"},\"query-input\":{\"@type\":\"PropertyValueSpecification\",\"valueRequired\":true,\"valueName\":\"search_term_string\"}}],\"inLanguage\":\"sr-RS\"},{\"@type\":\"Organization\",\"@id\":\"https:\\\/\\\/amchungary.hu\\\/#organization\",\"name\":\"AMC Hungary\",\"url\":\"https:\\\/\\\/amchungary.hu\\\/\",\"logo\":{\"@type\":\"ImageObject\",\"inLanguage\":\"sr-RS\",\"@id\":\"https:\\\/\\\/amchungary.hu\\\/#\\\/schema\\\/logo\\\/image\\\/\",\"url\":\"https:\\\/\\\/amchungary.hu\\\/wp-content\\\/uploads\\\/2025\\\/09\\\/AMC_Logo_outline_bw_1-1.avif\",\"contentUrl\":\"https:\\\/\\\/amchungary.hu\\\/wp-content\\\/uploads\\\/2025\\\/09\\\/AMC_Logo_outline_bw_1-1.avif\",\"width\":180,\"height\":120,\"caption\":\"AMC Hungary\"},\"image\":{\"@id\":\"https:\\\/\\\/amchungary.hu\\\/#\\\/schema\\\/logo\\\/image\\\/\"},\"sameAs\":[\"https:\\\/\\\/www.facebook.com\\\/people\\\/AMC-Hungary\\\/61570426203273\\\/\",\"https:\\\/\\\/www.instagram.com\\\/amchungary\\\/\",\"https:\\\/\\\/www.youtube.com\\\/@AMCHUNGARY\",\"https:\\\/\\\/www.tiktok.com\\\/@amchungary\"]}]}<\/script>\n<!-- \/ Yoast SEO Premium plugin. -->","yoast_head_json":{"title":"20 cm-es ed\u00e9ny, 3,0 l - AMC Hungary","robots":{"index":"index","follow":"follow","max-snippet":"max-snippet:-1","max-image-preview":"max-image-preview:large","max-video-preview":"max-video-preview:-1"},"canonical":"https:\/\/amchungary.hu\/sr\/termekek\/fozoedenyek\/20-cm-es-edeny-30-l\/","og_locale":"sr_RS","og_type":"article","og_title":"20 cm-es ed\u00e9ny, 3,0 l","og_description":"Kiv\u00e1l\u00f3 min\u0151s\u00e9g\u0171 rozsdamentes ac\u00e9lb\u00f3l k\u00e9sz\u00fclt ed\u00e9ny 4 szem\u00e9ly sz\u00e1m\u00e1ra F\u0151z\u0151ed\u00e9ny 4 f\u0151re z\u00f6lds\u00e9gekhez \u00e9s p\u00f6rk\u00f6ltekhez, vagy Secuquick gyorsf\u0151z\u0151fed\u00e9llel ide\u00e1lis rizott\u00f3hoz \u00e9s guly\u00e1shoz. El\u0151nye Egyenletes h\u0151eloszl\u00e1s a f\u0151z\u0151ed\u00e9nyben az Akkutherm kapszulaalapnak k\u00f6sz\u00f6nhet\u0151en T\u00f6k\u00e9letes h\u0151m\u00e9rs\u00e9klet-szab\u00e1lyoz\u00e1s a faz\u00e9kban a Visiotherm h\u0151m\u00e9rs\u00e9klet-kijelz\u0151vel Az ed\u00e9ny \u00e9s a fed\u00e9l kiv\u00e1l\u00f3 min\u0151s\u00e9g\u0171 rozsdamentes ac\u00e9lb\u00f3l k\u00e9sz\u00fclt \u00e9s mosogat\u00f3g\u00e9pben moshat\u00f3 K\u00e9t ergonomikus foganty\u00fa, amelyek [&hellip;]","og_url":"https:\/\/amchungary.hu\/sr\/termekek\/fozoedenyek\/20-cm-es-edeny-30-l\/","og_site_name":"AMC Hungary","article_publisher":"https:\/\/www.facebook.com\/people\/AMC-Hungary\/61570426203273\/","article_modified_time":"2026-01-13T21:02:23+00:00","twitter_card":"summary_large_image","twitter_misc":{"\u041f\u0440\u043e\u0446\u0435\u045a\u0435\u043d\u043e \u0432\u0440\u0435\u043c\u0435 \u0447\u0438\u0442\u0430\u045a\u0430":"3 \u043c\u0438\u043d\u0443\u0442\u0430"},"schema":{"@context":"https:\/\/schema.org","@graph":[{"@type":"WebPage","@id":"https:\/\/amchungary.hu\/termekek\/fozoedenyek\/20-cm-es-edeny-30-l\/","url":"https:\/\/amchungary.hu\/termekek\/fozoedenyek\/20-cm-es-edeny-30-l\/","name":"20 cm-es ed\u00e9ny, 3,0 l - AMC Hungary","isPartOf":{"@id":"https:\/\/amchungary.hu\/#website"},"datePublished":"2024-12-29T13:49:37+00:00","dateModified":"2026-01-13T21:02:23+00:00","breadcrumb":{"@id":"https:\/\/amchungary.hu\/termekek\/fozoedenyek\/20-cm-es-edeny-30-l\/#breadcrumb"},"inLanguage":"sr-RS","potentialAction":[{"@type":"ReadAction","target":["https:\/\/amchungary.hu\/termekek\/fozoedenyek\/20-cm-es-edeny-30-l\/"]}]},{"@type":"BreadcrumbList","@id":"https:\/\/amchungary.hu\/termekek\/fozoedenyek\/20-cm-es-edeny-30-l\/#breadcrumb","itemListElement":[{"@type":"ListItem","position":1,"name":"Home","item":"https:\/\/amchungary.hu\/"},{"@type":"ListItem","position":2,"name":"Term\u00e9kek","item":"https:\/\/amchungary.hu\/termekek\/"},{"@type":"ListItem","position":3,"name":"F\u0151z\u0151ed\u00e9nyek","item":"https:\/\/amchungary.hu\/termekek\/fozoedenyek\/"},{"@type":"ListItem","position":4,"name":"20 cm-es ed\u00e9ny, 3,0 l"}]},{"@type":"WebSite","@id":"https:\/\/amchungary.hu\/#website","url":"https:\/\/amchungary.hu\/","name":"AMC Hungary","description":"","publisher":{"@id":"https:\/\/amchungary.hu\/#organization"},"potentialAction":[{"@type":"SearchAction","target":{"@type":"EntryPoint","urlTemplate":"https:\/\/amchungary.hu\/?s={search_term_string}"},"query-input":{"@type":"PropertyValueSpecification","valueRequired":true,"valueName":"search_term_string"}}],"inLanguage":"sr-RS"},{"@type":"Organization","@id":"https:\/\/amchungary.hu\/#organization","name":"AMC Hungary","url":"https:\/\/amchungary.hu\/","logo":{"@type":"ImageObject","inLanguage":"sr-RS","@id":"https:\/\/amchungary.hu\/#\/schema\/logo\/image\/","url":"https:\/\/amchungary.hu\/wp-content\/uploads\/2025\/09\/AMC_Logo_outline_bw_1-1.avif","contentUrl":"https:\/\/amchungary.hu\/wp-content\/uploads\/2025\/09\/AMC_Logo_outline_bw_1-1.avif","width":180,"height":120,"caption":"AMC Hungary"},"image":{"@id":"https:\/\/amchungary.hu\/#\/schema\/logo\/image\/"},"sameAs":["https:\/\/www.facebook.com\/people\/AMC-Hungary\/61570426203273\/","https:\/\/www.instagram.com\/amchungary\/","https:\/\/www.youtube.com\/@AMCHUNGARY","https:\/\/www.tiktok.com\/@amchungary"]}]}},"_links":{"self":[{"href":"https:\/\/amchungary.hu\/sr\/wp-json\/wp\/v2\/pages\/2156","targetHints":{"allow":["GET"]}}],"collection":[{"href":"https:\/\/amchungary.hu\/sr\/wp-json\/wp\/v2\/pages"}],"about":[{"href":"https:\/\/amchungary.hu\/sr\/wp-json\/wp\/v2\/types\/page"}],"author":[{"embeddable":true,"href":"https:\/\/amchungary.hu\/sr\/wp-json\/wp\/v2\/users\/1"}],"replies":[{"embeddable":true,"href":"https:\/\/amchungary.hu\/sr\/wp-json\/wp\/v2\/comments?post=2156"}],"version-history":[{"count":0,"href":"https:\/\/amchungary.hu\/sr\/wp-json\/wp\/v2\/pages\/2156\/revisions"}],"up":[{"embeddable":true,"href":"https:\/\/amchungary.hu\/sr\/wp-json\/wp\/v2\/pages\/1912"}],"wp:attachment":[{"href":"https:\/\/amchungary.hu\/sr\/wp-json\/wp\/v2\/media?parent=2156"}],"curies":[{"name":"wp","href":"https:\/\/api.w.org\/{rel}","templated":true}]}}