{"id":2163,"date":"2024-12-29T14:51:26","date_gmt":"2024-12-29T13:51:26","guid":{"rendered":"https:\/\/amchungary.hu\/?page_id=2163"},"modified":"2026-01-13T22:07:40","modified_gmt":"2026-01-13T21:07:40","slug":"28-cm-es-edeny-40-l-eurazsia","status":"publish","type":"page","link":"https:\/\/amchungary.hu\/sr\/termekek\/fozoedenyek\/28-cm-es-edeny-40-l-eurazsia\/","title":{"rendered":"28 cm posuda, 4,0 l Evroazija"},"content":{"rendered":"\t\t<div data-elementor-type=\"wp-page\" data-elementor-id=\"2163\" class=\"elementor elementor-2163\" data-elementor-post-type=\"page\">\n\t\t\t\t<div class=\"elementor-element elementor-element-417c4c21 e-con-full e-flex e-con e-parent\" data-id=\"417c4c21\" data-element_type=\"container\" data-e-type=\"container\" data-settings=\"{&quot;background_background&quot;:&quot;classic&quot;}\">\n\t\t\t\t<\/div>\n\t\t<div class=\"elementor-element elementor-element-7f54c08 e-flex e-con-boxed e-con e-parent\" data-id=\"7f54c08\" data-element_type=\"container\" data-e-type=\"container\" data-settings=\"{&quot;background_background&quot;:&quot;classic&quot;}\">\n\t\t\t\t\t<div class=\"e-con-inner\">\n\t\t\t\t<div class=\"elementor-element elementor-element-508be2f7 elementor-widget elementor-widget-heading\" data-id=\"508be2f7\" data-element_type=\"widget\" data-e-type=\"widget\" data-widget_type=\"heading.default\">\n\t\t\t\t<div class=\"elementor-widget-container\">\n\t\t\t\t\t<h2 class=\"elementor-heading-title elementor-size-default\">Magas min\u0151s\u00e9g\u0171 rozsdamentes ac\u00e9lb\u00f3l k\u00e9sz\u00fclt f\u0151z\u0151ed\u00e9ny ak\u00e1r 6 szem\u00e9ly r\u00e9sz\u00e9re<\/h2>\t\t\t\t<\/div>\n\t\t\t\t<\/div>\n\t\t\t\t<div class=\"elementor-element elementor-element-2561c3de elementor-widget elementor-widget-text-editor\" data-id=\"2561c3de\" data-element_type=\"widget\" data-e-type=\"widget\" data-widget_type=\"text-editor.default\">\n\t\t\t\t<div class=\"elementor-widget-container\">\n\t\t\t\t\t\t\t\t\t<div class=\"flex-1 overflow-hidden @container\/thread\"><div class=\"h-full\"><div class=\"react-scroll-to-bottom--css-pvqwk-79elbk h-full\"><div class=\"react-scroll-to-bottom--css-pvqwk-1n7m0yu\"><div class=\"flex flex-col text-sm md:pb-9\"><article class=\"w-full scroll-mb-[var(--thread-trailing-height,150px)] text-token-text-primary focus-visible:outline-2 focus-visible:outline-offset-[-4px]\" dir=\"auto\" data-testid=\"conversation-turn-7\" data-scroll-anchor=\"true\"><div class=\"m-auto text-base py-[18px] px-3 md:px-4 w-full md:px-5 lg:px-4 xl:px-5\"><div class=\"mx-auto flex flex-1 gap-4 text-base md:gap-5 lg:gap-6 md:max-w-3xl\"><div class=\"group\/conversation-turn relative flex w-full min-w-0 flex-col agent-turn\"><div class=\"flex-col gap-1 md:gap-3\"><div class=\"flex max-w-full flex-col flex-grow\"><div class=\"min-h-8 text-message flex w-full flex-col items-end gap-2 whitespace-normal break-words text-start [.text-message+&amp;]:mt-5\" dir=\"auto\" data-message-author-role=\"assistant\" data-message-id=\"2d9b2430-c7d6-4362-8755-75f8ce5236cf\" data-message-model-slug=\"gpt-4o-mini\"><div class=\"flex w-full flex-col gap-1 empty:hidden first:pt-[3px]\"><div class=\"markdown prose w-full break-words dark:prose-invert dark\"><p>A wok \u00e9s a klasszikus faz\u00e9k f\u00fazi\u00f3ja az \u00e1zsiai \u00e9s eur\u00f3pai konyha sz\u00e1m\u00e1ra.<\/p><\/div><\/div><\/div><\/div><\/div><\/div><\/div><\/div><\/article><\/div><\/div><\/div><\/div><\/div>\t\t\t\t\t\t\t\t<\/div>\n\t\t\t\t<\/div>\n\t\t\t\t\t<\/div>\n\t\t\t\t<\/div>\n\t\t<div class=\"elementor-element elementor-element-712180b7 e-flex e-con-boxed e-con e-parent\" data-id=\"712180b7\" data-element_type=\"container\" data-e-type=\"container\">\n\t\t\t\t\t<div class=\"e-con-inner\">\n\t\t<div class=\"elementor-element elementor-element-6d932fd1 e-flex e-con-boxed e-con e-child\" data-id=\"6d932fd1\" data-element_type=\"container\" data-e-type=\"container\">\n\t\t\t\t\t<div class=\"e-con-inner\">\n\t\t\t\t<div class=\"elementor-element elementor-element-ef141fb elementor-widget elementor-widget-heading\" data-id=\"ef141fb\" data-element_type=\"widget\" data-e-type=\"widget\" data-widget_type=\"heading.default\">\n\t\t\t\t<div class=\"elementor-widget-container\">\n\t\t\t\t\t<h2 class=\"elementor-heading-title elementor-size-default\">El\u0151nye<\/h2>\t\t\t\t<\/div>\n\t\t\t\t<\/div>\n\t\t\t\t<div class=\"elementor-element elementor-element-3bc1efa3 elementor-icon-list--layout-traditional elementor-list-item-link-full_width elementor-widget elementor-widget-icon-list\" data-id=\"3bc1efa3\" data-element_type=\"widget\" data-e-type=\"widget\" data-widget_type=\"icon-list.default\">\n\t\t\t\t<div class=\"elementor-widget-container\">\n\t\t\t\t\t\t\t<ul class=\"elementor-icon-list-items\">\n\t\t\t\t\t\t\t<li class=\"elementor-icon-list-item\">\n\t\t\t\t\t\t\t\t\t\t\t<span class=\"elementor-icon-list-icon\">\n\t\t\t\t\t\t\t<svg aria-hidden=\"true\" class=\"e-font-icon-svg e-fas-circle\" viewBox=\"0 0 512 512\" xmlns=\"http:\/\/www.w3.org\/2000\/svg\"><path d=\"M256 8C119 8 8 119 8 256s111 248 248 248 248-111 248-248S393 8 256 8z\"><\/path><\/svg>\t\t\t\t\t\t<\/span>\n\t\t\t\t\t\t\t\t\t\t<span class=\"elementor-icon-list-text\">Egyenletes h\u0151eloszl\u00e1s a f\u0151z\u0151ed\u00e9nyben az Akkutherm kapszulaalapnak k\u00f6sz\u00f6nhet\u0151en<\/span>\n\t\t\t\t\t\t\t\t\t<\/li>\n\t\t\t\t\t\t\t\t<li class=\"elementor-icon-list-item\">\n\t\t\t\t\t\t\t\t\t\t\t<span class=\"elementor-icon-list-icon\">\n\t\t\t\t\t\t\t<svg aria-hidden=\"true\" class=\"e-font-icon-svg e-fas-circle\" viewBox=\"0 0 512 512\" xmlns=\"http:\/\/www.w3.org\/2000\/svg\"><path d=\"M256 8C119 8 8 119 8 256s111 248 248 248 248-111 248-248S393 8 256 8z\"><\/path><\/svg>\t\t\t\t\t\t<\/span>\n\t\t\t\t\t\t\t\t\t\t<span class=\"elementor-icon-list-text\">T\u00f6k\u00e9letes h\u0151m\u00e9rs\u00e9klet-szab\u00e1lyoz\u00e1s a faz\u00e9kban a Visiotherm h\u0151m\u00e9rs\u00e9klet-kijelz\u0151vel<\/span>\n\t\t\t\t\t\t\t\t\t<\/li>\n\t\t\t\t\t\t\t\t<li class=\"elementor-icon-list-item\">\n\t\t\t\t\t\t\t\t\t\t\t<span class=\"elementor-icon-list-icon\">\n\t\t\t\t\t\t\t<svg aria-hidden=\"true\" class=\"e-font-icon-svg e-fas-circle\" viewBox=\"0 0 512 512\" xmlns=\"http:\/\/www.w3.org\/2000\/svg\"><path d=\"M256 8C119 8 8 119 8 256s111 248 248 248 248-111 248-248S393 8 256 8z\"><\/path><\/svg>\t\t\t\t\t\t<\/span>\n\t\t\t\t\t\t\t\t\t\t<span class=\"elementor-icon-list-text\">Az ed\u00e9ny \u00e9s a fed\u00e9l kiv\u00e1l\u00f3 min\u0151s\u00e9g\u0171 rozsdamentes ac\u00e9lb\u00f3l k\u00e9sz\u00fclt \u00e9s mosogat\u00f3g\u00e9pben moshat\u00f3<\/span>\n\t\t\t\t\t\t\t\t\t<\/li>\n\t\t\t\t\t\t\t\t<li class=\"elementor-icon-list-item\">\n\t\t\t\t\t\t\t\t\t\t\t<span class=\"elementor-icon-list-icon\">\n\t\t\t\t\t\t\t<svg aria-hidden=\"true\" class=\"e-font-icon-svg e-fas-circle\" viewBox=\"0 0 512 512\" xmlns=\"http:\/\/www.w3.org\/2000\/svg\"><path d=\"M256 8C119 8 8 119 8 256s111 248 248 248 248-111 248-248S393 8 256 8z\"><\/path><\/svg>\t\t\t\t\t\t<\/span>\n\t\t\t\t\t\t\t\t\t\t<span class=\"elementor-icon-list-text\">K\u00e9t ergonomikus foganty\u00fa, amelyek a Thermobloc ker\u00e1mia h\u0151szigetel\u0151nek k\u00f6sz\u00f6nhet\u0151en nem forr\u00f3sodnak fel f\u0151z\u00e9s k\u00f6zben.<\/span>\n\t\t\t\t\t\t\t\t\t<\/li>\n\t\t\t\t\t\t\t\t<li class=\"elementor-icon-list-item\">\n\t\t\t\t\t\t\t\t\t\t\t<span class=\"elementor-icon-list-icon\">\n\t\t\t\t\t\t\t<svg aria-hidden=\"true\" class=\"e-font-icon-svg e-fas-circle\" viewBox=\"0 0 512 512\" xmlns=\"http:\/\/www.w3.org\/2000\/svg\"><path d=\"M256 8C119 8 8 119 8 256s111 248 248 248 248-111 248-248S393 8 256 8z\"><\/path><\/svg>\t\t\t\t\t\t<\/span>\n\t\t\t\t\t\t\t\t\t\t<span class=\"elementor-icon-list-text\">\u00d6sszeilleszthet\u0151 a Secuquick softline gyorsf\u0151z\u0151 fed\u00e9llel \u00e9s az EasyQuick p\u00e1rol\u00f3 fed\u00e9llel, valamint alkalmas gratin\u00e1l\u00e1sra a Navigenio mobil f\u0151z\u0151lap seg\u00edts\u00e9g\u00e9vel.<\/span>\n\t\t\t\t\t\t\t\t\t<\/li>\n\t\t\t\t\t\t<\/ul>\n\t\t\t\t\t\t<\/div>\n\t\t\t\t<\/div>\n\t\t\t\t\t<\/div>\n\t\t\t\t<\/div>\n\t\t\t\t\t<\/div>\n\t\t\t\t<\/div>\n\t\t<div class=\"elementor-element elementor-element-10e87557 e-flex e-con-boxed e-con e-parent\" data-id=\"10e87557\" data-element_type=\"container\" data-e-type=\"container\">\n\t\t\t\t\t<div class=\"e-con-inner\">\n\t\t<div class=\"elementor-element elementor-element-35366188 e-flex e-con-boxed e-con e-child\" data-id=\"35366188\" data-element_type=\"container\" data-e-type=\"container\">\n\t\t\t\t\t<div class=\"e-con-inner\">\n\t\t\t\t<div class=\"elementor-element elementor-element-4ada64dd elementor-widget-mobile__width-initial elementor-widget elementor-widget-heading\" data-id=\"4ada64dd\" data-element_type=\"widget\" data-e-type=\"widget\" data-widget_type=\"heading.default\">\n\t\t\t\t<div class=\"elementor-widget-container\">\n\t\t\t\t\t<h2 class=\"elementor-heading-title elementor-size-default\">Term\u00e9kle\u00edr\u00e1s<\/h2>\t\t\t\t<\/div>\n\t\t\t\t<\/div>\n\t\t\t\t<div class=\"elementor-element elementor-element-3cf1fadb elementor-widget elementor-widget-text-editor\" data-id=\"3cf1fadb\" data-element_type=\"widget\" data-e-type=\"widget\" data-widget_type=\"text-editor.default\">\n\t\t\t\t<div class=\"elementor-widget-container\">\n\t\t\t\t\t\t\t\t\t<div class=\"flex-1 overflow-hidden @container\/thread\"><div class=\"h-full\"><div class=\"react-scroll-to-bottom--css-pvqwk-79elbk h-full\"><div class=\"react-scroll-to-bottom--css-pvqwk-1n7m0yu\"><div class=\"flex flex-col text-sm md:pb-9\"><article class=\"w-full scroll-mb-[var(--thread-trailing-height,150px)] text-token-text-primary focus-visible:outline-2 focus-visible:outline-offset-[-4px]\" dir=\"auto\" data-testid=\"conversation-turn-13\" data-scroll-anchor=\"true\"><div class=\"m-auto text-base py-[18px] px-3 md:px-4 w-full md:px-5 lg:px-4 xl:px-5\"><div class=\"mx-auto flex flex-1 gap-4 text-base md:gap-5 lg:gap-6 md:max-w-3xl\"><div class=\"group\/conversation-turn relative flex w-full min-w-0 flex-col agent-turn\"><div class=\"flex-col gap-1 md:gap-3\"><div class=\"flex max-w-full flex-col flex-grow\"><div class=\"min-h-8 text-message flex w-full flex-col items-end gap-2 whitespace-normal break-words text-start [.text-message+&amp;]:mt-5\" dir=\"auto\" data-message-author-role=\"assistant\" data-message-id=\"62b64f6b-45dd-4871-a3c2-8ca78166f7cb\" data-message-model-slug=\"gpt-4o-mini\"><div class=\"flex w-full flex-col gap-1 empty:hidden first:pt-[3px]\"><div class=\"markdown prose w-full break-words dark:prose-invert dark\"><p>Az Eurasia faz\u00e9k a klasszikus faz\u00e9k \u00e9s az \u00e1zsiai wok t\u00f6k\u00e9letes f\u00fazi\u00f3ja. A lekerek\u00edtett alj\u00e1nak k\u00f6sz\u00f6nhet\u0151en nagyon j\u00f3l keverheted, \u00e9s semmi nem ragad le. \u00cdgy a faz\u00e9k ide\u00e1lis rizott\u00f3, p\u00f6rk\u00f6ltek \u00e9s levesek k\u00e9sz\u00edt\u00e9s\u00e9hez. De haszn\u00e1lhatod wokk\u00e9nt is, hogy ropog\u00f3s z\u00f6lds\u00e9geket, \u00e1zsiai curryt \u00e9s t\u00e9szt\u00e1s \u00e9teleket k\u00e9sz\u00edts. Ha fritt\u00edrozni szeretn\u00e9l, az Eurasia erre is kiv\u00e1l\u00f3an alkalmas. A k\u00e9t ergonomikus foganty\u00fa, a ker\u00e1mia h\u0151\u00e1ll\u00f3 stopperrel, a Thermobloc-kal nem melegszik fel, \u00e9s mindig stabil fog\u00e1st biztos\u00edt. A foganty\u00fak nemcsak stabil tart\u00e1st biztos\u00edtanak, hanem ide\u00e1lisak a fed\u00e9l t\u00e1rol\u00e1s\u00e1ra is. A fed\u00e9l a foganty\u00faba oldalra akaszthat\u00f3, \u00edgy a f\u0171szerez\u00e9s, kever\u00e9s \u00e9s forgat\u00e1s egyszer\u0171bb\u00e9 v\u00e1lik. A k\u00f6nnyen karbantarthat\u00f3, mosogat\u00f3g\u00e9pben tiszt\u00edthat\u00f3 faz\u00e9k t\u00f6k\u00e9letesen z\u00e1r\u00f3d\u00f3 rozsdamentes ac\u00e9l magas fed\u00e9llel rendelkezik, amely a megn\u00f6velt \u00edvnek k\u00f6sz\u00f6nhet\u0151en m\u00e9g t\u00f6bb teret biztos\u00edt. A fed\u00e9l gombj\u00e1ba integr\u00e1lt h\u0151m\u00e9rs\u00e9kletjelz\u0151, a Visiotherm mindig t\u00f6k\u00e9letes h\u0151m\u00e9rs\u00e9klet-ellen\u0151rz\u00e9st biztos\u00edt. Az akusztikus kontrollal, az Audiotherm-mel egy\u00fctt lehet\u0151v\u00e9 teszi a h\u0151m\u00e9rs\u00e9klet- \u00e9s id\u0151szab\u00e1lyozott f\u0151z\u00e9st. A faz\u00e9k minden t\u0171zhelyt\u00edpushoz haszn\u00e1lhat\u00f3, bele\u00e9rtve az indukci\u00f3s f\u0151z\u0151lapot is. Miut\u00e1n elt\u00e1vol\u00edtott\u00e1k az \u00f6sszes m\u0171anyag alkatr\u00e9szt, a faz\u00e9k teljes m\u00e9rt\u00e9kben alkalmas s\u00fct\u0151be. Ez a magas min\u0151s\u00e9g\u0171 rozsdamentes ac\u00e9l ed\u00e9ny 30 \u00e9v garanci\u00e1val rendelkezik, \u00e9s m\u00e9g hosszabb \u00e9lettartammal b\u00edr.<\/p><\/div><\/div><\/div><\/div><\/div><\/div><\/div><\/div><\/article><\/div><\/div><\/div><\/div><\/div>\t\t\t\t\t\t\t\t<\/div>\n\t\t\t\t<\/div>\n\t\t\t\t\t<\/div>\n\t\t\t\t<\/div>\n\t\t\t\t\t<\/div>\n\t\t\t\t<\/div>\n\t\t<div class=\"elementor-element elementor-element-2f74dc35 e-flex e-con-boxed e-con e-parent\" data-id=\"2f74dc35\" data-element_type=\"container\" data-e-type=\"container\" data-settings=\"{&quot;background_background&quot;:&quot;classic&quot;}\">\n\t\t\t\t\t<div class=\"e-con-inner\">\n\t\t\t\t<div class=\"elementor-element elementor-element-41e45ee0 elementor-widget elementor-widget-heading\" data-id=\"41e45ee0\" data-element_type=\"widget\" data-e-type=\"widget\" data-widget_type=\"heading.default\">\n\t\t\t\t<div class=\"elementor-widget-container\">\n\t\t\t\t\t<h2 class=\"elementor-heading-title elementor-size-default\">Szeretn\u00e9 term\u00e9keinket \u00e9l\u0151ben is megtapasztalni?<\/h2>\t\t\t\t<\/div>\n\t\t\t\t<\/div>\n\t\t\t\t<div class=\"elementor-element elementor-element-16239a10 elementor-widget elementor-widget-heading\" data-id=\"16239a10\" data-element_type=\"widget\" data-e-type=\"widget\" data-widget_type=\"heading.default\">\n\t\t\t\t<div class=\"elementor-widget-container\">\n\t\t\t\t\t<h2 class=\"elementor-heading-title elementor-size-default\">Foglalja le a nem k\u00f6telez\u0151 AMC f\u0151z\u0151bemutat\u00f3t most!<\/h2>\t\t\t\t<\/div>\n\t\t\t\t<\/div>\n\t\t\t\t<div class=\"elementor-element elementor-element-2746353c elementor-widget-mobile__width-inherit elementor-mobile-align-center elementor-widget elementor-widget-button\" data-id=\"2746353c\" data-element_type=\"widget\" data-e-type=\"widget\" data-widget_type=\"button.default\">\n\t\t\t\t<div class=\"elementor-widget-container\">\n\t\t\t\t\t\t\t\t\t<div class=\"elementor-button-wrapper\">\n\t\t\t\t\t<a class=\"elementor-button elementor-button-link elementor-size-sm\" href=\"https:\/\/amchungary.hu\/foglalas-az-amc-bemutatora\/\">\n\t\t\t\t\t\t<span class=\"elementor-button-content-wrapper\">\n\t\t\t\t\t\t\t\t\t<span class=\"elementor-button-text\">Foglalom<\/span>\n\t\t\t\t\t<\/span>\n\t\t\t\t\t<\/a>\n\t\t\t\t<\/div>\n\t\t\t\t\t\t\t\t<\/div>\n\t\t\t\t<\/div>\n\t\t\t\t\t<\/div>\n\t\t\t\t<\/div>\n\t\t<div class=\"elementor-element elementor-element-4ebc9d7d e-con-full e-flex e-con e-parent\" data-id=\"4ebc9d7d\" data-element_type=\"container\" data-e-type=\"container\">\n\t\t\t\t<div class=\"elementor-element elementor-element-1f47c6ce elementor-widget-mobile__width-inherit elementor-mobile-align-center elementor-hidden-tablet elementor-hidden-mobile elementor-widget elementor-widget-button\" data-id=\"1f47c6ce\" data-element_type=\"widget\" data-e-type=\"widget\" data-settings=\"{&quot;sticky&quot;:&quot;bottom&quot;,&quot;sticky_on&quot;:[&quot;desktop&quot;],&quot;sticky_offset&quot;:0,&quot;sticky_effects_offset&quot;:0,&quot;sticky_anchor_link_offset&quot;:0}\" data-widget_type=\"button.default\">\n\t\t\t\t<div class=\"elementor-widget-container\">\n\t\t\t\t\t\t\t\t\t<div class=\"elementor-button-wrapper\">\n\t\t\t\t\t<a class=\"elementor-button elementor-button-link elementor-size-sm\" href=\"https:\/\/amchungary.hu\/sr\/foglalas-az-amc-bemutatora\/\">\n\t\t\t\t\t\t<span class=\"elementor-button-content-wrapper\">\n\t\t\t\t\t\t\t\t\t<span class=\"elementor-button-text\">Id\u0151pont foglal\u00e1s<\/span>\n\t\t\t\t\t<\/span>\n\t\t\t\t\t<\/a>\n\t\t\t\t<\/div>\n\t\t\t\t\t\t\t\t<\/div>\n\t\t\t\t<\/div>\n\t\t\t\t<\/div>\n\t\t\t\t<\/div>\n\t\t","protected":false},"excerpt":{"rendered":"<p>Magas min\u0151s\u00e9g\u0171 rozsdamentes ac\u00e9lb\u00f3l k\u00e9sz\u00fclt f\u0151z\u0151ed\u00e9ny ak\u00e1r 6 szem\u00e9ly r\u00e9sz\u00e9re A wok \u00e9s a klasszikus faz\u00e9k f\u00fazi\u00f3ja az \u00e1zsiai \u00e9s eur\u00f3pai konyha sz\u00e1m\u00e1ra. El\u0151nye Egyenletes h\u0151eloszl\u00e1s a f\u0151z\u0151ed\u00e9nyben az Akkutherm kapszulaalapnak k\u00f6sz\u00f6nhet\u0151en T\u00f6k\u00e9letes h\u0151m\u00e9rs\u00e9klet-szab\u00e1lyoz\u00e1s a faz\u00e9kban a Visiotherm h\u0151m\u00e9rs\u00e9klet-kijelz\u0151vel Az ed\u00e9ny \u00e9s a fed\u00e9l kiv\u00e1l\u00f3 min\u0151s\u00e9g\u0171 rozsdamentes ac\u00e9lb\u00f3l k\u00e9sz\u00fclt \u00e9s mosogat\u00f3g\u00e9pben moshat\u00f3 K\u00e9t ergonomikus foganty\u00fa, [&hellip;]<\/p>\n","protected":false},"author":1,"featured_media":0,"parent":1912,"menu_order":0,"comment_status":"closed","ping_status":"closed","template":"","meta":{"footnotes":""},"class_list":["post-2163","page","type-page","status-publish","hentry"],"yoast_head":"<!-- This site is optimized with the Yoast SEO Premium plugin v27.6 (Yoast SEO v27.6) - https:\/\/yoast.com\/product\/yoast-seo-premium-wordpress\/ -->\n<title>28 cm-es ed\u00e9ny, 4,0 l Eur\u00e1zsia - AMC Hungary<\/title>\n<meta name=\"robots\" content=\"index, follow, max-snippet:-1, max-image-preview:large, max-video-preview:-1\" \/>\n<link rel=\"canonical\" href=\"https:\/\/amchungary.hu\/sr\/termekek\/fozoedenyek\/28-cm-es-edeny-40-l-eurazsia\/\" \/>\n<meta property=\"og:locale\" content=\"sr_RS\" \/>\n<meta property=\"og:type\" content=\"article\" \/>\n<meta property=\"og:title\" content=\"28 cm-es ed\u00e9ny, 4,0 l Eur\u00e1zsia\" \/>\n<meta property=\"og:description\" content=\"Magas min\u0151s\u00e9g\u0171 rozsdamentes ac\u00e9lb\u00f3l k\u00e9sz\u00fclt f\u0151z\u0151ed\u00e9ny ak\u00e1r 6 szem\u00e9ly r\u00e9sz\u00e9re A wok \u00e9s a klasszikus faz\u00e9k f\u00fazi\u00f3ja az \u00e1zsiai \u00e9s eur\u00f3pai konyha sz\u00e1m\u00e1ra. El\u0151nye Egyenletes h\u0151eloszl\u00e1s a f\u0151z\u0151ed\u00e9nyben az Akkutherm kapszulaalapnak k\u00f6sz\u00f6nhet\u0151en T\u00f6k\u00e9letes h\u0151m\u00e9rs\u00e9klet-szab\u00e1lyoz\u00e1s a faz\u00e9kban a Visiotherm h\u0151m\u00e9rs\u00e9klet-kijelz\u0151vel Az ed\u00e9ny \u00e9s a fed\u00e9l kiv\u00e1l\u00f3 min\u0151s\u00e9g\u0171 rozsdamentes ac\u00e9lb\u00f3l k\u00e9sz\u00fclt \u00e9s mosogat\u00f3g\u00e9pben moshat\u00f3 K\u00e9t ergonomikus foganty\u00fa, [&hellip;]\" \/>\n<meta property=\"og:url\" content=\"https:\/\/amchungary.hu\/sr\/termekek\/fozoedenyek\/28-cm-es-edeny-40-l-eurazsia\/\" \/>\n<meta property=\"og:site_name\" content=\"AMC Hungary\" \/>\n<meta property=\"article:publisher\" content=\"https:\/\/www.facebook.com\/people\/AMC-Hungary\/61570426203273\/\" \/>\n<meta property=\"article:modified_time\" content=\"2026-01-13T21:07:40+00:00\" \/>\n<meta name=\"twitter:card\" content=\"summary_large_image\" \/>\n<meta name=\"twitter:label1\" content=\"\u041f\u0440\u043e\u0446\u0435\u045a\u0435\u043d\u043e \u0432\u0440\u0435\u043c\u0435 \u0447\u0438\u0442\u0430\u045a\u0430\" \/>\n\t<meta name=\"twitter:data1\" content=\"2 \u043c\u0438\u043d\u0443\u0442\u0430\" \/>\n<script type=\"application\/ld+json\" class=\"yoast-schema-graph\">{\"@context\":\"https:\\\/\\\/schema.org\",\"@graph\":[{\"@type\":\"WebPage\",\"@id\":\"https:\\\/\\\/amchungary.hu\\\/termekek\\\/fozoedenyek\\\/28-cm-es-edeny-40-l-eurazsia\\\/\",\"url\":\"https:\\\/\\\/amchungary.hu\\\/termekek\\\/fozoedenyek\\\/28-cm-es-edeny-40-l-eurazsia\\\/\",\"name\":\"28 cm-es ed\u00e9ny, 4,0 l Eur\u00e1zsia - AMC Hungary\",\"isPartOf\":{\"@id\":\"https:\\\/\\\/amchungary.hu\\\/#website\"},\"datePublished\":\"2024-12-29T13:51:26+00:00\",\"dateModified\":\"2026-01-13T21:07:40+00:00\",\"breadcrumb\":{\"@id\":\"https:\\\/\\\/amchungary.hu\\\/termekek\\\/fozoedenyek\\\/28-cm-es-edeny-40-l-eurazsia\\\/#breadcrumb\"},\"inLanguage\":\"sr-RS\",\"potentialAction\":[{\"@type\":\"ReadAction\",\"target\":[\"https:\\\/\\\/amchungary.hu\\\/termekek\\\/fozoedenyek\\\/28-cm-es-edeny-40-l-eurazsia\\\/\"]}]},{\"@type\":\"BreadcrumbList\",\"@id\":\"https:\\\/\\\/amchungary.hu\\\/termekek\\\/fozoedenyek\\\/28-cm-es-edeny-40-l-eurazsia\\\/#breadcrumb\",\"itemListElement\":[{\"@type\":\"ListItem\",\"position\":1,\"name\":\"Home\",\"item\":\"https:\\\/\\\/amchungary.hu\\\/\"},{\"@type\":\"ListItem\",\"position\":2,\"name\":\"Term\u00e9kek\",\"item\":\"https:\\\/\\\/amchungary.hu\\\/termekek\\\/\"},{\"@type\":\"ListItem\",\"position\":3,\"name\":\"F\u0151z\u0151ed\u00e9nyek\",\"item\":\"https:\\\/\\\/amchungary.hu\\\/termekek\\\/fozoedenyek\\\/\"},{\"@type\":\"ListItem\",\"position\":4,\"name\":\"28 cm-es ed\u00e9ny, 4,0 l Eur\u00e1zsia\"}]},{\"@type\":\"WebSite\",\"@id\":\"https:\\\/\\\/amchungary.hu\\\/#website\",\"url\":\"https:\\\/\\\/amchungary.hu\\\/\",\"name\":\"AMC Hungary\",\"description\":\"\",\"publisher\":{\"@id\":\"https:\\\/\\\/amchungary.hu\\\/#organization\"},\"potentialAction\":[{\"@type\":\"SearchAction\",\"target\":{\"@type\":\"EntryPoint\",\"urlTemplate\":\"https:\\\/\\\/amchungary.hu\\\/?s={search_term_string}\"},\"query-input\":{\"@type\":\"PropertyValueSpecification\",\"valueRequired\":true,\"valueName\":\"search_term_string\"}}],\"inLanguage\":\"sr-RS\"},{\"@type\":\"Organization\",\"@id\":\"https:\\\/\\\/amchungary.hu\\\/#organization\",\"name\":\"AMC Hungary\",\"url\":\"https:\\\/\\\/amchungary.hu\\\/\",\"logo\":{\"@type\":\"ImageObject\",\"inLanguage\":\"sr-RS\",\"@id\":\"https:\\\/\\\/amchungary.hu\\\/#\\\/schema\\\/logo\\\/image\\\/\",\"url\":\"https:\\\/\\\/amchungary.hu\\\/wp-content\\\/uploads\\\/2025\\\/09\\\/AMC_Logo_outline_bw_1-1.avif\",\"contentUrl\":\"https:\\\/\\\/amchungary.hu\\\/wp-content\\\/uploads\\\/2025\\\/09\\\/AMC_Logo_outline_bw_1-1.avif\",\"width\":180,\"height\":120,\"caption\":\"AMC Hungary\"},\"image\":{\"@id\":\"https:\\\/\\\/amchungary.hu\\\/#\\\/schema\\\/logo\\\/image\\\/\"},\"sameAs\":[\"https:\\\/\\\/www.facebook.com\\\/people\\\/AMC-Hungary\\\/61570426203273\\\/\",\"https:\\\/\\\/www.instagram.com\\\/amchungary\\\/\",\"https:\\\/\\\/www.youtube.com\\\/@AMCHUNGARY\",\"https:\\\/\\\/www.tiktok.com\\\/@amchungary\"]}]}<\/script>\n<!-- \/ Yoast SEO Premium plugin. -->","yoast_head_json":{"title":"28 cm-es ed\u00e9ny, 4,0 l Eur\u00e1zsia - AMC Hungary","robots":{"index":"index","follow":"follow","max-snippet":"max-snippet:-1","max-image-preview":"max-image-preview:large","max-video-preview":"max-video-preview:-1"},"canonical":"https:\/\/amchungary.hu\/sr\/termekek\/fozoedenyek\/28-cm-es-edeny-40-l-eurazsia\/","og_locale":"sr_RS","og_type":"article","og_title":"28 cm-es ed\u00e9ny, 4,0 l Eur\u00e1zsia","og_description":"Magas min\u0151s\u00e9g\u0171 rozsdamentes ac\u00e9lb\u00f3l k\u00e9sz\u00fclt f\u0151z\u0151ed\u00e9ny ak\u00e1r 6 szem\u00e9ly r\u00e9sz\u00e9re A wok \u00e9s a klasszikus faz\u00e9k f\u00fazi\u00f3ja az \u00e1zsiai \u00e9s eur\u00f3pai konyha sz\u00e1m\u00e1ra. El\u0151nye Egyenletes h\u0151eloszl\u00e1s a f\u0151z\u0151ed\u00e9nyben az Akkutherm kapszulaalapnak k\u00f6sz\u00f6nhet\u0151en T\u00f6k\u00e9letes h\u0151m\u00e9rs\u00e9klet-szab\u00e1lyoz\u00e1s a faz\u00e9kban a Visiotherm h\u0151m\u00e9rs\u00e9klet-kijelz\u0151vel Az ed\u00e9ny \u00e9s a fed\u00e9l kiv\u00e1l\u00f3 min\u0151s\u00e9g\u0171 rozsdamentes ac\u00e9lb\u00f3l k\u00e9sz\u00fclt \u00e9s mosogat\u00f3g\u00e9pben moshat\u00f3 K\u00e9t ergonomikus foganty\u00fa, [&hellip;]","og_url":"https:\/\/amchungary.hu\/sr\/termekek\/fozoedenyek\/28-cm-es-edeny-40-l-eurazsia\/","og_site_name":"AMC Hungary","article_publisher":"https:\/\/www.facebook.com\/people\/AMC-Hungary\/61570426203273\/","article_modified_time":"2026-01-13T21:07:40+00:00","twitter_card":"summary_large_image","twitter_misc":{"\u041f\u0440\u043e\u0446\u0435\u045a\u0435\u043d\u043e \u0432\u0440\u0435\u043c\u0435 \u0447\u0438\u0442\u0430\u045a\u0430":"2 \u043c\u0438\u043d\u0443\u0442\u0430"},"schema":{"@context":"https:\/\/schema.org","@graph":[{"@type":"WebPage","@id":"https:\/\/amchungary.hu\/termekek\/fozoedenyek\/28-cm-es-edeny-40-l-eurazsia\/","url":"https:\/\/amchungary.hu\/termekek\/fozoedenyek\/28-cm-es-edeny-40-l-eurazsia\/","name":"28 cm-es ed\u00e9ny, 4,0 l Eur\u00e1zsia - AMC Hungary","isPartOf":{"@id":"https:\/\/amchungary.hu\/#website"},"datePublished":"2024-12-29T13:51:26+00:00","dateModified":"2026-01-13T21:07:40+00:00","breadcrumb":{"@id":"https:\/\/amchungary.hu\/termekek\/fozoedenyek\/28-cm-es-edeny-40-l-eurazsia\/#breadcrumb"},"inLanguage":"sr-RS","potentialAction":[{"@type":"ReadAction","target":["https:\/\/amchungary.hu\/termekek\/fozoedenyek\/28-cm-es-edeny-40-l-eurazsia\/"]}]},{"@type":"BreadcrumbList","@id":"https:\/\/amchungary.hu\/termekek\/fozoedenyek\/28-cm-es-edeny-40-l-eurazsia\/#breadcrumb","itemListElement":[{"@type":"ListItem","position":1,"name":"Home","item":"https:\/\/amchungary.hu\/"},{"@type":"ListItem","position":2,"name":"Term\u00e9kek","item":"https:\/\/amchungary.hu\/termekek\/"},{"@type":"ListItem","position":3,"name":"F\u0151z\u0151ed\u00e9nyek","item":"https:\/\/amchungary.hu\/termekek\/fozoedenyek\/"},{"@type":"ListItem","position":4,"name":"28 cm-es ed\u00e9ny, 4,0 l Eur\u00e1zsia"}]},{"@type":"WebSite","@id":"https:\/\/amchungary.hu\/#website","url":"https:\/\/amchungary.hu\/","name":"AMC Hungary","description":"","publisher":{"@id":"https:\/\/amchungary.hu\/#organization"},"potentialAction":[{"@type":"SearchAction","target":{"@type":"EntryPoint","urlTemplate":"https:\/\/amchungary.hu\/?s={search_term_string}"},"query-input":{"@type":"PropertyValueSpecification","valueRequired":true,"valueName":"search_term_string"}}],"inLanguage":"sr-RS"},{"@type":"Organization","@id":"https:\/\/amchungary.hu\/#organization","name":"AMC Hungary","url":"https:\/\/amchungary.hu\/","logo":{"@type":"ImageObject","inLanguage":"sr-RS","@id":"https:\/\/amchungary.hu\/#\/schema\/logo\/image\/","url":"https:\/\/amchungary.hu\/wp-content\/uploads\/2025\/09\/AMC_Logo_outline_bw_1-1.avif","contentUrl":"https:\/\/amchungary.hu\/wp-content\/uploads\/2025\/09\/AMC_Logo_outline_bw_1-1.avif","width":180,"height":120,"caption":"AMC Hungary"},"image":{"@id":"https:\/\/amchungary.hu\/#\/schema\/logo\/image\/"},"sameAs":["https:\/\/www.facebook.com\/people\/AMC-Hungary\/61570426203273\/","https:\/\/www.instagram.com\/amchungary\/","https:\/\/www.youtube.com\/@AMCHUNGARY","https:\/\/www.tiktok.com\/@amchungary"]}]}},"_links":{"self":[{"href":"https:\/\/amchungary.hu\/sr\/wp-json\/wp\/v2\/pages\/2163","targetHints":{"allow":["GET"]}}],"collection":[{"href":"https:\/\/amchungary.hu\/sr\/wp-json\/wp\/v2\/pages"}],"about":[{"href":"https:\/\/amchungary.hu\/sr\/wp-json\/wp\/v2\/types\/page"}],"author":[{"embeddable":true,"href":"https:\/\/amchungary.hu\/sr\/wp-json\/wp\/v2\/users\/1"}],"replies":[{"embeddable":true,"href":"https:\/\/amchungary.hu\/sr\/wp-json\/wp\/v2\/comments?post=2163"}],"version-history":[{"count":0,"href":"https:\/\/amchungary.hu\/sr\/wp-json\/wp\/v2\/pages\/2163\/revisions"}],"up":[{"embeddable":true,"href":"https:\/\/amchungary.hu\/sr\/wp-json\/wp\/v2\/pages\/1912"}],"wp:attachment":[{"href":"https:\/\/amchungary.hu\/sr\/wp-json\/wp\/v2\/media?parent=2163"}],"curies":[{"name":"wp","href":"https:\/\/api.w.org\/{rel}","templated":true}]}}