{"id":2172,"date":"2024-12-29T14:52:52","date_gmt":"2024-12-29T13:52:52","guid":{"rendered":"https:\/\/amchungary.hu\/?page_id=2172"},"modified":"2026-01-13T22:07:31","modified_gmt":"2026-01-13T21:07:31","slug":"ovalis-sutoedeny-38-cm-45-l","status":"publish","type":"page","link":"https:\/\/amchungary.hu\/sr\/termekek\/fozoedenyek\/ovalis-sutoedeny-38-cm-45-l\/","title":{"rendered":"Elasti pleh za pe\u010denje 38 cm, 4,5 l"},"content":{"rendered":"\t\t<div data-elementor-type=\"wp-page\" data-elementor-id=\"2172\" class=\"elementor elementor-2172\" data-elementor-post-type=\"page\">\n\t\t\t\t<div class=\"elementor-element elementor-element-3eea30e3 e-con-full e-flex e-con e-parent\" data-id=\"3eea30e3\" data-element_type=\"container\" data-e-type=\"container\" data-settings=\"{&quot;background_background&quot;:&quot;classic&quot;}\">\n\t\t\t\t<\/div>\n\t\t<div class=\"elementor-element elementor-element-3644b97d e-flex e-con-boxed e-con e-parent\" data-id=\"3644b97d\" data-element_type=\"container\" data-e-type=\"container\" data-settings=\"{&quot;background_background&quot;:&quot;classic&quot;}\">\n\t\t\t\t\t<div class=\"e-con-inner\">\n\t\t\t\t<div class=\"elementor-element elementor-element-7149c199 elementor-widget elementor-widget-heading\" data-id=\"7149c199\" data-element_type=\"widget\" data-e-type=\"widget\" data-widget_type=\"heading.default\">\n\t\t\t\t<div class=\"elementor-widget-container\">\n\t\t\t\t\t<h2 class=\"elementor-heading-title elementor-size-default\">Magas min\u0151s\u00e9g\u0171 rozsdamentes ac\u00e9lb\u00f3l k\u00e9sz\u00fclt ov\u00e1lis f\u0151z\u0151ed\u00e9ny ak\u00e1r 6 szem\u00e9ly r\u00e9sz\u00e9re<br><\/h2>\t\t\t\t<\/div>\n\t\t\t\t<\/div>\n\t\t\t\t<div class=\"elementor-element elementor-element-621004b3 elementor-widget elementor-widget-text-editor\" data-id=\"621004b3\" data-element_type=\"widget\" data-e-type=\"widget\" data-widget_type=\"text-editor.default\">\n\t\t\t\t<div class=\"elementor-widget-container\">\n\t\t\t\t\t\t\t\t\t<div class=\"flex-1 overflow-hidden @container\/thread\"><div class=\"h-full\"><div class=\"react-scroll-to-bottom--css-pvqwk-79elbk h-full\"><div class=\"react-scroll-to-bottom--css-pvqwk-1n7m0yu\"><div class=\"flex flex-col text-sm\"><article class=\"w-full scroll-mb-[var(--thread-trailing-height,150px)] text-token-text-primary focus-visible:outline-2 focus-visible:outline-offset-[-4px]\" dir=\"auto\" data-testid=\"conversation-turn-61\" data-scroll-anchor=\"true\"><div class=\"m-auto text-base py-[18px] px-3 md:px-4 w-full md:px-5 lg:px-4 xl:px-5\"><div class=\"mx-auto flex flex-1 gap-4 text-base md:gap-5 lg:gap-6 md:max-w-3xl\"><div class=\"group\/conversation-turn relative flex w-full min-w-0 flex-col agent-turn\"><div class=\"flex-col gap-1 md:gap-3\"><div class=\"flex max-w-full flex-col flex-grow\"><div class=\"min-h-8 text-message flex w-full flex-col items-end gap-2 whitespace-normal break-words text-start [.text-message+&amp;]:mt-5\" dir=\"auto\" data-message-author-role=\"assistant\" data-message-id=\"7ab570f8-782c-40ce-a369-2690b39a2f1f\" data-message-model-slug=\"gpt-4o-mini\"><div class=\"flex w-full flex-col gap-1 empty:hidden first:pt-[3px]\"><div class=\"markdown prose w-full break-words dark:prose-invert dark\"><p>Nagy, ov\u00e1lis f\u0151z\u0151ed\u00e9ny fed\u0151vel, amely t\u00f6k\u00e9letes steakek, kolb\u00e1szok, ny\u00e1rsak \u00e9s eg\u00e9sz halak elk\u00e9sz\u00edt\u00e9s\u00e9hez.<\/p><\/div><\/div><\/div><\/div><\/div><\/div><\/div><\/div><\/article><\/div><\/div><\/div><\/div><\/div>\t\t\t\t\t\t\t\t<\/div>\n\t\t\t\t<\/div>\n\t\t\t\t\t<\/div>\n\t\t\t\t<\/div>\n\t\t<div class=\"elementor-element elementor-element-4a113403 e-flex e-con-boxed e-con e-parent\" data-id=\"4a113403\" data-element_type=\"container\" data-e-type=\"container\">\n\t\t\t\t\t<div class=\"e-con-inner\">\n\t\t<div class=\"elementor-element elementor-element-3453fd4c e-flex e-con-boxed e-con e-child\" data-id=\"3453fd4c\" data-element_type=\"container\" data-e-type=\"container\">\n\t\t\t\t\t<div class=\"e-con-inner\">\n\t\t\t\t<div class=\"elementor-element elementor-element-3d995180 elementor-widget elementor-widget-heading\" data-id=\"3d995180\" data-element_type=\"widget\" data-e-type=\"widget\" data-widget_type=\"heading.default\">\n\t\t\t\t<div class=\"elementor-widget-container\">\n\t\t\t\t\t<h2 class=\"elementor-heading-title elementor-size-default\">El\u0151nye<\/h2>\t\t\t\t<\/div>\n\t\t\t\t<\/div>\n\t\t\t\t<div class=\"elementor-element elementor-element-669c936c elementor-icon-list--layout-traditional elementor-list-item-link-full_width elementor-widget elementor-widget-icon-list\" data-id=\"669c936c\" data-element_type=\"widget\" data-e-type=\"widget\" data-widget_type=\"icon-list.default\">\n\t\t\t\t<div class=\"elementor-widget-container\">\n\t\t\t\t\t\t\t<ul class=\"elementor-icon-list-items\">\n\t\t\t\t\t\t\t<li class=\"elementor-icon-list-item\">\n\t\t\t\t\t\t\t\t\t\t\t<span class=\"elementor-icon-list-icon\">\n\t\t\t\t\t\t\t<svg aria-hidden=\"true\" class=\"e-font-icon-svg e-fas-circle\" viewBox=\"0 0 512 512\" xmlns=\"http:\/\/www.w3.org\/2000\/svg\"><path d=\"M256 8C119 8 8 119 8 256s111 248 248 248 248-111 248-248S393 8 256 8z\"><\/path><\/svg>\t\t\t\t\t\t<\/span>\n\t\t\t\t\t\t\t\t\t\t<span class=\"elementor-icon-list-text\">Egyenletes h\u0151eloszl\u00e1s a f\u0151z\u0151ed\u00e9nyben az Akkutherm kapszulaalapnak k\u00f6sz\u00f6nhet\u0151en<\/span>\n\t\t\t\t\t\t\t\t\t<\/li>\n\t\t\t\t\t\t\t\t<li class=\"elementor-icon-list-item\">\n\t\t\t\t\t\t\t\t\t\t\t<span class=\"elementor-icon-list-icon\">\n\t\t\t\t\t\t\t<svg aria-hidden=\"true\" class=\"e-font-icon-svg e-fas-circle\" viewBox=\"0 0 512 512\" xmlns=\"http:\/\/www.w3.org\/2000\/svg\"><path d=\"M256 8C119 8 8 119 8 256s111 248 248 248 248-111 248-248S393 8 256 8z\"><\/path><\/svg>\t\t\t\t\t\t<\/span>\n\t\t\t\t\t\t\t\t\t\t<span class=\"elementor-icon-list-text\">T\u00f6k\u00e9letes h\u0151m\u00e9rs\u00e9klet-szab\u00e1lyoz\u00e1s a faz\u00e9kban a Visiotherm h\u0151m\u00e9rs\u00e9klet-kijelz\u0151vel<\/span>\n\t\t\t\t\t\t\t\t\t<\/li>\n\t\t\t\t\t\t\t\t<li class=\"elementor-icon-list-item\">\n\t\t\t\t\t\t\t\t\t\t\t<span class=\"elementor-icon-list-icon\">\n\t\t\t\t\t\t\t<svg aria-hidden=\"true\" class=\"e-font-icon-svg e-fas-circle\" viewBox=\"0 0 512 512\" xmlns=\"http:\/\/www.w3.org\/2000\/svg\"><path d=\"M256 8C119 8 8 119 8 256s111 248 248 248 248-111 248-248S393 8 256 8z\"><\/path><\/svg>\t\t\t\t\t\t<\/span>\n\t\t\t\t\t\t\t\t\t\t<span class=\"elementor-icon-list-text\">Az ed\u00e9ny \u00e9s a fed\u00e9l kiv\u00e1l\u00f3 min\u0151s\u00e9g\u0171 rozsdamentes ac\u00e9lb\u00f3l k\u00e9sz\u00fclt \u00e9s mosogat\u00f3g\u00e9pben moshat\u00f3<\/span>\n\t\t\t\t\t\t\t\t\t<\/li>\n\t\t\t\t\t\t\t\t<li class=\"elementor-icon-list-item\">\n\t\t\t\t\t\t\t\t\t\t\t<span class=\"elementor-icon-list-icon\">\n\t\t\t\t\t\t\t<svg aria-hidden=\"true\" class=\"e-font-icon-svg e-fas-circle\" viewBox=\"0 0 512 512\" xmlns=\"http:\/\/www.w3.org\/2000\/svg\"><path d=\"M256 8C119 8 8 119 8 256s111 248 248 248 248-111 248-248S393 8 256 8z\"><\/path><\/svg>\t\t\t\t\t\t<\/span>\n\t\t\t\t\t\t\t\t\t\t<span class=\"elementor-icon-list-text\">K\u00e9t ergonomikus foganty\u00fa, amelyek a Thermobloc ker\u00e1mia h\u0151szigetel\u0151nek k\u00f6sz\u00f6nhet\u0151en nem forr\u00f3sodnak fel f\u0151z\u00e9s k\u00f6zben.<\/span>\n\t\t\t\t\t\t\t\t\t<\/li>\n\t\t\t\t\t\t<\/ul>\n\t\t\t\t\t\t<\/div>\n\t\t\t\t<\/div>\n\t\t\t\t\t<\/div>\n\t\t\t\t<\/div>\n\t\t\t\t\t<\/div>\n\t\t\t\t<\/div>\n\t\t<div class=\"elementor-element elementor-element-38ab1b79 e-flex e-con-boxed e-con e-parent\" data-id=\"38ab1b79\" data-element_type=\"container\" data-e-type=\"container\">\n\t\t\t\t\t<div class=\"e-con-inner\">\n\t\t<div class=\"elementor-element elementor-element-73116c07 e-flex e-con-boxed e-con e-child\" data-id=\"73116c07\" data-element_type=\"container\" data-e-type=\"container\">\n\t\t\t\t\t<div class=\"e-con-inner\">\n\t\t\t\t<div class=\"elementor-element elementor-element-23776b5c elementor-widget-mobile__width-initial elementor-widget elementor-widget-heading\" data-id=\"23776b5c\" data-element_type=\"widget\" data-e-type=\"widget\" data-widget_type=\"heading.default\">\n\t\t\t\t<div class=\"elementor-widget-container\">\n\t\t\t\t\t<h2 class=\"elementor-heading-title elementor-size-default\">Term\u00e9kle\u00edr\u00e1s<\/h2>\t\t\t\t<\/div>\n\t\t\t\t<\/div>\n\t\t\t\t<div class=\"elementor-element elementor-element-5e199cbb elementor-widget elementor-widget-text-editor\" data-id=\"5e199cbb\" data-element_type=\"widget\" data-e-type=\"widget\" data-widget_type=\"text-editor.default\">\n\t\t\t\t<div class=\"elementor-widget-container\">\n\t\t\t\t\t\t\t\t\t<div class=\"flex-1 overflow-hidden @container\/thread\"><div class=\"h-full\"><div class=\"react-scroll-to-bottom--css-pvqwk-79elbk h-full\"><div class=\"react-scroll-to-bottom--css-pvqwk-1n7m0yu\"><div class=\"flex flex-col text-sm md:pb-9\"><article class=\"w-full scroll-mb-[var(--thread-trailing-height,150px)] text-token-text-primary focus-visible:outline-2 focus-visible:outline-offset-[-4px]\" dir=\"auto\" data-testid=\"conversation-turn-63\" data-scroll-anchor=\"true\"><div class=\"m-auto text-base py-[18px] px-3 md:px-4 w-full md:px-5 lg:px-4 xl:px-5\"><div class=\"mx-auto flex flex-1 gap-4 text-base md:gap-5 lg:gap-6 md:max-w-3xl\"><div class=\"group\/conversation-turn relative flex w-full min-w-0 flex-col agent-turn\"><div class=\"flex-col gap-1 md:gap-3\"><div class=\"flex max-w-full flex-col flex-grow\"><div class=\"min-h-8 text-message flex w-full flex-col items-end gap-2 whitespace-normal break-words text-start [.text-message+&amp;]:mt-5\" dir=\"auto\" data-message-author-role=\"assistant\" data-message-id=\"97ba0dc3-571b-45d0-a5f4-79e3721c918a\" data-message-model-slug=\"gpt-4o-mini\"><div class=\"flex w-full flex-col gap-1 empty:hidden first:pt-[3px]\"><div class=\"markdown prose w-full break-words dark:prose-invert dark\"><p>Az ov\u00e1lis f\u0151z\u0151ed\u00e9ny egy rendk\u00edv\u00fcl sokoldal\u00fa AMC term\u00e9k, amely nagyobb h\u00fasdarabok, gyorsan s\u00fct\u00f6tt \u00e9telek, mint steakek, valamint spagetti\u00e9telek elk\u00e9sz\u00edt\u00e9s\u00e9re is ide\u00e1lis. Ezen k\u00edv\u00fcl t\u00f6k\u00e9letes v\u00e1laszt\u00e1s eg\u00e9sz halak \u00e9s sp\u00e1rga elk\u00e9sz\u00edt\u00e9s\u00e9hez a megfelel\u0151 ov\u00e1lis lyukas bet\u00e9t seg\u00edts\u00e9g\u00e9vel. A k\u00e9t ergonomikus foganty\u00fa stabil fog\u00e1st biztos\u00edt, \u00e9s a Keramik-W\u00e4rmestopper Thermobloc technol\u00f3gi\u00e1nak k\u00f6sz\u00f6nhet\u0151en nem melegszenek fel. A k\u00f6nnyen tiszt\u00edthat\u00f3, mosogat\u00f3g\u00e9pben is moshat\u00f3 ed\u00e9ny t\u00f6k\u00e9letesen illeszked\u0151, magas kialak\u00edt\u00e1s\u00fa rozsdamentes ac\u00e9l fed\u00e9llel rendelkezik, amely nagyobb dombor\u00fas\u00e1g\u00e1val m\u00e9g t\u00f6bb helyet biztos\u00edt. A fed\u00e9l gombj\u00e1ban tal\u00e1lhat\u00f3 Visiotherm h\u0151m\u00e9rs\u00e9klet-ellen\u0151rz\u0151 biztos\u00edtja a t\u00f6k\u00e9letes h\u0151m\u00e9rs\u00e9klet-szab\u00e1lyoz\u00e1st. Az akusztikus Audiotherm vez\u00e9rl\u00e9s seg\u00edts\u00e9g\u00e9vel pedig id\u0151- \u00e9s h\u0151m\u00e9rs\u00e9klet-szab\u00e1lyozott f\u0151z\u00e9s val\u00f3s\u00edthat\u00f3 meg. Az ov\u00e1lis f\u0151z\u0151ed\u00e9ny minden AMC f\u0151z\u0151ed\u00e9nyhez hasonl\u00f3an minden t\u0171zhelyt\u00edpuson haszn\u00e1lhat\u00f3, bele\u00e9rtve az indukci\u00f3t is. Mivel minden m\u0171anyag r\u00e9sz elt\u00e1vol\u00edthat\u00f3, az ed\u00e9ny teljes m\u00e9rt\u00e9kben alkalmas s\u00fct\u0151ben val\u00f3 haszn\u00e1latra. Ez a pr\u00e9mium rozsdamentes ac\u00e9l ed\u00e9ny 30 \u00e9v garanci\u00e1val rendelkezik, \u00e9s m\u00e9g hosszabb \u00e9lettartammal b\u00edr.<\/p><\/div><\/div><\/div><\/div><\/div><\/div><\/div><\/div><\/article><\/div><\/div><\/div><\/div><\/div>\t\t\t\t\t\t\t\t<\/div>\n\t\t\t\t<\/div>\n\t\t\t\t\t<\/div>\n\t\t\t\t<\/div>\n\t\t\t\t\t<\/div>\n\t\t\t\t<\/div>\n\t\t<div class=\"elementor-element elementor-element-776b46e4 e-flex e-con-boxed e-con e-parent\" data-id=\"776b46e4\" data-element_type=\"container\" data-e-type=\"container\" data-settings=\"{&quot;background_background&quot;:&quot;classic&quot;}\">\n\t\t\t\t\t<div class=\"e-con-inner\">\n\t\t\t\t<div class=\"elementor-element elementor-element-7017d37a elementor-widget elementor-widget-heading\" data-id=\"7017d37a\" data-element_type=\"widget\" data-e-type=\"widget\" data-widget_type=\"heading.default\">\n\t\t\t\t<div class=\"elementor-widget-container\">\n\t\t\t\t\t<h2 class=\"elementor-heading-title elementor-size-default\">Szeretn\u00e9 term\u00e9keinket \u00e9l\u0151ben is megtapasztalni?<\/h2>\t\t\t\t<\/div>\n\t\t\t\t<\/div>\n\t\t\t\t<div class=\"elementor-element elementor-element-648d14ab elementor-widget elementor-widget-heading\" data-id=\"648d14ab\" data-element_type=\"widget\" data-e-type=\"widget\" data-widget_type=\"heading.default\">\n\t\t\t\t<div class=\"elementor-widget-container\">\n\t\t\t\t\t<h2 class=\"elementor-heading-title elementor-size-default\">Foglalja le a nem k\u00f6telez\u0151 AMC f\u0151z\u0151bemutat\u00f3t most!<\/h2>\t\t\t\t<\/div>\n\t\t\t\t<\/div>\n\t\t\t\t<div class=\"elementor-element elementor-element-3f040abc elementor-widget-mobile__width-inherit elementor-mobile-align-center elementor-widget elementor-widget-button\" data-id=\"3f040abc\" data-element_type=\"widget\" data-e-type=\"widget\" data-widget_type=\"button.default\">\n\t\t\t\t<div class=\"elementor-widget-container\">\n\t\t\t\t\t\t\t\t\t<div class=\"elementor-button-wrapper\">\n\t\t\t\t\t<a class=\"elementor-button elementor-button-link elementor-size-sm\" href=\"https:\/\/amchungary.hu\/foglalas-az-amc-bemutatora\/\">\n\t\t\t\t\t\t<span class=\"elementor-button-content-wrapper\">\n\t\t\t\t\t\t\t\t\t<span class=\"elementor-button-text\">Foglalom<\/span>\n\t\t\t\t\t<\/span>\n\t\t\t\t\t<\/a>\n\t\t\t\t<\/div>\n\t\t\t\t\t\t\t\t<\/div>\n\t\t\t\t<\/div>\n\t\t\t\t\t<\/div>\n\t\t\t\t<\/div>\n\t\t<div class=\"elementor-element elementor-element-658fb908 e-con-full e-flex e-con e-parent\" data-id=\"658fb908\" data-element_type=\"container\" data-e-type=\"container\">\n\t\t\t\t<div class=\"elementor-element elementor-element-30b9310b elementor-widget-mobile__width-inherit elementor-mobile-align-center elementor-hidden-tablet elementor-hidden-mobile elementor-widget elementor-widget-button\" data-id=\"30b9310b\" data-element_type=\"widget\" data-e-type=\"widget\" data-settings=\"{&quot;sticky&quot;:&quot;bottom&quot;,&quot;sticky_on&quot;:[&quot;desktop&quot;],&quot;sticky_offset&quot;:0,&quot;sticky_effects_offset&quot;:0,&quot;sticky_anchor_link_offset&quot;:0}\" data-widget_type=\"button.default\">\n\t\t\t\t<div class=\"elementor-widget-container\">\n\t\t\t\t\t\t\t\t\t<div class=\"elementor-button-wrapper\">\n\t\t\t\t\t<a class=\"elementor-button elementor-button-link elementor-size-sm\" href=\"https:\/\/amchungary.hu\/sr\/foglalas-az-amc-bemutatora\/\">\n\t\t\t\t\t\t<span class=\"elementor-button-content-wrapper\">\n\t\t\t\t\t\t\t\t\t<span class=\"elementor-button-text\">Id\u0151pont foglal\u00e1s<\/span>\n\t\t\t\t\t<\/span>\n\t\t\t\t\t<\/a>\n\t\t\t\t<\/div>\n\t\t\t\t\t\t\t\t<\/div>\n\t\t\t\t<\/div>\n\t\t\t\t<\/div>\n\t\t\t\t<\/div>\n\t\t","protected":false},"excerpt":{"rendered":"<p>Magas min\u0151s\u00e9g\u0171 rozsdamentes ac\u00e9lb\u00f3l k\u00e9sz\u00fclt ov\u00e1lis f\u0151z\u0151ed\u00e9ny ak\u00e1r 6 szem\u00e9ly r\u00e9sz\u00e9re Nagy, ov\u00e1lis f\u0151z\u0151ed\u00e9ny fed\u0151vel, amely t\u00f6k\u00e9letes steakek, kolb\u00e1szok, ny\u00e1rsak \u00e9s eg\u00e9sz halak elk\u00e9sz\u00edt\u00e9s\u00e9hez. El\u0151nye Egyenletes h\u0151eloszl\u00e1s a f\u0151z\u0151ed\u00e9nyben az Akkutherm kapszulaalapnak k\u00f6sz\u00f6nhet\u0151en T\u00f6k\u00e9letes h\u0151m\u00e9rs\u00e9klet-szab\u00e1lyoz\u00e1s a faz\u00e9kban a Visiotherm h\u0151m\u00e9rs\u00e9klet-kijelz\u0151vel Az ed\u00e9ny \u00e9s a fed\u00e9l kiv\u00e1l\u00f3 min\u0151s\u00e9g\u0171 rozsdamentes ac\u00e9lb\u00f3l k\u00e9sz\u00fclt \u00e9s mosogat\u00f3g\u00e9pben moshat\u00f3 K\u00e9t ergonomikus [&hellip;]<\/p>\n","protected":false},"author":1,"featured_media":0,"parent":1912,"menu_order":0,"comment_status":"closed","ping_status":"closed","template":"","meta":{"footnotes":""},"class_list":["post-2172","page","type-page","status-publish","hentry"],"yoast_head":"<!-- This site is optimized with the Yoast SEO Premium plugin v27.6 (Yoast SEO v27.6) - https:\/\/yoast.com\/product\/yoast-seo-premium-wordpress\/ -->\n<title>Ov\u00e1lis s\u00fct\u0151ed\u00e9ny 38 cm, 4,5 l - AMC Hungary<\/title>\n<meta name=\"robots\" content=\"index, follow, max-snippet:-1, max-image-preview:large, max-video-preview:-1\" \/>\n<link rel=\"canonical\" href=\"https:\/\/amchungary.hu\/sr\/termekek\/fozoedenyek\/ovalis-sutoedeny-38-cm-45-l\/\" \/>\n<meta property=\"og:locale\" content=\"sr_RS\" \/>\n<meta property=\"og:type\" content=\"article\" \/>\n<meta property=\"og:title\" content=\"Ov\u00e1lis s\u00fct\u0151ed\u00e9ny 38 cm, 4,5 l\" \/>\n<meta property=\"og:description\" content=\"Magas min\u0151s\u00e9g\u0171 rozsdamentes ac\u00e9lb\u00f3l k\u00e9sz\u00fclt ov\u00e1lis f\u0151z\u0151ed\u00e9ny ak\u00e1r 6 szem\u00e9ly r\u00e9sz\u00e9re Nagy, ov\u00e1lis f\u0151z\u0151ed\u00e9ny fed\u0151vel, amely t\u00f6k\u00e9letes steakek, kolb\u00e1szok, ny\u00e1rsak \u00e9s eg\u00e9sz halak elk\u00e9sz\u00edt\u00e9s\u00e9hez. El\u0151nye Egyenletes h\u0151eloszl\u00e1s a f\u0151z\u0151ed\u00e9nyben az Akkutherm kapszulaalapnak k\u00f6sz\u00f6nhet\u0151en T\u00f6k\u00e9letes h\u0151m\u00e9rs\u00e9klet-szab\u00e1lyoz\u00e1s a faz\u00e9kban a Visiotherm h\u0151m\u00e9rs\u00e9klet-kijelz\u0151vel Az ed\u00e9ny \u00e9s a fed\u00e9l kiv\u00e1l\u00f3 min\u0151s\u00e9g\u0171 rozsdamentes ac\u00e9lb\u00f3l k\u00e9sz\u00fclt \u00e9s mosogat\u00f3g\u00e9pben moshat\u00f3 K\u00e9t ergonomikus [&hellip;]\" \/>\n<meta property=\"og:url\" content=\"https:\/\/amchungary.hu\/sr\/termekek\/fozoedenyek\/ovalis-sutoedeny-38-cm-45-l\/\" \/>\n<meta property=\"og:site_name\" content=\"AMC Hungary\" \/>\n<meta property=\"article:publisher\" content=\"https:\/\/www.facebook.com\/people\/AMC-Hungary\/61570426203273\/\" \/>\n<meta property=\"article:modified_time\" content=\"2026-01-13T21:07:31+00:00\" \/>\n<meta name=\"twitter:card\" content=\"summary_large_image\" \/>\n<meta name=\"twitter:label1\" content=\"\u041f\u0440\u043e\u0446\u0435\u045a\u0435\u043d\u043e \u0432\u0440\u0435\u043c\u0435 \u0447\u0438\u0442\u0430\u045a\u0430\" \/>\n\t<meta name=\"twitter:data1\" content=\"2 \u043c\u0438\u043d\u0443\u0442\u0430\" \/>\n<script type=\"application\/ld+json\" class=\"yoast-schema-graph\">{\"@context\":\"https:\\\/\\\/schema.org\",\"@graph\":[{\"@type\":\"WebPage\",\"@id\":\"https:\\\/\\\/amchungary.hu\\\/termekek\\\/fozoedenyek\\\/ovalis-sutoedeny-38-cm-45-l\\\/\",\"url\":\"https:\\\/\\\/amchungary.hu\\\/termekek\\\/fozoedenyek\\\/ovalis-sutoedeny-38-cm-45-l\\\/\",\"name\":\"Ov\u00e1lis s\u00fct\u0151ed\u00e9ny 38 cm, 4,5 l - AMC Hungary\",\"isPartOf\":{\"@id\":\"https:\\\/\\\/amchungary.hu\\\/#website\"},\"datePublished\":\"2024-12-29T13:52:52+00:00\",\"dateModified\":\"2026-01-13T21:07:31+00:00\",\"breadcrumb\":{\"@id\":\"https:\\\/\\\/amchungary.hu\\\/termekek\\\/fozoedenyek\\\/ovalis-sutoedeny-38-cm-45-l\\\/#breadcrumb\"},\"inLanguage\":\"sr-RS\",\"potentialAction\":[{\"@type\":\"ReadAction\",\"target\":[\"https:\\\/\\\/amchungary.hu\\\/termekek\\\/fozoedenyek\\\/ovalis-sutoedeny-38-cm-45-l\\\/\"]}]},{\"@type\":\"BreadcrumbList\",\"@id\":\"https:\\\/\\\/amchungary.hu\\\/termekek\\\/fozoedenyek\\\/ovalis-sutoedeny-38-cm-45-l\\\/#breadcrumb\",\"itemListElement\":[{\"@type\":\"ListItem\",\"position\":1,\"name\":\"Home\",\"item\":\"https:\\\/\\\/amchungary.hu\\\/\"},{\"@type\":\"ListItem\",\"position\":2,\"name\":\"Term\u00e9kek\",\"item\":\"https:\\\/\\\/amchungary.hu\\\/termekek\\\/\"},{\"@type\":\"ListItem\",\"position\":3,\"name\":\"F\u0151z\u0151ed\u00e9nyek\",\"item\":\"https:\\\/\\\/amchungary.hu\\\/termekek\\\/fozoedenyek\\\/\"},{\"@type\":\"ListItem\",\"position\":4,\"name\":\"Ov\u00e1lis s\u00fct\u0151ed\u00e9ny 38 cm, 4,5 l\"}]},{\"@type\":\"WebSite\",\"@id\":\"https:\\\/\\\/amchungary.hu\\\/#website\",\"url\":\"https:\\\/\\\/amchungary.hu\\\/\",\"name\":\"AMC Hungary\",\"description\":\"\",\"publisher\":{\"@id\":\"https:\\\/\\\/amchungary.hu\\\/#organization\"},\"potentialAction\":[{\"@type\":\"SearchAction\",\"target\":{\"@type\":\"EntryPoint\",\"urlTemplate\":\"https:\\\/\\\/amchungary.hu\\\/?s={search_term_string}\"},\"query-input\":{\"@type\":\"PropertyValueSpecification\",\"valueRequired\":true,\"valueName\":\"search_term_string\"}}],\"inLanguage\":\"sr-RS\"},{\"@type\":\"Organization\",\"@id\":\"https:\\\/\\\/amchungary.hu\\\/#organization\",\"name\":\"AMC Hungary\",\"url\":\"https:\\\/\\\/amchungary.hu\\\/\",\"logo\":{\"@type\":\"ImageObject\",\"inLanguage\":\"sr-RS\",\"@id\":\"https:\\\/\\\/amchungary.hu\\\/#\\\/schema\\\/logo\\\/image\\\/\",\"url\":\"https:\\\/\\\/amchungary.hu\\\/wp-content\\\/uploads\\\/2025\\\/09\\\/AMC_Logo_outline_bw_1-1.avif\",\"contentUrl\":\"https:\\\/\\\/amchungary.hu\\\/wp-content\\\/uploads\\\/2025\\\/09\\\/AMC_Logo_outline_bw_1-1.avif\",\"width\":180,\"height\":120,\"caption\":\"AMC Hungary\"},\"image\":{\"@id\":\"https:\\\/\\\/amchungary.hu\\\/#\\\/schema\\\/logo\\\/image\\\/\"},\"sameAs\":[\"https:\\\/\\\/www.facebook.com\\\/people\\\/AMC-Hungary\\\/61570426203273\\\/\",\"https:\\\/\\\/www.instagram.com\\\/amchungary\\\/\",\"https:\\\/\\\/www.youtube.com\\\/@AMCHUNGARY\",\"https:\\\/\\\/www.tiktok.com\\\/@amchungary\"]}]}<\/script>\n<!-- \/ Yoast SEO Premium plugin. -->","yoast_head_json":{"title":"Ov\u00e1lis s\u00fct\u0151ed\u00e9ny 38 cm, 4,5 l - AMC Hungary","robots":{"index":"index","follow":"follow","max-snippet":"max-snippet:-1","max-image-preview":"max-image-preview:large","max-video-preview":"max-video-preview:-1"},"canonical":"https:\/\/amchungary.hu\/sr\/termekek\/fozoedenyek\/ovalis-sutoedeny-38-cm-45-l\/","og_locale":"sr_RS","og_type":"article","og_title":"Ov\u00e1lis s\u00fct\u0151ed\u00e9ny 38 cm, 4,5 l","og_description":"Magas min\u0151s\u00e9g\u0171 rozsdamentes ac\u00e9lb\u00f3l k\u00e9sz\u00fclt ov\u00e1lis f\u0151z\u0151ed\u00e9ny ak\u00e1r 6 szem\u00e9ly r\u00e9sz\u00e9re Nagy, ov\u00e1lis f\u0151z\u0151ed\u00e9ny fed\u0151vel, amely t\u00f6k\u00e9letes steakek, kolb\u00e1szok, ny\u00e1rsak \u00e9s eg\u00e9sz halak elk\u00e9sz\u00edt\u00e9s\u00e9hez. El\u0151nye Egyenletes h\u0151eloszl\u00e1s a f\u0151z\u0151ed\u00e9nyben az Akkutherm kapszulaalapnak k\u00f6sz\u00f6nhet\u0151en T\u00f6k\u00e9letes h\u0151m\u00e9rs\u00e9klet-szab\u00e1lyoz\u00e1s a faz\u00e9kban a Visiotherm h\u0151m\u00e9rs\u00e9klet-kijelz\u0151vel Az ed\u00e9ny \u00e9s a fed\u00e9l kiv\u00e1l\u00f3 min\u0151s\u00e9g\u0171 rozsdamentes ac\u00e9lb\u00f3l k\u00e9sz\u00fclt \u00e9s mosogat\u00f3g\u00e9pben moshat\u00f3 K\u00e9t ergonomikus [&hellip;]","og_url":"https:\/\/amchungary.hu\/sr\/termekek\/fozoedenyek\/ovalis-sutoedeny-38-cm-45-l\/","og_site_name":"AMC Hungary","article_publisher":"https:\/\/www.facebook.com\/people\/AMC-Hungary\/61570426203273\/","article_modified_time":"2026-01-13T21:07:31+00:00","twitter_card":"summary_large_image","twitter_misc":{"\u041f\u0440\u043e\u0446\u0435\u045a\u0435\u043d\u043e \u0432\u0440\u0435\u043c\u0435 \u0447\u0438\u0442\u0430\u045a\u0430":"2 \u043c\u0438\u043d\u0443\u0442\u0430"},"schema":{"@context":"https:\/\/schema.org","@graph":[{"@type":"WebPage","@id":"https:\/\/amchungary.hu\/termekek\/fozoedenyek\/ovalis-sutoedeny-38-cm-45-l\/","url":"https:\/\/amchungary.hu\/termekek\/fozoedenyek\/ovalis-sutoedeny-38-cm-45-l\/","name":"Ov\u00e1lis s\u00fct\u0151ed\u00e9ny 38 cm, 4,5 l - AMC Hungary","isPartOf":{"@id":"https:\/\/amchungary.hu\/#website"},"datePublished":"2024-12-29T13:52:52+00:00","dateModified":"2026-01-13T21:07:31+00:00","breadcrumb":{"@id":"https:\/\/amchungary.hu\/termekek\/fozoedenyek\/ovalis-sutoedeny-38-cm-45-l\/#breadcrumb"},"inLanguage":"sr-RS","potentialAction":[{"@type":"ReadAction","target":["https:\/\/amchungary.hu\/termekek\/fozoedenyek\/ovalis-sutoedeny-38-cm-45-l\/"]}]},{"@type":"BreadcrumbList","@id":"https:\/\/amchungary.hu\/termekek\/fozoedenyek\/ovalis-sutoedeny-38-cm-45-l\/#breadcrumb","itemListElement":[{"@type":"ListItem","position":1,"name":"Home","item":"https:\/\/amchungary.hu\/"},{"@type":"ListItem","position":2,"name":"Term\u00e9kek","item":"https:\/\/amchungary.hu\/termekek\/"},{"@type":"ListItem","position":3,"name":"F\u0151z\u0151ed\u00e9nyek","item":"https:\/\/amchungary.hu\/termekek\/fozoedenyek\/"},{"@type":"ListItem","position":4,"name":"Ov\u00e1lis s\u00fct\u0151ed\u00e9ny 38 cm, 4,5 l"}]},{"@type":"WebSite","@id":"https:\/\/amchungary.hu\/#website","url":"https:\/\/amchungary.hu\/","name":"AMC Hungary","description":"","publisher":{"@id":"https:\/\/amchungary.hu\/#organization"},"potentialAction":[{"@type":"SearchAction","target":{"@type":"EntryPoint","urlTemplate":"https:\/\/amchungary.hu\/?s={search_term_string}"},"query-input":{"@type":"PropertyValueSpecification","valueRequired":true,"valueName":"search_term_string"}}],"inLanguage":"sr-RS"},{"@type":"Organization","@id":"https:\/\/amchungary.hu\/#organization","name":"AMC Hungary","url":"https:\/\/amchungary.hu\/","logo":{"@type":"ImageObject","inLanguage":"sr-RS","@id":"https:\/\/amchungary.hu\/#\/schema\/logo\/image\/","url":"https:\/\/amchungary.hu\/wp-content\/uploads\/2025\/09\/AMC_Logo_outline_bw_1-1.avif","contentUrl":"https:\/\/amchungary.hu\/wp-content\/uploads\/2025\/09\/AMC_Logo_outline_bw_1-1.avif","width":180,"height":120,"caption":"AMC Hungary"},"image":{"@id":"https:\/\/amchungary.hu\/#\/schema\/logo\/image\/"},"sameAs":["https:\/\/www.facebook.com\/people\/AMC-Hungary\/61570426203273\/","https:\/\/www.instagram.com\/amchungary\/","https:\/\/www.youtube.com\/@AMCHUNGARY","https:\/\/www.tiktok.com\/@amchungary"]}]}},"_links":{"self":[{"href":"https:\/\/amchungary.hu\/sr\/wp-json\/wp\/v2\/pages\/2172","targetHints":{"allow":["GET"]}}],"collection":[{"href":"https:\/\/amchungary.hu\/sr\/wp-json\/wp\/v2\/pages"}],"about":[{"href":"https:\/\/amchungary.hu\/sr\/wp-json\/wp\/v2\/types\/page"}],"author":[{"embeddable":true,"href":"https:\/\/amchungary.hu\/sr\/wp-json\/wp\/v2\/users\/1"}],"replies":[{"embeddable":true,"href":"https:\/\/amchungary.hu\/sr\/wp-json\/wp\/v2\/comments?post=2172"}],"version-history":[{"count":0,"href":"https:\/\/amchungary.hu\/sr\/wp-json\/wp\/v2\/pages\/2172\/revisions"}],"up":[{"embeddable":true,"href":"https:\/\/amchungary.hu\/sr\/wp-json\/wp\/v2\/pages\/1912"}],"wp:attachment":[{"href":"https:\/\/amchungary.hu\/sr\/wp-json\/wp\/v2\/media?parent=2172"}],"curies":[{"name":"wp","href":"https:\/\/api.w.org\/{rel}","templated":true}]}}