{"id":2256,"date":"2024-12-29T15:05:00","date_gmt":"2024-12-29T14:05:00","guid":{"rendered":"https:\/\/amchungary.hu\/?page_id=2256"},"modified":"2026-01-13T22:11:31","modified_gmt":"2026-01-13T21:11:31","slug":"grill-serpenyo-28-cm-16-l-arondo-grill","status":"publish","type":"page","link":"https:\/\/amchungary.hu\/sr\/termekek\/serpenyok\/grill-serpenyo-28-cm-16-l-arondo-grill\/","title":{"rendered":"Grill serpeny\u0151 28 cm, 1,6 l Arondo Grill"},"content":{"rendered":"\t\t<div data-elementor-type=\"wp-page\" data-elementor-id=\"2256\" class=\"elementor elementor-2256\" data-elementor-post-type=\"page\">\n\t\t\t\t<div class=\"elementor-element elementor-element-1a3743c4 e-con-full e-flex e-con e-parent\" data-id=\"1a3743c4\" data-element_type=\"container\" data-e-type=\"container\" data-settings=\"{&quot;background_background&quot;:&quot;classic&quot;}\">\n\t\t\t\t<\/div>\n\t\t<div class=\"elementor-element elementor-element-cdce692 e-flex e-con-boxed e-con e-parent\" data-id=\"cdce692\" data-element_type=\"container\" data-e-type=\"container\" data-settings=\"{&quot;background_background&quot;:&quot;classic&quot;}\">\n\t\t\t\t\t<div class=\"e-con-inner\">\n\t\t\t\t<div class=\"elementor-element elementor-element-53965e33 elementor-widget elementor-widget-heading\" data-id=\"53965e33\" data-element_type=\"widget\" data-e-type=\"widget\" data-widget_type=\"heading.default\">\n\t\t\t\t<div class=\"elementor-widget-container\">\n\t\t\t\t\t<h2 class=\"elementor-heading-title elementor-size-default\">Kiv\u00e1l\u00f3 min\u0151s\u00e9g\u0171 rozsdamentes ac\u00e9lb\u00f3l k\u00e9sz\u00fclt grillserpeny\u0151 ak\u00e1r 4 szem\u00e9ly r\u00e9sz\u00e9re\n<\/h2>\t\t\t\t<\/div>\n\t\t\t\t<\/div>\n\t\t\t\t<div class=\"elementor-element elementor-element-182722d4 elementor-widget elementor-widget-text-editor\" data-id=\"182722d4\" data-element_type=\"widget\" data-e-type=\"widget\" data-widget_type=\"text-editor.default\">\n\t\t\t\t<div class=\"elementor-widget-container\">\n\t\t\t\t\t\t\t\t\t<div class=\"flex max-w-full flex-col flex-grow\"><div class=\"min-h-8 text-message flex w-full flex-col items-end gap-2 whitespace-normal break-words text-start [.text-message+&amp;]:mt-5\" dir=\"auto\" data-message-author-role=\"assistant\" data-message-id=\"ac90eec0-5aa9-4c30-81af-b85a370c21a7\" data-message-model-slug=\"gpt-4o\"><div class=\"flex w-full flex-col gap-1 empty:hidden first:pt-[3px]\"><div class=\"markdown prose w-full break-words dark:prose-invert light\"><p>T\u00e9glalap alak\u00fa grillserpeny\u0151 fed\u0151vel, steakekhez, halhoz \u00e9s z\u00f6lds\u00e9gekhez.<\/p><\/div><\/div><\/div><\/div>\t\t\t\t\t\t\t\t<\/div>\n\t\t\t\t<\/div>\n\t\t\t\t\t<\/div>\n\t\t\t\t<\/div>\n\t\t<div class=\"elementor-element elementor-element-1022767c e-flex e-con-boxed e-con e-parent\" data-id=\"1022767c\" data-element_type=\"container\" data-e-type=\"container\">\n\t\t\t\t\t<div class=\"e-con-inner\">\n\t\t<div class=\"elementor-element elementor-element-32e33c20 e-flex e-con-boxed e-con e-child\" data-id=\"32e33c20\" data-element_type=\"container\" data-e-type=\"container\">\n\t\t\t\t\t<div class=\"e-con-inner\">\n\t\t\t\t<div class=\"elementor-element elementor-element-6fa33717 elementor-widget elementor-widget-heading\" data-id=\"6fa33717\" data-element_type=\"widget\" data-e-type=\"widget\" data-widget_type=\"heading.default\">\n\t\t\t\t<div class=\"elementor-widget-container\">\n\t\t\t\t\t<h2 class=\"elementor-heading-title elementor-size-default\">El\u0151nye<\/h2>\t\t\t\t<\/div>\n\t\t\t\t<\/div>\n\t\t\t\t<div class=\"elementor-element elementor-element-57062da3 elementor-icon-list--layout-traditional elementor-list-item-link-full_width elementor-widget elementor-widget-icon-list\" data-id=\"57062da3\" data-element_type=\"widget\" data-e-type=\"widget\" data-widget_type=\"icon-list.default\">\n\t\t\t\t<div class=\"elementor-widget-container\">\n\t\t\t\t\t\t\t<ul class=\"elementor-icon-list-items\">\n\t\t\t\t\t\t\t<li class=\"elementor-icon-list-item\">\n\t\t\t\t\t\t\t\t\t\t\t<span class=\"elementor-icon-list-icon\">\n\t\t\t\t\t\t\t<svg aria-hidden=\"true\" class=\"e-font-icon-svg e-fas-circle\" viewBox=\"0 0 512 512\" xmlns=\"http:\/\/www.w3.org\/2000\/svg\"><path d=\"M256 8C119 8 8 119 8 256s111 248 248 248 248-111 248-248S393 8 256 8z\"><\/path><\/svg>\t\t\t\t\t\t<\/span>\n\t\t\t\t\t\t\t\t\t\t<span class=\"elementor-icon-list-text\">Egyenletes h\u0151eloszt\u00e1s az Akkutherm kapszulatalpnak k\u00f6sz\u00f6nhet\u0151en<\/span>\n\t\t\t\t\t\t\t\t\t<\/li>\n\t\t\t\t\t\t\t\t<li class=\"elementor-icon-list-item\">\n\t\t\t\t\t\t\t\t\t\t\t<span class=\"elementor-icon-list-icon\">\n\t\t\t\t\t\t\t<svg aria-hidden=\"true\" class=\"e-font-icon-svg e-fas-circle\" viewBox=\"0 0 512 512\" xmlns=\"http:\/\/www.w3.org\/2000\/svg\"><path d=\"M256 8C119 8 8 119 8 256s111 248 248 248 248-111 248-248S393 8 256 8z\"><\/path><\/svg>\t\t\t\t\t\t<\/span>\n\t\t\t\t\t\t\t\t\t\t<span class=\"elementor-icon-list-text\">T\u00f6k\u00e9letes h\u0151m\u00e9rs\u00e9klet-szab\u00e1lyoz\u00e1s a grills\u00fct\u0151 serpeny\u0151ben a Visiotherm h\u0151m\u00e9rs\u00e9kletjelz\u0151vel<\/span>\n\t\t\t\t\t\t\t\t\t<\/li>\n\t\t\t\t\t\t\t\t<li class=\"elementor-icon-list-item\">\n\t\t\t\t\t\t\t\t\t\t\t<span class=\"elementor-icon-list-icon\">\n\t\t\t\t\t\t\t<svg aria-hidden=\"true\" class=\"e-font-icon-svg e-fas-circle\" viewBox=\"0 0 512 512\" xmlns=\"http:\/\/www.w3.org\/2000\/svg\"><path d=\"M256 8C119 8 8 119 8 256s111 248 248 248 248-111 248-248S393 8 256 8z\"><\/path><\/svg>\t\t\t\t\t\t<\/span>\n\t\t\t\t\t\t\t\t\t\t<span class=\"elementor-icon-list-text\">Grills\u00fct\u0151 serpeny\u0151 \u00e9s fed\u0151 kiv\u00e1l\u00f3 min\u0151s\u00e9g\u0171 rozsdamentes ac\u00e9lb\u00f3l, mosogat\u00f3g\u00e9pben tiszt\u00edthat\u00f3<\/span>\n\t\t\t\t\t\t\t\t\t<\/li>\n\t\t\t\t\t\t\t\t<li class=\"elementor-icon-list-item\">\n\t\t\t\t\t\t\t\t\t\t\t<span class=\"elementor-icon-list-icon\">\n\t\t\t\t\t\t\t<svg aria-hidden=\"true\" class=\"e-font-icon-svg e-fas-circle\" viewBox=\"0 0 512 512\" xmlns=\"http:\/\/www.w3.org\/2000\/svg\"><path d=\"M256 8C119 8 8 119 8 256s111 248 248 248 248-111 248-248S393 8 256 8z\"><\/path><\/svg>\t\t\t\t\t\t<\/span>\n\t\t\t\t\t\t\t\t\t\t<span class=\"elementor-icon-list-text\">K\u00e9t ergonomikus foganty\u00fa, amelyek a ker\u00e1mia h\u0151szigetel\u0151 Thermobloc rendszernek k\u00f6sz\u00f6nhet\u0151en f\u0151z\u00e9s k\u00f6zben nem melegszenek fel<\/span>\n\t\t\t\t\t\t\t\t\t<\/li>\n\t\t\t\t\t\t\t\t<li class=\"elementor-icon-list-item\">\n\t\t\t\t\t\t\t\t\t\t\t<span class=\"elementor-icon-list-icon\">\n\t\t\t\t\t\t\t<svg aria-hidden=\"true\" class=\"e-font-icon-svg e-fas-circle\" viewBox=\"0 0 512 512\" xmlns=\"http:\/\/www.w3.org\/2000\/svg\"><path d=\"M256 8C119 8 8 119 8 256s111 248 248 248 248-111 248-248S393 8 256 8z\"><\/path><\/svg>\t\t\t\t\t\t<\/span>\n\t\t\t\t\t\t\t\t\t\t<span class=\"elementor-icon-list-text\">A piramis-strukt\u00far\u00e1j\u00fa aljzat garant\u00e1lja a ropog\u00f3s eredm\u00e9nyt, \u00e9s a grillezett \u00e9telek megkapj\u00e1k a jellegzetes grillmint\u00e1zatot.<\/span>\n\t\t\t\t\t\t\t\t\t<\/li>\n\t\t\t\t\t\t<\/ul>\n\t\t\t\t\t\t<\/div>\n\t\t\t\t<\/div>\n\t\t\t\t\t<\/div>\n\t\t\t\t<\/div>\n\t\t\t\t\t<\/div>\n\t\t\t\t<\/div>\n\t\t<div class=\"elementor-element elementor-element-4db9ee2b e-flex e-con-boxed e-con e-parent\" data-id=\"4db9ee2b\" data-element_type=\"container\" data-e-type=\"container\">\n\t\t\t\t\t<div class=\"e-con-inner\">\n\t\t<div class=\"elementor-element elementor-element-1edb1b47 e-flex e-con-boxed e-con e-child\" data-id=\"1edb1b47\" data-element_type=\"container\" data-e-type=\"container\">\n\t\t\t\t\t<div class=\"e-con-inner\">\n\t\t\t\t<div class=\"elementor-element elementor-element-5e370c9a elementor-widget-mobile__width-initial elementor-widget elementor-widget-heading\" data-id=\"5e370c9a\" data-element_type=\"widget\" data-e-type=\"widget\" data-widget_type=\"heading.default\">\n\t\t\t\t<div class=\"elementor-widget-container\">\n\t\t\t\t\t<h2 class=\"elementor-heading-title elementor-size-default\">Term\u00e9kle\u00edr\u00e1s<\/h2>\t\t\t\t<\/div>\n\t\t\t\t<\/div>\n\t\t\t\t<div class=\"elementor-element elementor-element-1232cf3e elementor-widget elementor-widget-text-editor\" data-id=\"1232cf3e\" data-element_type=\"widget\" data-e-type=\"widget\" data-widget_type=\"text-editor.default\">\n\t\t\t\t<div class=\"elementor-widget-container\">\n\t\t\t\t\t\t\t\t\t<p>Az Arondo grills\u00fct\u0151 serpeny\u0151 igazi helytakar\u00e9kos csoda. Lekerek\u00edtett, t\u00e9glalap alakj\u00e1nak k\u00f6sz\u00f6nhet\u0151en t\u00f6k\u00e9letesen elrendezheted benne a h\u00fast, kolb\u00e1szt, z\u00f6lds\u00e9geket \u00e9s sok m\u00e1s finoms\u00e1got, hogy kedvedre grillezhess. Az aljzat piramis-strukt\u00far\u00e1ja k\u00fcl\u00f6n\u00f6sen ropog\u00f3s grillez\u00e9si eredm\u00e9nyt biztos\u00edt, mivel lehet\u0151v\u00e9 teszi a h\u00fasnedvek elvezet\u00e9s\u00e9t. Emellett a grillezett \u00e9telek megkapj\u00e1k a jellegzetes, egyedi grillmint\u00e1zatot. A Navigenio mobil f\u0151z\u0151lappal kombin\u00e1lva az Arondo t\u00f6k\u00e9letes asztali grillez\u0151v\u00e9 v\u00e1lik. Te \u00e9s vend\u00e9geid im\u00e1dni fogj\u00e1tok ezt a grills\u00fct\u0151 serpeny\u0151t! A k\u00e9t ergonomikus foganty\u00fa a ker\u00e1mia h\u0151szigetel\u0151 Thermobloc rendszernek k\u00f6sz\u00f6nhet\u0151en nem melegszik fel, \u00e9s mindig stabil fog\u00e1st biztos\u00edt. Az AMC k\u00f6nnyen tiszt\u00edthat\u00f3, mosogat\u00f3g\u00e9pben moshat\u00f3 serpeny\u0151je t\u00f6k\u00e9letesen z\u00e1r\u00f3d\u00f3, rozsdamentes ac\u00e9l fed\u0151vel rendelkezik. A fed\u0151 gombj\u00e1ba integr\u00e1lt Visiotherm h\u0151m\u00e9rs\u00e9kletjelz\u0151 folyamatosan biztos\u00edtja a t\u00f6k\u00e9letes h\u0151m\u00e9rs\u00e9klet-szab\u00e1lyoz\u00e1st. Az Audiotherm akusztikus vez\u00e9rl\u0151vel egy\u00fctt lehet\u0151v\u00e9 teszi a h\u0151m\u00e9rs\u00e9klet- \u00e9s id\u0151vez\u00e9relt f\u0151z\u00e9st. Mint minden AMC serpeny\u0151, ez is minden t\u0171zhelyt\u00edpushoz, bele\u00e9rtve az indukci\u00f3s f\u0151z\u0151lapokat is, alkalmas. Az \u00f6sszes m\u0171anyag alkatr\u00e9sz elt\u00e1vol\u00edt\u00e1sa ut\u00e1n korl\u00e1tlanul haszn\u00e1lhat\u00f3 s\u00fct\u0151ben is. Ez a kiv\u00e1l\u00f3 min\u0151s\u00e9g\u0171 grills\u00fct\u0151 serpeny\u0151 30 \u00e9v garanci\u00e1val \u00e9s m\u00e9g enn\u00e9l is hosszabb \u00e9lettartammal rendelkezik.<\/p>\t\t\t\t\t\t\t\t<\/div>\n\t\t\t\t<\/div>\n\t\t\t\t\t<\/div>\n\t\t\t\t<\/div>\n\t\t\t\t\t<\/div>\n\t\t\t\t<\/div>\n\t\t<div class=\"elementor-element elementor-element-550b0c5 e-flex e-con-boxed e-con e-parent\" data-id=\"550b0c5\" data-element_type=\"container\" data-e-type=\"container\" data-settings=\"{&quot;background_background&quot;:&quot;classic&quot;}\">\n\t\t\t\t\t<div class=\"e-con-inner\">\n\t\t\t\t<div class=\"elementor-element elementor-element-28969afb elementor-widget elementor-widget-heading\" data-id=\"28969afb\" data-element_type=\"widget\" data-e-type=\"widget\" data-widget_type=\"heading.default\">\n\t\t\t\t<div class=\"elementor-widget-container\">\n\t\t\t\t\t<h2 class=\"elementor-heading-title elementor-size-default\">Szeretn\u00e9 term\u00e9keinket \u00e9l\u0151ben is megtapasztalni?<\/h2>\t\t\t\t<\/div>\n\t\t\t\t<\/div>\n\t\t\t\t<div class=\"elementor-element elementor-element-12b0bd81 elementor-widget elementor-widget-heading\" data-id=\"12b0bd81\" data-element_type=\"widget\" data-e-type=\"widget\" data-widget_type=\"heading.default\">\n\t\t\t\t<div class=\"elementor-widget-container\">\n\t\t\t\t\t<h2 class=\"elementor-heading-title elementor-size-default\">Foglalja le a nem k\u00f6telez\u0151 AMC f\u0151z\u0151bemutat\u00f3t most!<\/h2>\t\t\t\t<\/div>\n\t\t\t\t<\/div>\n\t\t\t\t<div class=\"elementor-element elementor-element-73cdab0f elementor-widget-mobile__width-inherit elementor-mobile-align-center elementor-widget elementor-widget-button\" data-id=\"73cdab0f\" data-element_type=\"widget\" data-e-type=\"widget\" data-widget_type=\"button.default\">\n\t\t\t\t<div class=\"elementor-widget-container\">\n\t\t\t\t\t\t\t\t\t<div class=\"elementor-button-wrapper\">\n\t\t\t\t\t<a class=\"elementor-button elementor-button-link elementor-size-sm\" href=\"https:\/\/amchungary.hu\/foglalas-az-amc-bemutatora\/\">\n\t\t\t\t\t\t<span class=\"elementor-button-content-wrapper\">\n\t\t\t\t\t\t\t\t\t<span class=\"elementor-button-text\">Foglalom<\/span>\n\t\t\t\t\t<\/span>\n\t\t\t\t\t<\/a>\n\t\t\t\t<\/div>\n\t\t\t\t\t\t\t\t<\/div>\n\t\t\t\t<\/div>\n\t\t\t\t\t<\/div>\n\t\t\t\t<\/div>\n\t\t<div class=\"elementor-element elementor-element-40b33581 e-con-full e-flex e-con e-parent\" data-id=\"40b33581\" data-element_type=\"container\" data-e-type=\"container\">\n\t\t\t\t<div class=\"elementor-element elementor-element-531ee35c elementor-widget-mobile__width-inherit elementor-mobile-align-center elementor-hidden-tablet elementor-hidden-mobile elementor-widget elementor-widget-button\" data-id=\"531ee35c\" data-element_type=\"widget\" data-e-type=\"widget\" data-settings=\"{&quot;sticky&quot;:&quot;bottom&quot;,&quot;sticky_on&quot;:[&quot;desktop&quot;],&quot;sticky_offset&quot;:0,&quot;sticky_effects_offset&quot;:0,&quot;sticky_anchor_link_offset&quot;:0}\" data-widget_type=\"button.default\">\n\t\t\t\t<div class=\"elementor-widget-container\">\n\t\t\t\t\t\t\t\t\t<div class=\"elementor-button-wrapper\">\n\t\t\t\t\t<a class=\"elementor-button elementor-button-link elementor-size-sm\" href=\"https:\/\/amchungary.hu\/sr\/foglalas-az-amc-bemutatora\/\">\n\t\t\t\t\t\t<span class=\"elementor-button-content-wrapper\">\n\t\t\t\t\t\t\t\t\t<span class=\"elementor-button-text\">Id\u0151pont foglal\u00e1s<\/span>\n\t\t\t\t\t<\/span>\n\t\t\t\t\t<\/a>\n\t\t\t\t<\/div>\n\t\t\t\t\t\t\t\t<\/div>\n\t\t\t\t<\/div>\n\t\t\t\t<\/div>\n\t\t\t\t<\/div>\n\t\t","protected":false},"excerpt":{"rendered":"<p>Kiv\u00e1l\u00f3 min\u0151s\u00e9g\u0171 rozsdamentes ac\u00e9lb\u00f3l k\u00e9sz\u00fclt grillserpeny\u0151 ak\u00e1r 4 szem\u00e9ly r\u00e9sz\u00e9re T\u00e9glalap alak\u00fa grillserpeny\u0151 fed\u0151vel, steakekhez, halhoz \u00e9s z\u00f6lds\u00e9gekhez. El\u0151nye Egyenletes h\u0151eloszt\u00e1s az Akkutherm kapszulatalpnak k\u00f6sz\u00f6nhet\u0151en T\u00f6k\u00e9letes h\u0151m\u00e9rs\u00e9klet-szab\u00e1lyoz\u00e1s a grills\u00fct\u0151 serpeny\u0151ben a Visiotherm h\u0151m\u00e9rs\u00e9kletjelz\u0151vel Grills\u00fct\u0151 serpeny\u0151 \u00e9s fed\u0151 kiv\u00e1l\u00f3 min\u0151s\u00e9g\u0171 rozsdamentes ac\u00e9lb\u00f3l, mosogat\u00f3g\u00e9pben tiszt\u00edthat\u00f3 K\u00e9t ergonomikus foganty\u00fa, amelyek a ker\u00e1mia h\u0151szigetel\u0151 Thermobloc rendszernek k\u00f6sz\u00f6nhet\u0151en f\u0151z\u00e9s k\u00f6zben [&hellip;]<\/p>\n","protected":false},"author":1,"featured_media":0,"parent":1911,"menu_order":0,"comment_status":"closed","ping_status":"closed","template":"","meta":{"footnotes":""},"class_list":["post-2256","page","type-page","status-publish","hentry"],"yoast_head":"<!-- This site is optimized with the Yoast SEO Premium plugin v27.6 (Yoast SEO v27.6) - https:\/\/yoast.com\/product\/yoast-seo-premium-wordpress\/ -->\n<title>Grill serpeny\u0151 28 cm, 1,6 l Arondo Grill - AMC Hungary<\/title>\n<meta name=\"robots\" content=\"index, follow, max-snippet:-1, max-image-preview:large, max-video-preview:-1\" \/>\n<link rel=\"canonical\" href=\"https:\/\/amchungary.hu\/sr\/termekek\/serpenyok\/grill-serpenyo-28-cm-16-l-arondo-grill\/\" \/>\n<meta property=\"og:locale\" content=\"sr_RS\" \/>\n<meta property=\"og:type\" content=\"article\" \/>\n<meta property=\"og:title\" content=\"Grill serpeny\u0151 28 cm, 1,6 l Arondo Grill\" \/>\n<meta property=\"og:description\" content=\"Kiv\u00e1l\u00f3 min\u0151s\u00e9g\u0171 rozsdamentes ac\u00e9lb\u00f3l k\u00e9sz\u00fclt grillserpeny\u0151 ak\u00e1r 4 szem\u00e9ly r\u00e9sz\u00e9re T\u00e9glalap alak\u00fa grillserpeny\u0151 fed\u0151vel, steakekhez, halhoz \u00e9s z\u00f6lds\u00e9gekhez. El\u0151nye Egyenletes h\u0151eloszt\u00e1s az Akkutherm kapszulatalpnak k\u00f6sz\u00f6nhet\u0151en T\u00f6k\u00e9letes h\u0151m\u00e9rs\u00e9klet-szab\u00e1lyoz\u00e1s a grills\u00fct\u0151 serpeny\u0151ben a Visiotherm h\u0151m\u00e9rs\u00e9kletjelz\u0151vel Grills\u00fct\u0151 serpeny\u0151 \u00e9s fed\u0151 kiv\u00e1l\u00f3 min\u0151s\u00e9g\u0171 rozsdamentes ac\u00e9lb\u00f3l, mosogat\u00f3g\u00e9pben tiszt\u00edthat\u00f3 K\u00e9t ergonomikus foganty\u00fa, amelyek a ker\u00e1mia h\u0151szigetel\u0151 Thermobloc rendszernek k\u00f6sz\u00f6nhet\u0151en f\u0151z\u00e9s k\u00f6zben [&hellip;]\" \/>\n<meta property=\"og:url\" content=\"https:\/\/amchungary.hu\/sr\/termekek\/serpenyok\/grill-serpenyo-28-cm-16-l-arondo-grill\/\" \/>\n<meta property=\"og:site_name\" content=\"AMC Hungary\" \/>\n<meta property=\"article:publisher\" content=\"https:\/\/www.facebook.com\/people\/AMC-Hungary\/61570426203273\/\" \/>\n<meta property=\"article:modified_time\" content=\"2026-01-13T21:11:31+00:00\" \/>\n<meta name=\"twitter:card\" content=\"summary_large_image\" \/>\n<meta name=\"twitter:label1\" content=\"\u041f\u0440\u043e\u0446\u0435\u045a\u0435\u043d\u043e \u0432\u0440\u0435\u043c\u0435 \u0447\u0438\u0442\u0430\u045a\u0430\" \/>\n\t<meta name=\"twitter:data1\" content=\"2 \u043c\u0438\u043d\u0443\u0442\u0430\" \/>\n<script type=\"application\/ld+json\" class=\"yoast-schema-graph\">{\"@context\":\"https:\\\/\\\/schema.org\",\"@graph\":[{\"@type\":\"WebPage\",\"@id\":\"https:\\\/\\\/amchungary.hu\\\/termekek\\\/serpenyok\\\/grill-serpenyo-28-cm-16-l-arondo-grill\\\/\",\"url\":\"https:\\\/\\\/amchungary.hu\\\/termekek\\\/serpenyok\\\/grill-serpenyo-28-cm-16-l-arondo-grill\\\/\",\"name\":\"Grill serpeny\u0151 28 cm, 1,6 l Arondo Grill - AMC Hungary\",\"isPartOf\":{\"@id\":\"https:\\\/\\\/amchungary.hu\\\/#website\"},\"datePublished\":\"2024-12-29T14:05:00+00:00\",\"dateModified\":\"2026-01-13T21:11:31+00:00\",\"breadcrumb\":{\"@id\":\"https:\\\/\\\/amchungary.hu\\\/termekek\\\/serpenyok\\\/grill-serpenyo-28-cm-16-l-arondo-grill\\\/#breadcrumb\"},\"inLanguage\":\"sr-RS\",\"potentialAction\":[{\"@type\":\"ReadAction\",\"target\":[\"https:\\\/\\\/amchungary.hu\\\/termekek\\\/serpenyok\\\/grill-serpenyo-28-cm-16-l-arondo-grill\\\/\"]}]},{\"@type\":\"BreadcrumbList\",\"@id\":\"https:\\\/\\\/amchungary.hu\\\/termekek\\\/serpenyok\\\/grill-serpenyo-28-cm-16-l-arondo-grill\\\/#breadcrumb\",\"itemListElement\":[{\"@type\":\"ListItem\",\"position\":1,\"name\":\"Home\",\"item\":\"https:\\\/\\\/amchungary.hu\\\/\"},{\"@type\":\"ListItem\",\"position\":2,\"name\":\"Term\u00e9kek\",\"item\":\"https:\\\/\\\/amchungary.hu\\\/termekek\\\/\"},{\"@type\":\"ListItem\",\"position\":3,\"name\":\"Serpeny\u0151k\",\"item\":\"https:\\\/\\\/amchungary.hu\\\/termekek\\\/serpenyok\\\/\"},{\"@type\":\"ListItem\",\"position\":4,\"name\":\"Grill serpeny\u0151 28 cm, 1,6 l Arondo Grill\"}]},{\"@type\":\"WebSite\",\"@id\":\"https:\\\/\\\/amchungary.hu\\\/#website\",\"url\":\"https:\\\/\\\/amchungary.hu\\\/\",\"name\":\"AMC Hungary\",\"description\":\"\",\"publisher\":{\"@id\":\"https:\\\/\\\/amchungary.hu\\\/#organization\"},\"potentialAction\":[{\"@type\":\"SearchAction\",\"target\":{\"@type\":\"EntryPoint\",\"urlTemplate\":\"https:\\\/\\\/amchungary.hu\\\/?s={search_term_string}\"},\"query-input\":{\"@type\":\"PropertyValueSpecification\",\"valueRequired\":true,\"valueName\":\"search_term_string\"}}],\"inLanguage\":\"sr-RS\"},{\"@type\":\"Organization\",\"@id\":\"https:\\\/\\\/amchungary.hu\\\/#organization\",\"name\":\"AMC Hungary\",\"url\":\"https:\\\/\\\/amchungary.hu\\\/\",\"logo\":{\"@type\":\"ImageObject\",\"inLanguage\":\"sr-RS\",\"@id\":\"https:\\\/\\\/amchungary.hu\\\/#\\\/schema\\\/logo\\\/image\\\/\",\"url\":\"https:\\\/\\\/amchungary.hu\\\/wp-content\\\/uploads\\\/2025\\\/09\\\/AMC_Logo_outline_bw_1-1.avif\",\"contentUrl\":\"https:\\\/\\\/amchungary.hu\\\/wp-content\\\/uploads\\\/2025\\\/09\\\/AMC_Logo_outline_bw_1-1.avif\",\"width\":180,\"height\":120,\"caption\":\"AMC Hungary\"},\"image\":{\"@id\":\"https:\\\/\\\/amchungary.hu\\\/#\\\/schema\\\/logo\\\/image\\\/\"},\"sameAs\":[\"https:\\\/\\\/www.facebook.com\\\/people\\\/AMC-Hungary\\\/61570426203273\\\/\",\"https:\\\/\\\/www.instagram.com\\\/amchungary\\\/\",\"https:\\\/\\\/www.youtube.com\\\/@AMCHUNGARY\",\"https:\\\/\\\/www.tiktok.com\\\/@amchungary\"]}]}<\/script>\n<!-- \/ Yoast SEO Premium plugin. -->","yoast_head_json":{"title":"Grill serpeny\u0151 28 cm, 1,6 l Arondo Grill - AMC Hungary","robots":{"index":"index","follow":"follow","max-snippet":"max-snippet:-1","max-image-preview":"max-image-preview:large","max-video-preview":"max-video-preview:-1"},"canonical":"https:\/\/amchungary.hu\/sr\/termekek\/serpenyok\/grill-serpenyo-28-cm-16-l-arondo-grill\/","og_locale":"sr_RS","og_type":"article","og_title":"Grill serpeny\u0151 28 cm, 1,6 l Arondo Grill","og_description":"Kiv\u00e1l\u00f3 min\u0151s\u00e9g\u0171 rozsdamentes ac\u00e9lb\u00f3l k\u00e9sz\u00fclt grillserpeny\u0151 ak\u00e1r 4 szem\u00e9ly r\u00e9sz\u00e9re T\u00e9glalap alak\u00fa grillserpeny\u0151 fed\u0151vel, steakekhez, halhoz \u00e9s z\u00f6lds\u00e9gekhez. El\u0151nye Egyenletes h\u0151eloszt\u00e1s az Akkutherm kapszulatalpnak k\u00f6sz\u00f6nhet\u0151en T\u00f6k\u00e9letes h\u0151m\u00e9rs\u00e9klet-szab\u00e1lyoz\u00e1s a grills\u00fct\u0151 serpeny\u0151ben a Visiotherm h\u0151m\u00e9rs\u00e9kletjelz\u0151vel Grills\u00fct\u0151 serpeny\u0151 \u00e9s fed\u0151 kiv\u00e1l\u00f3 min\u0151s\u00e9g\u0171 rozsdamentes ac\u00e9lb\u00f3l, mosogat\u00f3g\u00e9pben tiszt\u00edthat\u00f3 K\u00e9t ergonomikus foganty\u00fa, amelyek a ker\u00e1mia h\u0151szigetel\u0151 Thermobloc rendszernek k\u00f6sz\u00f6nhet\u0151en f\u0151z\u00e9s k\u00f6zben [&hellip;]","og_url":"https:\/\/amchungary.hu\/sr\/termekek\/serpenyok\/grill-serpenyo-28-cm-16-l-arondo-grill\/","og_site_name":"AMC Hungary","article_publisher":"https:\/\/www.facebook.com\/people\/AMC-Hungary\/61570426203273\/","article_modified_time":"2026-01-13T21:11:31+00:00","twitter_card":"summary_large_image","twitter_misc":{"\u041f\u0440\u043e\u0446\u0435\u045a\u0435\u043d\u043e \u0432\u0440\u0435\u043c\u0435 \u0447\u0438\u0442\u0430\u045a\u0430":"2 \u043c\u0438\u043d\u0443\u0442\u0430"},"schema":{"@context":"https:\/\/schema.org","@graph":[{"@type":"WebPage","@id":"https:\/\/amchungary.hu\/termekek\/serpenyok\/grill-serpenyo-28-cm-16-l-arondo-grill\/","url":"https:\/\/amchungary.hu\/termekek\/serpenyok\/grill-serpenyo-28-cm-16-l-arondo-grill\/","name":"Grill serpeny\u0151 28 cm, 1,6 l Arondo Grill - AMC Hungary","isPartOf":{"@id":"https:\/\/amchungary.hu\/#website"},"datePublished":"2024-12-29T14:05:00+00:00","dateModified":"2026-01-13T21:11:31+00:00","breadcrumb":{"@id":"https:\/\/amchungary.hu\/termekek\/serpenyok\/grill-serpenyo-28-cm-16-l-arondo-grill\/#breadcrumb"},"inLanguage":"sr-RS","potentialAction":[{"@type":"ReadAction","target":["https:\/\/amchungary.hu\/termekek\/serpenyok\/grill-serpenyo-28-cm-16-l-arondo-grill\/"]}]},{"@type":"BreadcrumbList","@id":"https:\/\/amchungary.hu\/termekek\/serpenyok\/grill-serpenyo-28-cm-16-l-arondo-grill\/#breadcrumb","itemListElement":[{"@type":"ListItem","position":1,"name":"Home","item":"https:\/\/amchungary.hu\/"},{"@type":"ListItem","position":2,"name":"Term\u00e9kek","item":"https:\/\/amchungary.hu\/termekek\/"},{"@type":"ListItem","position":3,"name":"Serpeny\u0151k","item":"https:\/\/amchungary.hu\/termekek\/serpenyok\/"},{"@type":"ListItem","position":4,"name":"Grill serpeny\u0151 28 cm, 1,6 l Arondo Grill"}]},{"@type":"WebSite","@id":"https:\/\/amchungary.hu\/#website","url":"https:\/\/amchungary.hu\/","name":"AMC Hungary","description":"","publisher":{"@id":"https:\/\/amchungary.hu\/#organization"},"potentialAction":[{"@type":"SearchAction","target":{"@type":"EntryPoint","urlTemplate":"https:\/\/amchungary.hu\/?s={search_term_string}"},"query-input":{"@type":"PropertyValueSpecification","valueRequired":true,"valueName":"search_term_string"}}],"inLanguage":"sr-RS"},{"@type":"Organization","@id":"https:\/\/amchungary.hu\/#organization","name":"AMC Hungary","url":"https:\/\/amchungary.hu\/","logo":{"@type":"ImageObject","inLanguage":"sr-RS","@id":"https:\/\/amchungary.hu\/#\/schema\/logo\/image\/","url":"https:\/\/amchungary.hu\/wp-content\/uploads\/2025\/09\/AMC_Logo_outline_bw_1-1.avif","contentUrl":"https:\/\/amchungary.hu\/wp-content\/uploads\/2025\/09\/AMC_Logo_outline_bw_1-1.avif","width":180,"height":120,"caption":"AMC Hungary"},"image":{"@id":"https:\/\/amchungary.hu\/#\/schema\/logo\/image\/"},"sameAs":["https:\/\/www.facebook.com\/people\/AMC-Hungary\/61570426203273\/","https:\/\/www.instagram.com\/amchungary\/","https:\/\/www.youtube.com\/@AMCHUNGARY","https:\/\/www.tiktok.com\/@amchungary"]}]}},"_links":{"self":[{"href":"https:\/\/amchungary.hu\/sr\/wp-json\/wp\/v2\/pages\/2256","targetHints":{"allow":["GET"]}}],"collection":[{"href":"https:\/\/amchungary.hu\/sr\/wp-json\/wp\/v2\/pages"}],"about":[{"href":"https:\/\/amchungary.hu\/sr\/wp-json\/wp\/v2\/types\/page"}],"author":[{"embeddable":true,"href":"https:\/\/amchungary.hu\/sr\/wp-json\/wp\/v2\/users\/1"}],"replies":[{"embeddable":true,"href":"https:\/\/amchungary.hu\/sr\/wp-json\/wp\/v2\/comments?post=2256"}],"version-history":[{"count":0,"href":"https:\/\/amchungary.hu\/sr\/wp-json\/wp\/v2\/pages\/2256\/revisions"}],"up":[{"embeddable":true,"href":"https:\/\/amchungary.hu\/sr\/wp-json\/wp\/v2\/pages\/1911"}],"wp:attachment":[{"href":"https:\/\/amchungary.hu\/sr\/wp-json\/wp\/v2\/media?parent=2256"}],"curies":[{"name":"wp","href":"https:\/\/api.w.org\/{rel}","templated":true}]}}