{"id":2257,"date":"2024-12-29T15:05:01","date_gmt":"2024-12-29T14:05:01","guid":{"rendered":"https:\/\/amchungary.hu\/?page_id=2257"},"modified":"2026-01-13T22:11:21","modified_gmt":"2026-01-13T21:11:21","slug":"serpenyo-20-cm-13-l-hotpan-fogantyuval","status":"publish","type":"page","link":"https:\/\/amchungary.hu\/sr\/termekek\/serpenyok\/serpenyo-20-cm-13-l-hotpan-fogantyuval\/","title":{"rendered":"Serpeny\u0151 20 cm, 1,3 l HotPan foganty\u00faval"},"content":{"rendered":"\t\t<div data-elementor-type=\"wp-page\" data-elementor-id=\"2257\" class=\"elementor elementor-2257\" data-elementor-post-type=\"page\">\n\t\t\t\t<div class=\"elementor-element elementor-element-1ee0f772 e-con-full e-flex e-con e-parent\" data-id=\"1ee0f772\" data-element_type=\"container\" data-e-type=\"container\" data-settings=\"{&quot;background_background&quot;:&quot;classic&quot;}\">\n\t\t\t\t<\/div>\n\t\t<div class=\"elementor-element elementor-element-76ba337e e-flex e-con-boxed e-con e-parent\" data-id=\"76ba337e\" data-element_type=\"container\" data-e-type=\"container\" data-settings=\"{&quot;background_background&quot;:&quot;classic&quot;}\">\n\t\t\t\t\t<div class=\"e-con-inner\">\n\t\t\t\t<div class=\"elementor-element elementor-element-114a7e44 elementor-widget elementor-widget-heading\" data-id=\"114a7e44\" data-element_type=\"widget\" data-e-type=\"widget\" data-widget_type=\"heading.default\">\n\t\t\t\t<div class=\"elementor-widget-container\">\n\t\t\t\t\t<h2 class=\"elementor-heading-title elementor-size-default\">Kiv\u00e1l\u00f3 min\u0151s\u00e9g\u0171 rozsdamentes ac\u00e9lb\u00f3l k\u00e9sz\u00fclt serpeny\u0151 ak\u00e1r 2 szem\u00e9ly r\u00e9sz\u00e9re\n<\/h2>\t\t\t\t<\/div>\n\t\t\t\t<\/div>\n\t\t\t\t<div class=\"elementor-element elementor-element-655048ee elementor-widget elementor-widget-text-editor\" data-id=\"655048ee\" data-element_type=\"widget\" data-e-type=\"widget\" data-widget_type=\"text-editor.default\">\n\t\t\t\t<div class=\"elementor-widget-container\">\n\t\t\t\t\t\t\t\t\t<div class=\"flex max-w-full flex-col flex-grow\"><div class=\"min-h-8 text-message flex w-full flex-col items-end gap-2 whitespace-normal break-words text-start [.text-message+&amp;]:mt-5\" dir=\"auto\" data-message-author-role=\"assistant\" data-message-id=\"4916c27a-e2c6-482d-9a45-153b8cbb5f21\" data-message-model-slug=\"gpt-4o\"><div class=\"flex w-full flex-col gap-1 empty:hidden first:pt-[3px]\"><div class=\"markdown prose w-full break-words dark:prose-invert light\"><p>Kis serpeny\u0151 levehet\u0151 ny\u00e9llel, t\u00f6k\u00e9letes kis adagokhoz, \u00edgy ide\u00e1lis egyed\u00fcl\u00e1ll\u00f3k \u00e9s kis h\u00e1ztart\u00e1sok sz\u00e1m\u00e1ra.<\/p><\/div><\/div><\/div><\/div>\t\t\t\t\t\t\t\t<\/div>\n\t\t\t\t<\/div>\n\t\t\t\t\t<\/div>\n\t\t\t\t<\/div>\n\t\t<div class=\"elementor-element elementor-element-4b0f8098 e-flex e-con-boxed e-con e-parent\" data-id=\"4b0f8098\" data-element_type=\"container\" data-e-type=\"container\">\n\t\t\t\t\t<div class=\"e-con-inner\">\n\t\t<div class=\"elementor-element elementor-element-d2dcb95 e-flex e-con-boxed e-con e-child\" data-id=\"d2dcb95\" data-element_type=\"container\" data-e-type=\"container\">\n\t\t\t\t\t<div class=\"e-con-inner\">\n\t\t\t\t<div class=\"elementor-element elementor-element-23d29702 elementor-widget elementor-widget-heading\" data-id=\"23d29702\" data-element_type=\"widget\" data-e-type=\"widget\" data-widget_type=\"heading.default\">\n\t\t\t\t<div class=\"elementor-widget-container\">\n\t\t\t\t\t<h2 class=\"elementor-heading-title elementor-size-default\">El\u0151nye<\/h2>\t\t\t\t<\/div>\n\t\t\t\t<\/div>\n\t\t\t\t<div class=\"elementor-element elementor-element-1cd0e6df elementor-icon-list--layout-traditional elementor-list-item-link-full_width elementor-widget elementor-widget-icon-list\" data-id=\"1cd0e6df\" data-element_type=\"widget\" data-e-type=\"widget\" data-widget_type=\"icon-list.default\">\n\t\t\t\t<div class=\"elementor-widget-container\">\n\t\t\t\t\t\t\t<ul class=\"elementor-icon-list-items\">\n\t\t\t\t\t\t\t<li class=\"elementor-icon-list-item\">\n\t\t\t\t\t\t\t\t\t\t\t<span class=\"elementor-icon-list-icon\">\n\t\t\t\t\t\t\t<svg aria-hidden=\"true\" class=\"e-font-icon-svg e-fas-circle\" viewBox=\"0 0 512 512\" xmlns=\"http:\/\/www.w3.org\/2000\/svg\"><path d=\"M256 8C119 8 8 119 8 256s111 248 248 248 248-111 248-248S393 8 256 8z\"><\/path><\/svg>\t\t\t\t\t\t<\/span>\n\t\t\t\t\t\t\t\t\t\t<span class=\"elementor-icon-list-text\">Egyenletes h\u0151eloszt\u00e1s az Akkutherm kapszulatalpnak k\u00f6sz\u00f6nhet\u0151en<\/span>\n\t\t\t\t\t\t\t\t\t<\/li>\n\t\t\t\t\t\t\t\t<li class=\"elementor-icon-list-item\">\n\t\t\t\t\t\t\t\t\t\t\t<span class=\"elementor-icon-list-icon\">\n\t\t\t\t\t\t\t<svg aria-hidden=\"true\" class=\"e-font-icon-svg e-fas-circle\" viewBox=\"0 0 512 512\" xmlns=\"http:\/\/www.w3.org\/2000\/svg\"><path d=\"M256 8C119 8 8 119 8 256s111 248 248 248 248-111 248-248S393 8 256 8z\"><\/path><\/svg>\t\t\t\t\t\t<\/span>\n\t\t\t\t\t\t\t\t\t\t<span class=\"elementor-icon-list-text\">T\u00f6k\u00e9letes h\u0151m\u00e9rs\u00e9klet-szab\u00e1lyoz\u00e1s a serpeny\u0151ben a Visiotherm h\u0151m\u00e9rs\u00e9kletjelz\u0151vel<\/span>\n\t\t\t\t\t\t\t\t\t<\/li>\n\t\t\t\t\t\t\t\t<li class=\"elementor-icon-list-item\">\n\t\t\t\t\t\t\t\t\t\t\t<span class=\"elementor-icon-list-icon\">\n\t\t\t\t\t\t\t<svg aria-hidden=\"true\" class=\"e-font-icon-svg e-fas-circle\" viewBox=\"0 0 512 512\" xmlns=\"http:\/\/www.w3.org\/2000\/svg\"><path d=\"M256 8C119 8 8 119 8 256s111 248 248 248 248-111 248-248S393 8 256 8z\"><\/path><\/svg>\t\t\t\t\t\t<\/span>\n\t\t\t\t\t\t\t\t\t\t<span class=\"elementor-icon-list-text\">Serpeny\u0151 \u00e9s fed\u0151 kiv\u00e1l\u00f3 min\u0151s\u00e9g\u0171 rozsdamentes ac\u00e9lb\u00f3l, mosogat\u00f3g\u00e9pben tiszt\u00edthat\u00f3<\/span>\n\t\t\t\t\t\t\t\t\t<\/li>\n\t\t\t\t\t\t\t\t<li class=\"elementor-icon-list-item\">\n\t\t\t\t\t\t\t\t\t\t\t<span class=\"elementor-icon-list-icon\">\n\t\t\t\t\t\t\t<svg aria-hidden=\"true\" class=\"e-font-icon-svg e-fas-circle\" viewBox=\"0 0 512 512\" xmlns=\"http:\/\/www.w3.org\/2000\/svg\"><path d=\"M256 8C119 8 8 119 8 256s111 248 248 248 248-111 248-248S393 8 256 8z\"><\/path><\/svg>\t\t\t\t\t\t<\/span>\n\t\t\t\t\t\t\t\t\t\t<span class=\"elementor-icon-list-text\">Levehet\u0151, nagyon stabil \u00e9s biztons\u00e1gos ny\u00e9l a helytakar\u00e9kos t\u00e1rol\u00e1s \u00e9rdek\u00e9ben<\/span>\n\t\t\t\t\t\t\t\t\t<\/li>\n\t\t\t\t\t\t\t\t<li class=\"elementor-icon-list-item\">\n\t\t\t\t\t\t\t\t\t\t\t<span class=\"elementor-icon-list-icon\">\n\t\t\t\t\t\t\t<svg aria-hidden=\"true\" class=\"e-font-icon-svg e-fas-circle\" viewBox=\"0 0 512 512\" xmlns=\"http:\/\/www.w3.org\/2000\/svg\"><path d=\"M256 8C119 8 8 119 8 256s111 248 248 248 248-111 248-248S393 8 256 8z\"><\/path><\/svg>\t\t\t\t\t\t<\/span>\n\t\t\t\t\t\t\t\t\t\t<span class=\"elementor-icon-list-text\">Magasf\u00e9ny\u0171, struktur\u00e1lt aljzat optim\u00e1lis tapad\u00e1smentes tulajdons\u00e1gokkal, bevonat n\u00e9lk\u00fcl, az eg\u00e9szs\u00e9gtudatos s\u00fct\u00e9shez.<\/span>\n\t\t\t\t\t\t\t\t\t<\/li>\n\t\t\t\t\t\t<\/ul>\n\t\t\t\t\t\t<\/div>\n\t\t\t\t<\/div>\n\t\t\t\t\t<\/div>\n\t\t\t\t<\/div>\n\t\t\t\t\t<\/div>\n\t\t\t\t<\/div>\n\t\t<div class=\"elementor-element elementor-element-52ebb1bc e-flex e-con-boxed e-con e-parent\" data-id=\"52ebb1bc\" data-element_type=\"container\" data-e-type=\"container\">\n\t\t\t\t\t<div class=\"e-con-inner\">\n\t\t<div class=\"elementor-element elementor-element-5b56ae66 e-flex e-con-boxed e-con e-child\" data-id=\"5b56ae66\" data-element_type=\"container\" data-e-type=\"container\">\n\t\t\t\t\t<div class=\"e-con-inner\">\n\t\t\t\t<div class=\"elementor-element elementor-element-62b4b262 elementor-widget-mobile__width-initial elementor-widget elementor-widget-heading\" data-id=\"62b4b262\" data-element_type=\"widget\" data-e-type=\"widget\" data-widget_type=\"heading.default\">\n\t\t\t\t<div class=\"elementor-widget-container\">\n\t\t\t\t\t<h2 class=\"elementor-heading-title elementor-size-default\">Term\u00e9kle\u00edr\u00e1s<\/h2>\t\t\t\t<\/div>\n\t\t\t\t<\/div>\n\t\t\t\t<div class=\"elementor-element elementor-element-199ff20f elementor-widget elementor-widget-text-editor\" data-id=\"199ff20f\" data-element_type=\"widget\" data-e-type=\"widget\" data-widget_type=\"text-editor.default\">\n\t\t\t\t<div class=\"elementor-widget-container\">\n\t\t\t\t\t\t\t\t\t<p>Kis h\u00e1ztart\u00e1sban \u00e9lsz, \u00e9s egy megfelel\u0151 serpeny\u0151t keresel kisebb adagok elk\u00e9sz\u00edt\u00e9s\u00e9hez? Akkor a HotPan csal\u00e1d \u201eKicsije\u201d az ide\u00e1lis serpeny\u0151 sz\u00e1modra. Egy szelet b\u00e9lsz\u00edn, egy karaj vagy n\u00e9h\u00e1ny kolb\u00e1sz pillanatok alatt elk\u00e9sz\u00fcl benne. A magasf\u00e9ny\u0171, struktur\u00e1lt aljzatnak k\u00f6sz\u00f6nhet\u0151en a serpeny\u0151 kiv\u00e1l\u00f3 tapad\u00e1smentes tulajdons\u00e1gokkal rendelkezik bevonat n\u00e9lk\u00fcl, \u00edgy eg\u00e9szs\u00e9gtudatos s\u00fct\u00e9st tesz lehet\u0151v\u00e9. A levehet\u0151, ergonomikus ny\u00e9l biztons\u00e1gos \u00e9s stabil fog\u00e1st biztos\u00edt. A praktikus z\u00e1r\u00f3rendszernek k\u00f6sz\u00f6nhet\u0151en k\u00f6nnyen fel- \u00e9s leszerelhet\u0151, \u00edgy a serpeny\u0151 helytakar\u00e9kosan t\u00e1rolhat\u00f3, vagy ny\u00e9l n\u00e9lk\u00fcl a s\u00fct\u0151ben is haszn\u00e1lhat\u00f3. A k\u00f6nnyen tiszt\u00edthat\u00f3, mosogat\u00f3g\u00e9pben moshat\u00f3 serpeny\u0151 t\u00f6k\u00e9letesen z\u00e1r\u00f3d\u00f3, rozsdamentes ac\u00e9l fed\u0151vel rendelkezik. A fed\u0151 dombor\u00fa kialak\u00edt\u00e1sa m\u00e9g nagyobb t\u00e9rfogatot biztos\u00edt. A fed\u0151 gombj\u00e1ba \u00e9p\u00edtett Visiotherm h\u0151m\u00e9rs\u00e9kletjelz\u0151 folyamatos h\u0151m\u00e9rs\u00e9klet-szab\u00e1lyoz\u00e1st tesz lehet\u0151v\u00e9. Az Audiotherm akusztikus vez\u00e9rl\u0151vel egy\u00fctt haszn\u00e1lva pontos h\u0151m\u00e9rs\u00e9klet- \u00e9s id\u0151vez\u00e9relt f\u0151z\u00e9st k\u00edn\u00e1l. Mint minden AMC serpeny\u0151, ez is alkalmas minden t\u0171zhelyt\u00edpushoz, bele\u00e9rtve az indukci\u00f3s f\u0151z\u0151lapokat is. A ny\u00e9l elt\u00e1vol\u00edt\u00e1sa ut\u00e1n korl\u00e1toz\u00e1s n\u00e9lk\u00fcl haszn\u00e1lhat\u00f3 s\u00fct\u0151ben. Ez a kiv\u00e1l\u00f3 min\u0151s\u00e9g\u0171 serpeny\u0151 30 \u00e9v garanci\u00e1val \u00e9s m\u00e9g enn\u00e9l is hosszabb \u00e9lettartammal rendelkezik.<\/p>\t\t\t\t\t\t\t\t<\/div>\n\t\t\t\t<\/div>\n\t\t\t\t\t<\/div>\n\t\t\t\t<\/div>\n\t\t\t\t\t<\/div>\n\t\t\t\t<\/div>\n\t\t<div class=\"elementor-element elementor-element-1bda9f4e e-flex e-con-boxed e-con e-parent\" data-id=\"1bda9f4e\" data-element_type=\"container\" data-e-type=\"container\" data-settings=\"{&quot;background_background&quot;:&quot;classic&quot;}\">\n\t\t\t\t\t<div class=\"e-con-inner\">\n\t\t\t\t<div class=\"elementor-element elementor-element-51d38dbd elementor-widget elementor-widget-heading\" data-id=\"51d38dbd\" data-element_type=\"widget\" data-e-type=\"widget\" data-widget_type=\"heading.default\">\n\t\t\t\t<div class=\"elementor-widget-container\">\n\t\t\t\t\t<h2 class=\"elementor-heading-title elementor-size-default\">Szeretn\u00e9 term\u00e9keinket \u00e9l\u0151ben is megtapasztalni?<\/h2>\t\t\t\t<\/div>\n\t\t\t\t<\/div>\n\t\t\t\t<div class=\"elementor-element elementor-element-56abcefb elementor-widget elementor-widget-heading\" data-id=\"56abcefb\" data-element_type=\"widget\" data-e-type=\"widget\" data-widget_type=\"heading.default\">\n\t\t\t\t<div class=\"elementor-widget-container\">\n\t\t\t\t\t<h2 class=\"elementor-heading-title elementor-size-default\">Foglalja le a nem k\u00f6telez\u0151 AMC f\u0151z\u0151bemutat\u00f3t most!<\/h2>\t\t\t\t<\/div>\n\t\t\t\t<\/div>\n\t\t\t\t<div class=\"elementor-element elementor-element-780fe95e elementor-widget-mobile__width-inherit elementor-mobile-align-center elementor-widget elementor-widget-button\" data-id=\"780fe95e\" data-element_type=\"widget\" data-e-type=\"widget\" data-widget_type=\"button.default\">\n\t\t\t\t<div class=\"elementor-widget-container\">\n\t\t\t\t\t\t\t\t\t<div class=\"elementor-button-wrapper\">\n\t\t\t\t\t<a class=\"elementor-button elementor-button-link elementor-size-sm\" href=\"https:\/\/amchungary.hu\/foglalas-az-amc-bemutatora\/\">\n\t\t\t\t\t\t<span class=\"elementor-button-content-wrapper\">\n\t\t\t\t\t\t\t\t\t<span class=\"elementor-button-text\">Foglalom<\/span>\n\t\t\t\t\t<\/span>\n\t\t\t\t\t<\/a>\n\t\t\t\t<\/div>\n\t\t\t\t\t\t\t\t<\/div>\n\t\t\t\t<\/div>\n\t\t\t\t\t<\/div>\n\t\t\t\t<\/div>\n\t\t<div class=\"elementor-element elementor-element-46296c6 e-con-full e-flex e-con e-parent\" data-id=\"46296c6\" data-element_type=\"container\" data-e-type=\"container\">\n\t\t\t\t<div class=\"elementor-element elementor-element-5cca1791 elementor-widget-mobile__width-inherit elementor-mobile-align-center elementor-hidden-tablet elementor-hidden-mobile elementor-widget elementor-widget-button\" data-id=\"5cca1791\" data-element_type=\"widget\" data-e-type=\"widget\" data-settings=\"{&quot;sticky&quot;:&quot;bottom&quot;,&quot;sticky_on&quot;:[&quot;desktop&quot;],&quot;sticky_offset&quot;:0,&quot;sticky_effects_offset&quot;:0,&quot;sticky_anchor_link_offset&quot;:0}\" data-widget_type=\"button.default\">\n\t\t\t\t<div class=\"elementor-widget-container\">\n\t\t\t\t\t\t\t\t\t<div class=\"elementor-button-wrapper\">\n\t\t\t\t\t<a class=\"elementor-button elementor-button-link elementor-size-sm\" href=\"https:\/\/amchungary.hu\/sr\/foglalas-az-amc-bemutatora\/\">\n\t\t\t\t\t\t<span class=\"elementor-button-content-wrapper\">\n\t\t\t\t\t\t\t\t\t<span class=\"elementor-button-text\">Id\u0151pont foglal\u00e1s<\/span>\n\t\t\t\t\t<\/span>\n\t\t\t\t\t<\/a>\n\t\t\t\t<\/div>\n\t\t\t\t\t\t\t\t<\/div>\n\t\t\t\t<\/div>\n\t\t\t\t<\/div>\n\t\t\t\t<\/div>\n\t\t","protected":false},"excerpt":{"rendered":"<p>Kiv\u00e1l\u00f3 min\u0151s\u00e9g\u0171 rozsdamentes ac\u00e9lb\u00f3l k\u00e9sz\u00fclt serpeny\u0151 ak\u00e1r 2 szem\u00e9ly r\u00e9sz\u00e9re Kis serpeny\u0151 levehet\u0151 ny\u00e9llel, t\u00f6k\u00e9letes kis adagokhoz, \u00edgy ide\u00e1lis egyed\u00fcl\u00e1ll\u00f3k \u00e9s kis h\u00e1ztart\u00e1sok sz\u00e1m\u00e1ra. El\u0151nye Egyenletes h\u0151eloszt\u00e1s az Akkutherm kapszulatalpnak k\u00f6sz\u00f6nhet\u0151en T\u00f6k\u00e9letes h\u0151m\u00e9rs\u00e9klet-szab\u00e1lyoz\u00e1s a serpeny\u0151ben a Visiotherm h\u0151m\u00e9rs\u00e9kletjelz\u0151vel Serpeny\u0151 \u00e9s fed\u0151 kiv\u00e1l\u00f3 min\u0151s\u00e9g\u0171 rozsdamentes ac\u00e9lb\u00f3l, mosogat\u00f3g\u00e9pben tiszt\u00edthat\u00f3 Levehet\u0151, nagyon stabil \u00e9s biztons\u00e1gos ny\u00e9l a helytakar\u00e9kos [&hellip;]<\/p>\n","protected":false},"author":1,"featured_media":0,"parent":1911,"menu_order":0,"comment_status":"closed","ping_status":"closed","template":"","meta":{"footnotes":""},"class_list":["post-2257","page","type-page","status-publish","hentry"],"yoast_head":"<!-- This site is optimized with the Yoast SEO Premium plugin v27.6 (Yoast SEO v27.6) - https:\/\/yoast.com\/product\/yoast-seo-premium-wordpress\/ -->\n<title>Serpeny\u0151 20 cm, 1,3 l HotPan foganty\u00faval - AMC Hungary<\/title>\n<meta name=\"robots\" content=\"index, follow, max-snippet:-1, max-image-preview:large, max-video-preview:-1\" \/>\n<link rel=\"canonical\" href=\"https:\/\/amchungary.hu\/sr\/termekek\/serpenyok\/serpenyo-20-cm-13-l-hotpan-fogantyuval\/\" \/>\n<meta property=\"og:locale\" content=\"sr_RS\" \/>\n<meta property=\"og:type\" content=\"article\" \/>\n<meta property=\"og:title\" content=\"Serpeny\u0151 20 cm, 1,3 l HotPan foganty\u00faval\" \/>\n<meta property=\"og:description\" content=\"Kiv\u00e1l\u00f3 min\u0151s\u00e9g\u0171 rozsdamentes ac\u00e9lb\u00f3l k\u00e9sz\u00fclt serpeny\u0151 ak\u00e1r 2 szem\u00e9ly r\u00e9sz\u00e9re Kis serpeny\u0151 levehet\u0151 ny\u00e9llel, t\u00f6k\u00e9letes kis adagokhoz, \u00edgy ide\u00e1lis egyed\u00fcl\u00e1ll\u00f3k \u00e9s kis h\u00e1ztart\u00e1sok sz\u00e1m\u00e1ra. El\u0151nye Egyenletes h\u0151eloszt\u00e1s az Akkutherm kapszulatalpnak k\u00f6sz\u00f6nhet\u0151en T\u00f6k\u00e9letes h\u0151m\u00e9rs\u00e9klet-szab\u00e1lyoz\u00e1s a serpeny\u0151ben a Visiotherm h\u0151m\u00e9rs\u00e9kletjelz\u0151vel Serpeny\u0151 \u00e9s fed\u0151 kiv\u00e1l\u00f3 min\u0151s\u00e9g\u0171 rozsdamentes ac\u00e9lb\u00f3l, mosogat\u00f3g\u00e9pben tiszt\u00edthat\u00f3 Levehet\u0151, nagyon stabil \u00e9s biztons\u00e1gos ny\u00e9l a helytakar\u00e9kos [&hellip;]\" \/>\n<meta property=\"og:url\" content=\"https:\/\/amchungary.hu\/sr\/termekek\/serpenyok\/serpenyo-20-cm-13-l-hotpan-fogantyuval\/\" \/>\n<meta property=\"og:site_name\" content=\"AMC Hungary\" \/>\n<meta property=\"article:publisher\" content=\"https:\/\/www.facebook.com\/people\/AMC-Hungary\/61570426203273\/\" \/>\n<meta property=\"article:modified_time\" content=\"2026-01-13T21:11:21+00:00\" \/>\n<meta name=\"twitter:card\" content=\"summary_large_image\" \/>\n<meta name=\"twitter:label1\" content=\"\u041f\u0440\u043e\u0446\u0435\u045a\u0435\u043d\u043e \u0432\u0440\u0435\u043c\u0435 \u0447\u0438\u0442\u0430\u045a\u0430\" \/>\n\t<meta name=\"twitter:data1\" content=\"2 \u043c\u0438\u043d\u0443\u0442\u0430\" \/>\n<script type=\"application\/ld+json\" class=\"yoast-schema-graph\">{\"@context\":\"https:\\\/\\\/schema.org\",\"@graph\":[{\"@type\":\"WebPage\",\"@id\":\"https:\\\/\\\/amchungary.hu\\\/termekek\\\/serpenyok\\\/serpenyo-20-cm-13-l-hotpan-fogantyuval\\\/\",\"url\":\"https:\\\/\\\/amchungary.hu\\\/termekek\\\/serpenyok\\\/serpenyo-20-cm-13-l-hotpan-fogantyuval\\\/\",\"name\":\"Serpeny\u0151 20 cm, 1,3 l HotPan foganty\u00faval - AMC Hungary\",\"isPartOf\":{\"@id\":\"https:\\\/\\\/amchungary.hu\\\/#website\"},\"datePublished\":\"2024-12-29T14:05:01+00:00\",\"dateModified\":\"2026-01-13T21:11:21+00:00\",\"breadcrumb\":{\"@id\":\"https:\\\/\\\/amchungary.hu\\\/termekek\\\/serpenyok\\\/serpenyo-20-cm-13-l-hotpan-fogantyuval\\\/#breadcrumb\"},\"inLanguage\":\"sr-RS\",\"potentialAction\":[{\"@type\":\"ReadAction\",\"target\":[\"https:\\\/\\\/amchungary.hu\\\/termekek\\\/serpenyok\\\/serpenyo-20-cm-13-l-hotpan-fogantyuval\\\/\"]}]},{\"@type\":\"BreadcrumbList\",\"@id\":\"https:\\\/\\\/amchungary.hu\\\/termekek\\\/serpenyok\\\/serpenyo-20-cm-13-l-hotpan-fogantyuval\\\/#breadcrumb\",\"itemListElement\":[{\"@type\":\"ListItem\",\"position\":1,\"name\":\"Home\",\"item\":\"https:\\\/\\\/amchungary.hu\\\/\"},{\"@type\":\"ListItem\",\"position\":2,\"name\":\"Term\u00e9kek\",\"item\":\"https:\\\/\\\/amchungary.hu\\\/termekek\\\/\"},{\"@type\":\"ListItem\",\"position\":3,\"name\":\"Serpeny\u0151k\",\"item\":\"https:\\\/\\\/amchungary.hu\\\/termekek\\\/serpenyok\\\/\"},{\"@type\":\"ListItem\",\"position\":4,\"name\":\"Serpeny\u0151 20 cm, 1,3 l HotPan foganty\u00faval\"}]},{\"@type\":\"WebSite\",\"@id\":\"https:\\\/\\\/amchungary.hu\\\/#website\",\"url\":\"https:\\\/\\\/amchungary.hu\\\/\",\"name\":\"AMC Hungary\",\"description\":\"\",\"publisher\":{\"@id\":\"https:\\\/\\\/amchungary.hu\\\/#organization\"},\"potentialAction\":[{\"@type\":\"SearchAction\",\"target\":{\"@type\":\"EntryPoint\",\"urlTemplate\":\"https:\\\/\\\/amchungary.hu\\\/?s={search_term_string}\"},\"query-input\":{\"@type\":\"PropertyValueSpecification\",\"valueRequired\":true,\"valueName\":\"search_term_string\"}}],\"inLanguage\":\"sr-RS\"},{\"@type\":\"Organization\",\"@id\":\"https:\\\/\\\/amchungary.hu\\\/#organization\",\"name\":\"AMC Hungary\",\"url\":\"https:\\\/\\\/amchungary.hu\\\/\",\"logo\":{\"@type\":\"ImageObject\",\"inLanguage\":\"sr-RS\",\"@id\":\"https:\\\/\\\/amchungary.hu\\\/#\\\/schema\\\/logo\\\/image\\\/\",\"url\":\"https:\\\/\\\/amchungary.hu\\\/wp-content\\\/uploads\\\/2025\\\/09\\\/AMC_Logo_outline_bw_1-1.avif\",\"contentUrl\":\"https:\\\/\\\/amchungary.hu\\\/wp-content\\\/uploads\\\/2025\\\/09\\\/AMC_Logo_outline_bw_1-1.avif\",\"width\":180,\"height\":120,\"caption\":\"AMC Hungary\"},\"image\":{\"@id\":\"https:\\\/\\\/amchungary.hu\\\/#\\\/schema\\\/logo\\\/image\\\/\"},\"sameAs\":[\"https:\\\/\\\/www.facebook.com\\\/people\\\/AMC-Hungary\\\/61570426203273\\\/\",\"https:\\\/\\\/www.instagram.com\\\/amchungary\\\/\",\"https:\\\/\\\/www.youtube.com\\\/@AMCHUNGARY\",\"https:\\\/\\\/www.tiktok.com\\\/@amchungary\"]}]}<\/script>\n<!-- \/ Yoast SEO Premium plugin. -->","yoast_head_json":{"title":"Serpeny\u0151 20 cm, 1,3 l HotPan foganty\u00faval - AMC Hungary","robots":{"index":"index","follow":"follow","max-snippet":"max-snippet:-1","max-image-preview":"max-image-preview:large","max-video-preview":"max-video-preview:-1"},"canonical":"https:\/\/amchungary.hu\/sr\/termekek\/serpenyok\/serpenyo-20-cm-13-l-hotpan-fogantyuval\/","og_locale":"sr_RS","og_type":"article","og_title":"Serpeny\u0151 20 cm, 1,3 l HotPan foganty\u00faval","og_description":"Kiv\u00e1l\u00f3 min\u0151s\u00e9g\u0171 rozsdamentes ac\u00e9lb\u00f3l k\u00e9sz\u00fclt serpeny\u0151 ak\u00e1r 2 szem\u00e9ly r\u00e9sz\u00e9re Kis serpeny\u0151 levehet\u0151 ny\u00e9llel, t\u00f6k\u00e9letes kis adagokhoz, \u00edgy ide\u00e1lis egyed\u00fcl\u00e1ll\u00f3k \u00e9s kis h\u00e1ztart\u00e1sok sz\u00e1m\u00e1ra. El\u0151nye Egyenletes h\u0151eloszt\u00e1s az Akkutherm kapszulatalpnak k\u00f6sz\u00f6nhet\u0151en T\u00f6k\u00e9letes h\u0151m\u00e9rs\u00e9klet-szab\u00e1lyoz\u00e1s a serpeny\u0151ben a Visiotherm h\u0151m\u00e9rs\u00e9kletjelz\u0151vel Serpeny\u0151 \u00e9s fed\u0151 kiv\u00e1l\u00f3 min\u0151s\u00e9g\u0171 rozsdamentes ac\u00e9lb\u00f3l, mosogat\u00f3g\u00e9pben tiszt\u00edthat\u00f3 Levehet\u0151, nagyon stabil \u00e9s biztons\u00e1gos ny\u00e9l a helytakar\u00e9kos [&hellip;]","og_url":"https:\/\/amchungary.hu\/sr\/termekek\/serpenyok\/serpenyo-20-cm-13-l-hotpan-fogantyuval\/","og_site_name":"AMC Hungary","article_publisher":"https:\/\/www.facebook.com\/people\/AMC-Hungary\/61570426203273\/","article_modified_time":"2026-01-13T21:11:21+00:00","twitter_card":"summary_large_image","twitter_misc":{"\u041f\u0440\u043e\u0446\u0435\u045a\u0435\u043d\u043e \u0432\u0440\u0435\u043c\u0435 \u0447\u0438\u0442\u0430\u045a\u0430":"2 \u043c\u0438\u043d\u0443\u0442\u0430"},"schema":{"@context":"https:\/\/schema.org","@graph":[{"@type":"WebPage","@id":"https:\/\/amchungary.hu\/termekek\/serpenyok\/serpenyo-20-cm-13-l-hotpan-fogantyuval\/","url":"https:\/\/amchungary.hu\/termekek\/serpenyok\/serpenyo-20-cm-13-l-hotpan-fogantyuval\/","name":"Serpeny\u0151 20 cm, 1,3 l HotPan foganty\u00faval - AMC Hungary","isPartOf":{"@id":"https:\/\/amchungary.hu\/#website"},"datePublished":"2024-12-29T14:05:01+00:00","dateModified":"2026-01-13T21:11:21+00:00","breadcrumb":{"@id":"https:\/\/amchungary.hu\/termekek\/serpenyok\/serpenyo-20-cm-13-l-hotpan-fogantyuval\/#breadcrumb"},"inLanguage":"sr-RS","potentialAction":[{"@type":"ReadAction","target":["https:\/\/amchungary.hu\/termekek\/serpenyok\/serpenyo-20-cm-13-l-hotpan-fogantyuval\/"]}]},{"@type":"BreadcrumbList","@id":"https:\/\/amchungary.hu\/termekek\/serpenyok\/serpenyo-20-cm-13-l-hotpan-fogantyuval\/#breadcrumb","itemListElement":[{"@type":"ListItem","position":1,"name":"Home","item":"https:\/\/amchungary.hu\/"},{"@type":"ListItem","position":2,"name":"Term\u00e9kek","item":"https:\/\/amchungary.hu\/termekek\/"},{"@type":"ListItem","position":3,"name":"Serpeny\u0151k","item":"https:\/\/amchungary.hu\/termekek\/serpenyok\/"},{"@type":"ListItem","position":4,"name":"Serpeny\u0151 20 cm, 1,3 l HotPan foganty\u00faval"}]},{"@type":"WebSite","@id":"https:\/\/amchungary.hu\/#website","url":"https:\/\/amchungary.hu\/","name":"AMC Hungary","description":"","publisher":{"@id":"https:\/\/amchungary.hu\/#organization"},"potentialAction":[{"@type":"SearchAction","target":{"@type":"EntryPoint","urlTemplate":"https:\/\/amchungary.hu\/?s={search_term_string}"},"query-input":{"@type":"PropertyValueSpecification","valueRequired":true,"valueName":"search_term_string"}}],"inLanguage":"sr-RS"},{"@type":"Organization","@id":"https:\/\/amchungary.hu\/#organization","name":"AMC Hungary","url":"https:\/\/amchungary.hu\/","logo":{"@type":"ImageObject","inLanguage":"sr-RS","@id":"https:\/\/amchungary.hu\/#\/schema\/logo\/image\/","url":"https:\/\/amchungary.hu\/wp-content\/uploads\/2025\/09\/AMC_Logo_outline_bw_1-1.avif","contentUrl":"https:\/\/amchungary.hu\/wp-content\/uploads\/2025\/09\/AMC_Logo_outline_bw_1-1.avif","width":180,"height":120,"caption":"AMC Hungary"},"image":{"@id":"https:\/\/amchungary.hu\/#\/schema\/logo\/image\/"},"sameAs":["https:\/\/www.facebook.com\/people\/AMC-Hungary\/61570426203273\/","https:\/\/www.instagram.com\/amchungary\/","https:\/\/www.youtube.com\/@AMCHUNGARY","https:\/\/www.tiktok.com\/@amchungary"]}]}},"_links":{"self":[{"href":"https:\/\/amchungary.hu\/sr\/wp-json\/wp\/v2\/pages\/2257","targetHints":{"allow":["GET"]}}],"collection":[{"href":"https:\/\/amchungary.hu\/sr\/wp-json\/wp\/v2\/pages"}],"about":[{"href":"https:\/\/amchungary.hu\/sr\/wp-json\/wp\/v2\/types\/page"}],"author":[{"embeddable":true,"href":"https:\/\/amchungary.hu\/sr\/wp-json\/wp\/v2\/users\/1"}],"replies":[{"embeddable":true,"href":"https:\/\/amchungary.hu\/sr\/wp-json\/wp\/v2\/comments?post=2257"}],"version-history":[{"count":0,"href":"https:\/\/amchungary.hu\/sr\/wp-json\/wp\/v2\/pages\/2257\/revisions"}],"up":[{"embeddable":true,"href":"https:\/\/amchungary.hu\/sr\/wp-json\/wp\/v2\/pages\/1911"}],"wp:attachment":[{"href":"https:\/\/amchungary.hu\/sr\/wp-json\/wp\/v2\/media?parent=2257"}],"curies":[{"name":"wp","href":"https:\/\/api.w.org\/{rel}","templated":true}]}}