{"id":2260,"date":"2024-12-29T15:07:44","date_gmt":"2024-12-29T14:07:44","guid":{"rendered":"https:\/\/amchungary.hu\/?page_id=2260"},"modified":"2026-01-13T22:11:23","modified_gmt":"2026-01-13T21:11:23","slug":"serpenyo-20-cm-11-l-serpenyohosszu-nyellel","status":"publish","type":"page","link":"https:\/\/amchungary.hu\/sr\/termekek\/serpenyok\/serpenyo-20-cm-11-l-serpenyohosszu-nyellel\/","title":{"rendered":"Serpeny\u0151 20 cm, 1,1 l Serpeny\u0151hossz\u00fa ny\u00e9llel"},"content":{"rendered":"\t\t<div data-elementor-type=\"wp-page\" data-elementor-id=\"2260\" class=\"elementor elementor-2260\" data-elementor-post-type=\"page\">\n\t\t\t\t<div class=\"elementor-element elementor-element-557d4741 e-con-full e-flex e-con e-parent\" data-id=\"557d4741\" data-element_type=\"container\" data-e-type=\"container\" data-settings=\"{&quot;background_background&quot;:&quot;classic&quot;}\">\n\t\t\t\t<\/div>\n\t\t<div class=\"elementor-element elementor-element-367623df e-flex e-con-boxed e-con e-parent\" data-id=\"367623df\" data-element_type=\"container\" data-e-type=\"container\" data-settings=\"{&quot;background_background&quot;:&quot;classic&quot;}\">\n\t\t\t\t\t<div class=\"e-con-inner\">\n\t\t\t\t<div class=\"elementor-element elementor-element-554edcc9 elementor-widget elementor-widget-heading\" data-id=\"554edcc9\" data-element_type=\"widget\" data-e-type=\"widget\" data-widget_type=\"heading.default\">\n\t\t\t\t<div class=\"elementor-widget-container\">\n\t\t\t\t\t<h2 class=\"elementor-heading-title elementor-size-default\">Kiv\u00e1l\u00f3 min\u0151s\u00e9g\u0171 rozsdamentes ac\u00e9lb\u00f3l k\u00e9sz\u00fclt serpeny\u0151 egy szem\u00e9lyre\n<\/h2>\t\t\t\t<\/div>\n\t\t\t\t<\/div>\n\t\t\t\t<div class=\"elementor-element elementor-element-52cd0de7 elementor-widget elementor-widget-text-editor\" data-id=\"52cd0de7\" data-element_type=\"widget\" data-e-type=\"widget\" data-widget_type=\"text-editor.default\">\n\t\t\t\t<div class=\"elementor-widget-container\">\n\t\t\t\t\t\t\t\t\t<p>Serpeny\u0151 steakek, szelet, halak \u00e9s sok m\u00e1s s\u00fct\u00e9s\u00e9hez.<\/p>\t\t\t\t\t\t\t\t<\/div>\n\t\t\t\t<\/div>\n\t\t\t\t\t<\/div>\n\t\t\t\t<\/div>\n\t\t<div class=\"elementor-element elementor-element-423ec10b e-flex e-con-boxed e-con e-parent\" data-id=\"423ec10b\" data-element_type=\"container\" data-e-type=\"container\">\n\t\t\t\t\t<div class=\"e-con-inner\">\n\t\t<div class=\"elementor-element elementor-element-18a6bc57 e-flex e-con-boxed e-con e-child\" data-id=\"18a6bc57\" data-element_type=\"container\" data-e-type=\"container\">\n\t\t\t\t\t<div class=\"e-con-inner\">\n\t\t\t\t<div class=\"elementor-element elementor-element-3941494b elementor-widget elementor-widget-heading\" data-id=\"3941494b\" data-element_type=\"widget\" data-e-type=\"widget\" data-widget_type=\"heading.default\">\n\t\t\t\t<div class=\"elementor-widget-container\">\n\t\t\t\t\t<h2 class=\"elementor-heading-title elementor-size-default\">El\u0151nye<\/h2>\t\t\t\t<\/div>\n\t\t\t\t<\/div>\n\t\t\t\t<div class=\"elementor-element elementor-element-7dc9cd2b elementor-icon-list--layout-traditional elementor-list-item-link-full_width elementor-widget elementor-widget-icon-list\" data-id=\"7dc9cd2b\" data-element_type=\"widget\" data-e-type=\"widget\" data-widget_type=\"icon-list.default\">\n\t\t\t\t<div class=\"elementor-widget-container\">\n\t\t\t\t\t\t\t<ul class=\"elementor-icon-list-items\">\n\t\t\t\t\t\t\t<li class=\"elementor-icon-list-item\">\n\t\t\t\t\t\t\t\t\t\t\t<span class=\"elementor-icon-list-icon\">\n\t\t\t\t\t\t\t<svg aria-hidden=\"true\" class=\"e-font-icon-svg e-fas-circle\" viewBox=\"0 0 512 512\" xmlns=\"http:\/\/www.w3.org\/2000\/svg\"><path d=\"M256 8C119 8 8 119 8 256s111 248 248 248 248-111 248-248S393 8 256 8z\"><\/path><\/svg>\t\t\t\t\t\t<\/span>\n\t\t\t\t\t\t\t\t\t\t<span class=\"elementor-icon-list-text\">Egyenletes h\u0151eloszl\u00e1s az Akkutherm kapszulaalapnak k\u00f6sz\u00f6nhet\u0151en<\/span>\n\t\t\t\t\t\t\t\t\t<\/li>\n\t\t\t\t\t\t\t\t<li class=\"elementor-icon-list-item\">\n\t\t\t\t\t\t\t\t\t\t\t<span class=\"elementor-icon-list-icon\">\n\t\t\t\t\t\t\t<svg aria-hidden=\"true\" class=\"e-font-icon-svg e-fas-circle\" viewBox=\"0 0 512 512\" xmlns=\"http:\/\/www.w3.org\/2000\/svg\"><path d=\"M256 8C119 8 8 119 8 256s111 248 248 248 248-111 248-248S393 8 256 8z\"><\/path><\/svg>\t\t\t\t\t\t<\/span>\n\t\t\t\t\t\t\t\t\t\t<span class=\"elementor-icon-list-text\">Kiv\u00e1l\u00f3 min\u0151s\u00e9g\u0171 rozsdamentes ac\u00e9lb\u00f3l k\u00e9sz\u00fclt \u00e9s mosogat\u00f3g\u00e9pben moshat\u00f3 serpeny\u0151<\/span>\n\t\t\t\t\t\t\t\t\t<\/li>\n\t\t\t\t\t\t\t\t<li class=\"elementor-icon-list-item\">\n\t\t\t\t\t\t\t\t\t\t\t<span class=\"elementor-icon-list-icon\">\n\t\t\t\t\t\t\t<svg aria-hidden=\"true\" class=\"e-font-icon-svg e-fas-circle\" viewBox=\"0 0 512 512\" xmlns=\"http:\/\/www.w3.org\/2000\/svg\"><path d=\"M256 8C119 8 8 119 8 256s111 248 248 248 248-111 248-248S393 8 256 8z\"><\/path><\/svg>\t\t\t\t\t\t<\/span>\n\t\t\t\t\t\t\t\t\t\t<span class=\"elementor-icon-list-text\">Praktikus foganty\u00faval ell\u00e1tva<\/span>\n\t\t\t\t\t\t\t\t\t<\/li>\n\t\t\t\t\t\t<\/ul>\n\t\t\t\t\t\t<\/div>\n\t\t\t\t<\/div>\n\t\t\t\t\t<\/div>\n\t\t\t\t<\/div>\n\t\t\t\t\t<\/div>\n\t\t\t\t<\/div>\n\t\t<div class=\"elementor-element elementor-element-745ea572 e-flex e-con-boxed e-con e-parent\" data-id=\"745ea572\" data-element_type=\"container\" data-e-type=\"container\">\n\t\t\t\t\t<div class=\"e-con-inner\">\n\t\t<div class=\"elementor-element elementor-element-436001b6 e-flex e-con-boxed e-con e-child\" data-id=\"436001b6\" data-element_type=\"container\" data-e-type=\"container\">\n\t\t\t\t\t<div class=\"e-con-inner\">\n\t\t\t\t<div class=\"elementor-element elementor-element-55063d83 elementor-widget-mobile__width-initial elementor-widget elementor-widget-heading\" data-id=\"55063d83\" data-element_type=\"widget\" data-e-type=\"widget\" data-widget_type=\"heading.default\">\n\t\t\t\t<div class=\"elementor-widget-container\">\n\t\t\t\t\t<h2 class=\"elementor-heading-title elementor-size-default\">Term\u00e9kle\u00edr\u00e1s<\/h2>\t\t\t\t<\/div>\n\t\t\t\t<\/div>\n\t\t\t\t<div class=\"elementor-element elementor-element-57075d9f elementor-widget elementor-widget-text-editor\" data-id=\"57075d9f\" data-element_type=\"widget\" data-e-type=\"widget\" data-widget_type=\"text-editor.default\">\n\t\t\t\t<div class=\"elementor-widget-container\">\n\t\t\t\t\t\t\t\t\t<p class=\"font_8 wixui-rich-text__text\" style=\"background: transparent; border: 0px; outline: 0px; padding: 0px; vertical-align: baseline; pointer-events: auto; color: rgb(var(--color_15)); margin-block-end: 0px; margin-top: 0px; margin-right: 0px; margin-left: 0px; text-align: justify;\">Szeretne egy t\u00f6k\u00e9letesen s\u00fclt h\u00fas- vagy haldarabot \u00e9lvezni? Akkor ez a serpeny\u0151 a megfelel\u0151 modell az \u00d6n sz\u00e1m\u00e1ra. A toj\u00e1ssal k\u00e9sz\u00fclt \u00edzletes \u00e9telek is nagyon j\u00f3l megs\u00fcthet\u0151k ebben a serpeny\u0151ben. A serpeny\u0151 b\u00e1rmilyen AMC fed\u0151vel kombin\u00e1lhat\u00f3, amelynek \u00e1tm\u00e9r\u0151je 20 cm. Az ergonomikus foganty\u00fa biztons\u00e1gos \u00e9s stabil fog\u00e1st biztos\u00edt. Mint minden AMC serpeny\u0151, ez a serpeny\u0151 is k\u00f6nnyen tiszt\u00edthat\u00f3 \u00e9s mosogat\u00f3g\u00e9pben tiszt\u00edthat\u00f3. A serpeny\u0151 minden f\u0151z\u0151lap-t\u00edpushoz alkalmas, bele\u00e9rtve az indukci\u00f3sat is. Erre a serpeny\u0151re 30 \u00e9v garanci\u00e1t \u00e9s m\u00e9g hosszabb \u00e9lettartamot biztos\u00edtunk.<\/p>\t\t\t\t\t\t\t\t<\/div>\n\t\t\t\t<\/div>\n\t\t\t\t\t<\/div>\n\t\t\t\t<\/div>\n\t\t\t\t\t<\/div>\n\t\t\t\t<\/div>\n\t\t<div class=\"elementor-element elementor-element-7401cf78 e-flex e-con-boxed e-con e-parent\" data-id=\"7401cf78\" data-element_type=\"container\" data-e-type=\"container\" data-settings=\"{&quot;background_background&quot;:&quot;classic&quot;}\">\n\t\t\t\t\t<div class=\"e-con-inner\">\n\t\t\t\t<div class=\"elementor-element elementor-element-7e9eba84 elementor-widget elementor-widget-heading\" data-id=\"7e9eba84\" data-element_type=\"widget\" data-e-type=\"widget\" data-widget_type=\"heading.default\">\n\t\t\t\t<div class=\"elementor-widget-container\">\n\t\t\t\t\t<h2 class=\"elementor-heading-title elementor-size-default\">Szeretn\u00e9 term\u00e9keinket \u00e9l\u0151ben is megtapasztalni?<\/h2>\t\t\t\t<\/div>\n\t\t\t\t<\/div>\n\t\t\t\t<div class=\"elementor-element elementor-element-7bd36899 elementor-widget elementor-widget-heading\" data-id=\"7bd36899\" data-element_type=\"widget\" data-e-type=\"widget\" data-widget_type=\"heading.default\">\n\t\t\t\t<div class=\"elementor-widget-container\">\n\t\t\t\t\t<h2 class=\"elementor-heading-title elementor-size-default\">Foglalja le a nem k\u00f6telez\u0151 AMC f\u0151z\u0151bemutat\u00f3t most!<\/h2>\t\t\t\t<\/div>\n\t\t\t\t<\/div>\n\t\t\t\t<div class=\"elementor-element elementor-element-62f8ade3 elementor-widget-mobile__width-inherit elementor-mobile-align-center elementor-widget elementor-widget-button\" data-id=\"62f8ade3\" data-element_type=\"widget\" data-e-type=\"widget\" data-widget_type=\"button.default\">\n\t\t\t\t<div class=\"elementor-widget-container\">\n\t\t\t\t\t\t\t\t\t<div class=\"elementor-button-wrapper\">\n\t\t\t\t\t<a class=\"elementor-button elementor-button-link elementor-size-sm\" href=\"https:\/\/amchungary.hu\/foglalas-az-amc-bemutatora\/\">\n\t\t\t\t\t\t<span class=\"elementor-button-content-wrapper\">\n\t\t\t\t\t\t\t\t\t<span class=\"elementor-button-text\">Foglalom<\/span>\n\t\t\t\t\t<\/span>\n\t\t\t\t\t<\/a>\n\t\t\t\t<\/div>\n\t\t\t\t\t\t\t\t<\/div>\n\t\t\t\t<\/div>\n\t\t\t\t\t<\/div>\n\t\t\t\t<\/div>\n\t\t<div class=\"elementor-element elementor-element-1f73b419 e-con-full e-flex e-con e-parent\" data-id=\"1f73b419\" data-element_type=\"container\" data-e-type=\"container\">\n\t\t\t\t<div class=\"elementor-element elementor-element-17157bca elementor-widget-mobile__width-inherit elementor-mobile-align-center elementor-hidden-tablet elementor-hidden-mobile elementor-widget elementor-widget-button\" data-id=\"17157bca\" data-element_type=\"widget\" data-e-type=\"widget\" data-settings=\"{&quot;sticky&quot;:&quot;bottom&quot;,&quot;sticky_on&quot;:[&quot;desktop&quot;],&quot;sticky_offset&quot;:0,&quot;sticky_effects_offset&quot;:0,&quot;sticky_anchor_link_offset&quot;:0}\" data-widget_type=\"button.default\">\n\t\t\t\t<div class=\"elementor-widget-container\">\n\t\t\t\t\t\t\t\t\t<div class=\"elementor-button-wrapper\">\n\t\t\t\t\t<a class=\"elementor-button elementor-button-link elementor-size-sm\" href=\"https:\/\/amchungary.hu\/sr\/foglalas-az-amc-bemutatora\/\">\n\t\t\t\t\t\t<span class=\"elementor-button-content-wrapper\">\n\t\t\t\t\t\t\t\t\t<span class=\"elementor-button-text\">Id\u0151pont foglal\u00e1s<\/span>\n\t\t\t\t\t<\/span>\n\t\t\t\t\t<\/a>\n\t\t\t\t<\/div>\n\t\t\t\t\t\t\t\t<\/div>\n\t\t\t\t<\/div>\n\t\t\t\t<\/div>\n\t\t\t\t<\/div>\n\t\t","protected":false},"excerpt":{"rendered":"<p>Kiv\u00e1l\u00f3 min\u0151s\u00e9g\u0171 rozsdamentes ac\u00e9lb\u00f3l k\u00e9sz\u00fclt serpeny\u0151 egy szem\u00e9lyre Serpeny\u0151 steakek, szelet, halak \u00e9s sok m\u00e1s s\u00fct\u00e9s\u00e9hez. El\u0151nye Egyenletes h\u0151eloszl\u00e1s az Akkutherm kapszulaalapnak k\u00f6sz\u00f6nhet\u0151en Kiv\u00e1l\u00f3 min\u0151s\u00e9g\u0171 rozsdamentes ac\u00e9lb\u00f3l k\u00e9sz\u00fclt \u00e9s mosogat\u00f3g\u00e9pben moshat\u00f3 serpeny\u0151 Praktikus foganty\u00faval ell\u00e1tva Term\u00e9kle\u00edr\u00e1s Szeretne egy t\u00f6k\u00e9letesen s\u00fclt h\u00fas- vagy haldarabot \u00e9lvezni? Akkor ez a serpeny\u0151 a megfelel\u0151 modell az \u00d6n sz\u00e1m\u00e1ra. A [&hellip;]<\/p>\n","protected":false},"author":1,"featured_media":0,"parent":1911,"menu_order":0,"comment_status":"closed","ping_status":"closed","template":"","meta":{"footnotes":""},"class_list":["post-2260","page","type-page","status-publish","hentry"],"yoast_head":"<!-- This site is optimized with the Yoast SEO Premium plugin v27.6 (Yoast SEO v27.6) - https:\/\/yoast.com\/product\/yoast-seo-premium-wordpress\/ -->\n<title>Serpeny\u0151 20 cm, 1,1 l Serpeny\u0151hossz\u00fa ny\u00e9llel - AMC Hungary<\/title>\n<meta name=\"robots\" content=\"index, follow, max-snippet:-1, max-image-preview:large, max-video-preview:-1\" \/>\n<link rel=\"canonical\" href=\"https:\/\/amchungary.hu\/sr\/termekek\/serpenyok\/serpenyo-20-cm-11-l-serpenyohosszu-nyellel\/\" \/>\n<meta property=\"og:locale\" content=\"sr_RS\" \/>\n<meta property=\"og:type\" content=\"article\" \/>\n<meta property=\"og:title\" content=\"Serpeny\u0151 20 cm, 1,1 l Serpeny\u0151hossz\u00fa ny\u00e9llel\" \/>\n<meta property=\"og:description\" content=\"Kiv\u00e1l\u00f3 min\u0151s\u00e9g\u0171 rozsdamentes ac\u00e9lb\u00f3l k\u00e9sz\u00fclt serpeny\u0151 egy szem\u00e9lyre Serpeny\u0151 steakek, szelet, halak \u00e9s sok m\u00e1s s\u00fct\u00e9s\u00e9hez. El\u0151nye Egyenletes h\u0151eloszl\u00e1s az Akkutherm kapszulaalapnak k\u00f6sz\u00f6nhet\u0151en Kiv\u00e1l\u00f3 min\u0151s\u00e9g\u0171 rozsdamentes ac\u00e9lb\u00f3l k\u00e9sz\u00fclt \u00e9s mosogat\u00f3g\u00e9pben moshat\u00f3 serpeny\u0151 Praktikus foganty\u00faval ell\u00e1tva Term\u00e9kle\u00edr\u00e1s Szeretne egy t\u00f6k\u00e9letesen s\u00fclt h\u00fas- vagy haldarabot \u00e9lvezni? Akkor ez a serpeny\u0151 a megfelel\u0151 modell az \u00d6n sz\u00e1m\u00e1ra. A [&hellip;]\" \/>\n<meta property=\"og:url\" content=\"https:\/\/amchungary.hu\/sr\/termekek\/serpenyok\/serpenyo-20-cm-11-l-serpenyohosszu-nyellel\/\" \/>\n<meta property=\"og:site_name\" content=\"AMC Hungary\" \/>\n<meta property=\"article:publisher\" content=\"https:\/\/www.facebook.com\/people\/AMC-Hungary\/61570426203273\/\" \/>\n<meta property=\"article:modified_time\" content=\"2026-01-13T21:11:23+00:00\" \/>\n<meta name=\"twitter:card\" content=\"summary_large_image\" \/>\n<meta name=\"twitter:label1\" content=\"\u041f\u0440\u043e\u0446\u0435\u045a\u0435\u043d\u043e \u0432\u0440\u0435\u043c\u0435 \u0447\u0438\u0442\u0430\u045a\u0430\" \/>\n\t<meta name=\"twitter:data1\" content=\"1 \u043c\u0438\u043d\u0443\u0442\" \/>\n<script type=\"application\/ld+json\" class=\"yoast-schema-graph\">{\"@context\":\"https:\\\/\\\/schema.org\",\"@graph\":[{\"@type\":\"WebPage\",\"@id\":\"https:\\\/\\\/amchungary.hu\\\/termekek\\\/serpenyok\\\/serpenyo-20-cm-11-l-serpenyohosszu-nyellel\\\/\",\"url\":\"https:\\\/\\\/amchungary.hu\\\/termekek\\\/serpenyok\\\/serpenyo-20-cm-11-l-serpenyohosszu-nyellel\\\/\",\"name\":\"Serpeny\u0151 20 cm, 1,1 l Serpeny\u0151hossz\u00fa ny\u00e9llel - AMC Hungary\",\"isPartOf\":{\"@id\":\"https:\\\/\\\/amchungary.hu\\\/#website\"},\"datePublished\":\"2024-12-29T14:07:44+00:00\",\"dateModified\":\"2026-01-13T21:11:23+00:00\",\"breadcrumb\":{\"@id\":\"https:\\\/\\\/amchungary.hu\\\/termekek\\\/serpenyok\\\/serpenyo-20-cm-11-l-serpenyohosszu-nyellel\\\/#breadcrumb\"},\"inLanguage\":\"sr-RS\",\"potentialAction\":[{\"@type\":\"ReadAction\",\"target\":[\"https:\\\/\\\/amchungary.hu\\\/termekek\\\/serpenyok\\\/serpenyo-20-cm-11-l-serpenyohosszu-nyellel\\\/\"]}]},{\"@type\":\"BreadcrumbList\",\"@id\":\"https:\\\/\\\/amchungary.hu\\\/termekek\\\/serpenyok\\\/serpenyo-20-cm-11-l-serpenyohosszu-nyellel\\\/#breadcrumb\",\"itemListElement\":[{\"@type\":\"ListItem\",\"position\":1,\"name\":\"Home\",\"item\":\"https:\\\/\\\/amchungary.hu\\\/\"},{\"@type\":\"ListItem\",\"position\":2,\"name\":\"Term\u00e9kek\",\"item\":\"https:\\\/\\\/amchungary.hu\\\/termekek\\\/\"},{\"@type\":\"ListItem\",\"position\":3,\"name\":\"Serpeny\u0151k\",\"item\":\"https:\\\/\\\/amchungary.hu\\\/termekek\\\/serpenyok\\\/\"},{\"@type\":\"ListItem\",\"position\":4,\"name\":\"Serpeny\u0151 20 cm, 1,1 l Serpeny\u0151hossz\u00fa ny\u00e9llel\"}]},{\"@type\":\"WebSite\",\"@id\":\"https:\\\/\\\/amchungary.hu\\\/#website\",\"url\":\"https:\\\/\\\/amchungary.hu\\\/\",\"name\":\"AMC Hungary\",\"description\":\"\",\"publisher\":{\"@id\":\"https:\\\/\\\/amchungary.hu\\\/#organization\"},\"potentialAction\":[{\"@type\":\"SearchAction\",\"target\":{\"@type\":\"EntryPoint\",\"urlTemplate\":\"https:\\\/\\\/amchungary.hu\\\/?s={search_term_string}\"},\"query-input\":{\"@type\":\"PropertyValueSpecification\",\"valueRequired\":true,\"valueName\":\"search_term_string\"}}],\"inLanguage\":\"sr-RS\"},{\"@type\":\"Organization\",\"@id\":\"https:\\\/\\\/amchungary.hu\\\/#organization\",\"name\":\"AMC Hungary\",\"url\":\"https:\\\/\\\/amchungary.hu\\\/\",\"logo\":{\"@type\":\"ImageObject\",\"inLanguage\":\"sr-RS\",\"@id\":\"https:\\\/\\\/amchungary.hu\\\/#\\\/schema\\\/logo\\\/image\\\/\",\"url\":\"https:\\\/\\\/amchungary.hu\\\/wp-content\\\/uploads\\\/2025\\\/09\\\/AMC_Logo_outline_bw_1-1.avif\",\"contentUrl\":\"https:\\\/\\\/amchungary.hu\\\/wp-content\\\/uploads\\\/2025\\\/09\\\/AMC_Logo_outline_bw_1-1.avif\",\"width\":180,\"height\":120,\"caption\":\"AMC Hungary\"},\"image\":{\"@id\":\"https:\\\/\\\/amchungary.hu\\\/#\\\/schema\\\/logo\\\/image\\\/\"},\"sameAs\":[\"https:\\\/\\\/www.facebook.com\\\/people\\\/AMC-Hungary\\\/61570426203273\\\/\",\"https:\\\/\\\/www.instagram.com\\\/amchungary\\\/\",\"https:\\\/\\\/www.youtube.com\\\/@AMCHUNGARY\",\"https:\\\/\\\/www.tiktok.com\\\/@amchungary\"]}]}<\/script>\n<!-- \/ Yoast SEO Premium plugin. -->","yoast_head_json":{"title":"Serpeny\u0151 20 cm, 1,1 l Serpeny\u0151hossz\u00fa ny\u00e9llel - AMC Hungary","robots":{"index":"index","follow":"follow","max-snippet":"max-snippet:-1","max-image-preview":"max-image-preview:large","max-video-preview":"max-video-preview:-1"},"canonical":"https:\/\/amchungary.hu\/sr\/termekek\/serpenyok\/serpenyo-20-cm-11-l-serpenyohosszu-nyellel\/","og_locale":"sr_RS","og_type":"article","og_title":"Serpeny\u0151 20 cm, 1,1 l Serpeny\u0151hossz\u00fa ny\u00e9llel","og_description":"Kiv\u00e1l\u00f3 min\u0151s\u00e9g\u0171 rozsdamentes ac\u00e9lb\u00f3l k\u00e9sz\u00fclt serpeny\u0151 egy szem\u00e9lyre Serpeny\u0151 steakek, szelet, halak \u00e9s sok m\u00e1s s\u00fct\u00e9s\u00e9hez. El\u0151nye Egyenletes h\u0151eloszl\u00e1s az Akkutherm kapszulaalapnak k\u00f6sz\u00f6nhet\u0151en Kiv\u00e1l\u00f3 min\u0151s\u00e9g\u0171 rozsdamentes ac\u00e9lb\u00f3l k\u00e9sz\u00fclt \u00e9s mosogat\u00f3g\u00e9pben moshat\u00f3 serpeny\u0151 Praktikus foganty\u00faval ell\u00e1tva Term\u00e9kle\u00edr\u00e1s Szeretne egy t\u00f6k\u00e9letesen s\u00fclt h\u00fas- vagy haldarabot \u00e9lvezni? Akkor ez a serpeny\u0151 a megfelel\u0151 modell az \u00d6n sz\u00e1m\u00e1ra. A [&hellip;]","og_url":"https:\/\/amchungary.hu\/sr\/termekek\/serpenyok\/serpenyo-20-cm-11-l-serpenyohosszu-nyellel\/","og_site_name":"AMC Hungary","article_publisher":"https:\/\/www.facebook.com\/people\/AMC-Hungary\/61570426203273\/","article_modified_time":"2026-01-13T21:11:23+00:00","twitter_card":"summary_large_image","twitter_misc":{"\u041f\u0440\u043e\u0446\u0435\u045a\u0435\u043d\u043e \u0432\u0440\u0435\u043c\u0435 \u0447\u0438\u0442\u0430\u045a\u0430":"1 \u043c\u0438\u043d\u0443\u0442"},"schema":{"@context":"https:\/\/schema.org","@graph":[{"@type":"WebPage","@id":"https:\/\/amchungary.hu\/termekek\/serpenyok\/serpenyo-20-cm-11-l-serpenyohosszu-nyellel\/","url":"https:\/\/amchungary.hu\/termekek\/serpenyok\/serpenyo-20-cm-11-l-serpenyohosszu-nyellel\/","name":"Serpeny\u0151 20 cm, 1,1 l Serpeny\u0151hossz\u00fa ny\u00e9llel - AMC Hungary","isPartOf":{"@id":"https:\/\/amchungary.hu\/#website"},"datePublished":"2024-12-29T14:07:44+00:00","dateModified":"2026-01-13T21:11:23+00:00","breadcrumb":{"@id":"https:\/\/amchungary.hu\/termekek\/serpenyok\/serpenyo-20-cm-11-l-serpenyohosszu-nyellel\/#breadcrumb"},"inLanguage":"sr-RS","potentialAction":[{"@type":"ReadAction","target":["https:\/\/amchungary.hu\/termekek\/serpenyok\/serpenyo-20-cm-11-l-serpenyohosszu-nyellel\/"]}]},{"@type":"BreadcrumbList","@id":"https:\/\/amchungary.hu\/termekek\/serpenyok\/serpenyo-20-cm-11-l-serpenyohosszu-nyellel\/#breadcrumb","itemListElement":[{"@type":"ListItem","position":1,"name":"Home","item":"https:\/\/amchungary.hu\/"},{"@type":"ListItem","position":2,"name":"Term\u00e9kek","item":"https:\/\/amchungary.hu\/termekek\/"},{"@type":"ListItem","position":3,"name":"Serpeny\u0151k","item":"https:\/\/amchungary.hu\/termekek\/serpenyok\/"},{"@type":"ListItem","position":4,"name":"Serpeny\u0151 20 cm, 1,1 l Serpeny\u0151hossz\u00fa ny\u00e9llel"}]},{"@type":"WebSite","@id":"https:\/\/amchungary.hu\/#website","url":"https:\/\/amchungary.hu\/","name":"AMC Hungary","description":"","publisher":{"@id":"https:\/\/amchungary.hu\/#organization"},"potentialAction":[{"@type":"SearchAction","target":{"@type":"EntryPoint","urlTemplate":"https:\/\/amchungary.hu\/?s={search_term_string}"},"query-input":{"@type":"PropertyValueSpecification","valueRequired":true,"valueName":"search_term_string"}}],"inLanguage":"sr-RS"},{"@type":"Organization","@id":"https:\/\/amchungary.hu\/#organization","name":"AMC Hungary","url":"https:\/\/amchungary.hu\/","logo":{"@type":"ImageObject","inLanguage":"sr-RS","@id":"https:\/\/amchungary.hu\/#\/schema\/logo\/image\/","url":"https:\/\/amchungary.hu\/wp-content\/uploads\/2025\/09\/AMC_Logo_outline_bw_1-1.avif","contentUrl":"https:\/\/amchungary.hu\/wp-content\/uploads\/2025\/09\/AMC_Logo_outline_bw_1-1.avif","width":180,"height":120,"caption":"AMC Hungary"},"image":{"@id":"https:\/\/amchungary.hu\/#\/schema\/logo\/image\/"},"sameAs":["https:\/\/www.facebook.com\/people\/AMC-Hungary\/61570426203273\/","https:\/\/www.instagram.com\/amchungary\/","https:\/\/www.youtube.com\/@AMCHUNGARY","https:\/\/www.tiktok.com\/@amchungary"]}]}},"_links":{"self":[{"href":"https:\/\/amchungary.hu\/sr\/wp-json\/wp\/v2\/pages\/2260","targetHints":{"allow":["GET"]}}],"collection":[{"href":"https:\/\/amchungary.hu\/sr\/wp-json\/wp\/v2\/pages"}],"about":[{"href":"https:\/\/amchungary.hu\/sr\/wp-json\/wp\/v2\/types\/page"}],"author":[{"embeddable":true,"href":"https:\/\/amchungary.hu\/sr\/wp-json\/wp\/v2\/users\/1"}],"replies":[{"embeddable":true,"href":"https:\/\/amchungary.hu\/sr\/wp-json\/wp\/v2\/comments?post=2260"}],"version-history":[{"count":0,"href":"https:\/\/amchungary.hu\/sr\/wp-json\/wp\/v2\/pages\/2260\/revisions"}],"up":[{"embeddable":true,"href":"https:\/\/amchungary.hu\/sr\/wp-json\/wp\/v2\/pages\/1911"}],"wp:attachment":[{"href":"https:\/\/amchungary.hu\/sr\/wp-json\/wp\/v2\/media?parent=2260"}],"curies":[{"name":"wp","href":"https:\/\/api.w.org\/{rel}","templated":true}]}}