{"id":2267,"date":"2024-12-29T15:08:22","date_gmt":"2024-12-29T14:08:22","guid":{"rendered":"https:\/\/amchungary.hu\/?page_id=2267"},"modified":"2026-01-13T22:11:25","modified_gmt":"2026-01-13T21:11:25","slug":"sauteuse-20-cm-es-21-literes-serpenyo-hosszu-nyellel","status":"publish","type":"page","link":"https:\/\/amchungary.hu\/sr\/termekek\/serpenyok\/sauteuse-20-cm-es-21-literes-serpenyo-hosszu-nyellel\/","title":{"rendered":"Sauteuse\u00a020 cm-es, 2,1 literes serpeny\u0151, hossz\u00fa ny\u00e9llel"},"content":{"rendered":"\t\t<div data-elementor-type=\"wp-page\" data-elementor-id=\"2267\" class=\"elementor elementor-2267\" data-elementor-post-type=\"page\">\n\t\t\t\t<div class=\"elementor-element elementor-element-61a63a3d e-con-full e-flex e-con e-parent\" data-id=\"61a63a3d\" data-element_type=\"container\" data-e-type=\"container\" data-settings=\"{&quot;background_background&quot;:&quot;classic&quot;}\">\n\t\t\t\t<\/div>\n\t\t<div class=\"elementor-element elementor-element-33bce380 e-flex e-con-boxed e-con e-parent\" data-id=\"33bce380\" data-element_type=\"container\" data-e-type=\"container\" data-settings=\"{&quot;background_background&quot;:&quot;classic&quot;}\">\n\t\t\t\t\t<div class=\"e-con-inner\">\n\t\t\t\t<div class=\"elementor-element elementor-element-7618b6f0 elementor-widget elementor-widget-heading\" data-id=\"7618b6f0\" data-element_type=\"widget\" data-e-type=\"widget\" data-widget_type=\"heading.default\">\n\t\t\t\t<div class=\"elementor-widget-container\">\n\t\t\t\t\t<h2 class=\"elementor-heading-title elementor-size-default\">Kiv\u00e1l\u00f3 min\u0151s\u00e9g\u0171 rozsdamentes ac\u00e9lb\u00f3l k\u00e9sz\u00fclt serpeny\u0151 ak\u00e1r 2 szem\u00e9ly r\u00e9sz\u00e9re\n<\/h2>\t\t\t\t<\/div>\n\t\t\t\t<\/div>\n\t\t\t\t<div class=\"elementor-element elementor-element-3823eb1e elementor-widget elementor-widget-text-editor\" data-id=\"3823eb1e\" data-element_type=\"widget\" data-e-type=\"widget\" data-widget_type=\"text-editor.default\">\n\t\t\t\t<div class=\"elementor-widget-container\">\n\t\t\t\t\t\t\t\t\t<p>Saut\u00e9 serpeny\u0151 m\u00e1rt\u00e1sok f\u0151z\u00e9s\u00e9hez vagy di\u00f3f\u00e9l\u00e9k, hagyma \u00e9s krutonok pir\u00edt\u00e1s\u00e1hoz.<\/p>\t\t\t\t\t\t\t\t<\/div>\n\t\t\t\t<\/div>\n\t\t\t\t\t<\/div>\n\t\t\t\t<\/div>\n\t\t<div class=\"elementor-element elementor-element-360043a5 e-flex e-con-boxed e-con e-parent\" data-id=\"360043a5\" data-element_type=\"container\" data-e-type=\"container\">\n\t\t\t\t\t<div class=\"e-con-inner\">\n\t\t<div class=\"elementor-element elementor-element-6ad6baf9 e-flex e-con-boxed e-con e-child\" data-id=\"6ad6baf9\" data-element_type=\"container\" data-e-type=\"container\">\n\t\t\t\t\t<div class=\"e-con-inner\">\n\t\t\t\t<div class=\"elementor-element elementor-element-6ecf9d87 elementor-widget elementor-widget-heading\" data-id=\"6ecf9d87\" data-element_type=\"widget\" data-e-type=\"widget\" data-widget_type=\"heading.default\">\n\t\t\t\t<div class=\"elementor-widget-container\">\n\t\t\t\t\t<h2 class=\"elementor-heading-title elementor-size-default\">El\u0151nye<\/h2>\t\t\t\t<\/div>\n\t\t\t\t<\/div>\n\t\t\t\t<div class=\"elementor-element elementor-element-5c78eb2c elementor-icon-list--layout-traditional elementor-list-item-link-full_width elementor-widget elementor-widget-icon-list\" data-id=\"5c78eb2c\" data-element_type=\"widget\" data-e-type=\"widget\" data-widget_type=\"icon-list.default\">\n\t\t\t\t<div class=\"elementor-widget-container\">\n\t\t\t\t\t\t\t<ul class=\"elementor-icon-list-items\">\n\t\t\t\t\t\t\t<li class=\"elementor-icon-list-item\">\n\t\t\t\t\t\t\t\t\t\t\t<span class=\"elementor-icon-list-icon\">\n\t\t\t\t\t\t\t<svg aria-hidden=\"true\" class=\"e-font-icon-svg e-fas-circle\" viewBox=\"0 0 512 512\" xmlns=\"http:\/\/www.w3.org\/2000\/svg\"><path d=\"M256 8C119 8 8 119 8 256s111 248 248 248 248-111 248-248S393 8 256 8z\"><\/path><\/svg>\t\t\t\t\t\t<\/span>\n\t\t\t\t\t\t\t\t\t\t<span class=\"elementor-icon-list-text\">Egyenletes h\u0151eloszl\u00e1s az Akkutherm kapszulaalapnak k\u00f6sz\u00f6nhet\u0151en<\/span>\n\t\t\t\t\t\t\t\t\t<\/li>\n\t\t\t\t\t\t\t\t<li class=\"elementor-icon-list-item\">\n\t\t\t\t\t\t\t\t\t\t\t<span class=\"elementor-icon-list-icon\">\n\t\t\t\t\t\t\t<svg aria-hidden=\"true\" class=\"e-font-icon-svg e-fas-circle\" viewBox=\"0 0 512 512\" xmlns=\"http:\/\/www.w3.org\/2000\/svg\"><path d=\"M256 8C119 8 8 119 8 256s111 248 248 248 248-111 248-248S393 8 256 8z\"><\/path><\/svg>\t\t\t\t\t\t<\/span>\n\t\t\t\t\t\t\t\t\t\t<span class=\"elementor-icon-list-text\">Kiv\u00e1l\u00f3 min\u0151s\u00e9g\u0171 rozsdamentes ac\u00e9lb\u00f3l k\u00e9sz\u00fclt \u00e9s mosogat\u00f3g\u00e9pben moshat\u00f3 serpeny\u0151<\/span>\n\t\t\t\t\t\t\t\t\t<\/li>\n\t\t\t\t\t\t\t\t<li class=\"elementor-icon-list-item\">\n\t\t\t\t\t\t\t\t\t\t\t<span class=\"elementor-icon-list-icon\">\n\t\t\t\t\t\t\t<svg aria-hidden=\"true\" class=\"e-font-icon-svg e-fas-circle\" viewBox=\"0 0 512 512\" xmlns=\"http:\/\/www.w3.org\/2000\/svg\"><path d=\"M256 8C119 8 8 119 8 256s111 248 248 248 248-111 248-248S393 8 256 8z\"><\/path><\/svg>\t\t\t\t\t\t<\/span>\n\t\t\t\t\t\t\t\t\t\t<span class=\"elementor-icon-list-text\">Levehet\u0151, nagyon stabil \u00e9s biztons\u00e1gos foganty\u00fa a helytakar\u00e9kos t\u00e1rol\u00e1shoz<\/span>\n\t\t\t\t\t\t\t\t\t<\/li>\n\t\t\t\t\t\t<\/ul>\n\t\t\t\t\t\t<\/div>\n\t\t\t\t<\/div>\n\t\t\t\t\t<\/div>\n\t\t\t\t<\/div>\n\t\t\t\t\t<\/div>\n\t\t\t\t<\/div>\n\t\t<div class=\"elementor-element elementor-element-42425d25 e-flex e-con-boxed e-con e-parent\" data-id=\"42425d25\" data-element_type=\"container\" data-e-type=\"container\">\n\t\t\t\t\t<div class=\"e-con-inner\">\n\t\t<div class=\"elementor-element elementor-element-575be7f2 e-flex e-con-boxed e-con e-child\" data-id=\"575be7f2\" data-element_type=\"container\" data-e-type=\"container\">\n\t\t\t\t\t<div class=\"e-con-inner\">\n\t\t\t\t<div class=\"elementor-element elementor-element-1d101634 elementor-widget-mobile__width-initial elementor-widget elementor-widget-heading\" data-id=\"1d101634\" data-element_type=\"widget\" data-e-type=\"widget\" data-widget_type=\"heading.default\">\n\t\t\t\t<div class=\"elementor-widget-container\">\n\t\t\t\t\t<h2 class=\"elementor-heading-title elementor-size-default\">Term\u00e9kle\u00edr\u00e1s<\/h2>\t\t\t\t<\/div>\n\t\t\t\t<\/div>\n\t\t\t\t<div class=\"elementor-element elementor-element-fdfe5c3 elementor-widget elementor-widget-text-editor\" data-id=\"fdfe5c3\" data-element_type=\"widget\" data-e-type=\"widget\" data-widget_type=\"text-editor.default\">\n\t\t\t\t<div class=\"elementor-widget-container\">\n\t\t\t\t\t\t\t\t\t<p class=\"font_8 wixui-rich-text__text\" style=\"background: transparent; border: 0px; outline: 0px; padding: 0px; vertical-align: baseline; pointer-events: auto; color: rgb(var(--color_15)); margin-block-end: 0px; margin-top: 0px; margin-right: 0px; margin-left: 0px; text-align: justify;\">M\u00e1rt\u00e1sokat \u00e9s sz\u00f3szokat szeretne k\u00e9sz\u00edteni? Akkor ez a serpeny\u0151 a megfelel\u0151 modell az \u00d6n sz\u00e1m\u00e1ra. Ezt a serpeny\u0151t azonban sz\u00e1mos m\u00e1s c\u00e9lra is haszn\u00e1lhatja, p\u00e9ld\u00e1ul di\u00f3f\u00e9l\u00e9k pir\u00edt\u00e1s\u00e1ra vagy vaj olvaszt\u00e1s\u00e1ra. A lekerek\u00edtett talpnak k\u00f6sz\u00f6nhet\u0151en a habver\u0151vel val\u00f3 kever\u00e9s nagyon egyszer\u0171. A praktikus foganty\u00fanak k\u00f6sz\u00f6nhet\u0151en a serpeny\u0151t k\u00f6nnyed\u00e9n forgathatja. A levehet\u0151, ergonomikus foganty\u00fa biztons\u00e1gos \u00e9s stabil fog\u00e1st biztos\u00edt. A praktikus reteszel\u0151rendszernek k\u00f6sz\u00f6nhet\u0151en k\u00f6nnyen fel- \u00e9s leszerelhet\u0151. Ez lehet\u0151v\u00e9 teszi, hogy a serpeny\u0151t k\u00fcl\u00f6n\u00f6sen helytakar\u00e9kosan t\u00e1rolja. A serpeny\u0151 b\u00e1rmely 20 cm \u00e1tm\u00e9r\u0151j\u0171 AMC fed\u0151vel kombin\u00e1lhat\u00f3. Mint minden AMC serpeny\u0151, a serpeny\u0151 is k\u00f6nnyen tiszt\u00edthat\u00f3, mosogat\u00f3g\u00e9pben moshat\u00f3 \u00e9s minden f\u0151z\u0151lap-t\u00edpushoz alkalmas, bele\u00e9rtve az indukci\u00f3sat is. A serpeny\u0151 a foganty\u00fa elt\u00e1vol\u00edt\u00e1sa ut\u00e1n a s\u00fct\u0151ben is korl\u00e1toz\u00e1s n\u00e9lk\u00fcl haszn\u00e1lhat\u00f3. A serpeny\u0151 30 \u00e9v garanci\u00e1val rendelkezik, \u00e9s m\u00e9g hosszabb \u00e9lettartamot biztos\u00edt.<\/p>\t\t\t\t\t\t\t\t<\/div>\n\t\t\t\t<\/div>\n\t\t\t\t\t<\/div>\n\t\t\t\t<\/div>\n\t\t\t\t\t<\/div>\n\t\t\t\t<\/div>\n\t\t<div class=\"elementor-element elementor-element-2d4d68 e-flex e-con-boxed e-con e-parent\" data-id=\"2d4d68\" data-element_type=\"container\" data-e-type=\"container\" data-settings=\"{&quot;background_background&quot;:&quot;classic&quot;}\">\n\t\t\t\t\t<div class=\"e-con-inner\">\n\t\t\t\t<div class=\"elementor-element elementor-element-55eebe3d elementor-widget elementor-widget-heading\" data-id=\"55eebe3d\" data-element_type=\"widget\" data-e-type=\"widget\" data-widget_type=\"heading.default\">\n\t\t\t\t<div class=\"elementor-widget-container\">\n\t\t\t\t\t<h2 class=\"elementor-heading-title elementor-size-default\">Szeretn\u00e9 term\u00e9keinket \u00e9l\u0151ben is megtapasztalni?<\/h2>\t\t\t\t<\/div>\n\t\t\t\t<\/div>\n\t\t\t\t<div class=\"elementor-element elementor-element-2f3f1444 elementor-widget elementor-widget-heading\" data-id=\"2f3f1444\" data-element_type=\"widget\" data-e-type=\"widget\" data-widget_type=\"heading.default\">\n\t\t\t\t<div class=\"elementor-widget-container\">\n\t\t\t\t\t<h2 class=\"elementor-heading-title elementor-size-default\">Foglalja le a nem k\u00f6telez\u0151 AMC f\u0151z\u0151bemutat\u00f3t most!<\/h2>\t\t\t\t<\/div>\n\t\t\t\t<\/div>\n\t\t\t\t<div class=\"elementor-element elementor-element-307929ef elementor-widget-mobile__width-inherit elementor-mobile-align-center elementor-widget elementor-widget-button\" data-id=\"307929ef\" data-element_type=\"widget\" data-e-type=\"widget\" data-widget_type=\"button.default\">\n\t\t\t\t<div class=\"elementor-widget-container\">\n\t\t\t\t\t\t\t\t\t<div class=\"elementor-button-wrapper\">\n\t\t\t\t\t<a class=\"elementor-button elementor-button-link elementor-size-sm\" href=\"https:\/\/amchungary.hu\/foglalas-az-amc-bemutatora\/\">\n\t\t\t\t\t\t<span class=\"elementor-button-content-wrapper\">\n\t\t\t\t\t\t\t\t\t<span class=\"elementor-button-text\">Foglalom<\/span>\n\t\t\t\t\t<\/span>\n\t\t\t\t\t<\/a>\n\t\t\t\t<\/div>\n\t\t\t\t\t\t\t\t<\/div>\n\t\t\t\t<\/div>\n\t\t\t\t\t<\/div>\n\t\t\t\t<\/div>\n\t\t<div class=\"elementor-element elementor-element-494b8c7a e-con-full e-flex e-con e-parent\" data-id=\"494b8c7a\" data-element_type=\"container\" data-e-type=\"container\">\n\t\t\t\t<div class=\"elementor-element elementor-element-66c00687 elementor-widget-mobile__width-inherit elementor-mobile-align-center elementor-hidden-tablet elementor-hidden-mobile elementor-widget elementor-widget-button\" data-id=\"66c00687\" data-element_type=\"widget\" data-e-type=\"widget\" data-settings=\"{&quot;sticky&quot;:&quot;bottom&quot;,&quot;sticky_on&quot;:[&quot;desktop&quot;],&quot;sticky_offset&quot;:0,&quot;sticky_effects_offset&quot;:0,&quot;sticky_anchor_link_offset&quot;:0}\" data-widget_type=\"button.default\">\n\t\t\t\t<div class=\"elementor-widget-container\">\n\t\t\t\t\t\t\t\t\t<div class=\"elementor-button-wrapper\">\n\t\t\t\t\t<a class=\"elementor-button elementor-button-link elementor-size-sm\" href=\"https:\/\/amchungary.hu\/sr\/foglalas-az-amc-bemutatora\/\">\n\t\t\t\t\t\t<span class=\"elementor-button-content-wrapper\">\n\t\t\t\t\t\t\t\t\t<span class=\"elementor-button-text\">Id\u0151pont foglal\u00e1s<\/span>\n\t\t\t\t\t<\/span>\n\t\t\t\t\t<\/a>\n\t\t\t\t<\/div>\n\t\t\t\t\t\t\t\t<\/div>\n\t\t\t\t<\/div>\n\t\t\t\t<\/div>\n\t\t\t\t<\/div>\n\t\t","protected":false},"excerpt":{"rendered":"<p>Kiv\u00e1l\u00f3 min\u0151s\u00e9g\u0171 rozsdamentes ac\u00e9lb\u00f3l k\u00e9sz\u00fclt serpeny\u0151 ak\u00e1r 2 szem\u00e9ly r\u00e9sz\u00e9re Saut\u00e9 serpeny\u0151 m\u00e1rt\u00e1sok f\u0151z\u00e9s\u00e9hez vagy di\u00f3f\u00e9l\u00e9k, hagyma \u00e9s krutonok pir\u00edt\u00e1s\u00e1hoz. El\u0151nye Egyenletes h\u0151eloszl\u00e1s az Akkutherm kapszulaalapnak k\u00f6sz\u00f6nhet\u0151en Kiv\u00e1l\u00f3 min\u0151s\u00e9g\u0171 rozsdamentes ac\u00e9lb\u00f3l k\u00e9sz\u00fclt \u00e9s mosogat\u00f3g\u00e9pben moshat\u00f3 serpeny\u0151 Levehet\u0151, nagyon stabil \u00e9s biztons\u00e1gos foganty\u00fa a helytakar\u00e9kos t\u00e1rol\u00e1shoz Term\u00e9kle\u00edr\u00e1s M\u00e1rt\u00e1sokat \u00e9s sz\u00f3szokat szeretne k\u00e9sz\u00edteni? Akkor ez a serpeny\u0151 [&hellip;]<\/p>\n","protected":false},"author":1,"featured_media":0,"parent":1911,"menu_order":0,"comment_status":"closed","ping_status":"closed","template":"","meta":{"footnotes":""},"class_list":["post-2267","page","type-page","status-publish","hentry"],"yoast_head":"<!-- This site is optimized with the Yoast SEO Premium plugin v27.6 (Yoast SEO v27.6) - https:\/\/yoast.com\/product\/yoast-seo-premium-wordpress\/ -->\n<title>Sauteuse\u00a020 cm-es, 2,1 literes serpeny\u0151, hossz\u00fa ny\u00e9llel - AMC Hungary<\/title>\n<meta name=\"robots\" content=\"index, follow, max-snippet:-1, max-image-preview:large, max-video-preview:-1\" \/>\n<link rel=\"canonical\" href=\"https:\/\/amchungary.hu\/sr\/termekek\/serpenyok\/sauteuse-20-cm-es-21-literes-serpenyo-hosszu-nyellel\/\" \/>\n<meta property=\"og:locale\" content=\"sr_RS\" \/>\n<meta property=\"og:type\" content=\"article\" \/>\n<meta property=\"og:title\" content=\"Sauteuse\u00a020 cm-es, 2,1 literes serpeny\u0151, hossz\u00fa ny\u00e9llel\" \/>\n<meta property=\"og:description\" content=\"Kiv\u00e1l\u00f3 min\u0151s\u00e9g\u0171 rozsdamentes ac\u00e9lb\u00f3l k\u00e9sz\u00fclt serpeny\u0151 ak\u00e1r 2 szem\u00e9ly r\u00e9sz\u00e9re Saut\u00e9 serpeny\u0151 m\u00e1rt\u00e1sok f\u0151z\u00e9s\u00e9hez vagy di\u00f3f\u00e9l\u00e9k, hagyma \u00e9s krutonok pir\u00edt\u00e1s\u00e1hoz. El\u0151nye Egyenletes h\u0151eloszl\u00e1s az Akkutherm kapszulaalapnak k\u00f6sz\u00f6nhet\u0151en Kiv\u00e1l\u00f3 min\u0151s\u00e9g\u0171 rozsdamentes ac\u00e9lb\u00f3l k\u00e9sz\u00fclt \u00e9s mosogat\u00f3g\u00e9pben moshat\u00f3 serpeny\u0151 Levehet\u0151, nagyon stabil \u00e9s biztons\u00e1gos foganty\u00fa a helytakar\u00e9kos t\u00e1rol\u00e1shoz Term\u00e9kle\u00edr\u00e1s M\u00e1rt\u00e1sokat \u00e9s sz\u00f3szokat szeretne k\u00e9sz\u00edteni? Akkor ez a serpeny\u0151 [&hellip;]\" \/>\n<meta property=\"og:url\" content=\"https:\/\/amchungary.hu\/sr\/termekek\/serpenyok\/sauteuse-20-cm-es-21-literes-serpenyo-hosszu-nyellel\/\" \/>\n<meta property=\"og:site_name\" content=\"AMC Hungary\" \/>\n<meta property=\"article:publisher\" content=\"https:\/\/www.facebook.com\/people\/AMC-Hungary\/61570426203273\/\" \/>\n<meta property=\"article:modified_time\" content=\"2026-01-13T21:11:25+00:00\" \/>\n<meta name=\"twitter:card\" content=\"summary_large_image\" \/>\n<meta name=\"twitter:label1\" content=\"\u041f\u0440\u043e\u0446\u0435\u045a\u0435\u043d\u043e \u0432\u0440\u0435\u043c\u0435 \u0447\u0438\u0442\u0430\u045a\u0430\" \/>\n\t<meta name=\"twitter:data1\" content=\"2 \u043c\u0438\u043d\u0443\u0442\u0430\" \/>\n<script type=\"application\/ld+json\" class=\"yoast-schema-graph\">{\"@context\":\"https:\\\/\\\/schema.org\",\"@graph\":[{\"@type\":\"WebPage\",\"@id\":\"https:\\\/\\\/amchungary.hu\\\/termekek\\\/serpenyok\\\/sauteuse-20-cm-es-21-literes-serpenyo-hosszu-nyellel\\\/\",\"url\":\"https:\\\/\\\/amchungary.hu\\\/termekek\\\/serpenyok\\\/sauteuse-20-cm-es-21-literes-serpenyo-hosszu-nyellel\\\/\",\"name\":\"Sauteuse\u00a020 cm-es, 2,1 literes serpeny\u0151, hossz\u00fa ny\u00e9llel - AMC Hungary\",\"isPartOf\":{\"@id\":\"https:\\\/\\\/amchungary.hu\\\/#website\"},\"datePublished\":\"2024-12-29T14:08:22+00:00\",\"dateModified\":\"2026-01-13T21:11:25+00:00\",\"breadcrumb\":{\"@id\":\"https:\\\/\\\/amchungary.hu\\\/termekek\\\/serpenyok\\\/sauteuse-20-cm-es-21-literes-serpenyo-hosszu-nyellel\\\/#breadcrumb\"},\"inLanguage\":\"sr-RS\",\"potentialAction\":[{\"@type\":\"ReadAction\",\"target\":[\"https:\\\/\\\/amchungary.hu\\\/termekek\\\/serpenyok\\\/sauteuse-20-cm-es-21-literes-serpenyo-hosszu-nyellel\\\/\"]}]},{\"@type\":\"BreadcrumbList\",\"@id\":\"https:\\\/\\\/amchungary.hu\\\/termekek\\\/serpenyok\\\/sauteuse-20-cm-es-21-literes-serpenyo-hosszu-nyellel\\\/#breadcrumb\",\"itemListElement\":[{\"@type\":\"ListItem\",\"position\":1,\"name\":\"Home\",\"item\":\"https:\\\/\\\/amchungary.hu\\\/\"},{\"@type\":\"ListItem\",\"position\":2,\"name\":\"Term\u00e9kek\",\"item\":\"https:\\\/\\\/amchungary.hu\\\/termekek\\\/\"},{\"@type\":\"ListItem\",\"position\":3,\"name\":\"Serpeny\u0151k\",\"item\":\"https:\\\/\\\/amchungary.hu\\\/termekek\\\/serpenyok\\\/\"},{\"@type\":\"ListItem\",\"position\":4,\"name\":\"Sauteuse\u00a020 cm-es, 2,1 literes serpeny\u0151, hossz\u00fa ny\u00e9llel\"}]},{\"@type\":\"WebSite\",\"@id\":\"https:\\\/\\\/amchungary.hu\\\/#website\",\"url\":\"https:\\\/\\\/amchungary.hu\\\/\",\"name\":\"AMC Hungary\",\"description\":\"\",\"publisher\":{\"@id\":\"https:\\\/\\\/amchungary.hu\\\/#organization\"},\"potentialAction\":[{\"@type\":\"SearchAction\",\"target\":{\"@type\":\"EntryPoint\",\"urlTemplate\":\"https:\\\/\\\/amchungary.hu\\\/?s={search_term_string}\"},\"query-input\":{\"@type\":\"PropertyValueSpecification\",\"valueRequired\":true,\"valueName\":\"search_term_string\"}}],\"inLanguage\":\"sr-RS\"},{\"@type\":\"Organization\",\"@id\":\"https:\\\/\\\/amchungary.hu\\\/#organization\",\"name\":\"AMC Hungary\",\"url\":\"https:\\\/\\\/amchungary.hu\\\/\",\"logo\":{\"@type\":\"ImageObject\",\"inLanguage\":\"sr-RS\",\"@id\":\"https:\\\/\\\/amchungary.hu\\\/#\\\/schema\\\/logo\\\/image\\\/\",\"url\":\"https:\\\/\\\/amchungary.hu\\\/wp-content\\\/uploads\\\/2025\\\/09\\\/AMC_Logo_outline_bw_1-1.avif\",\"contentUrl\":\"https:\\\/\\\/amchungary.hu\\\/wp-content\\\/uploads\\\/2025\\\/09\\\/AMC_Logo_outline_bw_1-1.avif\",\"width\":180,\"height\":120,\"caption\":\"AMC Hungary\"},\"image\":{\"@id\":\"https:\\\/\\\/amchungary.hu\\\/#\\\/schema\\\/logo\\\/image\\\/\"},\"sameAs\":[\"https:\\\/\\\/www.facebook.com\\\/people\\\/AMC-Hungary\\\/61570426203273\\\/\",\"https:\\\/\\\/www.instagram.com\\\/amchungary\\\/\",\"https:\\\/\\\/www.youtube.com\\\/@AMCHUNGARY\",\"https:\\\/\\\/www.tiktok.com\\\/@amchungary\"]}]}<\/script>\n<!-- \/ Yoast SEO Premium plugin. -->","yoast_head_json":{"title":"Sauteuse\u00a020 cm-es, 2,1 literes serpeny\u0151, hossz\u00fa ny\u00e9llel - AMC Hungary","robots":{"index":"index","follow":"follow","max-snippet":"max-snippet:-1","max-image-preview":"max-image-preview:large","max-video-preview":"max-video-preview:-1"},"canonical":"https:\/\/amchungary.hu\/sr\/termekek\/serpenyok\/sauteuse-20-cm-es-21-literes-serpenyo-hosszu-nyellel\/","og_locale":"sr_RS","og_type":"article","og_title":"Sauteuse\u00a020 cm-es, 2,1 literes serpeny\u0151, hossz\u00fa ny\u00e9llel","og_description":"Kiv\u00e1l\u00f3 min\u0151s\u00e9g\u0171 rozsdamentes ac\u00e9lb\u00f3l k\u00e9sz\u00fclt serpeny\u0151 ak\u00e1r 2 szem\u00e9ly r\u00e9sz\u00e9re Saut\u00e9 serpeny\u0151 m\u00e1rt\u00e1sok f\u0151z\u00e9s\u00e9hez vagy di\u00f3f\u00e9l\u00e9k, hagyma \u00e9s krutonok pir\u00edt\u00e1s\u00e1hoz. El\u0151nye Egyenletes h\u0151eloszl\u00e1s az Akkutherm kapszulaalapnak k\u00f6sz\u00f6nhet\u0151en Kiv\u00e1l\u00f3 min\u0151s\u00e9g\u0171 rozsdamentes ac\u00e9lb\u00f3l k\u00e9sz\u00fclt \u00e9s mosogat\u00f3g\u00e9pben moshat\u00f3 serpeny\u0151 Levehet\u0151, nagyon stabil \u00e9s biztons\u00e1gos foganty\u00fa a helytakar\u00e9kos t\u00e1rol\u00e1shoz Term\u00e9kle\u00edr\u00e1s M\u00e1rt\u00e1sokat \u00e9s sz\u00f3szokat szeretne k\u00e9sz\u00edteni? Akkor ez a serpeny\u0151 [&hellip;]","og_url":"https:\/\/amchungary.hu\/sr\/termekek\/serpenyok\/sauteuse-20-cm-es-21-literes-serpenyo-hosszu-nyellel\/","og_site_name":"AMC Hungary","article_publisher":"https:\/\/www.facebook.com\/people\/AMC-Hungary\/61570426203273\/","article_modified_time":"2026-01-13T21:11:25+00:00","twitter_card":"summary_large_image","twitter_misc":{"\u041f\u0440\u043e\u0446\u0435\u045a\u0435\u043d\u043e \u0432\u0440\u0435\u043c\u0435 \u0447\u0438\u0442\u0430\u045a\u0430":"2 \u043c\u0438\u043d\u0443\u0442\u0430"},"schema":{"@context":"https:\/\/schema.org","@graph":[{"@type":"WebPage","@id":"https:\/\/amchungary.hu\/termekek\/serpenyok\/sauteuse-20-cm-es-21-literes-serpenyo-hosszu-nyellel\/","url":"https:\/\/amchungary.hu\/termekek\/serpenyok\/sauteuse-20-cm-es-21-literes-serpenyo-hosszu-nyellel\/","name":"Sauteuse\u00a020 cm-es, 2,1 literes serpeny\u0151, hossz\u00fa ny\u00e9llel - AMC Hungary","isPartOf":{"@id":"https:\/\/amchungary.hu\/#website"},"datePublished":"2024-12-29T14:08:22+00:00","dateModified":"2026-01-13T21:11:25+00:00","breadcrumb":{"@id":"https:\/\/amchungary.hu\/termekek\/serpenyok\/sauteuse-20-cm-es-21-literes-serpenyo-hosszu-nyellel\/#breadcrumb"},"inLanguage":"sr-RS","potentialAction":[{"@type":"ReadAction","target":["https:\/\/amchungary.hu\/termekek\/serpenyok\/sauteuse-20-cm-es-21-literes-serpenyo-hosszu-nyellel\/"]}]},{"@type":"BreadcrumbList","@id":"https:\/\/amchungary.hu\/termekek\/serpenyok\/sauteuse-20-cm-es-21-literes-serpenyo-hosszu-nyellel\/#breadcrumb","itemListElement":[{"@type":"ListItem","position":1,"name":"Home","item":"https:\/\/amchungary.hu\/"},{"@type":"ListItem","position":2,"name":"Term\u00e9kek","item":"https:\/\/amchungary.hu\/termekek\/"},{"@type":"ListItem","position":3,"name":"Serpeny\u0151k","item":"https:\/\/amchungary.hu\/termekek\/serpenyok\/"},{"@type":"ListItem","position":4,"name":"Sauteuse\u00a020 cm-es, 2,1 literes serpeny\u0151, hossz\u00fa ny\u00e9llel"}]},{"@type":"WebSite","@id":"https:\/\/amchungary.hu\/#website","url":"https:\/\/amchungary.hu\/","name":"AMC Hungary","description":"","publisher":{"@id":"https:\/\/amchungary.hu\/#organization"},"potentialAction":[{"@type":"SearchAction","target":{"@type":"EntryPoint","urlTemplate":"https:\/\/amchungary.hu\/?s={search_term_string}"},"query-input":{"@type":"PropertyValueSpecification","valueRequired":true,"valueName":"search_term_string"}}],"inLanguage":"sr-RS"},{"@type":"Organization","@id":"https:\/\/amchungary.hu\/#organization","name":"AMC Hungary","url":"https:\/\/amchungary.hu\/","logo":{"@type":"ImageObject","inLanguage":"sr-RS","@id":"https:\/\/amchungary.hu\/#\/schema\/logo\/image\/","url":"https:\/\/amchungary.hu\/wp-content\/uploads\/2025\/09\/AMC_Logo_outline_bw_1-1.avif","contentUrl":"https:\/\/amchungary.hu\/wp-content\/uploads\/2025\/09\/AMC_Logo_outline_bw_1-1.avif","width":180,"height":120,"caption":"AMC Hungary"},"image":{"@id":"https:\/\/amchungary.hu\/#\/schema\/logo\/image\/"},"sameAs":["https:\/\/www.facebook.com\/people\/AMC-Hungary\/61570426203273\/","https:\/\/www.instagram.com\/amchungary\/","https:\/\/www.youtube.com\/@AMCHUNGARY","https:\/\/www.tiktok.com\/@amchungary"]}]}},"_links":{"self":[{"href":"https:\/\/amchungary.hu\/sr\/wp-json\/wp\/v2\/pages\/2267","targetHints":{"allow":["GET"]}}],"collection":[{"href":"https:\/\/amchungary.hu\/sr\/wp-json\/wp\/v2\/pages"}],"about":[{"href":"https:\/\/amchungary.hu\/sr\/wp-json\/wp\/v2\/types\/page"}],"author":[{"embeddable":true,"href":"https:\/\/amchungary.hu\/sr\/wp-json\/wp\/v2\/users\/1"}],"replies":[{"embeddable":true,"href":"https:\/\/amchungary.hu\/sr\/wp-json\/wp\/v2\/comments?post=2267"}],"version-history":[{"count":0,"href":"https:\/\/amchungary.hu\/sr\/wp-json\/wp\/v2\/pages\/2267\/revisions"}],"up":[{"embeddable":true,"href":"https:\/\/amchungary.hu\/sr\/wp-json\/wp\/v2\/pages\/1911"}],"wp:attachment":[{"href":"https:\/\/amchungary.hu\/sr\/wp-json\/wp\/v2\/media?parent=2267"}],"curies":[{"name":"wp","href":"https:\/\/api.w.org\/{rel}","templated":true}]}}