{"id":2318,"date":"2024-12-29T15:11:59","date_gmt":"2024-12-29T14:11:59","guid":{"rendered":"https:\/\/amchungary.hu\/?page_id=2318"},"modified":"2026-01-13T22:08:50","modified_gmt":"2026-01-13T21:08:50","slug":"secuquick-softline-24-cm-es-nyomastarto-edenyfedel","status":"publish","type":"page","link":"https:\/\/amchungary.hu\/sr\/termekek\/gyorsfozo\/secuquick-softline-24-cm-es-nyomastarto-edenyfedel\/","title":{"rendered":"Secuquick softline poklop za pritisak 24 cm"},"content":{"rendered":"\t\t<div data-elementor-type=\"wp-page\" data-elementor-id=\"2318\" class=\"elementor elementor-2318\" data-elementor-post-type=\"page\">\n\t\t\t\t<div class=\"elementor-element elementor-element-4d61f53a e-con-full e-flex e-con e-parent\" data-id=\"4d61f53a\" data-element_type=\"container\" data-e-type=\"container\" data-settings=\"{&quot;background_background&quot;:&quot;classic&quot;}\">\n\t\t\t\t<\/div>\n\t\t<div class=\"elementor-element elementor-element-d9d92e1 e-flex e-con-boxed e-con e-parent\" data-id=\"d9d92e1\" data-element_type=\"container\" data-e-type=\"container\" data-settings=\"{&quot;background_background&quot;:&quot;classic&quot;}\">\n\t\t\t\t\t<div class=\"e-con-inner\">\n\t\t\t\t<div class=\"elementor-element elementor-element-48f975c9 elementor-widget elementor-widget-heading\" data-id=\"48f975c9\" data-element_type=\"widget\" data-e-type=\"widget\" data-widget_type=\"heading.default\">\n\t\t\t\t<div class=\"elementor-widget-container\">\n\t\t\t\t\t<h2 class=\"elementor-heading-title elementor-size-default\">A Secuquick softline gyorsf\u0151z\u0151fed\u00e9l b\u00e1rmely 24 cm-es ed\u00e9nyt gyorsf\u0151z\u0151v\u00e9 alak\u00edt.\n<\/h2>\t\t\t\t<\/div>\n\t\t\t\t<\/div>\n\t\t\t\t<div class=\"elementor-element elementor-element-238b0a1e elementor-widget elementor-widget-text-editor\" data-id=\"238b0a1e\" data-element_type=\"widget\" data-e-type=\"widget\" data-widget_type=\"text-editor.default\">\n\t\t\t\t<div class=\"elementor-widget-container\">\n\t\t\t\t\t\t\t\t\t<p>A Secuquick softline gyorsf\u0151z\u0151fed\u00e9llel gyorsan k\u00e9sz\u00edthet eg\u00e9szs\u00e9ges gyors\u00e9teleket. Az olyan \u00edzletes \u00e9telek, mint a marhaguly\u00e1s vagy a rizott\u00f3 pillanatok alatt elk\u00e9sz\u00edthet\u0151k a gyorsf\u0151z\u0151ben. A Secuquick softline k\u00e9tf\u00e9le gyorsf\u0151z\u0151 programot k\u00edn\u00e1l: Soft \u00e9s Turbo.<\/p>\t\t\t\t\t\t\t\t<\/div>\n\t\t\t\t<\/div>\n\t\t\t\t\t<\/div>\n\t\t\t\t<\/div>\n\t\t<div class=\"elementor-element elementor-element-794a71a3 e-flex e-con-boxed e-con e-parent\" data-id=\"794a71a3\" data-element_type=\"container\" data-e-type=\"container\">\n\t\t\t\t\t<div class=\"e-con-inner\">\n\t\t<div class=\"elementor-element elementor-element-5eec471 e-flex e-con-boxed e-con e-child\" data-id=\"5eec471\" data-element_type=\"container\" data-e-type=\"container\">\n\t\t\t\t\t<div class=\"e-con-inner\">\n\t\t\t\t<div class=\"elementor-element elementor-element-28b7bbae elementor-widget elementor-widget-heading\" data-id=\"28b7bbae\" data-element_type=\"widget\" data-e-type=\"widget\" data-widget_type=\"heading.default\">\n\t\t\t\t<div class=\"elementor-widget-container\">\n\t\t\t\t\t<h2 class=\"elementor-heading-title elementor-size-default\">El\u0151nye<\/h2>\t\t\t\t<\/div>\n\t\t\t\t<\/div>\n\t\t\t\t<div class=\"elementor-element elementor-element-6a274c06 elementor-icon-list--layout-traditional elementor-list-item-link-full_width elementor-widget elementor-widget-icon-list\" data-id=\"6a274c06\" data-element_type=\"widget\" data-e-type=\"widget\" data-widget_type=\"icon-list.default\">\n\t\t\t\t<div class=\"elementor-widget-container\">\n\t\t\t\t\t\t\t<ul class=\"elementor-icon-list-items\">\n\t\t\t\t\t\t\t<li class=\"elementor-icon-list-item\">\n\t\t\t\t\t\t\t\t\t\t\t<span class=\"elementor-icon-list-icon\">\n\t\t\t\t\t\t\t<svg aria-hidden=\"true\" class=\"e-font-icon-svg e-fas-circle\" viewBox=\"0 0 512 512\" xmlns=\"http:\/\/www.w3.org\/2000\/svg\"><path d=\"M256 8C119 8 8 119 8 256s111 248 248 248 248-111 248-248S393 8 256 8z\"><\/path><\/svg>\t\t\t\t\t\t<\/span>\n\t\t\t\t\t\t\t\t\t\t<span class=\"elementor-icon-list-text\">Ak\u00e1r 50%-os energiamegtakar\u00edt\u00e1st \u00e9s 80%-os id\u0151megtakar\u00edt\u00e1st tesz lehet\u0151v\u00e9.<\/span>\n\t\t\t\t\t\t\t\t\t<\/li>\n\t\t\t\t\t\t\t\t<li class=\"elementor-icon-list-item\">\n\t\t\t\t\t\t\t\t\t\t\t<span class=\"elementor-icon-list-icon\">\n\t\t\t\t\t\t\t<svg aria-hidden=\"true\" class=\"e-font-icon-svg e-fas-circle\" viewBox=\"0 0 512 512\" xmlns=\"http:\/\/www.w3.org\/2000\/svg\"><path d=\"M256 8C119 8 8 119 8 256s111 248 248 248 248-111 248-248S393 8 256 8z\"><\/path><\/svg>\t\t\t\t\t\t<\/span>\n\t\t\t\t\t\t\t\t\t\t<span class=\"elementor-icon-list-text\">Optim\u00e1lis, pontos \u00e9s k\u00edm\u00e9letes elk\u00e9sz\u00edt\u00e9s az AMC gyorsf\u0151z\u0151ben a Soft \u00e9s Turbo f\u0151z\u00e9si m\u00f3dszernek k\u00f6sz\u00f6nhet\u0151en<\/span>\n\t\t\t\t\t\t\t\t\t<\/li>\n\t\t\t\t\t\t\t\t<li class=\"elementor-icon-list-item\">\n\t\t\t\t\t\t\t\t\t\t\t<span class=\"elementor-icon-list-icon\">\n\t\t\t\t\t\t\t<svg aria-hidden=\"true\" class=\"e-font-icon-svg e-fas-circle\" viewBox=\"0 0 512 512\" xmlns=\"http:\/\/www.w3.org\/2000\/svg\"><path d=\"M256 8C119 8 8 119 8 256s111 248 248 248 248-111 248-248S393 8 256 8z\"><\/path><\/svg>\t\t\t\t\t\t<\/span>\n\t\t\t\t\t\t\t\t\t\t<span class=\"elementor-icon-list-text\">B\u00e1rmely 24 cm \u00e1tm\u00e9r\u0151j\u0171 AMC ed\u00e9nyt gyorsf\u0151z\u0151v\u00e9 alak\u00edt \u00e1t<\/span>\n\t\t\t\t\t\t\t\t\t<\/li>\n\t\t\t\t\t\t<\/ul>\n\t\t\t\t\t\t<\/div>\n\t\t\t\t<\/div>\n\t\t\t\t\t<\/div>\n\t\t\t\t<\/div>\n\t\t\t\t\t<\/div>\n\t\t\t\t<\/div>\n\t\t<div class=\"elementor-element elementor-element-7e0ca60f e-flex e-con-boxed e-con e-parent\" data-id=\"7e0ca60f\" data-element_type=\"container\" data-e-type=\"container\">\n\t\t\t\t\t<div class=\"e-con-inner\">\n\t\t<div class=\"elementor-element elementor-element-85603dd e-flex e-con-boxed e-con e-child\" data-id=\"85603dd\" data-element_type=\"container\" data-e-type=\"container\">\n\t\t\t\t\t<div class=\"e-con-inner\">\n\t\t\t\t<div class=\"elementor-element elementor-element-77c3bd7f elementor-widget-mobile__width-initial elementor-widget elementor-widget-heading\" data-id=\"77c3bd7f\" data-element_type=\"widget\" data-e-type=\"widget\" data-widget_type=\"heading.default\">\n\t\t\t\t<div class=\"elementor-widget-container\">\n\t\t\t\t\t<h2 class=\"elementor-heading-title elementor-size-default\">Term\u00e9kle\u00edr\u00e1s<\/h2>\t\t\t\t<\/div>\n\t\t\t\t<\/div>\n\t\t\t\t<div class=\"elementor-element elementor-element-4be59f89 elementor-widget elementor-widget-text-editor\" data-id=\"4be59f89\" data-element_type=\"widget\" data-e-type=\"widget\" data-widget_type=\"text-editor.default\">\n\t\t\t\t<div class=\"elementor-widget-container\">\n\t\t\t\t\t\t\t\t\t<p class=\"font_8 wixui-rich-text__text\" style=\"background: transparent; border: 0px; outline: 0px; padding: 0px; vertical-align: baseline; pointer-events: auto; color: rgb(var(--color_15)); margin-block-end: 0px; margin-top: 0px; margin-right: 0px; margin-left: 0px; text-align: justify;\">Megk\u00edv\u00e1nja a gyors\u00e9ttermi \u00e9teleket, de m\u00e9gis eg\u00e9szs\u00e9gesen szeretne \u00e9tkezni? A Secuquick softline gyorsf\u0151z\u0151fed\u00e9llel gyorsan \u00e9s egyszer\u0171en k\u00e9sz\u00edthet eg\u00e9szs\u00e9ges gyors\u00e9teleket. A Secuquick sotfline gyorsf\u0151z\u0151vel val\u00f3 f\u0151z\u00e9ssel id\u0151t \u00e9s energi\u00e1t takar\u00edthat meg. Ugyanakkor meg\u0151rzi a hozz\u00e1val\u00f3kban l\u00e9v\u0151 vitaminokat, \u00e1sv\u00e1nyi anyagokat, t\u00e1panyagokat \u00e9s \u00edzeket. A k\u00e9t f\u0151z\u00e9si m\u00f3ddal, a Soft \u00e9s a Turbo, k\u00e9t k\u00fcl\u00f6nb\u00f6z\u0151 h\u0151m\u00e9rs\u00e9klet-tartom\u00e1nyban f\u0151zhet az AMC gyorsf\u0151z\u0151vel. A l\u00e1gy nyom\u00e1sf\u0151z\u00e9s olyan \u00e9telek k\u00edm\u00e9letes \u00e9s vitamink\u00edm\u00e9l\u0151 elk\u00e9sz\u00edt\u00e9s\u00e9re alkalmas, mint p\u00e9ld\u00e1ul a s\u00fclt krumpli, a rizs vagy a t\u00e9szta\u00e9telek. A gyorsf\u0151z\u0151ben 103 \u00e9s 113 \u00b0C k\u00f6z\u00f6tti h\u0151m\u00e9rs\u00e9klet \u00e9rhet\u0151 el. A turb\u00f3 nyom\u00e1sf\u0151z\u00e9s ide\u00e1lis a hossz\u00fa f\u0151z\u00e9si id\u0151vel rendelkez\u0151, robusztus \u00e9telekhez, p\u00e9ld\u00e1ul p\u00f6rk\u00f6ltekhez, f\u0151zel\u00e9kekhez, h\u00fcvelyesekhez vagy h\u00fasokhoz. Ezzel a programmal a h\u0151m\u00e9rs\u00e9klet a gyorsf\u0151z\u0151ben 108 \u00e9s 118 \u00b0C k\u00f6z\u00f6tt van. Az Audiotherm akusztikus vez\u00e9rl\u00e9ssel \u00e9s a Navigenio mobil f\u0151z\u0151lappal egy\u00fctt optim\u00e1lisan kihaszn\u00e1lhatja a Secuquicksoftline gyorsf\u0151z\u0151t. Minden 24 cm \u00e1tm\u00e9r\u0151j\u0171 AMC ed\u00e9ny a kifinomult Secuquick softline gyorsf\u0151z\u0151fed\u00e9llel gyorsf\u0151z\u0151v\u00e9 alak\u00edthat\u00f3. Az olyan \u00edzletes \u00e9telek, mint a marhaguly\u00e1s \u00e9s a rizott\u00f3 gyorsan \u00e9s egyszer\u0171en elk\u00e9sz\u00fclnek a gyorsf\u0151z\u0151ben. Ez\u00e1ltal a gyors f\u0151z\u00e9s eg\u00e9szs\u00e9ges \u00e9lm\u00e9nny\u00e9 v\u00e1lik.<\/p>\t\t\t\t\t\t\t\t<\/div>\n\t\t\t\t<\/div>\n\t\t\t\t\t<\/div>\n\t\t\t\t<\/div>\n\t\t\t\t\t<\/div>\n\t\t\t\t<\/div>\n\t\t<div class=\"elementor-element elementor-element-259d21a9 e-flex e-con-boxed e-con e-parent\" data-id=\"259d21a9\" data-element_type=\"container\" data-e-type=\"container\" data-settings=\"{&quot;background_background&quot;:&quot;classic&quot;}\">\n\t\t\t\t\t<div class=\"e-con-inner\">\n\t\t\t\t<div class=\"elementor-element elementor-element-14851fc2 elementor-widget elementor-widget-heading\" data-id=\"14851fc2\" data-element_type=\"widget\" data-e-type=\"widget\" data-widget_type=\"heading.default\">\n\t\t\t\t<div class=\"elementor-widget-container\">\n\t\t\t\t\t<h2 class=\"elementor-heading-title elementor-size-default\">Szeretn\u00e9 term\u00e9keinket \u00e9l\u0151ben is megtapasztalni?<\/h2>\t\t\t\t<\/div>\n\t\t\t\t<\/div>\n\t\t\t\t<div class=\"elementor-element elementor-element-118da530 elementor-widget elementor-widget-heading\" data-id=\"118da530\" data-element_type=\"widget\" data-e-type=\"widget\" data-widget_type=\"heading.default\">\n\t\t\t\t<div class=\"elementor-widget-container\">\n\t\t\t\t\t<h2 class=\"elementor-heading-title elementor-size-default\">Foglalja le a nem k\u00f6telez\u0151 AMC f\u0151z\u0151bemutat\u00f3t most!<\/h2>\t\t\t\t<\/div>\n\t\t\t\t<\/div>\n\t\t\t\t<div class=\"elementor-element elementor-element-41801ef6 elementor-widget-mobile__width-inherit elementor-mobile-align-center elementor-widget elementor-widget-button\" data-id=\"41801ef6\" data-element_type=\"widget\" data-e-type=\"widget\" data-widget_type=\"button.default\">\n\t\t\t\t<div class=\"elementor-widget-container\">\n\t\t\t\t\t\t\t\t\t<div class=\"elementor-button-wrapper\">\n\t\t\t\t\t<a class=\"elementor-button elementor-button-link elementor-size-sm\" href=\"https:\/\/amchungary.hu\/foglalas-az-amc-bemutatora\/\">\n\t\t\t\t\t\t<span class=\"elementor-button-content-wrapper\">\n\t\t\t\t\t\t\t\t\t<span class=\"elementor-button-text\">Foglalom<\/span>\n\t\t\t\t\t<\/span>\n\t\t\t\t\t<\/a>\n\t\t\t\t<\/div>\n\t\t\t\t\t\t\t\t<\/div>\n\t\t\t\t<\/div>\n\t\t\t\t\t<\/div>\n\t\t\t\t<\/div>\n\t\t<div class=\"elementor-element elementor-element-505cc8c4 e-con-full e-flex e-con e-parent\" data-id=\"505cc8c4\" data-element_type=\"container\" data-e-type=\"container\">\n\t\t\t\t<div class=\"elementor-element elementor-element-58ed8da6 elementor-widget-mobile__width-inherit elementor-mobile-align-center elementor-hidden-tablet elementor-hidden-mobile elementor-widget elementor-widget-button\" data-id=\"58ed8da6\" data-element_type=\"widget\" data-e-type=\"widget\" data-settings=\"{&quot;sticky&quot;:&quot;bottom&quot;,&quot;sticky_on&quot;:[&quot;desktop&quot;],&quot;sticky_offset&quot;:0,&quot;sticky_effects_offset&quot;:0,&quot;sticky_anchor_link_offset&quot;:0}\" data-widget_type=\"button.default\">\n\t\t\t\t<div class=\"elementor-widget-container\">\n\t\t\t\t\t\t\t\t\t<div class=\"elementor-button-wrapper\">\n\t\t\t\t\t<a class=\"elementor-button elementor-button-link elementor-size-sm\" href=\"https:\/\/amchungary.hu\/sr\/foglalas-az-amc-bemutatora\/\">\n\t\t\t\t\t\t<span class=\"elementor-button-content-wrapper\">\n\t\t\t\t\t\t\t\t\t<span class=\"elementor-button-text\">Id\u0151pont foglal\u00e1s<\/span>\n\t\t\t\t\t<\/span>\n\t\t\t\t\t<\/a>\n\t\t\t\t<\/div>\n\t\t\t\t\t\t\t\t<\/div>\n\t\t\t\t<\/div>\n\t\t\t\t<\/div>\n\t\t\t\t<\/div>\n\t\t","protected":false},"excerpt":{"rendered":"<p>A Secuquick softline gyorsf\u0151z\u0151fed\u00e9l b\u00e1rmely 24 cm-es ed\u00e9nyt gyorsf\u0151z\u0151v\u00e9 alak\u00edt. A Secuquick softline gyorsf\u0151z\u0151fed\u00e9llel gyorsan k\u00e9sz\u00edthet eg\u00e9szs\u00e9ges gyors\u00e9teleket. Az olyan \u00edzletes \u00e9telek, mint a marhaguly\u00e1s vagy a rizott\u00f3 pillanatok alatt elk\u00e9sz\u00edthet\u0151k a gyorsf\u0151z\u0151ben. A Secuquick softline k\u00e9tf\u00e9le gyorsf\u0151z\u0151 programot k\u00edn\u00e1l: Soft \u00e9s Turbo. El\u0151nye Ak\u00e1r 50%-os energiamegtakar\u00edt\u00e1st \u00e9s 80%-os id\u0151megtakar\u00edt\u00e1st tesz lehet\u0151v\u00e9. Optim\u00e1lis, pontos \u00e9s [&hellip;]<\/p>\n","protected":false},"author":1,"featured_media":0,"parent":1910,"menu_order":0,"comment_status":"closed","ping_status":"closed","template":"","meta":{"footnotes":""},"class_list":["post-2318","page","type-page","status-publish","hentry"],"yoast_head":"<!-- This site is optimized with the Yoast SEO Premium plugin v27.6 (Yoast SEO v27.6) - https:\/\/yoast.com\/product\/yoast-seo-premium-wordpress\/ -->\n<title>Secuquick softline 24 cm-es nyom\u00e1start\u00f3 ed\u00e9nyfed\u00e9l - AMC Hungary<\/title>\n<meta name=\"robots\" content=\"index, follow, max-snippet:-1, max-image-preview:large, max-video-preview:-1\" \/>\n<link rel=\"canonical\" href=\"https:\/\/amchungary.hu\/sr\/termekek\/gyorsfozo\/secuquick-softline-24-cm-es-nyomastarto-edenyfedel\/\" \/>\n<meta property=\"og:locale\" content=\"sr_RS\" \/>\n<meta property=\"og:type\" content=\"article\" \/>\n<meta property=\"og:title\" content=\"Secuquick softline 24 cm-es nyom\u00e1start\u00f3 ed\u00e9nyfed\u00e9l\" \/>\n<meta property=\"og:description\" content=\"A Secuquick softline gyorsf\u0151z\u0151fed\u00e9l b\u00e1rmely 24 cm-es ed\u00e9nyt gyorsf\u0151z\u0151v\u00e9 alak\u00edt. A Secuquick softline gyorsf\u0151z\u0151fed\u00e9llel gyorsan k\u00e9sz\u00edthet eg\u00e9szs\u00e9ges gyors\u00e9teleket. Az olyan \u00edzletes \u00e9telek, mint a marhaguly\u00e1s vagy a rizott\u00f3 pillanatok alatt elk\u00e9sz\u00edthet\u0151k a gyorsf\u0151z\u0151ben. A Secuquick softline k\u00e9tf\u00e9le gyorsf\u0151z\u0151 programot k\u00edn\u00e1l: Soft \u00e9s Turbo. El\u0151nye Ak\u00e1r 50%-os energiamegtakar\u00edt\u00e1st \u00e9s 80%-os id\u0151megtakar\u00edt\u00e1st tesz lehet\u0151v\u00e9. Optim\u00e1lis, pontos \u00e9s [&hellip;]\" \/>\n<meta property=\"og:url\" content=\"https:\/\/amchungary.hu\/sr\/termekek\/gyorsfozo\/secuquick-softline-24-cm-es-nyomastarto-edenyfedel\/\" \/>\n<meta property=\"og:site_name\" content=\"AMC Hungary\" \/>\n<meta property=\"article:publisher\" content=\"https:\/\/www.facebook.com\/people\/AMC-Hungary\/61570426203273\/\" \/>\n<meta property=\"article:modified_time\" content=\"2026-01-13T21:08:50+00:00\" \/>\n<meta name=\"twitter:card\" content=\"summary_large_image\" \/>\n<meta name=\"twitter:label1\" content=\"\u041f\u0440\u043e\u0446\u0435\u045a\u0435\u043d\u043e \u0432\u0440\u0435\u043c\u0435 \u0447\u0438\u0442\u0430\u045a\u0430\" \/>\n\t<meta name=\"twitter:data1\" content=\"2 \u043c\u0438\u043d\u0443\u0442\u0430\" \/>\n<script type=\"application\/ld+json\" class=\"yoast-schema-graph\">{\"@context\":\"https:\\\/\\\/schema.org\",\"@graph\":[{\"@type\":\"WebPage\",\"@id\":\"https:\\\/\\\/amchungary.hu\\\/termekek\\\/gyorsfozo\\\/secuquick-softline-24-cm-es-nyomastarto-edenyfedel\\\/\",\"url\":\"https:\\\/\\\/amchungary.hu\\\/termekek\\\/gyorsfozo\\\/secuquick-softline-24-cm-es-nyomastarto-edenyfedel\\\/\",\"name\":\"Secuquick softline 24 cm-es nyom\u00e1start\u00f3 ed\u00e9nyfed\u00e9l - AMC Hungary\",\"isPartOf\":{\"@id\":\"https:\\\/\\\/amchungary.hu\\\/#website\"},\"datePublished\":\"2024-12-29T14:11:59+00:00\",\"dateModified\":\"2026-01-13T21:08:50+00:00\",\"breadcrumb\":{\"@id\":\"https:\\\/\\\/amchungary.hu\\\/termekek\\\/gyorsfozo\\\/secuquick-softline-24-cm-es-nyomastarto-edenyfedel\\\/#breadcrumb\"},\"inLanguage\":\"sr-RS\",\"potentialAction\":[{\"@type\":\"ReadAction\",\"target\":[\"https:\\\/\\\/amchungary.hu\\\/termekek\\\/gyorsfozo\\\/secuquick-softline-24-cm-es-nyomastarto-edenyfedel\\\/\"]}]},{\"@type\":\"BreadcrumbList\",\"@id\":\"https:\\\/\\\/amchungary.hu\\\/termekek\\\/gyorsfozo\\\/secuquick-softline-24-cm-es-nyomastarto-edenyfedel\\\/#breadcrumb\",\"itemListElement\":[{\"@type\":\"ListItem\",\"position\":1,\"name\":\"Home\",\"item\":\"https:\\\/\\\/amchungary.hu\\\/\"},{\"@type\":\"ListItem\",\"position\":2,\"name\":\"Term\u00e9kek\",\"item\":\"https:\\\/\\\/amchungary.hu\\\/termekek\\\/\"},{\"@type\":\"ListItem\",\"position\":3,\"name\":\"Gyorsf\u0151z\u0151\",\"item\":\"https:\\\/\\\/amchungary.hu\\\/termekek\\\/gyorsfozo\\\/\"},{\"@type\":\"ListItem\",\"position\":4,\"name\":\"Secuquick softline 24 cm-es nyom\u00e1start\u00f3 ed\u00e9nyfed\u00e9l\"}]},{\"@type\":\"WebSite\",\"@id\":\"https:\\\/\\\/amchungary.hu\\\/#website\",\"url\":\"https:\\\/\\\/amchungary.hu\\\/\",\"name\":\"AMC Hungary\",\"description\":\"\",\"publisher\":{\"@id\":\"https:\\\/\\\/amchungary.hu\\\/#organization\"},\"potentialAction\":[{\"@type\":\"SearchAction\",\"target\":{\"@type\":\"EntryPoint\",\"urlTemplate\":\"https:\\\/\\\/amchungary.hu\\\/?s={search_term_string}\"},\"query-input\":{\"@type\":\"PropertyValueSpecification\",\"valueRequired\":true,\"valueName\":\"search_term_string\"}}],\"inLanguage\":\"sr-RS\"},{\"@type\":\"Organization\",\"@id\":\"https:\\\/\\\/amchungary.hu\\\/#organization\",\"name\":\"AMC Hungary\",\"url\":\"https:\\\/\\\/amchungary.hu\\\/\",\"logo\":{\"@type\":\"ImageObject\",\"inLanguage\":\"sr-RS\",\"@id\":\"https:\\\/\\\/amchungary.hu\\\/#\\\/schema\\\/logo\\\/image\\\/\",\"url\":\"https:\\\/\\\/amchungary.hu\\\/wp-content\\\/uploads\\\/2025\\\/09\\\/AMC_Logo_outline_bw_1-1.avif\",\"contentUrl\":\"https:\\\/\\\/amchungary.hu\\\/wp-content\\\/uploads\\\/2025\\\/09\\\/AMC_Logo_outline_bw_1-1.avif\",\"width\":180,\"height\":120,\"caption\":\"AMC Hungary\"},\"image\":{\"@id\":\"https:\\\/\\\/amchungary.hu\\\/#\\\/schema\\\/logo\\\/image\\\/\"},\"sameAs\":[\"https:\\\/\\\/www.facebook.com\\\/people\\\/AMC-Hungary\\\/61570426203273\\\/\",\"https:\\\/\\\/www.instagram.com\\\/amchungary\\\/\",\"https:\\\/\\\/www.youtube.com\\\/@AMCHUNGARY\",\"https:\\\/\\\/www.tiktok.com\\\/@amchungary\"]}]}<\/script>\n<!-- \/ Yoast SEO Premium plugin. -->","yoast_head_json":{"title":"Secuquick softline 24 cm-es nyom\u00e1start\u00f3 ed\u00e9nyfed\u00e9l - AMC Hungary","robots":{"index":"index","follow":"follow","max-snippet":"max-snippet:-1","max-image-preview":"max-image-preview:large","max-video-preview":"max-video-preview:-1"},"canonical":"https:\/\/amchungary.hu\/sr\/termekek\/gyorsfozo\/secuquick-softline-24-cm-es-nyomastarto-edenyfedel\/","og_locale":"sr_RS","og_type":"article","og_title":"Secuquick softline 24 cm-es nyom\u00e1start\u00f3 ed\u00e9nyfed\u00e9l","og_description":"A Secuquick softline gyorsf\u0151z\u0151fed\u00e9l b\u00e1rmely 24 cm-es ed\u00e9nyt gyorsf\u0151z\u0151v\u00e9 alak\u00edt. A Secuquick softline gyorsf\u0151z\u0151fed\u00e9llel gyorsan k\u00e9sz\u00edthet eg\u00e9szs\u00e9ges gyors\u00e9teleket. Az olyan \u00edzletes \u00e9telek, mint a marhaguly\u00e1s vagy a rizott\u00f3 pillanatok alatt elk\u00e9sz\u00edthet\u0151k a gyorsf\u0151z\u0151ben. A Secuquick softline k\u00e9tf\u00e9le gyorsf\u0151z\u0151 programot k\u00edn\u00e1l: Soft \u00e9s Turbo. El\u0151nye Ak\u00e1r 50%-os energiamegtakar\u00edt\u00e1st \u00e9s 80%-os id\u0151megtakar\u00edt\u00e1st tesz lehet\u0151v\u00e9. Optim\u00e1lis, pontos \u00e9s [&hellip;]","og_url":"https:\/\/amchungary.hu\/sr\/termekek\/gyorsfozo\/secuquick-softline-24-cm-es-nyomastarto-edenyfedel\/","og_site_name":"AMC Hungary","article_publisher":"https:\/\/www.facebook.com\/people\/AMC-Hungary\/61570426203273\/","article_modified_time":"2026-01-13T21:08:50+00:00","twitter_card":"summary_large_image","twitter_misc":{"\u041f\u0440\u043e\u0446\u0435\u045a\u0435\u043d\u043e \u0432\u0440\u0435\u043c\u0435 \u0447\u0438\u0442\u0430\u045a\u0430":"2 \u043c\u0438\u043d\u0443\u0442\u0430"},"schema":{"@context":"https:\/\/schema.org","@graph":[{"@type":"WebPage","@id":"https:\/\/amchungary.hu\/termekek\/gyorsfozo\/secuquick-softline-24-cm-es-nyomastarto-edenyfedel\/","url":"https:\/\/amchungary.hu\/termekek\/gyorsfozo\/secuquick-softline-24-cm-es-nyomastarto-edenyfedel\/","name":"Secuquick softline 24 cm-es nyom\u00e1start\u00f3 ed\u00e9nyfed\u00e9l - AMC Hungary","isPartOf":{"@id":"https:\/\/amchungary.hu\/#website"},"datePublished":"2024-12-29T14:11:59+00:00","dateModified":"2026-01-13T21:08:50+00:00","breadcrumb":{"@id":"https:\/\/amchungary.hu\/termekek\/gyorsfozo\/secuquick-softline-24-cm-es-nyomastarto-edenyfedel\/#breadcrumb"},"inLanguage":"sr-RS","potentialAction":[{"@type":"ReadAction","target":["https:\/\/amchungary.hu\/termekek\/gyorsfozo\/secuquick-softline-24-cm-es-nyomastarto-edenyfedel\/"]}]},{"@type":"BreadcrumbList","@id":"https:\/\/amchungary.hu\/termekek\/gyorsfozo\/secuquick-softline-24-cm-es-nyomastarto-edenyfedel\/#breadcrumb","itemListElement":[{"@type":"ListItem","position":1,"name":"Home","item":"https:\/\/amchungary.hu\/"},{"@type":"ListItem","position":2,"name":"Term\u00e9kek","item":"https:\/\/amchungary.hu\/termekek\/"},{"@type":"ListItem","position":3,"name":"Gyorsf\u0151z\u0151","item":"https:\/\/amchungary.hu\/termekek\/gyorsfozo\/"},{"@type":"ListItem","position":4,"name":"Secuquick softline 24 cm-es nyom\u00e1start\u00f3 ed\u00e9nyfed\u00e9l"}]},{"@type":"WebSite","@id":"https:\/\/amchungary.hu\/#website","url":"https:\/\/amchungary.hu\/","name":"AMC Hungary","description":"","publisher":{"@id":"https:\/\/amchungary.hu\/#organization"},"potentialAction":[{"@type":"SearchAction","target":{"@type":"EntryPoint","urlTemplate":"https:\/\/amchungary.hu\/?s={search_term_string}"},"query-input":{"@type":"PropertyValueSpecification","valueRequired":true,"valueName":"search_term_string"}}],"inLanguage":"sr-RS"},{"@type":"Organization","@id":"https:\/\/amchungary.hu\/#organization","name":"AMC Hungary","url":"https:\/\/amchungary.hu\/","logo":{"@type":"ImageObject","inLanguage":"sr-RS","@id":"https:\/\/amchungary.hu\/#\/schema\/logo\/image\/","url":"https:\/\/amchungary.hu\/wp-content\/uploads\/2025\/09\/AMC_Logo_outline_bw_1-1.avif","contentUrl":"https:\/\/amchungary.hu\/wp-content\/uploads\/2025\/09\/AMC_Logo_outline_bw_1-1.avif","width":180,"height":120,"caption":"AMC Hungary"},"image":{"@id":"https:\/\/amchungary.hu\/#\/schema\/logo\/image\/"},"sameAs":["https:\/\/www.facebook.com\/people\/AMC-Hungary\/61570426203273\/","https:\/\/www.instagram.com\/amchungary\/","https:\/\/www.youtube.com\/@AMCHUNGARY","https:\/\/www.tiktok.com\/@amchungary"]}]}},"_links":{"self":[{"href":"https:\/\/amchungary.hu\/sr\/wp-json\/wp\/v2\/pages\/2318","targetHints":{"allow":["GET"]}}],"collection":[{"href":"https:\/\/amchungary.hu\/sr\/wp-json\/wp\/v2\/pages"}],"about":[{"href":"https:\/\/amchungary.hu\/sr\/wp-json\/wp\/v2\/types\/page"}],"author":[{"embeddable":true,"href":"https:\/\/amchungary.hu\/sr\/wp-json\/wp\/v2\/users\/1"}],"replies":[{"embeddable":true,"href":"https:\/\/amchungary.hu\/sr\/wp-json\/wp\/v2\/comments?post=2318"}],"version-history":[{"count":0,"href":"https:\/\/amchungary.hu\/sr\/wp-json\/wp\/v2\/pages\/2318\/revisions"}],"up":[{"embeddable":true,"href":"https:\/\/amchungary.hu\/sr\/wp-json\/wp\/v2\/pages\/1910"}],"wp:attachment":[{"href":"https:\/\/amchungary.hu\/sr\/wp-json\/wp\/v2\/media?parent=2318"}],"curies":[{"name":"wp","href":"https:\/\/api.w.org\/{rel}","templated":true}]}}