{"id":2319,"date":"2024-12-29T15:11:59","date_gmt":"2024-12-29T14:11:59","guid":{"rendered":"https:\/\/amchungary.hu\/?page_id=2319"},"modified":"2026-01-13T22:13:54","modified_gmt":"2026-01-13T21:13:54","slug":"easyquick-20-es-24-cm-es","status":"publish","type":"page","link":"https:\/\/amchungary.hu\/sr\/termekek\/parolo-es-gozfozo\/easyquick-20-es-24-cm-es\/","title":{"rendered":"EasyQuick\u00a020 \u00e9s 24 cm-es"},"content":{"rendered":"\t\t<div data-elementor-type=\"wp-page\" data-elementor-id=\"2319\" class=\"elementor elementor-2319\" data-elementor-post-type=\"page\">\n\t\t\t\t<div class=\"elementor-element elementor-element-5a5bbb75 e-con-full e-flex e-con e-parent\" data-id=\"5a5bbb75\" data-element_type=\"container\" data-e-type=\"container\" data-settings=\"{&quot;background_background&quot;:&quot;classic&quot;}\">\n\t\t\t\t<\/div>\n\t\t<div class=\"elementor-element elementor-element-62aaf873 e-flex e-con-boxed e-con e-parent\" data-id=\"62aaf873\" data-element_type=\"container\" data-e-type=\"container\" data-settings=\"{&quot;background_background&quot;:&quot;classic&quot;}\">\n\t\t\t\t\t<div class=\"e-con-inner\">\n\t\t\t\t<div class=\"elementor-element elementor-element-70ffb5c0 elementor-widget elementor-widget-heading\" data-id=\"70ffb5c0\" data-element_type=\"widget\" data-e-type=\"widget\" data-widget_type=\"heading.default\">\n\t\t\t\t<div class=\"elementor-widget-container\">\n\t\t\t\t\t<h2 class=\"elementor-heading-title elementor-size-default\">EasyQuick g\u0151z\u00f6l\u0151fed\u00e9l a gyors \u00e9s k\u00edm\u00e9letes g\u0151z\u00f6l\u00e9shez 20 cm \u00e9s 24 cm \u00e1tm\u00e9r\u0151j\u0171 serpeny\u0151kh\u00f6z.<\/h2>\t\t\t\t<\/div>\n\t\t\t\t<\/div>\n\t\t\t\t<div class=\"elementor-element elementor-element-636946f elementor-widget elementor-widget-text-editor\" data-id=\"636946f\" data-element_type=\"widget\" data-e-type=\"widget\" data-widget_type=\"text-editor.default\">\n\t\t\t\t<div class=\"elementor-widget-container\">\n\t\t\t\t\t\t\t\t\t<p>Az EasyQuick g\u0151z\u00f6l\u0151fed\u00e9l lehet\u0151v\u00e9 teszi a gyors \u00e9s k\u00edm\u00e9letes g\u0151z\u00f6l\u00e9st 100\u00b0C alatti h\u0151m\u00e9rs\u00e9kleten. Ez biztos\u00edtja, hogy az \u00f6sszetev\u0151k \u00edze \u00e9s t\u00e1panyagai optim\u00e1lisan megmaradjanak. Az EasyQuick minden 20 cm \u00e9s 24 cm \u00e1tm\u00e9r\u0151j\u0171 ed\u00e9nyhez illeszkedik, \u00e9s g\u0151zp\u00e1rol\u00f3v\u00e1 alak\u00edtja azokat.<\/p>\t\t\t\t\t\t\t\t<\/div>\n\t\t\t\t<\/div>\n\t\t\t\t\t<\/div>\n\t\t\t\t<\/div>\n\t\t<div class=\"elementor-element elementor-element-24c132ab e-flex e-con-boxed e-con e-parent\" data-id=\"24c132ab\" data-element_type=\"container\" data-e-type=\"container\">\n\t\t\t\t\t<div class=\"e-con-inner\">\n\t\t<div class=\"elementor-element elementor-element-d16ffe1 e-flex e-con-boxed e-con e-child\" data-id=\"d16ffe1\" data-element_type=\"container\" data-e-type=\"container\">\n\t\t\t\t\t<div class=\"e-con-inner\">\n\t\t\t\t<div class=\"elementor-element elementor-element-1e2ced7a elementor-widget elementor-widget-heading\" data-id=\"1e2ced7a\" data-element_type=\"widget\" data-e-type=\"widget\" data-widget_type=\"heading.default\">\n\t\t\t\t<div class=\"elementor-widget-container\">\n\t\t\t\t\t<h2 class=\"elementor-heading-title elementor-size-default\">El\u0151nye<\/h2>\t\t\t\t<\/div>\n\t\t\t\t<\/div>\n\t\t\t\t<div class=\"elementor-element elementor-element-d1c0fa0 elementor-icon-list--layout-traditional elementor-list-item-link-full_width elementor-widget elementor-widget-icon-list\" data-id=\"d1c0fa0\" data-element_type=\"widget\" data-e-type=\"widget\" data-widget_type=\"icon-list.default\">\n\t\t\t\t<div class=\"elementor-widget-container\">\n\t\t\t\t\t\t\t<ul class=\"elementor-icon-list-items\">\n\t\t\t\t\t\t\t<li class=\"elementor-icon-list-item\">\n\t\t\t\t\t\t\t\t\t\t\t<span class=\"elementor-icon-list-icon\">\n\t\t\t\t\t\t\t<svg aria-hidden=\"true\" class=\"e-font-icon-svg e-fas-circle\" viewBox=\"0 0 512 512\" xmlns=\"http:\/\/www.w3.org\/2000\/svg\"><path d=\"M256 8C119 8 8 119 8 256s111 248 248 248 248-111 248-248S393 8 256 8z\"><\/path><\/svg>\t\t\t\t\t\t<\/span>\n\t\t\t\t\t\t\t\t\t\t<span class=\"elementor-icon-list-text\">A k\u00edm\u00e9letes elk\u00e9sz\u00edt\u00e9s a p\u00e1rol\u00f3ed\u00e9nyben t\u00f6bb \u00edzt biztos\u00edt<\/span>\n\t\t\t\t\t\t\t\t\t<\/li>\n\t\t\t\t\t\t\t\t<li class=\"elementor-icon-list-item\">\n\t\t\t\t\t\t\t\t\t\t\t<span class=\"elementor-icon-list-icon\">\n\t\t\t\t\t\t\t<svg aria-hidden=\"true\" class=\"e-font-icon-svg e-fas-circle\" viewBox=\"0 0 512 512\" xmlns=\"http:\/\/www.w3.org\/2000\/svg\"><path d=\"M256 8C119 8 8 119 8 256s111 248 248 248 248-111 248-248S393 8 256 8z\"><\/path><\/svg>\t\t\t\t\t\t<\/span>\n\t\t\t\t\t\t\t\t\t\t<span class=\"elementor-icon-list-text\">A vitaminok, t\u00e1panyagok \u00e9s \u00e1sv\u00e1nyi anyagok nagym\u00e9rt\u00e9kben megmaradnak.<\/span>\n\t\t\t\t\t\t\t\t\t<\/li>\n\t\t\t\t\t\t\t\t<li class=\"elementor-icon-list-item\">\n\t\t\t\t\t\t\t\t\t\t\t<span class=\"elementor-icon-list-icon\">\n\t\t\t\t\t\t\t<svg aria-hidden=\"true\" class=\"e-font-icon-svg e-fas-circle\" viewBox=\"0 0 512 512\" xmlns=\"http:\/\/www.w3.org\/2000\/svg\"><path d=\"M256 8C119 8 8 119 8 256s111 248 248 248 248-111 248-248S393 8 256 8z\"><\/path><\/svg>\t\t\t\t\t\t<\/span>\n\t\t\t\t\t\t\t\t\t\t<span class=\"elementor-icon-list-text\">A gyors p\u00e1rol\u00e1s id\u0151t \u00e9s energi\u00e1t takar\u00edt meg<\/span>\n\t\t\t\t\t\t\t\t\t<\/li>\n\t\t\t\t\t\t\t\t<li class=\"elementor-icon-list-item\">\n\t\t\t\t\t\t\t\t\t\t\t<span class=\"elementor-icon-list-icon\">\n\t\t\t\t\t\t\t<svg aria-hidden=\"true\" class=\"e-font-icon-svg e-fas-circle\" viewBox=\"0 0 512 512\" xmlns=\"http:\/\/www.w3.org\/2000\/svg\"><path d=\"M256 8C119 8 8 119 8 256s111 248 248 248 248-111 248-248S393 8 256 8z\"><\/path><\/svg>\t\t\t\t\t\t<\/span>\n\t\t\t\t\t\t\t\t\t\t<span class=\"elementor-icon-list-text\">Az EasyQuick p\u00e1rol\u00f3fed\u00e9l minden 20 cm-es \u00e9s 24 cm-es AMC ed\u00e9nyt p\u00e1rol\u00f3ed\u00e9nny\u00e9 alak\u00edt \u00e1t.<\/span>\n\t\t\t\t\t\t\t\t\t<\/li>\n\t\t\t\t\t\t\t\t<li class=\"elementor-icon-list-item\">\n\t\t\t\t\t\t\t\t\t\t\t<span class=\"elementor-icon-list-icon\">\n\t\t\t\t\t\t\t<svg aria-hidden=\"true\" class=\"e-font-icon-svg e-fas-circle\" viewBox=\"0 0 512 512\" xmlns=\"http:\/\/www.w3.org\/2000\/svg\"><path d=\"M256 8C119 8 8 119 8 256s111 248 248 248 248-111 248-248S393 8 256 8z\"><\/path><\/svg>\t\t\t\t\t\t<\/span>\n\t\t\t\t\t\t\t\t\t\t<span class=\"elementor-icon-list-text\">Nyom\u00e1s n\u00e9lk\u00fcl m\u0171k\u00f6dik \u00e9s b\u00e1rmikor kinyithat\u00f3<\/span>\n\t\t\t\t\t\t\t\t\t<\/li>\n\t\t\t\t\t\t<\/ul>\n\t\t\t\t\t\t<\/div>\n\t\t\t\t<\/div>\n\t\t\t\t\t<\/div>\n\t\t\t\t<\/div>\n\t\t\t\t\t<\/div>\n\t\t\t\t<\/div>\n\t\t<div class=\"elementor-element elementor-element-7ec65a9d e-flex e-con-boxed e-con e-parent\" data-id=\"7ec65a9d\" data-element_type=\"container\" data-e-type=\"container\">\n\t\t\t\t\t<div class=\"e-con-inner\">\n\t\t<div class=\"elementor-element elementor-element-48993ee3 e-flex e-con-boxed e-con e-child\" data-id=\"48993ee3\" data-element_type=\"container\" data-e-type=\"container\">\n\t\t\t\t\t<div class=\"e-con-inner\">\n\t\t\t\t<div class=\"elementor-element elementor-element-4aed1807 elementor-widget-mobile__width-initial elementor-widget elementor-widget-heading\" data-id=\"4aed1807\" data-element_type=\"widget\" data-e-type=\"widget\" data-widget_type=\"heading.default\">\n\t\t\t\t<div class=\"elementor-widget-container\">\n\t\t\t\t\t<h2 class=\"elementor-heading-title elementor-size-default\">Term\u00e9kle\u00edr\u00e1s<\/h2>\t\t\t\t<\/div>\n\t\t\t\t<\/div>\n\t\t\t\t<div class=\"elementor-element elementor-element-2dbbec45 elementor-widget elementor-widget-text-editor\" data-id=\"2dbbec45\" data-element_type=\"widget\" data-e-type=\"widget\" data-widget_type=\"text-editor.default\">\n\t\t\t\t<div class=\"elementor-widget-container\">\n\t\t\t\t\t\t\t\t\t<p class=\"font_8 wixui-rich-text__text\" style=\"background: transparent; border: 0px; outline: 0px; padding: 0px; vertical-align: baseline; pointer-events: auto; color: rgb(var(--color_15)); margin-block-end: 0px; margin-top: 0px; margin-right: 0px; margin-left: 0px; text-align: justify;\">A 145 mm \u00e1tm\u00e9r\u0151j\u0171, az AMC ed\u00e9nycsal\u00e1dhoz tartoz\u00f3 kis ed\u00e9ny t\u00f6k\u00e9letesen elf\u00e9r a kis f\u0151z\u0151lapon. Ez az AMC faz\u00e9k a megfelel\u0151 modell \u00e9telek \u00fajrameleg\u00edt\u00e9s\u00e9hez, egy vagy k\u00e9t szem\u00e9ly sz\u00e1m\u00e1ra k\u00f6retek k\u00e9sz\u00edt\u00e9s\u00e9hez vagy b\u00e9bi\u00e9telek f\u0151z\u00e9s\u00e9hez. A stabil tart\u00e1st a serpeny\u0151 k\u00e9t ergonomikus foganty\u00faja biztos\u00edtja, amelyek a \u201eThermobloc\u201d ker\u00e1mia h\u0151g\u00e1tl\u00f3nak k\u00f6sz\u00f6nhet\u0151en nem forr\u00f3sodnak fel. A k\u00e9t foganty\u00fanak k\u00f6sz\u00f6nhet\u0151en a fedelet is k\u00f6nnyed\u00e9n felakaszthatja a serpeny\u0151 oldal\u00e1ra, ami megk\u00f6nny\u00edti a f\u0171szerez\u00e9st, a kever\u00e9st \u00e9s a forgat\u00e1st. A k\u00f6nnyen tiszt\u00edthat\u00f3, mosogat\u00f3g\u00e9pben moshat\u00f3 AMC faz\u00e9k t\u00f6k\u00e9letesen z\u00e1r\u00f3d\u00f3, rozsdamentes ac\u00e9lb\u00f3l k\u00e9sz\u00fclt, nagy \u0171rtartalm\u00fa fed\u00e9llel rendelkezik, amely a megn\u00f6velt \u00edv\u00e9nek k\u00f6sz\u00f6nhet\u0151en m\u00e9g t\u00f6bb helyet biztos\u00edt. A fed\u00e9lgombba integr\u00e1lt Visiotherm h\u0151m\u00e9rs\u00e9kletjelz\u0151 mindenkor t\u00f6k\u00e9letes h\u0151m\u00e9rs\u00e9klet-szab\u00e1lyoz\u00e1st biztos\u00edt a faz\u00e9kban. Az Audiotherm akusztikus vez\u00e9rl\u00e9ssel egy\u00fctt ez biztos\u00edtja a f\u0151z\u0151ed\u00e9nyben a h\u0151m\u00e9rs\u00e9klet- \u00e9s id\u0151vez\u00e9relt f\u0151z\u00e9st. A f\u0151z\u0151ed\u00e9ny fedele fejjel lefel\u00e9 ford\u00edtva l\u00e1basalapk\u00e9nt is haszn\u00e1lhat\u00f3. Ez azt jelenti, hogy az AMC faz\u00e9k id\u0151tlen\u00fcl eleg\u00e1ns k\u00fclsej\u00e9vel k\u00f6zvetlen\u00fcl az asztalon t\u00e1lalhat\u00f3. Mint minden AMC f\u0151z\u0151faz\u00e9k, ez a f\u0151z\u0151faz\u00e9k is minden t\u00edpus\u00fa f\u0151z\u0151lapon haszn\u00e1lhat\u00f3, bele\u00e9rtve az indukci\u00f3sat is. Miut\u00e1n az \u00f6sszes m\u0171anyag alkatr\u00e9szt elt\u00e1vol\u00edtott\u00e1k, az ed\u00e9ny teljes m\u00e9rt\u00e9kben alkalmas a s\u00fct\u0151ben val\u00f3 haszn\u00e1latra. Erre a kiv\u00e1l\u00f3 min\u0151s\u00e9g\u0171 rozsdamentes ac\u00e9lb\u00f3l k\u00e9sz\u00fclt ed\u00e9nyre 30 \u00e9v garancia vonatkozik, \u00e9s m\u00e9g hosszabb \u00e9lettartamot biztos\u00edt.<\/p>\t\t\t\t\t\t\t\t<\/div>\n\t\t\t\t<\/div>\n\t\t\t\t\t<\/div>\n\t\t\t\t<\/div>\n\t\t\t\t\t<\/div>\n\t\t\t\t<\/div>\n\t\t<div class=\"elementor-element elementor-element-ebb9103 e-flex e-con-boxed e-con e-parent\" data-id=\"ebb9103\" data-element_type=\"container\" data-e-type=\"container\" data-settings=\"{&quot;background_background&quot;:&quot;classic&quot;}\">\n\t\t\t\t\t<div class=\"e-con-inner\">\n\t\t\t\t<div class=\"elementor-element elementor-element-580d713 elementor-widget elementor-widget-heading\" data-id=\"580d713\" data-element_type=\"widget\" data-e-type=\"widget\" data-widget_type=\"heading.default\">\n\t\t\t\t<div class=\"elementor-widget-container\">\n\t\t\t\t\t<h2 class=\"elementor-heading-title elementor-size-default\">Szeretn\u00e9 term\u00e9keinket \u00e9l\u0151ben is megtapasztalni?<\/h2>\t\t\t\t<\/div>\n\t\t\t\t<\/div>\n\t\t\t\t<div class=\"elementor-element elementor-element-33f9816a elementor-widget elementor-widget-heading\" data-id=\"33f9816a\" data-element_type=\"widget\" data-e-type=\"widget\" data-widget_type=\"heading.default\">\n\t\t\t\t<div class=\"elementor-widget-container\">\n\t\t\t\t\t<h2 class=\"elementor-heading-title elementor-size-default\">Foglalja le a nem k\u00f6telez\u0151 AMC f\u0151z\u0151bemutat\u00f3t most!<\/h2>\t\t\t\t<\/div>\n\t\t\t\t<\/div>\n\t\t\t\t<div class=\"elementor-element elementor-element-336a81b9 elementor-widget-mobile__width-inherit elementor-mobile-align-center elementor-widget elementor-widget-button\" data-id=\"336a81b9\" data-element_type=\"widget\" data-e-type=\"widget\" data-widget_type=\"button.default\">\n\t\t\t\t<div class=\"elementor-widget-container\">\n\t\t\t\t\t\t\t\t\t<div class=\"elementor-button-wrapper\">\n\t\t\t\t\t<a class=\"elementor-button elementor-button-link elementor-size-sm\" href=\"https:\/\/amchungary.hu\/foglalas-az-amc-bemutatora\/\">\n\t\t\t\t\t\t<span class=\"elementor-button-content-wrapper\">\n\t\t\t\t\t\t\t\t\t<span class=\"elementor-button-text\">Foglalom<\/span>\n\t\t\t\t\t<\/span>\n\t\t\t\t\t<\/a>\n\t\t\t\t<\/div>\n\t\t\t\t\t\t\t\t<\/div>\n\t\t\t\t<\/div>\n\t\t\t\t\t<\/div>\n\t\t\t\t<\/div>\n\t\t<div class=\"elementor-element elementor-element-34f73368 e-con-full e-flex e-con e-parent\" data-id=\"34f73368\" data-element_type=\"container\" data-e-type=\"container\">\n\t\t\t\t<div class=\"elementor-element elementor-element-7237b6d1 elementor-widget-mobile__width-inherit elementor-mobile-align-center elementor-hidden-tablet elementor-hidden-mobile elementor-widget elementor-widget-button\" data-id=\"7237b6d1\" data-element_type=\"widget\" data-e-type=\"widget\" data-settings=\"{&quot;sticky&quot;:&quot;bottom&quot;,&quot;sticky_on&quot;:[&quot;desktop&quot;],&quot;sticky_offset&quot;:0,&quot;sticky_effects_offset&quot;:0,&quot;sticky_anchor_link_offset&quot;:0}\" data-widget_type=\"button.default\">\n\t\t\t\t<div class=\"elementor-widget-container\">\n\t\t\t\t\t\t\t\t\t<div class=\"elementor-button-wrapper\">\n\t\t\t\t\t<a class=\"elementor-button elementor-button-link elementor-size-sm\" href=\"https:\/\/amchungary.hu\/sr\/foglalas-az-amc-bemutatora\/\">\n\t\t\t\t\t\t<span class=\"elementor-button-content-wrapper\">\n\t\t\t\t\t\t\t\t\t<span class=\"elementor-button-text\">Id\u0151pont foglal\u00e1s<\/span>\n\t\t\t\t\t<\/span>\n\t\t\t\t\t<\/a>\n\t\t\t\t<\/div>\n\t\t\t\t\t\t\t\t<\/div>\n\t\t\t\t<\/div>\n\t\t\t\t<\/div>\n\t\t\t\t<\/div>\n\t\t","protected":false},"excerpt":{"rendered":"<p>EasyQuick g\u0151z\u00f6l\u0151fed\u00e9l a gyors \u00e9s k\u00edm\u00e9letes g\u0151z\u00f6l\u00e9shez 20 cm \u00e9s 24 cm \u00e1tm\u00e9r\u0151j\u0171 serpeny\u0151kh\u00f6z. Az EasyQuick g\u0151z\u00f6l\u0151fed\u00e9l lehet\u0151v\u00e9 teszi a gyors \u00e9s k\u00edm\u00e9letes g\u0151z\u00f6l\u00e9st 100\u00b0C alatti h\u0151m\u00e9rs\u00e9kleten. Ez biztos\u00edtja, hogy az \u00f6sszetev\u0151k \u00edze \u00e9s t\u00e1panyagai optim\u00e1lisan megmaradjanak. Az EasyQuick minden 20 cm \u00e9s 24 cm \u00e1tm\u00e9r\u0151j\u0171 ed\u00e9nyhez illeszkedik, \u00e9s g\u0151zp\u00e1rol\u00f3v\u00e1 alak\u00edtja azokat. El\u0151nye A k\u00edm\u00e9letes [&hellip;]<\/p>\n","protected":false},"author":1,"featured_media":0,"parent":1909,"menu_order":0,"comment_status":"closed","ping_status":"closed","template":"","meta":{"footnotes":""},"class_list":["post-2319","page","type-page","status-publish","hentry"],"yoast_head":"<!-- This site is optimized with the Yoast SEO Premium plugin v27.6 (Yoast SEO v27.6) - https:\/\/yoast.com\/product\/yoast-seo-premium-wordpress\/ -->\n<title>EasyQuick\u00a020 \u00e9s 24 cm-es - AMC Hungary<\/title>\n<meta name=\"robots\" content=\"index, follow, max-snippet:-1, max-image-preview:large, max-video-preview:-1\" \/>\n<link rel=\"canonical\" href=\"https:\/\/amchungary.hu\/sr\/termekek\/parolo-es-gozfozo\/easyquick-20-es-24-cm-es\/\" \/>\n<meta property=\"og:locale\" content=\"sr_RS\" \/>\n<meta property=\"og:type\" content=\"article\" \/>\n<meta property=\"og:title\" content=\"EasyQuick\u00a020 \u00e9s 24 cm-es\" \/>\n<meta property=\"og:description\" content=\"EasyQuick g\u0151z\u00f6l\u0151fed\u00e9l a gyors \u00e9s k\u00edm\u00e9letes g\u0151z\u00f6l\u00e9shez 20 cm \u00e9s 24 cm \u00e1tm\u00e9r\u0151j\u0171 serpeny\u0151kh\u00f6z. Az EasyQuick g\u0151z\u00f6l\u0151fed\u00e9l lehet\u0151v\u00e9 teszi a gyors \u00e9s k\u00edm\u00e9letes g\u0151z\u00f6l\u00e9st 100\u00b0C alatti h\u0151m\u00e9rs\u00e9kleten. Ez biztos\u00edtja, hogy az \u00f6sszetev\u0151k \u00edze \u00e9s t\u00e1panyagai optim\u00e1lisan megmaradjanak. Az EasyQuick minden 20 cm \u00e9s 24 cm \u00e1tm\u00e9r\u0151j\u0171 ed\u00e9nyhez illeszkedik, \u00e9s g\u0151zp\u00e1rol\u00f3v\u00e1 alak\u00edtja azokat. El\u0151nye A k\u00edm\u00e9letes [&hellip;]\" \/>\n<meta property=\"og:url\" content=\"https:\/\/amchungary.hu\/sr\/termekek\/parolo-es-gozfozo\/easyquick-20-es-24-cm-es\/\" \/>\n<meta property=\"og:site_name\" content=\"AMC Hungary\" \/>\n<meta property=\"article:publisher\" content=\"https:\/\/www.facebook.com\/people\/AMC-Hungary\/61570426203273\/\" \/>\n<meta property=\"article:modified_time\" content=\"2026-01-13T21:13:54+00:00\" \/>\n<meta name=\"twitter:card\" content=\"summary_large_image\" \/>\n<meta name=\"twitter:label1\" content=\"\u041f\u0440\u043e\u0446\u0435\u045a\u0435\u043d\u043e \u0432\u0440\u0435\u043c\u0435 \u0447\u0438\u0442\u0430\u045a\u0430\" \/>\n\t<meta name=\"twitter:data1\" content=\"3 \u043c\u0438\u043d\u0443\u0442\u0430\" \/>\n<script type=\"application\/ld+json\" class=\"yoast-schema-graph\">{\"@context\":\"https:\\\/\\\/schema.org\",\"@graph\":[{\"@type\":\"WebPage\",\"@id\":\"https:\\\/\\\/amchungary.hu\\\/termekek\\\/parolo-es-gozfozo\\\/easyquick-20-es-24-cm-es\\\/\",\"url\":\"https:\\\/\\\/amchungary.hu\\\/termekek\\\/parolo-es-gozfozo\\\/easyquick-20-es-24-cm-es\\\/\",\"name\":\"EasyQuick\u00a020 \u00e9s 24 cm-es - AMC Hungary\",\"isPartOf\":{\"@id\":\"https:\\\/\\\/amchungary.hu\\\/#website\"},\"datePublished\":\"2024-12-29T14:11:59+00:00\",\"dateModified\":\"2026-01-13T21:13:54+00:00\",\"breadcrumb\":{\"@id\":\"https:\\\/\\\/amchungary.hu\\\/termekek\\\/parolo-es-gozfozo\\\/easyquick-20-es-24-cm-es\\\/#breadcrumb\"},\"inLanguage\":\"sr-RS\",\"potentialAction\":[{\"@type\":\"ReadAction\",\"target\":[\"https:\\\/\\\/amchungary.hu\\\/termekek\\\/parolo-es-gozfozo\\\/easyquick-20-es-24-cm-es\\\/\"]}]},{\"@type\":\"BreadcrumbList\",\"@id\":\"https:\\\/\\\/amchungary.hu\\\/termekek\\\/parolo-es-gozfozo\\\/easyquick-20-es-24-cm-es\\\/#breadcrumb\",\"itemListElement\":[{\"@type\":\"ListItem\",\"position\":1,\"name\":\"Home\",\"item\":\"https:\\\/\\\/amchungary.hu\\\/\"},{\"@type\":\"ListItem\",\"position\":2,\"name\":\"Term\u00e9kek\",\"item\":\"https:\\\/\\\/amchungary.hu\\\/termekek\\\/\"},{\"@type\":\"ListItem\",\"position\":3,\"name\":\"P\u00e1rol\u00f3 \u00e9s g\u0151zf\u0151z\u0151\",\"item\":\"https:\\\/\\\/amchungary.hu\\\/termekek\\\/parolo-es-gozfozo\\\/\"},{\"@type\":\"ListItem\",\"position\":4,\"name\":\"EasyQuick\u00a020 \u00e9s 24 cm-es\"}]},{\"@type\":\"WebSite\",\"@id\":\"https:\\\/\\\/amchungary.hu\\\/#website\",\"url\":\"https:\\\/\\\/amchungary.hu\\\/\",\"name\":\"AMC Hungary\",\"description\":\"\",\"publisher\":{\"@id\":\"https:\\\/\\\/amchungary.hu\\\/#organization\"},\"potentialAction\":[{\"@type\":\"SearchAction\",\"target\":{\"@type\":\"EntryPoint\",\"urlTemplate\":\"https:\\\/\\\/amchungary.hu\\\/?s={search_term_string}\"},\"query-input\":{\"@type\":\"PropertyValueSpecification\",\"valueRequired\":true,\"valueName\":\"search_term_string\"}}],\"inLanguage\":\"sr-RS\"},{\"@type\":\"Organization\",\"@id\":\"https:\\\/\\\/amchungary.hu\\\/#organization\",\"name\":\"AMC Hungary\",\"url\":\"https:\\\/\\\/amchungary.hu\\\/\",\"logo\":{\"@type\":\"ImageObject\",\"inLanguage\":\"sr-RS\",\"@id\":\"https:\\\/\\\/amchungary.hu\\\/#\\\/schema\\\/logo\\\/image\\\/\",\"url\":\"https:\\\/\\\/amchungary.hu\\\/wp-content\\\/uploads\\\/2025\\\/09\\\/AMC_Logo_outline_bw_1-1.avif\",\"contentUrl\":\"https:\\\/\\\/amchungary.hu\\\/wp-content\\\/uploads\\\/2025\\\/09\\\/AMC_Logo_outline_bw_1-1.avif\",\"width\":180,\"height\":120,\"caption\":\"AMC Hungary\"},\"image\":{\"@id\":\"https:\\\/\\\/amchungary.hu\\\/#\\\/schema\\\/logo\\\/image\\\/\"},\"sameAs\":[\"https:\\\/\\\/www.facebook.com\\\/people\\\/AMC-Hungary\\\/61570426203273\\\/\",\"https:\\\/\\\/www.instagram.com\\\/amchungary\\\/\",\"https:\\\/\\\/www.youtube.com\\\/@AMCHUNGARY\",\"https:\\\/\\\/www.tiktok.com\\\/@amchungary\"]}]}<\/script>\n<!-- \/ Yoast SEO Premium plugin. -->","yoast_head_json":{"title":"EasyQuick\u00a020 \u00e9s 24 cm-es - AMC Hungary","robots":{"index":"index","follow":"follow","max-snippet":"max-snippet:-1","max-image-preview":"max-image-preview:large","max-video-preview":"max-video-preview:-1"},"canonical":"https:\/\/amchungary.hu\/sr\/termekek\/parolo-es-gozfozo\/easyquick-20-es-24-cm-es\/","og_locale":"sr_RS","og_type":"article","og_title":"EasyQuick\u00a020 \u00e9s 24 cm-es","og_description":"EasyQuick g\u0151z\u00f6l\u0151fed\u00e9l a gyors \u00e9s k\u00edm\u00e9letes g\u0151z\u00f6l\u00e9shez 20 cm \u00e9s 24 cm \u00e1tm\u00e9r\u0151j\u0171 serpeny\u0151kh\u00f6z. Az EasyQuick g\u0151z\u00f6l\u0151fed\u00e9l lehet\u0151v\u00e9 teszi a gyors \u00e9s k\u00edm\u00e9letes g\u0151z\u00f6l\u00e9st 100\u00b0C alatti h\u0151m\u00e9rs\u00e9kleten. Ez biztos\u00edtja, hogy az \u00f6sszetev\u0151k \u00edze \u00e9s t\u00e1panyagai optim\u00e1lisan megmaradjanak. Az EasyQuick minden 20 cm \u00e9s 24 cm \u00e1tm\u00e9r\u0151j\u0171 ed\u00e9nyhez illeszkedik, \u00e9s g\u0151zp\u00e1rol\u00f3v\u00e1 alak\u00edtja azokat. El\u0151nye A k\u00edm\u00e9letes [&hellip;]","og_url":"https:\/\/amchungary.hu\/sr\/termekek\/parolo-es-gozfozo\/easyquick-20-es-24-cm-es\/","og_site_name":"AMC Hungary","article_publisher":"https:\/\/www.facebook.com\/people\/AMC-Hungary\/61570426203273\/","article_modified_time":"2026-01-13T21:13:54+00:00","twitter_card":"summary_large_image","twitter_misc":{"\u041f\u0440\u043e\u0446\u0435\u045a\u0435\u043d\u043e \u0432\u0440\u0435\u043c\u0435 \u0447\u0438\u0442\u0430\u045a\u0430":"3 \u043c\u0438\u043d\u0443\u0442\u0430"},"schema":{"@context":"https:\/\/schema.org","@graph":[{"@type":"WebPage","@id":"https:\/\/amchungary.hu\/termekek\/parolo-es-gozfozo\/easyquick-20-es-24-cm-es\/","url":"https:\/\/amchungary.hu\/termekek\/parolo-es-gozfozo\/easyquick-20-es-24-cm-es\/","name":"EasyQuick\u00a020 \u00e9s 24 cm-es - AMC Hungary","isPartOf":{"@id":"https:\/\/amchungary.hu\/#website"},"datePublished":"2024-12-29T14:11:59+00:00","dateModified":"2026-01-13T21:13:54+00:00","breadcrumb":{"@id":"https:\/\/amchungary.hu\/termekek\/parolo-es-gozfozo\/easyquick-20-es-24-cm-es\/#breadcrumb"},"inLanguage":"sr-RS","potentialAction":[{"@type":"ReadAction","target":["https:\/\/amchungary.hu\/termekek\/parolo-es-gozfozo\/easyquick-20-es-24-cm-es\/"]}]},{"@type":"BreadcrumbList","@id":"https:\/\/amchungary.hu\/termekek\/parolo-es-gozfozo\/easyquick-20-es-24-cm-es\/#breadcrumb","itemListElement":[{"@type":"ListItem","position":1,"name":"Home","item":"https:\/\/amchungary.hu\/"},{"@type":"ListItem","position":2,"name":"Term\u00e9kek","item":"https:\/\/amchungary.hu\/termekek\/"},{"@type":"ListItem","position":3,"name":"P\u00e1rol\u00f3 \u00e9s g\u0151zf\u0151z\u0151","item":"https:\/\/amchungary.hu\/termekek\/parolo-es-gozfozo\/"},{"@type":"ListItem","position":4,"name":"EasyQuick\u00a020 \u00e9s 24 cm-es"}]},{"@type":"WebSite","@id":"https:\/\/amchungary.hu\/#website","url":"https:\/\/amchungary.hu\/","name":"AMC Hungary","description":"","publisher":{"@id":"https:\/\/amchungary.hu\/#organization"},"potentialAction":[{"@type":"SearchAction","target":{"@type":"EntryPoint","urlTemplate":"https:\/\/amchungary.hu\/?s={search_term_string}"},"query-input":{"@type":"PropertyValueSpecification","valueRequired":true,"valueName":"search_term_string"}}],"inLanguage":"sr-RS"},{"@type":"Organization","@id":"https:\/\/amchungary.hu\/#organization","name":"AMC Hungary","url":"https:\/\/amchungary.hu\/","logo":{"@type":"ImageObject","inLanguage":"sr-RS","@id":"https:\/\/amchungary.hu\/#\/schema\/logo\/image\/","url":"https:\/\/amchungary.hu\/wp-content\/uploads\/2025\/09\/AMC_Logo_outline_bw_1-1.avif","contentUrl":"https:\/\/amchungary.hu\/wp-content\/uploads\/2025\/09\/AMC_Logo_outline_bw_1-1.avif","width":180,"height":120,"caption":"AMC Hungary"},"image":{"@id":"https:\/\/amchungary.hu\/#\/schema\/logo\/image\/"},"sameAs":["https:\/\/www.facebook.com\/people\/AMC-Hungary\/61570426203273\/","https:\/\/www.instagram.com\/amchungary\/","https:\/\/www.youtube.com\/@AMCHUNGARY","https:\/\/www.tiktok.com\/@amchungary"]}]}},"_links":{"self":[{"href":"https:\/\/amchungary.hu\/sr\/wp-json\/wp\/v2\/pages\/2319","targetHints":{"allow":["GET"]}}],"collection":[{"href":"https:\/\/amchungary.hu\/sr\/wp-json\/wp\/v2\/pages"}],"about":[{"href":"https:\/\/amchungary.hu\/sr\/wp-json\/wp\/v2\/types\/page"}],"author":[{"embeddable":true,"href":"https:\/\/amchungary.hu\/sr\/wp-json\/wp\/v2\/users\/1"}],"replies":[{"embeddable":true,"href":"https:\/\/amchungary.hu\/sr\/wp-json\/wp\/v2\/comments?post=2319"}],"version-history":[{"count":0,"href":"https:\/\/amchungary.hu\/sr\/wp-json\/wp\/v2\/pages\/2319\/revisions"}],"up":[{"embeddable":true,"href":"https:\/\/amchungary.hu\/sr\/wp-json\/wp\/v2\/pages\/1909"}],"wp:attachment":[{"href":"https:\/\/amchungary.hu\/sr\/wp-json\/wp\/v2\/media?parent=2319"}],"curies":[{"name":"wp","href":"https:\/\/api.w.org\/{rel}","templated":true}]}}