{"id":2320,"date":"2024-12-29T15:12:22","date_gmt":"2024-12-29T14:12:22","guid":{"rendered":"https:\/\/amchungary.hu\/?page_id=2320"},"modified":"2026-01-13T22:13:51","modified_gmt":"2026-01-13T21:13:51","slug":"parolofedel-ovalis-easyquick-38-cm","status":"publish","type":"page","link":"https:\/\/amchungary.hu\/sr\/termekek\/parolo-es-gozfozo\/parolofedel-ovalis-easyquick-38-cm\/","title":{"rendered":"P\u00e1rol\u00f3fed\u00e9l Ov\u00e1lis EasyQuick 38 cm"},"content":{"rendered":"\t\t<div data-elementor-type=\"wp-page\" data-elementor-id=\"2320\" class=\"elementor elementor-2320\" data-elementor-post-type=\"page\">\n\t\t\t\t<div class=\"elementor-element elementor-element-5ea72689 e-con-full e-flex e-con e-parent\" data-id=\"5ea72689\" data-element_type=\"container\" data-e-type=\"container\" data-settings=\"{&quot;background_background&quot;:&quot;classic&quot;}\">\n\t\t\t\t<\/div>\n\t\t<div class=\"elementor-element elementor-element-3fdd2985 e-flex e-con-boxed e-con e-parent\" data-id=\"3fdd2985\" data-element_type=\"container\" data-e-type=\"container\" data-settings=\"{&quot;background_background&quot;:&quot;classic&quot;}\">\n\t\t\t\t\t<div class=\"e-con-inner\">\n\t\t\t\t<div class=\"elementor-element elementor-element-1dffc9d8 elementor-widget elementor-widget-heading\" data-id=\"1dffc9d8\" data-element_type=\"widget\" data-e-type=\"widget\" data-widget_type=\"heading.default\">\n\t\t\t\t<div class=\"elementor-widget-container\">\n\t\t\t\t\t<h2 class=\"elementor-heading-title elementor-size-default\">G\u0151zf\u0151z\u0151fed\u00e9l Oval EasyQuick a gyors \u00e9s k\u00edm\u00e9letes g\u0151z\u00f6l\u00e9shez \u00e9s s\u00fct\u00e9shez az ov\u00e1lis s\u00fct\u0151lapon 38 cm 3,5 l \u00e9s 4,5 l<\/h2>\t\t\t\t<\/div>\n\t\t\t\t<\/div>\n\t\t\t\t<div class=\"elementor-element elementor-element-5d055d0a elementor-widget elementor-widget-text-editor\" data-id=\"5d055d0a\" data-element_type=\"widget\" data-e-type=\"widget\" data-widget_type=\"text-editor.default\">\n\t\t\t\t<div class=\"elementor-widget-container\">\n\t\t\t\t\t\t\t\t\t<p>Az Oval EasyQuick g\u0151z\u00f6l\u0151fed\u00e9l minden 38 cm-es ov\u00e1lis s\u00fct\u0151lapot g\u0151z\u00f6l\u0151v\u00e9 alak\u00edt. Gyors \u00e9s k\u00edm\u00e9letes g\u0151z\u00f6l\u00e9st tesz lehet\u0151v\u00e9 100 \u00b0C alatt. Ez biztos\u00edtja, hogy a hozz\u00e1val\u00f3k \u00edze \u00e9s t\u00e1panyagai optim\u00e1lisan megmaradjanak.<\/p>\t\t\t\t\t\t\t\t<\/div>\n\t\t\t\t<\/div>\n\t\t\t\t\t<\/div>\n\t\t\t\t<\/div>\n\t\t<div class=\"elementor-element elementor-element-aaf3b e-flex e-con-boxed e-con e-parent\" data-id=\"aaf3b\" data-element_type=\"container\" data-e-type=\"container\">\n\t\t\t\t\t<div class=\"e-con-inner\">\n\t\t<div class=\"elementor-element elementor-element-c4842a7 e-flex e-con-boxed e-con e-child\" data-id=\"c4842a7\" data-element_type=\"container\" data-e-type=\"container\">\n\t\t\t\t\t<div class=\"e-con-inner\">\n\t\t\t\t<div class=\"elementor-element elementor-element-226274b8 elementor-widget elementor-widget-heading\" data-id=\"226274b8\" data-element_type=\"widget\" data-e-type=\"widget\" data-widget_type=\"heading.default\">\n\t\t\t\t<div class=\"elementor-widget-container\">\n\t\t\t\t\t<h2 class=\"elementor-heading-title elementor-size-default\">El\u0151nye<\/h2>\t\t\t\t<\/div>\n\t\t\t\t<\/div>\n\t\t\t\t<div class=\"elementor-element elementor-element-580942fd elementor-icon-list--layout-traditional elementor-list-item-link-full_width elementor-widget elementor-widget-icon-list\" data-id=\"580942fd\" data-element_type=\"widget\" data-e-type=\"widget\" data-widget_type=\"icon-list.default\">\n\t\t\t\t<div class=\"elementor-widget-container\">\n\t\t\t\t\t\t\t<ul class=\"elementor-icon-list-items\">\n\t\t\t\t\t\t\t<li class=\"elementor-icon-list-item\">\n\t\t\t\t\t\t\t\t\t\t\t<span class=\"elementor-icon-list-icon\">\n\t\t\t\t\t\t\t<svg aria-hidden=\"true\" class=\"e-font-icon-svg e-fas-circle\" viewBox=\"0 0 512 512\" xmlns=\"http:\/\/www.w3.org\/2000\/svg\"><path d=\"M256 8C119 8 8 119 8 256s111 248 248 248 248-111 248-248S393 8 256 8z\"><\/path><\/svg>\t\t\t\t\t\t<\/span>\n\t\t\t\t\t\t\t\t\t\t<span class=\"elementor-icon-list-text\">A k\u00edm\u00e9letes elk\u00e9sz\u00edt\u00e9s a p\u00e1rol\u00f3ed\u00e9nyben t\u00f6bb \u00edzt biztos\u00edt<\/span>\n\t\t\t\t\t\t\t\t\t<\/li>\n\t\t\t\t\t\t\t\t<li class=\"elementor-icon-list-item\">\n\t\t\t\t\t\t\t\t\t\t\t<span class=\"elementor-icon-list-icon\">\n\t\t\t\t\t\t\t<svg aria-hidden=\"true\" class=\"e-font-icon-svg e-fas-circle\" viewBox=\"0 0 512 512\" xmlns=\"http:\/\/www.w3.org\/2000\/svg\"><path d=\"M256 8C119 8 8 119 8 256s111 248 248 248 248-111 248-248S393 8 256 8z\"><\/path><\/svg>\t\t\t\t\t\t<\/span>\n\t\t\t\t\t\t\t\t\t\t<span class=\"elementor-icon-list-text\">A vitaminok, t\u00e1panyagok \u00e9s \u00e1sv\u00e1nyi anyagok nagym\u00e9rt\u00e9kben megmaradnak.<\/span>\n\t\t\t\t\t\t\t\t\t<\/li>\n\t\t\t\t\t\t\t\t<li class=\"elementor-icon-list-item\">\n\t\t\t\t\t\t\t\t\t\t\t<span class=\"elementor-icon-list-icon\">\n\t\t\t\t\t\t\t<svg aria-hidden=\"true\" class=\"e-font-icon-svg e-fas-circle\" viewBox=\"0 0 512 512\" xmlns=\"http:\/\/www.w3.org\/2000\/svg\"><path d=\"M256 8C119 8 8 119 8 256s111 248 248 248 248-111 248-248S393 8 256 8z\"><\/path><\/svg>\t\t\t\t\t\t<\/span>\n\t\t\t\t\t\t\t\t\t\t<span class=\"elementor-icon-list-text\">A gyors p\u00e1rol\u00e1s id\u0151t \u00e9s energi\u00e1t takar\u00edt meg<\/span>\n\t\t\t\t\t\t\t\t\t<\/li>\n\t\t\t\t\t\t\t\t<li class=\"elementor-icon-list-item\">\n\t\t\t\t\t\t\t\t\t\t\t<span class=\"elementor-icon-list-icon\">\n\t\t\t\t\t\t\t<svg aria-hidden=\"true\" class=\"e-font-icon-svg e-fas-circle\" viewBox=\"0 0 512 512\" xmlns=\"http:\/\/www.w3.org\/2000\/svg\"><path d=\"M256 8C119 8 8 119 8 256s111 248 248 248 248-111 248-248S393 8 256 8z\"><\/path><\/svg>\t\t\t\t\t\t<\/span>\n\t\t\t\t\t\t\t\t\t\t<span class=\"elementor-icon-list-text\">Az EasyQuick p\u00e1rol\u00f3fed\u00e9l a 38 cm-es ov\u00e1lis s\u00fct\u0151lapot p\u00e1rol\u00f3ed\u00e9nny\u00e9 alak\u00edtja \u00e1t.<\/span>\n\t\t\t\t\t\t\t\t\t<\/li>\n\t\t\t\t\t\t\t\t<li class=\"elementor-icon-list-item\">\n\t\t\t\t\t\t\t\t\t\t\t<span class=\"elementor-icon-list-icon\">\n\t\t\t\t\t\t\t<svg aria-hidden=\"true\" class=\"e-font-icon-svg e-fas-circle\" viewBox=\"0 0 512 512\" xmlns=\"http:\/\/www.w3.org\/2000\/svg\"><path d=\"M256 8C119 8 8 119 8 256s111 248 248 248 248-111 248-248S393 8 256 8z\"><\/path><\/svg>\t\t\t\t\t\t<\/span>\n\t\t\t\t\t\t\t\t\t\t<span class=\"elementor-icon-list-text\">Nyom\u00e1s n\u00e9lk\u00fcl m\u0171k\u00f6dik \u00e9s b\u00e1rmikor kinyithat\u00f3<\/span>\n\t\t\t\t\t\t\t\t\t<\/li>\n\t\t\t\t\t\t<\/ul>\n\t\t\t\t\t\t<\/div>\n\t\t\t\t<\/div>\n\t\t\t\t\t<\/div>\n\t\t\t\t<\/div>\n\t\t\t\t\t<\/div>\n\t\t\t\t<\/div>\n\t\t<div class=\"elementor-element elementor-element-3610b62e e-flex e-con-boxed e-con e-parent\" data-id=\"3610b62e\" data-element_type=\"container\" data-e-type=\"container\">\n\t\t\t\t\t<div class=\"e-con-inner\">\n\t\t<div class=\"elementor-element elementor-element-9e13f26 e-flex e-con-boxed e-con e-child\" data-id=\"9e13f26\" data-element_type=\"container\" data-e-type=\"container\">\n\t\t\t\t\t<div class=\"e-con-inner\">\n\t\t\t\t<div class=\"elementor-element elementor-element-32609faa elementor-widget-mobile__width-initial elementor-widget elementor-widget-heading\" data-id=\"32609faa\" data-element_type=\"widget\" data-e-type=\"widget\" data-widget_type=\"heading.default\">\n\t\t\t\t<div class=\"elementor-widget-container\">\n\t\t\t\t\t<h2 class=\"elementor-heading-title elementor-size-default\">Term\u00e9kle\u00edr\u00e1s<\/h2>\t\t\t\t<\/div>\n\t\t\t\t<\/div>\n\t\t\t\t<div class=\"elementor-element elementor-element-3df1b7d6 elementor-widget elementor-widget-text-editor\" data-id=\"3df1b7d6\" data-element_type=\"widget\" data-e-type=\"widget\" data-widget_type=\"text-editor.default\">\n\t\t\t\t<div class=\"elementor-widget-container\">\n\t\t\t\t\t\t\t\t\t<p class=\"font_8 wixui-rich-text__text\" style=\"background: transparent; border: 0px; outline: 0px; padding: 0px; vertical-align: baseline; pointer-events: auto; color: rgb(var(--color_15)); margin-block-end: 0px; margin-top: 0px; margin-right: 0px; margin-left: 0px; text-align: justify;\">Az Oval EasyQuick p\u00e1rol\u00f3fed\u00e9l minden 38 cm hossz\u00fas\u00e1g\u00fa ov\u00e1lis s\u00fct\u0151t p\u00e1rol\u00f3ed\u00e9nny\u00e9 alak\u00edt \u00e1t. Az AMC-vel val\u00f3 p\u00e1rol\u00e1s 97 \u00b0C \u00e9s 99 \u00b0C k\u00f6z\u00f6tti h\u0151m\u00e9rs\u00e9klet-tartom\u00e1nyban t\u00f6rt\u00e9n\u0151 f\u0151z\u00e9st jelent. Ennek a m\u00f3dszernek k\u00f6sz\u00f6nhet\u0151en a vitaminok, t\u00e1panyagok \u00e9s \u00e1sv\u00e1nyi anyagok megmaradnak a p\u00e1rol\u00f3ban, \u00e9s az \u00edz is megmarad. Az \u00e9tel v\u00e9geredm\u00e9nye friss, zamatos \u00e9s zamatos \u00edz\u0171. A g\u0151zf\u0151z\u00e9s k\u00fcl\u00f6n\u00f6sen alkalmas k\u00f6zepes \u00e9s hossz\u00fa f\u0151z\u00e9si idej\u0171 burgony\u00e1hoz \u00e9s z\u00f6lds\u00e9gekhez, halakhoz, t\u00f6lt\u00f6tt z\u00f6lds\u00e9gekhez vagy z\u00f6lds\u00e9groul\u00e1d\u00e1khoz, p\u00f6rk\u00f6ltekhez, nagyobb h\u00fasdarabokhoz \u00e9s h\u00fcvelyesekhez. Ugyanilyen zseni\u00e1lis az eg\u00e9sz halak, sp\u00e1rga, spagetti \u00e9s nagy mennyis\u00e9g\u0171 \u00e9telek elk\u00e9sz\u00edt\u00e9se a p\u00e1rol\u00f3ed\u00e9nyben. Az olyan \u00e9telek, mint a hal, a t\u00f6lt\u00f6tt vagy finom z\u00f6lds\u00e9gek (pl. sp\u00e1rga) \u00e9s a szufl\u00e9 k\u00edm\u00e9letesen \u00e9s gyorsan f\u0151zhet\u0151k a p\u00e1rol\u00f3ed\u00e9nyben l\u00e9v\u0151 kombin\u00e1lhat\u00f3 38 cm-es ov\u00e1lis bet\u00e9tben an\u00e9lk\u00fcl, hogy v\u00edzzel \u00e9rintkezn\u00e9nek. A h\u00fasroul\u00e1dok, az eg\u00e9sz halak \u00e9s a nagy mennyis\u00e9g\u0171 hagyma is elk\u00e9sz\u00edthet\u0151 az AMC s\u00fct\u00e9si m\u00f3dszerrel, zs\u00edr hozz\u00e1ad\u00e1sa n\u00e9lk\u00fcl. A p\u00e1rol\u00f3ed\u00e9nyben val\u00f3 f\u0151z\u00e9ssel ak\u00e1r 50% id\u0151t is megtakar\u00edthat a norm\u00e1l f\u0151z\u00e9shez k\u00e9pest. Az Oval EasyQuick nyom\u00e1s n\u00e9lk\u00fcl m\u0171k\u00f6dik, azaz a fedelet a f\u0151z\u00e9s sor\u00e1n b\u00e1rmikor le lehet venni a p\u00e1rol\u00f3r\u00f3l, p\u00e9ld\u00e1ul az\u00e9rt, hogy az \u00e9telhez a sz\u00fcks\u00e9ges f\u0171szereket hozz\u00e1adjuk. Az Audiotherm akusztikus vez\u00e9rl\u00e9ssel \u00e9s a Navigenio mobil f\u0151z\u0151lappal egy\u00fctt optim\u00e1lisan kihaszn\u00e1lhat\u00f3k a g\u0151zp\u00e1rol\u00f3val t\u00f6rt\u00e9n\u0151, teljesen h\u0151m\u00e9rs\u00e9klet- \u00e9s id\u0151vez\u00e9relt f\u0151z\u00e9s el\u0151nyei.<\/p>\t\t\t\t\t\t\t\t<\/div>\n\t\t\t\t<\/div>\n\t\t\t\t\t<\/div>\n\t\t\t\t<\/div>\n\t\t\t\t\t<\/div>\n\t\t\t\t<\/div>\n\t\t<div class=\"elementor-element elementor-element-1b582d6c e-flex e-con-boxed e-con e-parent\" data-id=\"1b582d6c\" data-element_type=\"container\" data-e-type=\"container\" data-settings=\"{&quot;background_background&quot;:&quot;classic&quot;}\">\n\t\t\t\t\t<div class=\"e-con-inner\">\n\t\t\t\t<div class=\"elementor-element elementor-element-6aebfdd9 elementor-widget elementor-widget-heading\" data-id=\"6aebfdd9\" data-element_type=\"widget\" data-e-type=\"widget\" data-widget_type=\"heading.default\">\n\t\t\t\t<div class=\"elementor-widget-container\">\n\t\t\t\t\t<h2 class=\"elementor-heading-title elementor-size-default\">Szeretn\u00e9 term\u00e9keinket \u00e9l\u0151ben is megtapasztalni?<\/h2>\t\t\t\t<\/div>\n\t\t\t\t<\/div>\n\t\t\t\t<div class=\"elementor-element elementor-element-52637e73 elementor-widget elementor-widget-heading\" data-id=\"52637e73\" data-element_type=\"widget\" data-e-type=\"widget\" data-widget_type=\"heading.default\">\n\t\t\t\t<div class=\"elementor-widget-container\">\n\t\t\t\t\t<h2 class=\"elementor-heading-title elementor-size-default\">Foglalja le a nem k\u00f6telez\u0151 AMC f\u0151z\u0151bemutat\u00f3t most!<\/h2>\t\t\t\t<\/div>\n\t\t\t\t<\/div>\n\t\t\t\t<div class=\"elementor-element elementor-element-2f58227a elementor-widget-mobile__width-inherit elementor-mobile-align-center elementor-widget elementor-widget-button\" data-id=\"2f58227a\" data-element_type=\"widget\" data-e-type=\"widget\" data-widget_type=\"button.default\">\n\t\t\t\t<div class=\"elementor-widget-container\">\n\t\t\t\t\t\t\t\t\t<div class=\"elementor-button-wrapper\">\n\t\t\t\t\t<a class=\"elementor-button elementor-button-link elementor-size-sm\" href=\"https:\/\/amchungary.hu\/foglalas-az-amc-bemutatora\/\">\n\t\t\t\t\t\t<span class=\"elementor-button-content-wrapper\">\n\t\t\t\t\t\t\t\t\t<span class=\"elementor-button-text\">Foglalom<\/span>\n\t\t\t\t\t<\/span>\n\t\t\t\t\t<\/a>\n\t\t\t\t<\/div>\n\t\t\t\t\t\t\t\t<\/div>\n\t\t\t\t<\/div>\n\t\t\t\t\t<\/div>\n\t\t\t\t<\/div>\n\t\t<div class=\"elementor-element elementor-element-76848a18 e-con-full e-flex e-con e-parent\" data-id=\"76848a18\" data-element_type=\"container\" data-e-type=\"container\">\n\t\t\t\t<div class=\"elementor-element elementor-element-305da376 elementor-widget-mobile__width-inherit elementor-mobile-align-center elementor-hidden-tablet elementor-hidden-mobile elementor-widget elementor-widget-button\" data-id=\"305da376\" data-element_type=\"widget\" data-e-type=\"widget\" data-settings=\"{&quot;sticky&quot;:&quot;bottom&quot;,&quot;sticky_on&quot;:[&quot;desktop&quot;],&quot;sticky_offset&quot;:0,&quot;sticky_effects_offset&quot;:0,&quot;sticky_anchor_link_offset&quot;:0}\" data-widget_type=\"button.default\">\n\t\t\t\t<div class=\"elementor-widget-container\">\n\t\t\t\t\t\t\t\t\t<div class=\"elementor-button-wrapper\">\n\t\t\t\t\t<a class=\"elementor-button elementor-button-link elementor-size-sm\" href=\"https:\/\/amchungary.hu\/sr\/foglalas-az-amc-bemutatora\/\">\n\t\t\t\t\t\t<span class=\"elementor-button-content-wrapper\">\n\t\t\t\t\t\t\t\t\t<span class=\"elementor-button-text\">Id\u0151pont foglal\u00e1s<\/span>\n\t\t\t\t\t<\/span>\n\t\t\t\t\t<\/a>\n\t\t\t\t<\/div>\n\t\t\t\t\t\t\t\t<\/div>\n\t\t\t\t<\/div>\n\t\t\t\t<\/div>\n\t\t\t\t<\/div>\n\t\t","protected":false},"excerpt":{"rendered":"<p>G\u0151zf\u0151z\u0151fed\u00e9l Oval EasyQuick a gyors \u00e9s k\u00edm\u00e9letes g\u0151z\u00f6l\u00e9shez \u00e9s s\u00fct\u00e9shez az ov\u00e1lis s\u00fct\u0151lapon 38 cm 3,5 l \u00e9s 4,5 l Az Oval EasyQuick g\u0151z\u00f6l\u0151fed\u00e9l minden 38 cm-es ov\u00e1lis s\u00fct\u0151lapot g\u0151z\u00f6l\u0151v\u00e9 alak\u00edt. Gyors \u00e9s k\u00edm\u00e9letes g\u0151z\u00f6l\u00e9st tesz lehet\u0151v\u00e9 100 \u00b0C alatt. Ez biztos\u00edtja, hogy a hozz\u00e1val\u00f3k \u00edze \u00e9s t\u00e1panyagai optim\u00e1lisan megmaradjanak. El\u0151nye A k\u00edm\u00e9letes elk\u00e9sz\u00edt\u00e9s a [&hellip;]<\/p>\n","protected":false},"author":1,"featured_media":0,"parent":1909,"menu_order":0,"comment_status":"closed","ping_status":"closed","template":"","meta":{"footnotes":""},"class_list":["post-2320","page","type-page","status-publish","hentry"],"yoast_head":"<!-- This site is optimized with the Yoast SEO Premium plugin v27.6 (Yoast SEO v27.6) - https:\/\/yoast.com\/product\/yoast-seo-premium-wordpress\/ -->\n<title>P\u00e1rol\u00f3fed\u00e9l Ov\u00e1lis EasyQuick 38 cm - AMC Hungary<\/title>\n<meta name=\"robots\" content=\"index, follow, max-snippet:-1, max-image-preview:large, max-video-preview:-1\" \/>\n<link rel=\"canonical\" href=\"https:\/\/amchungary.hu\/sr\/termekek\/parolo-es-gozfozo\/parolofedel-ovalis-easyquick-38-cm\/\" \/>\n<meta property=\"og:locale\" content=\"sr_RS\" \/>\n<meta property=\"og:type\" content=\"article\" \/>\n<meta property=\"og:title\" content=\"P\u00e1rol\u00f3fed\u00e9l Ov\u00e1lis EasyQuick 38 cm\" \/>\n<meta property=\"og:description\" content=\"G\u0151zf\u0151z\u0151fed\u00e9l Oval EasyQuick a gyors \u00e9s k\u00edm\u00e9letes g\u0151z\u00f6l\u00e9shez \u00e9s s\u00fct\u00e9shez az ov\u00e1lis s\u00fct\u0151lapon 38 cm 3,5 l \u00e9s 4,5 l Az Oval EasyQuick g\u0151z\u00f6l\u0151fed\u00e9l minden 38 cm-es ov\u00e1lis s\u00fct\u0151lapot g\u0151z\u00f6l\u0151v\u00e9 alak\u00edt. Gyors \u00e9s k\u00edm\u00e9letes g\u0151z\u00f6l\u00e9st tesz lehet\u0151v\u00e9 100 \u00b0C alatt. Ez biztos\u00edtja, hogy a hozz\u00e1val\u00f3k \u00edze \u00e9s t\u00e1panyagai optim\u00e1lisan megmaradjanak. El\u0151nye A k\u00edm\u00e9letes elk\u00e9sz\u00edt\u00e9s a [&hellip;]\" \/>\n<meta property=\"og:url\" content=\"https:\/\/amchungary.hu\/sr\/termekek\/parolo-es-gozfozo\/parolofedel-ovalis-easyquick-38-cm\/\" \/>\n<meta property=\"og:site_name\" content=\"AMC Hungary\" \/>\n<meta property=\"article:publisher\" content=\"https:\/\/www.facebook.com\/people\/AMC-Hungary\/61570426203273\/\" \/>\n<meta property=\"article:modified_time\" content=\"2026-01-13T21:13:51+00:00\" \/>\n<meta name=\"twitter:card\" content=\"summary_large_image\" \/>\n<meta name=\"twitter:label1\" content=\"\u041f\u0440\u043e\u0446\u0435\u045a\u0435\u043d\u043e \u0432\u0440\u0435\u043c\u0435 \u0447\u0438\u0442\u0430\u045a\u0430\" \/>\n\t<meta name=\"twitter:data1\" content=\"3 \u043c\u0438\u043d\u0443\u0442\u0430\" \/>\n<script type=\"application\/ld+json\" class=\"yoast-schema-graph\">{\"@context\":\"https:\\\/\\\/schema.org\",\"@graph\":[{\"@type\":\"WebPage\",\"@id\":\"https:\\\/\\\/amchungary.hu\\\/termekek\\\/parolo-es-gozfozo\\\/parolofedel-ovalis-easyquick-38-cm\\\/\",\"url\":\"https:\\\/\\\/amchungary.hu\\\/termekek\\\/parolo-es-gozfozo\\\/parolofedel-ovalis-easyquick-38-cm\\\/\",\"name\":\"P\u00e1rol\u00f3fed\u00e9l Ov\u00e1lis EasyQuick 38 cm - AMC Hungary\",\"isPartOf\":{\"@id\":\"https:\\\/\\\/amchungary.hu\\\/#website\"},\"datePublished\":\"2024-12-29T14:12:22+00:00\",\"dateModified\":\"2026-01-13T21:13:51+00:00\",\"breadcrumb\":{\"@id\":\"https:\\\/\\\/amchungary.hu\\\/termekek\\\/parolo-es-gozfozo\\\/parolofedel-ovalis-easyquick-38-cm\\\/#breadcrumb\"},\"inLanguage\":\"sr-RS\",\"potentialAction\":[{\"@type\":\"ReadAction\",\"target\":[\"https:\\\/\\\/amchungary.hu\\\/termekek\\\/parolo-es-gozfozo\\\/parolofedel-ovalis-easyquick-38-cm\\\/\"]}]},{\"@type\":\"BreadcrumbList\",\"@id\":\"https:\\\/\\\/amchungary.hu\\\/termekek\\\/parolo-es-gozfozo\\\/parolofedel-ovalis-easyquick-38-cm\\\/#breadcrumb\",\"itemListElement\":[{\"@type\":\"ListItem\",\"position\":1,\"name\":\"Home\",\"item\":\"https:\\\/\\\/amchungary.hu\\\/\"},{\"@type\":\"ListItem\",\"position\":2,\"name\":\"Term\u00e9kek\",\"item\":\"https:\\\/\\\/amchungary.hu\\\/termekek\\\/\"},{\"@type\":\"ListItem\",\"position\":3,\"name\":\"P\u00e1rol\u00f3 \u00e9s g\u0151zf\u0151z\u0151\",\"item\":\"https:\\\/\\\/amchungary.hu\\\/termekek\\\/parolo-es-gozfozo\\\/\"},{\"@type\":\"ListItem\",\"position\":4,\"name\":\"P\u00e1rol\u00f3fed\u00e9l Ov\u00e1lis EasyQuick 38 cm\"}]},{\"@type\":\"WebSite\",\"@id\":\"https:\\\/\\\/amchungary.hu\\\/#website\",\"url\":\"https:\\\/\\\/amchungary.hu\\\/\",\"name\":\"AMC Hungary\",\"description\":\"\",\"publisher\":{\"@id\":\"https:\\\/\\\/amchungary.hu\\\/#organization\"},\"potentialAction\":[{\"@type\":\"SearchAction\",\"target\":{\"@type\":\"EntryPoint\",\"urlTemplate\":\"https:\\\/\\\/amchungary.hu\\\/?s={search_term_string}\"},\"query-input\":{\"@type\":\"PropertyValueSpecification\",\"valueRequired\":true,\"valueName\":\"search_term_string\"}}],\"inLanguage\":\"sr-RS\"},{\"@type\":\"Organization\",\"@id\":\"https:\\\/\\\/amchungary.hu\\\/#organization\",\"name\":\"AMC Hungary\",\"url\":\"https:\\\/\\\/amchungary.hu\\\/\",\"logo\":{\"@type\":\"ImageObject\",\"inLanguage\":\"sr-RS\",\"@id\":\"https:\\\/\\\/amchungary.hu\\\/#\\\/schema\\\/logo\\\/image\\\/\",\"url\":\"https:\\\/\\\/amchungary.hu\\\/wp-content\\\/uploads\\\/2025\\\/09\\\/AMC_Logo_outline_bw_1-1.avif\",\"contentUrl\":\"https:\\\/\\\/amchungary.hu\\\/wp-content\\\/uploads\\\/2025\\\/09\\\/AMC_Logo_outline_bw_1-1.avif\",\"width\":180,\"height\":120,\"caption\":\"AMC Hungary\"},\"image\":{\"@id\":\"https:\\\/\\\/amchungary.hu\\\/#\\\/schema\\\/logo\\\/image\\\/\"},\"sameAs\":[\"https:\\\/\\\/www.facebook.com\\\/people\\\/AMC-Hungary\\\/61570426203273\\\/\",\"https:\\\/\\\/www.instagram.com\\\/amchungary\\\/\",\"https:\\\/\\\/www.youtube.com\\\/@AMCHUNGARY\",\"https:\\\/\\\/www.tiktok.com\\\/@amchungary\"]}]}<\/script>\n<!-- \/ Yoast SEO Premium plugin. -->","yoast_head_json":{"title":"P\u00e1rol\u00f3fed\u00e9l Ov\u00e1lis EasyQuick 38 cm - AMC Hungary","robots":{"index":"index","follow":"follow","max-snippet":"max-snippet:-1","max-image-preview":"max-image-preview:large","max-video-preview":"max-video-preview:-1"},"canonical":"https:\/\/amchungary.hu\/sr\/termekek\/parolo-es-gozfozo\/parolofedel-ovalis-easyquick-38-cm\/","og_locale":"sr_RS","og_type":"article","og_title":"P\u00e1rol\u00f3fed\u00e9l Ov\u00e1lis EasyQuick 38 cm","og_description":"G\u0151zf\u0151z\u0151fed\u00e9l Oval EasyQuick a gyors \u00e9s k\u00edm\u00e9letes g\u0151z\u00f6l\u00e9shez \u00e9s s\u00fct\u00e9shez az ov\u00e1lis s\u00fct\u0151lapon 38 cm 3,5 l \u00e9s 4,5 l Az Oval EasyQuick g\u0151z\u00f6l\u0151fed\u00e9l minden 38 cm-es ov\u00e1lis s\u00fct\u0151lapot g\u0151z\u00f6l\u0151v\u00e9 alak\u00edt. Gyors \u00e9s k\u00edm\u00e9letes g\u0151z\u00f6l\u00e9st tesz lehet\u0151v\u00e9 100 \u00b0C alatt. Ez biztos\u00edtja, hogy a hozz\u00e1val\u00f3k \u00edze \u00e9s t\u00e1panyagai optim\u00e1lisan megmaradjanak. El\u0151nye A k\u00edm\u00e9letes elk\u00e9sz\u00edt\u00e9s a [&hellip;]","og_url":"https:\/\/amchungary.hu\/sr\/termekek\/parolo-es-gozfozo\/parolofedel-ovalis-easyquick-38-cm\/","og_site_name":"AMC Hungary","article_publisher":"https:\/\/www.facebook.com\/people\/AMC-Hungary\/61570426203273\/","article_modified_time":"2026-01-13T21:13:51+00:00","twitter_card":"summary_large_image","twitter_misc":{"\u041f\u0440\u043e\u0446\u0435\u045a\u0435\u043d\u043e \u0432\u0440\u0435\u043c\u0435 \u0447\u0438\u0442\u0430\u045a\u0430":"3 \u043c\u0438\u043d\u0443\u0442\u0430"},"schema":{"@context":"https:\/\/schema.org","@graph":[{"@type":"WebPage","@id":"https:\/\/amchungary.hu\/termekek\/parolo-es-gozfozo\/parolofedel-ovalis-easyquick-38-cm\/","url":"https:\/\/amchungary.hu\/termekek\/parolo-es-gozfozo\/parolofedel-ovalis-easyquick-38-cm\/","name":"P\u00e1rol\u00f3fed\u00e9l Ov\u00e1lis EasyQuick 38 cm - AMC Hungary","isPartOf":{"@id":"https:\/\/amchungary.hu\/#website"},"datePublished":"2024-12-29T14:12:22+00:00","dateModified":"2026-01-13T21:13:51+00:00","breadcrumb":{"@id":"https:\/\/amchungary.hu\/termekek\/parolo-es-gozfozo\/parolofedel-ovalis-easyquick-38-cm\/#breadcrumb"},"inLanguage":"sr-RS","potentialAction":[{"@type":"ReadAction","target":["https:\/\/amchungary.hu\/termekek\/parolo-es-gozfozo\/parolofedel-ovalis-easyquick-38-cm\/"]}]},{"@type":"BreadcrumbList","@id":"https:\/\/amchungary.hu\/termekek\/parolo-es-gozfozo\/parolofedel-ovalis-easyquick-38-cm\/#breadcrumb","itemListElement":[{"@type":"ListItem","position":1,"name":"Home","item":"https:\/\/amchungary.hu\/"},{"@type":"ListItem","position":2,"name":"Term\u00e9kek","item":"https:\/\/amchungary.hu\/termekek\/"},{"@type":"ListItem","position":3,"name":"P\u00e1rol\u00f3 \u00e9s g\u0151zf\u0151z\u0151","item":"https:\/\/amchungary.hu\/termekek\/parolo-es-gozfozo\/"},{"@type":"ListItem","position":4,"name":"P\u00e1rol\u00f3fed\u00e9l Ov\u00e1lis EasyQuick 38 cm"}]},{"@type":"WebSite","@id":"https:\/\/amchungary.hu\/#website","url":"https:\/\/amchungary.hu\/","name":"AMC Hungary","description":"","publisher":{"@id":"https:\/\/amchungary.hu\/#organization"},"potentialAction":[{"@type":"SearchAction","target":{"@type":"EntryPoint","urlTemplate":"https:\/\/amchungary.hu\/?s={search_term_string}"},"query-input":{"@type":"PropertyValueSpecification","valueRequired":true,"valueName":"search_term_string"}}],"inLanguage":"sr-RS"},{"@type":"Organization","@id":"https:\/\/amchungary.hu\/#organization","name":"AMC Hungary","url":"https:\/\/amchungary.hu\/","logo":{"@type":"ImageObject","inLanguage":"sr-RS","@id":"https:\/\/amchungary.hu\/#\/schema\/logo\/image\/","url":"https:\/\/amchungary.hu\/wp-content\/uploads\/2025\/09\/AMC_Logo_outline_bw_1-1.avif","contentUrl":"https:\/\/amchungary.hu\/wp-content\/uploads\/2025\/09\/AMC_Logo_outline_bw_1-1.avif","width":180,"height":120,"caption":"AMC Hungary"},"image":{"@id":"https:\/\/amchungary.hu\/#\/schema\/logo\/image\/"},"sameAs":["https:\/\/www.facebook.com\/people\/AMC-Hungary\/61570426203273\/","https:\/\/www.instagram.com\/amchungary\/","https:\/\/www.youtube.com\/@AMCHUNGARY","https:\/\/www.tiktok.com\/@amchungary"]}]}},"_links":{"self":[{"href":"https:\/\/amchungary.hu\/sr\/wp-json\/wp\/v2\/pages\/2320","targetHints":{"allow":["GET"]}}],"collection":[{"href":"https:\/\/amchungary.hu\/sr\/wp-json\/wp\/v2\/pages"}],"about":[{"href":"https:\/\/amchungary.hu\/sr\/wp-json\/wp\/v2\/types\/page"}],"author":[{"embeddable":true,"href":"https:\/\/amchungary.hu\/sr\/wp-json\/wp\/v2\/users\/1"}],"replies":[{"embeddable":true,"href":"https:\/\/amchungary.hu\/sr\/wp-json\/wp\/v2\/comments?post=2320"}],"version-history":[{"count":0,"href":"https:\/\/amchungary.hu\/sr\/wp-json\/wp\/v2\/pages\/2320\/revisions"}],"up":[{"embeddable":true,"href":"https:\/\/amchungary.hu\/sr\/wp-json\/wp\/v2\/pages\/1909"}],"wp:attachment":[{"href":"https:\/\/amchungary.hu\/sr\/wp-json\/wp\/v2\/media?parent=2320"}],"curies":[{"name":"wp","href":"https:\/\/api.w.org\/{rel}","templated":true}]}}