{"id":5478,"date":"2025-07-09T10:39:49","date_gmt":"2025-07-09T08:39:49","guid":{"rendered":"https:\/\/amchungary.hu\/?page_id=5478"},"modified":"2025-08-06T17:54:51","modified_gmt":"2025-08-06T15:54:51","slug":"javitas-feltoltes","status":"publish","type":"page","link":"https:\/\/amchungary.hu\/sr\/javitas-feltoltes\/","title":{"rendered":"Jav\u00edt\u00e1s felt\u00f6lt\u00e9s"},"content":{"rendered":"\t\t<div data-elementor-type=\"wp-page\" data-elementor-id=\"5478\" class=\"elementor elementor-5478\" data-elementor-post-type=\"page\">\n\t\t\t\t<div class=\"elementor-element elementor-element-2af4d97 e-flex e-con-boxed e-con e-parent\" data-id=\"2af4d97\" data-element_type=\"container\" data-e-type=\"container\">\n\t\t\t\t\t<div class=\"e-con-inner\">\n\t\t\t\t<div class=\"elementor-element elementor-element-3aa8fcb elementor-widget elementor-widget-jet-form-builder-form\" data-id=\"3aa8fcb\" data-element_type=\"widget\" data-e-type=\"widget\" data-widget_type=\"jet-form-builder-form.default\">\n\t\t\t\t<div class=\"elementor-widget-container\">\n\t\t\t\t\t<link rel='stylesheet' id='wp-block-library-css' href='https:\/\/amchungary.hu\/wp-includes\/css\/dist\/block-library\/style.min.css?ver=6.9.4' media='all' \/>\n<style id=\"jet-form-builder-5561-inline-css\"><\/style><form  class=\"jet-form-builder layout-column submit-type-reload\" action=\"https:\/\/amchungary.hu\/sr\/wp-json\/wp\/v2\/pages\/5478\/?8sLIX6=ZO3Os2k2kU&amp;method=reload\" method=\"POST\" data-form-id=\"5561\" data-layout=\"column\" enctype=\"multipart\/form-data\" novalidate=\"null\" ssr_validation_method=\"rest\"><input type=\"hidden\" id=\"_wpnonce\" name=\"_wpnonce\" value=\"b4644c422e\" \/><input type=\"hidden\" name=\"_wp_http_referer\" value=\"\/sr\/wp-json\/wp\/v2\/pages\/5478\" \/>\r\n<input type=\"hidden\" name=\"_jfb_current_render_states[]\" value=\"DEFAULT.STATE\" data-jfb-sync \/><input type=\"hidden\" class=\"jet-form-builder__field hidden-field\" name=\"_jet_engine_booking_form_id\" data-field-name=\"_jet_engine_booking_form_id\" value=\"5561\">\n<input type=\"hidden\" class=\"jet-form-builder__field hidden-field\" name=\"_jet_engine_refer\" data-field-name=\"_jet_engine_refer\" value=\"https:\/\/amchungary.hu\/sr\/wp-json\/wp\/v2\/pages\/5478\/\">\n<input type=\"hidden\" class=\"jet-form-builder__field hidden-field\" name=\"__queried_post_id\" data-field-name=\"__queried_post_id\" value=\"5478\">\n<div  class=\"jet-form-builder-row field-type-text-field\" >\n<div class=\"jet-form-builder__label\">\r\n<div class=\"jet-form-builder__label-text\">Telefonsz\u00e1m<\/div><\/div><div class=\"jet-form-builder__field-wrap\">\n\t\t\t\t<input name=\"telefonszam\" id=\"telefonszam\" type=\"text\" data-field-name=\"telefonszam\" class=\"jet-form-builder__field text-field\" data-jfb-sync=\"null\" autocomplete=\"off_2HgdeQbw\">\n\t\t\t\t\t<\/div>\n<\/div>\n\n<div  class=\"jet-form-builder-row field-type-submit-field\" >\n\t<div data-type=\"submit\" class=\"jet-form-builder__action-button-wrapper jet-form-builder__submit-wrap\">\n\t<button class=\"jet-form-builder__action-button jet-form-builder__submit submit-type-reload\" type=\"submit\">Submit<\/button>\n\t<\/div>\n\t\n<\/div>\t<div class=\"jet-form-builder-messages-wrap\" data-form-id=\"5561\"><\/div>\n<\/form>\n\t\t\t\t<\/div>\n\t\t\t\t<\/div>\n\t\t\t\t\t<\/div>\n\t\t\t\t<\/div>\n\t\t<div class=\"elementor-element elementor-element-b3a0f11 e-flex e-con-boxed e-con e-parent\" data-id=\"b3a0f11\" data-element_type=\"container\" data-e-type=\"container\">\n\t\t\t\t\t<div class=\"e-con-inner\">\n\t\t\t\t<div class=\"elementor-element elementor-element-e68af0a elementor-widget elementor-widget-jet-form-builder-form\" data-id=\"e68af0a\" data-element_type=\"widget\" data-e-type=\"widget\" data-widget_type=\"jet-form-builder-form.default\">\n\t\t\t\t<div class=\"elementor-widget-container\">\n\t\t\t\t\t<style id=\"jet-form-builder-5475-inline-css\"><\/style><form  class=\"jet-form-builder layout-column submit-type-reload\" action=\"https:\/\/amchungary.hu\/sr\/wp-json\/wp\/v2\/pages\/5478\/?8sLIX6=ZO3Os2k2kU&amp;method=reload\" method=\"POST\" data-form-id=\"5475\" data-layout=\"column\" enctype=\"multipart\/form-data\" novalidate=\"null\" ssr_validation_method=\"rest\"><input type=\"hidden\" id=\"_wpnonce\" name=\"_wpnonce\" value=\"a62f8796a4\" \/><input type=\"hidden\" name=\"_wp_http_referer\" value=\"\/sr\/wp-json\/wp\/v2\/pages\/5478\" \/>\r\n<input type=\"hidden\" name=\"_jfb_current_render_states[]\" value=\"DEFAULT.STATE\" data-jfb-sync \/><input type=\"hidden\" class=\"jet-form-builder__field hidden-field\" name=\"_jet_engine_booking_form_id\" data-field-name=\"_jet_engine_booking_form_id\" value=\"5475\">\n<input type=\"hidden\" class=\"jet-form-builder__field hidden-field\" name=\"_jet_engine_refer\" data-field-name=\"_jet_engine_refer\" value=\"https:\/\/amchungary.hu\/sr\/wp-json\/wp\/v2\/pages\/5478\/\">\n<input type=\"hidden\" class=\"jet-form-builder__field hidden-field\" name=\"__queried_post_id\" data-field-name=\"__queried_post_id\" value=\"5478\">\n\n\n<div  class=\"jet-form-builder-row field-type-text-field\" >\n<div class=\"jet-form-builder__label\">\r\n<div class=\"jet-form-builder__label-text\">Szervizel\u0151 neve<\/div><\/div><div class=\"jet-form-builder__field-wrap\">\n\t\t\t\t<input name=\"Szervizelo_neve\" id=\"Szervizelo_neve\" type=\"text\" data-field-name=\"Szervizelo_neve\" class=\"jet-form-builder__field text-field\" data-jfb-sync=\"null\" autocomplete=\"off_rm1DEgb3\">\n\t\t\t\t\t<\/div>\n<\/div>\n\n<div  class=\"jet-form-builder-row field-type-text-field\" >\n<div class=\"jet-form-builder__label\">\r\n<div class=\"jet-form-builder__label-text\">Szerv\u00edzsz\u00e1m<\/div><\/div><div class=\"jet-form-builder__field-wrap\">\n\t\t\t\t<input name=\"szervizszam\" id=\"szervizszam\" type=\"text\" data-field-name=\"szervizszam\" class=\"jet-form-builder__field text-field\" data-jfb-sync=\"null\" autocomplete=\"off_sXHMb8h0\">\n\t\t\t\t\t<\/div>\n<\/div>\n\n<div  class=\"jet-form-builder-row field-type-text-field\" >\n<div class=\"jet-form-builder__label\">\r\n<div class=\"jet-form-builder__label-text\">Megkeres\u00e9s azonos\u00edt\u00e1sa<\/div><\/div><div class=\"jet-form-builder__field-wrap\">\n\t\t\t\t<input name=\"Megkeres_sazonostsa\" id=\"Megkeres_sazonostsa\" type=\"text\" data-field-name=\"Megkeres_sazonostsa\" class=\"jet-form-builder__field text-field\" data-jfb-sync=\"null\" autocomplete=\"off_cbyUHfSC\">\n\t\t\t\t\t<\/div><div class=\"jet-form-builder__desc\"><small>Pl.: Szerv\u00edz megrendel\u0151 sz\u00e1ma<\/small><\/div>\n<\/div>\n\n<div  class=\"jet-form-builder-row field-type-repeater-field\" >\n<div class=\"jet-form-builder__label\">\r\n<div class=\"jet-form-builder__label-text\">Felhaszn\u00e1lt term\u00e9k hozz\u00e1ad\u00e1sa<\/div><\/div><div class=\"jet-form-builder__field-wrap\"><div data-repeater=\"1\" data-field-name=\"felhasznalt_termek_hozzaadasa\" name=\"felhasznalt_termek_hozzaadasa\"  class=\"jet-form-builder-repeater jet-form-builder__field\" data-jfb-sync=\"null\">\n<template class=\"jet-form-builder-repeater__initial\"><div class=\"jet-form-builder-repeater__row\" data-repeater-row=\"1\"><div class=\"jet-form-builder-repeater__row-fields\">\n<div  class=\"jet-form-builder-row field-type-select-field wp-block-jet-forms-select-field\">\n<div class=\"jet-form-builder__label\">\r\n<div class=\"jet-form-builder__label-text\">felhaszn\u00e1ltt term\u00e9k neve<\/div><\/div><div class=\"jet-form-builder__field-wrap\">\n\t<select class=\"jet-form-builder__field select-field\" name=\"felhasznalt_termek_hozzaadasa[__i__][termek_neve]\" data-field-name=\"termek_neve\" id=\"felhasznalt_termek_hozzaadasa___i___termek_neve\" data-jfb-sync=\"null\">\n\t\t<option value=\"0\" ><\/option><option value=\"10010775 - 28 29 20cm SQ rubber gasket (STAR & SQ-3000)\" >10010775 - 28 29 20cm SQ rubber gasket (STAR & SQ-3000)<\/option><option value=\"10010776 - 28 29 24cm SQ rubber gasket ( (STAR & SQ-3000\" >10010776 - 28 29 24cm SQ rubber gasket ( (STAR & SQ-3000<\/option><option value=\"10010789 - M29 Visiobar t\u00f6m\u00edt\u00e9s (28\/29 O-ring Visiobar 7.5 X 2.2 SQ)\" >10010789 - M29 Visiobar t\u00f6m\u00edt\u00e9s (28\/29 O-ring Visiobar 7.5 X 2.2 SQ)<\/option><option value=\"10011133 - M29-M30 secu f\u00e9m biztons\u00e1gi szelepek (2. Safety valve SQ-3000)\" >10011133 - M29-M30 secu f\u00e9m biztons\u00e1gi szelepek (2. Safety valve SQ-3000)<\/option><option value=\"10011134 - Secu vastag O gy\u0171r\u0171 (29\/30\/30S O-ring 2. safety valve 8x3,5 - SQ)\" >10011134 - Secu vastag O gy\u0171r\u0171 (29\/30\/30S O-ring 2. safety valve 8x3,5 - SQ)<\/option><option value=\"10011149 - Secuhoz haranggumi (29\/30\/30S Sealing cap Euromatik - SQ)\" >10011149 - Secuhoz haranggumi (29\/30\/30S Sealing cap Euromatik - SQ)<\/option><option value=\"10011151 - M29-M30 secu biztons\u00e1gi szelep - ugyanaz mindk\u00e9t oldal (Sealing washer for pressure regulator SQ)\" >10011151 - M29-M30 secu biztons\u00e1gi szelep - ugyanaz mindk\u00e9t oldal (Sealing washer for pressure regulator SQ)<\/option><option value=\"10011165 - 29 3. safety valve - SQ\" >10011165 - 29 3. safety valve - SQ<\/option><option value=\"10011166 - M29-M30 z\u00e1rszerkezet (Gearbox SQ)\" >10011166 - M29-M30 z\u00e1rszerkezet (Gearbox SQ)<\/option><option value=\"10011167 - M29-M30 z\u00e1rszerkezet bels\u0151 burkolat (Retainer - SQ)\" >10011167 - M29-M30 z\u00e1rszerkezet bels\u0151 burkolat (Retainer - SQ)<\/option><option value=\"10011170 - M29-M30 z\u00e1rszerkezet k\u00fcls\u0151 burkolat (Heat shield SQ)\" >10011170 - M29-M30 z\u00e1rszerkezet k\u00fcls\u0151 burkolat (Heat shield SQ)<\/option><option value=\"10011174 - Visiobar M29 (Visiobar SQ Softline CE)\" >10011174 - Visiobar M29 (Visiobar SQ Softline CE)<\/option><option value=\"10011185 - M30 secu Visiotherm als\u00f3 O gy\u0171r\u0171 (30\/30S O-Ring to Visiotherm S -SQ)\" >10011185 - M30 secu Visiotherm als\u00f3 O gy\u0171r\u0171 (30\/30S O-Ring to Visiotherm S -SQ)<\/option><option value=\"10011187 - M30 secu lef\u00fav\u00f3szelep (29\/30\/30S Rubber valve corn SQ complete - new SQ)\" >10011187 - M30 secu lef\u00fav\u00f3szelep (29\/30\/30S Rubber valve corn SQ complete - new SQ)<\/option><option value=\"10011249 - 29 30 Cap complete with battery box A8300\" >10011249 - 29 30 Cap complete with battery box A8300<\/option><option value=\"10011510 - M28 f\u00fclbet\u00e9t csavarral (T10 Replacement handle cpl.)\" >10011510 - M28 f\u00fclbet\u00e9t csavarral (T10 Replacement handle cpl.)<\/option><option value=\"10011579 - levehet\u0151 ny\u00e9l \/ abnehmbarer Griff 30\/30S (Removable Longhandle)\" >10011579 - levehet\u0151 ny\u00e9l \/ abnehmbarer Griff 30\/30S (Removable Longhandle)<\/option><option value=\"10011634 - M29 f\u00fclbet\u00e9t csavarral (Upper\/lower pot-handle parts with screw)\" >10011634 - M29 f\u00fclbet\u00e9t csavarral (Upper\/lower pot-handle parts with screw)<\/option><option value=\"10011639 - M29 f\u00fclbet\u00e9t csavarral s\u00fct\u0151h\u00f6z (Upper\/lower griddle-handle parts w\/screw)\" >10011639 - M29 f\u00fclbet\u00e9t csavarral s\u00fct\u0151h\u00f6z (Upper\/lower griddle-handle parts w\/screw)<\/option><option value=\"10011850 - 30 Visiotherm S - SQ\" >10011850 - 30 Visiotherm S - SQ<\/option><option value=\"10011887 - M30 Visiotherm t\u00f6m\u00edt\u0151gy\u0171r\u0171 (30\/30S O-Ring V8000, -S \/ V0020,-S)\" >10011887 - M30 Visiotherm t\u00f6m\u00edt\u0151gy\u0171r\u0171 (30\/30S O-Ring V8000, -S \/ V0020,-S)<\/option><option value=\"10011896 - Easy Quick szelepk\u00e9szlet (30\/30S Valve Set EasyQuick V2)\" >10011896 - Easy Quick szelepk\u00e9szlet (30\/30S Valve Set EasyQuick V2)<\/option><option value=\"10017135 - Visiotherm M29 (29 Knob replac.cpl.w\/VT and\"o\" Ring-Logo 01)\" >10017135 - Visiotherm M29 (29 Knob replac.cpl.w\/VT and\"o\" Ring-Logo 01)<\/option><option value=\"10017829 - M29 vakgomb (Plastic knob - Logo 01)\" >10017829 - M29 vakgomb (Plastic knob - Logo 01)<\/option><option value=\"10019078 - M29 alles zusammen (Rubber seal set 20 cm SQ)\" >10019078 - M29 alles zusammen (Rubber seal set 20 cm SQ)<\/option><option value=\"10019079 - M 29 alles zusammen (Rubber seal set 24 cm SQ)\" >10019079 - M 29 alles zusammen (Rubber seal set 24 cm SQ)<\/option><option value=\"10019080 - M30\/30S alles zusammen (Rubber seal set 20cm - SQ)\" >10019080 - M30\/30S alles zusammen (Rubber seal set 20cm - SQ)<\/option><option value=\"10019081 - M30\/30S alles zusammen (Rubber seal set 24cm - SQ)\" >10019081 - M30\/30S alles zusammen (Rubber seal set 24cm - SQ)<\/option><option value=\"10040135 - Visiotherm M30 (Visiotherm V8000)\" >10040135 - Visiotherm M30 (Visiotherm V8000)<\/option><option value=\"10046054 - Easy Quick Visiotherm 30S Visiotherm V0120 EQ\" >10046054 - Easy Quick Visiotherm 30S Visiotherm V0120 EQ<\/option><option value=\"10046055 - M30 smart secu Visiotherm (30S Visiotherm-S B0020 - SQ)\" >10046055 - M30 smart secu Visiotherm (30S Visiotherm-S B0020 - SQ)<\/option><option value=\"10046059 - M30 smart Audiotherm\" >10046059 - M30 smart Audiotherm<\/option><option value=\"10046060 - M30 smart Visiotherm (Visiotherm V0020)\" >10046060 - M30 smart Visiotherm (Visiotherm V0020)<\/option><option value=\"10046085 - M30 vakgomb (30S Plastic knob - black M30s)\" >10046085 - M30 vakgomb (30S Plastic knob - black M30s)<\/option>\t<\/select>\n<\/div>\n<\/div>\n\n<div  class=\"jet-form-builder-row field-type-text-field\" >\n<div class=\"jet-form-builder__label\">\r\n<div class=\"jet-form-builder__label-text\">Term\u00e9k felhaszn\u00e1l\u00e1s\u00e1nak sz\u00e1ma<\/div><\/div><div class=\"jet-form-builder__field-wrap\">\n\t\t\t\t<input name=\"felhasznalt_termek_hozzaadasa[__i__][termek_szama]\" id=\"felhasznalt_termek_hozzaadasa___i___termek_szama\" type=\"text\" data-field-name=\"termek_szama\" class=\"jet-form-builder__field text-field\" data-jfb-sync=\"null\" autocomplete=\"off_x7i4ScHD\">\n\t\t\t\t\t<\/div>\n<\/div>\n<\/div><div class=\"jet-form-builder-repeater__row-remove\"><button type=\"button\" class=\"jet-form-builder-repeater__remove\">&times;<\/button><\/div><\/div><\/template>\n<div class=\"jet-form-builder-repeater__items\"><\/div><div class=\"jet-form-builder-repeater__actions\">\n                <button type=\"button\" class=\"jet-form-builder-repeater__new\">Term\u00e9k hozz\u00e1ad\u00e1sa<\/button>\n                <\/div><\/div><\/div>\n<\/div>\n\n<div  class=\"jet-form-builder-row field-type-media-field\" >\n<template class=\"jet-form-builder__preview-template\"><div class=\"jet-form-builder-file-upload__file\" data-file=\"%file_url%\">\n\t<!-- preview -->\n\t<!-- field -->\n\t<div class=\"jet-form-builder-file-upload__file-remove\" data-file-name=\"%file_name%\">\n\t\t<svg width=\"22\" height=\"22\" viewBox=\"0 0 14 15\" fill=\"none\" xmlns=\"http:\/\/www.w3.org\/2000\/svg\">\n\t\t\t<path d=\"M4.375 7H6.125V12.25H4.375V7ZM7.875 7H9.625V12.25H7.875V7ZM10.5 1.75C10.5 1.51302 10.4134 1.30794 10.2402 1.13477C10.0762 0.961589 9.87109 0.875 9.625 0.875H4.375C4.12891 0.875 3.91927 0.961589 3.74609 1.13477C3.58203 1.30794 3.5 1.51302 3.5 1.75V3.5H0V5.25H0.875V14C0.875 14.237 0.957031 14.4421 1.12109 14.6152C1.29427 14.7884 1.50391 14.875 1.75 14.875H12.25C12.4961 14.875 12.7012 14.7884 12.8652 14.6152C13.0384 14.4421 13.125 14.237 13.125 14V5.25H14V3.5H10.5V1.75ZM5.25 2.625H8.75V3.5H5.25V2.625ZM11.375 5.25V13.125H2.625V5.25H11.375Z\"><\/path>\n\t\t<\/svg>\n\t<\/div>\n\t<span\n\t\t\tclass=\"jet-form-builder-file-upload__file-invalid-marker\"\n\t\t\tstyle=\"display: none\">\n\t\t<svg xmlns=\"http:\/\/www.w3.org\/2000\/svg\" viewBox=\"0 0 20 20\" fill=\"currentcolor\" width=\"24\" height=\"24\" aria-hidden=\"true\" focusable=\"false\"><path d=\"M10 2c4.42 0 8 3.58 8 8s-3.58 8-8 8-8-3.58-8-8 3.58-8 8-8zm1.13 9.38l.35-6.46H8.52l.35 6.46h2.26zm-.09 3.36c.24-.23.37-.55.37-.96 0-.42-.12-.74-.36-.97s-.59-.35-1.06-.35-.82.12-1.07.35-.37.55-.37.97c0 .41.13.73.38.96.26.23.61.34 1.06.34s.8-.11 1.05-.34z\"><\/path><\/svg>\n\t<\/span>\n\t<!-- footer -->\n<\/div>\n<\/template><div class=\"jet-form-builder__label\">\r\n<div class=\"jet-form-builder__label-text\">Szerv\u00edz munkalap felt\u00f6lt\u00e9se<\/div><\/div><div class=\"jet-form-builder__field-wrap jet-form-builder-file-upload\">\n\t\t<div class=\"jet-form-builder-file-upload__content\">\n\t\t<div class=\"jet-form-builder-file-upload__loader\"><svg xmlns=\"http:\/\/www.w3.org\/2000\/svg\" width=\"38\" height=\"38\" viewBox=\"0 0 38 38\" stroke=\"#fff\"><g fill=\"none\" fill-rule=\"evenodd\"><g transform=\"translate(1 1)\" stroke-width=\"2\"><circle stroke-opacity=\".5\" cx=\"18\" cy=\"18\" r=\"18\"\/><path d=\"M36 18c0-9.94-8.06-18-18-18\" transform=\"rotate(137.826 18 18)\"><animateTransform attributeName=\"transform\" type=\"rotate\" from=\"0 18 18\" to=\"360 18 18\" dur=\"1s\" repeatCount=\"indefinite\"\/><\/path><\/g><\/g><\/svg><\/div>\t\t<div class=\"jet-form-builder-file-upload__files\" data-args=\"{&quot;max_files&quot;:1,&quot;max_size&quot;:52428800}\">\n\t\t\t\t\t<\/div>\n\t<\/div>\n\t<div class=\"jet-form-builder-file-upload__fields\">\n\t\t<input class=\"jet-form-builder__field file-field jet-form-builder-file-upload__input\" name=\"szerzodes_feltoltese\" data-field-name=\"szerzodes_feltoltese\" type=\"file\" data-form_id=\"5475\" id=\"szerzodes_feltoltese\" data-jfb-sync=\"null\" data-max_size=\"52428800\">\n\t<\/div>\n\t<div class=\"jet-form-builder-file-upload__message\"><small>Maximum file size: 50 MB<\/small><\/div>\n\t<div class=\"jet-form-builder-file-upload__errors is-hidden\"><\/div>\n\t<\/div>\n<\/div>\n\n<div  class=\"jet-form-builder-row field-type-submit-field\" >\n\t<div data-type=\"submit\" class=\"jet-form-builder__action-button-wrapper jet-form-builder__submit-wrap\">\n\t<button class=\"jet-form-builder__action-button jet-form-builder__submit submit-type-reload\" type=\"submit\">K\u00fcld\u00e9s<\/button>\n\t<\/div>\n\t\n<\/div>\n\n\n<ul class=\"wp-block-list\">\n<li><\/li>\n<\/ul>\n\n\n\n<p><\/p>\n\t<div class=\"jet-form-builder-messages-wrap\" data-form-id=\"5475\"><\/div>\n<\/form>\n\t\t\t\t<\/div>\n\t\t\t\t<\/div>\n\t\t\t\t\t<\/div>\n\t\t\t\t<\/div>\n\t\t\t\t<\/div>\n\t\t","protected":false},"excerpt":{"rendered":"<p>Telefonsz\u00e1m Submit Szervizel\u0151 neve Szerv\u00edzsz\u00e1m Megkeres\u00e9s azonos\u00edt\u00e1sa Pl.: Szerv\u00edz megrendel\u0151 sz\u00e1ma Felhaszn\u00e1lt term\u00e9k hozz\u00e1ad\u00e1sa felhaszn\u00e1ltt term\u00e9k neve 10010775 &#8211; 28 29 20cm SQ rubber gasket (STAR &#038; SQ-3000)10010776 &#8211; 28 29 24cm SQ rubber gasket ( (STAR &#038; SQ-300010010789 &#8211; M29 Visiobar t\u00f6m\u00edt\u00e9s (28\/29 O-ring Visiobar 7.5 X 2.2 SQ)10011133 &#8211; M29-M30 secu f\u00e9m biztons\u00e1gi [&hellip;]<\/p>\n","protected":false},"author":1,"featured_media":0,"parent":0,"menu_order":0,"comment_status":"closed","ping_status":"closed","template":"","meta":{"footnotes":""},"class_list":["post-5478","page","type-page","status-publish","hentry"],"yoast_head":"<!-- This site is optimized with the Yoast SEO Premium plugin v27.6 (Yoast SEO v27.6) - https:\/\/yoast.com\/product\/yoast-seo-premium-wordpress\/ -->\n<title>Jav\u00edt\u00e1s felt\u00f6lt\u00e9s - AMC Hungary<\/title>\n<meta name=\"robots\" content=\"index, follow, max-snippet:-1, max-image-preview:large, max-video-preview:-1\" \/>\n<link rel=\"canonical\" href=\"https:\/\/amchungary.hu\/sr\/javitas-feltoltes\/\" \/>\n<meta property=\"og:locale\" content=\"sr_RS\" \/>\n<meta property=\"og:type\" content=\"article\" \/>\n<meta property=\"og:title\" content=\"Jav\u00edt\u00e1s felt\u00f6lt\u00e9s\" \/>\n<meta property=\"og:description\" content=\"Telefonsz\u00e1m Submit Szervizel\u0151 neve Szerv\u00edzsz\u00e1m Megkeres\u00e9s azonos\u00edt\u00e1sa Pl.: Szerv\u00edz megrendel\u0151 sz\u00e1ma Felhaszn\u00e1lt term\u00e9k hozz\u00e1ad\u00e1sa felhaszn\u00e1ltt term\u00e9k neve 10010775 &#8211; 28 29 20cm SQ rubber gasket (STAR &#038; SQ-3000)10010776 &#8211; 28 29 24cm SQ rubber gasket ( (STAR &#038; SQ-300010010789 &#8211; M29 Visiobar t\u00f6m\u00edt\u00e9s (28\/29 O-ring Visiobar 7.5 X 2.2 SQ)10011133 &#8211; M29-M30 secu f\u00e9m biztons\u00e1gi [&hellip;]\" \/>\n<meta property=\"og:url\" content=\"https:\/\/amchungary.hu\/sr\/javitas-feltoltes\/\" \/>\n<meta property=\"og:site_name\" content=\"AMC Hungary\" \/>\n<meta property=\"article:publisher\" content=\"https:\/\/www.facebook.com\/people\/AMC-Hungary\/61570426203273\/\" \/>\n<meta property=\"article:modified_time\" content=\"2025-08-06T15:54:51+00:00\" \/>\n<meta name=\"twitter:card\" content=\"summary_large_image\" \/>\n<meta name=\"twitter:label1\" content=\"\u041f\u0440\u043e\u0446\u0435\u045a\u0435\u043d\u043e \u0432\u0440\u0435\u043c\u0435 \u0447\u0438\u0442\u0430\u045a\u0430\" \/>\n\t<meta name=\"twitter:data1\" content=\"2 \u043c\u0438\u043d\u0443\u0442\u0430\" \/>\n<script type=\"application\/ld+json\" class=\"yoast-schema-graph\">{\"@context\":\"https:\\\/\\\/schema.org\",\"@graph\":[{\"@type\":\"WebPage\",\"@id\":\"https:\\\/\\\/amchungary.hu\\\/javitas-feltoltes\\\/\",\"url\":\"https:\\\/\\\/amchungary.hu\\\/javitas-feltoltes\\\/\",\"name\":\"Jav\u00edt\u00e1s felt\u00f6lt\u00e9s - AMC Hungary\",\"isPartOf\":{\"@id\":\"https:\\\/\\\/amchungary.hu\\\/#website\"},\"datePublished\":\"2025-07-09T08:39:49+00:00\",\"dateModified\":\"2025-08-06T15:54:51+00:00\",\"breadcrumb\":{\"@id\":\"https:\\\/\\\/amchungary.hu\\\/javitas-feltoltes\\\/#breadcrumb\"},\"inLanguage\":\"sr-RS\",\"potentialAction\":[{\"@type\":\"ReadAction\",\"target\":[\"https:\\\/\\\/amchungary.hu\\\/javitas-feltoltes\\\/\"]}]},{\"@type\":\"BreadcrumbList\",\"@id\":\"https:\\\/\\\/amchungary.hu\\\/javitas-feltoltes\\\/#breadcrumb\",\"itemListElement\":[{\"@type\":\"ListItem\",\"position\":1,\"name\":\"Home\",\"item\":\"https:\\\/\\\/amchungary.hu\\\/\"},{\"@type\":\"ListItem\",\"position\":2,\"name\":\"Jav\u00edt\u00e1s felt\u00f6lt\u00e9s\"}]},{\"@type\":\"WebSite\",\"@id\":\"https:\\\/\\\/amchungary.hu\\\/#website\",\"url\":\"https:\\\/\\\/amchungary.hu\\\/\",\"name\":\"AMC Hungary\",\"description\":\"\",\"publisher\":{\"@id\":\"https:\\\/\\\/amchungary.hu\\\/#organization\"},\"potentialAction\":[{\"@type\":\"SearchAction\",\"target\":{\"@type\":\"EntryPoint\",\"urlTemplate\":\"https:\\\/\\\/amchungary.hu\\\/?s={search_term_string}\"},\"query-input\":{\"@type\":\"PropertyValueSpecification\",\"valueRequired\":true,\"valueName\":\"search_term_string\"}}],\"inLanguage\":\"sr-RS\"},{\"@type\":\"Organization\",\"@id\":\"https:\\\/\\\/amchungary.hu\\\/#organization\",\"name\":\"AMC Hungary\",\"url\":\"https:\\\/\\\/amchungary.hu\\\/\",\"logo\":{\"@type\":\"ImageObject\",\"inLanguage\":\"sr-RS\",\"@id\":\"https:\\\/\\\/amchungary.hu\\\/#\\\/schema\\\/logo\\\/image\\\/\",\"url\":\"https:\\\/\\\/amchungary.hu\\\/wp-content\\\/uploads\\\/2025\\\/09\\\/AMC_Logo_outline_bw_1-1.avif\",\"contentUrl\":\"https:\\\/\\\/amchungary.hu\\\/wp-content\\\/uploads\\\/2025\\\/09\\\/AMC_Logo_outline_bw_1-1.avif\",\"width\":180,\"height\":120,\"caption\":\"AMC Hungary\"},\"image\":{\"@id\":\"https:\\\/\\\/amchungary.hu\\\/#\\\/schema\\\/logo\\\/image\\\/\"},\"sameAs\":[\"https:\\\/\\\/www.facebook.com\\\/people\\\/AMC-Hungary\\\/61570426203273\\\/\",\"https:\\\/\\\/www.instagram.com\\\/amchungary\\\/\",\"https:\\\/\\\/www.youtube.com\\\/@AMCHUNGARY\",\"https:\\\/\\\/www.tiktok.com\\\/@amchungary\"]}]}<\/script>\n<!-- \/ Yoast SEO Premium plugin. -->","yoast_head_json":{"title":"Jav\u00edt\u00e1s felt\u00f6lt\u00e9s - AMC Hungary","robots":{"index":"index","follow":"follow","max-snippet":"max-snippet:-1","max-image-preview":"max-image-preview:large","max-video-preview":"max-video-preview:-1"},"canonical":"https:\/\/amchungary.hu\/sr\/javitas-feltoltes\/","og_locale":"sr_RS","og_type":"article","og_title":"Jav\u00edt\u00e1s felt\u00f6lt\u00e9s","og_description":"Telefonsz\u00e1m Submit Szervizel\u0151 neve Szerv\u00edzsz\u00e1m Megkeres\u00e9s azonos\u00edt\u00e1sa Pl.: Szerv\u00edz megrendel\u0151 sz\u00e1ma Felhaszn\u00e1lt term\u00e9k hozz\u00e1ad\u00e1sa felhaszn\u00e1ltt term\u00e9k neve 10010775 &#8211; 28 29 20cm SQ rubber gasket (STAR &#038; SQ-3000)10010776 &#8211; 28 29 24cm SQ rubber gasket ( (STAR &#038; SQ-300010010789 &#8211; M29 Visiobar t\u00f6m\u00edt\u00e9s (28\/29 O-ring Visiobar 7.5 X 2.2 SQ)10011133 &#8211; M29-M30 secu f\u00e9m biztons\u00e1gi [&hellip;]","og_url":"https:\/\/amchungary.hu\/sr\/javitas-feltoltes\/","og_site_name":"AMC Hungary","article_publisher":"https:\/\/www.facebook.com\/people\/AMC-Hungary\/61570426203273\/","article_modified_time":"2025-08-06T15:54:51+00:00","twitter_card":"summary_large_image","twitter_misc":{"\u041f\u0440\u043e\u0446\u0435\u045a\u0435\u043d\u043e \u0432\u0440\u0435\u043c\u0435 \u0447\u0438\u0442\u0430\u045a\u0430":"2 \u043c\u0438\u043d\u0443\u0442\u0430"},"schema":{"@context":"https:\/\/schema.org","@graph":[{"@type":"WebPage","@id":"https:\/\/amchungary.hu\/javitas-feltoltes\/","url":"https:\/\/amchungary.hu\/javitas-feltoltes\/","name":"Jav\u00edt\u00e1s felt\u00f6lt\u00e9s - AMC Hungary","isPartOf":{"@id":"https:\/\/amchungary.hu\/#website"},"datePublished":"2025-07-09T08:39:49+00:00","dateModified":"2025-08-06T15:54:51+00:00","breadcrumb":{"@id":"https:\/\/amchungary.hu\/javitas-feltoltes\/#breadcrumb"},"inLanguage":"sr-RS","potentialAction":[{"@type":"ReadAction","target":["https:\/\/amchungary.hu\/javitas-feltoltes\/"]}]},{"@type":"BreadcrumbList","@id":"https:\/\/amchungary.hu\/javitas-feltoltes\/#breadcrumb","itemListElement":[{"@type":"ListItem","position":1,"name":"Home","item":"https:\/\/amchungary.hu\/"},{"@type":"ListItem","position":2,"name":"Jav\u00edt\u00e1s felt\u00f6lt\u00e9s"}]},{"@type":"WebSite","@id":"https:\/\/amchungary.hu\/#website","url":"https:\/\/amchungary.hu\/","name":"AMC Hungary","description":"","publisher":{"@id":"https:\/\/amchungary.hu\/#organization"},"potentialAction":[{"@type":"SearchAction","target":{"@type":"EntryPoint","urlTemplate":"https:\/\/amchungary.hu\/?s={search_term_string}"},"query-input":{"@type":"PropertyValueSpecification","valueRequired":true,"valueName":"search_term_string"}}],"inLanguage":"sr-RS"},{"@type":"Organization","@id":"https:\/\/amchungary.hu\/#organization","name":"AMC Hungary","url":"https:\/\/amchungary.hu\/","logo":{"@type":"ImageObject","inLanguage":"sr-RS","@id":"https:\/\/amchungary.hu\/#\/schema\/logo\/image\/","url":"https:\/\/amchungary.hu\/wp-content\/uploads\/2025\/09\/AMC_Logo_outline_bw_1-1.avif","contentUrl":"https:\/\/amchungary.hu\/wp-content\/uploads\/2025\/09\/AMC_Logo_outline_bw_1-1.avif","width":180,"height":120,"caption":"AMC Hungary"},"image":{"@id":"https:\/\/amchungary.hu\/#\/schema\/logo\/image\/"},"sameAs":["https:\/\/www.facebook.com\/people\/AMC-Hungary\/61570426203273\/","https:\/\/www.instagram.com\/amchungary\/","https:\/\/www.youtube.com\/@AMCHUNGARY","https:\/\/www.tiktok.com\/@amchungary"]}]}},"_links":{"self":[{"href":"https:\/\/amchungary.hu\/sr\/wp-json\/wp\/v2\/pages\/5478","targetHints":{"allow":["GET"]}}],"collection":[{"href":"https:\/\/amchungary.hu\/sr\/wp-json\/wp\/v2\/pages"}],"about":[{"href":"https:\/\/amchungary.hu\/sr\/wp-json\/wp\/v2\/types\/page"}],"author":[{"embeddable":true,"href":"https:\/\/amchungary.hu\/sr\/wp-json\/wp\/v2\/users\/1"}],"replies":[{"embeddable":true,"href":"https:\/\/amchungary.hu\/sr\/wp-json\/wp\/v2\/comments?post=5478"}],"version-history":[{"count":0,"href":"https:\/\/amchungary.hu\/sr\/wp-json\/wp\/v2\/pages\/5478\/revisions"}],"wp:attachment":[{"href":"https:\/\/amchungary.hu\/sr\/wp-json\/wp\/v2\/media?parent=5478"}],"curies":[{"name":"wp","href":"https:\/\/api.w.org\/{rel}","templated":true}]}}