{"id":6289,"date":"2025-10-13T10:20:03","date_gmt":"2025-10-13T08:20:03","guid":{"rendered":"https:\/\/amchungary.hu\/?page_id=6289"},"modified":"2026-01-07T21:15:16","modified_gmt":"2026-01-07T20:15:16","slug":"amc-ismerteto","status":"publish","type":"page","link":"https:\/\/amchungary.hu\/sr\/amc-ismerteto\/","title":{"rendered":"AMC ismertet\u0151"},"content":{"rendered":"<div data-elementor-type=\"wp-page\" data-elementor-id=\"6289\" class=\"elementor elementor-6289\" data-elementor-post-type=\"page\">\n\t\t\t\t<div class=\"elementor-element elementor-element-3c81862 e-con-full e-flex e-con e-parent\" data-id=\"3c81862\" data-element_type=\"container\" data-e-type=\"container\" data-settings=\"{&quot;background_background&quot;:&quot;classic&quot;}\">\n\t\t\t\t<div class=\"elementor-element elementor-element-fc2d70a elementor-widget elementor-widget-heading\" data-id=\"fc2d70a\" data-element_type=\"widget\" data-e-type=\"widget\" data-widget_type=\"heading.default\">\n\t\t\t\t<div class=\"elementor-widget-container\">\n\t\t\t\t\t<h2 class=\"elementor-heading-title elementor-size-default\">AMC pr\u00e9mium f\u0151z\u0151rendszer \u00e1ltal\u00e1nos ismertet\u0151 dokumentumok\n<\/h2>\t\t\t\t<\/div>\n\t\t\t\t<\/div>\n\t\t\t\t<\/div>\n\t\t<div class=\"elementor-element elementor-element-9953121 e-flex e-con-boxed e-con e-parent\" data-id=\"9953121\" data-element_type=\"container\" data-e-type=\"container\" data-settings=\"{&quot;background_background&quot;:&quot;classic&quot;}\">\n\t\t\t\t\t<div class=\"e-con-inner\">\n\t\t<div class=\"elementor-element elementor-element-f5f3976 e-flex e-con-boxed e-con e-child\" data-id=\"f5f3976\" data-element_type=\"container\" data-e-type=\"container\">\n\t\t\t\t\t<div class=\"e-con-inner\">\n\t\t<div class=\"elementor-element elementor-element-ce30925 e-con-full e-flex e-con e-child\" data-id=\"ce30925\" data-element_type=\"container\" data-e-type=\"container\">\n\t\t\t\t<div class=\"elementor-element elementor-element-6b30c23 elementor-widget elementor-widget-image\" data-id=\"6b30c23\" data-element_type=\"widget\" data-e-type=\"widget\" data-widget_type=\"image.default\">\n\t\t\t\t<div class=\"elementor-widget-container\">\n\t\t\t\t\t\t\t\t\t\t\t\t\t\t\t<img fetchpriority=\"high\" decoding=\"async\" width=\"544\" height=\"318\" src=\"https:\/\/amchungary.hu\/wp-content\/uploads\/2024\/12\/foglalo-oldal-e1735488658632.avif\" class=\"attachment-large size-large wp-image-2603\" alt=\"\" srcset=\"https:\/\/amchungary.hu\/wp-content\/uploads\/2024\/12\/foglalo-oldal-e1735488658632.avif 544w, https:\/\/amchungary.hu\/wp-content\/uploads\/2024\/12\/foglalo-oldal-e1735488658632-300x175.avif 300w\" sizes=\"(max-width: 544px) 100vw, 544px\" \/>\t\t\t\t\t\t\t\t\t\t\t\t\t\t\t<\/div>\n\t\t\t\t<\/div>\n\t\t\t\t<\/div>\n\t\t<div class=\"elementor-element elementor-element-5e12ce1 e-con-full e-flex e-con e-child\" data-id=\"5e12ce1\" data-element_type=\"container\" data-e-type=\"container\">\n\t\t\t\t<div class=\"elementor-element elementor-element-eb1e9be elementor-widget elementor-widget-heading\" data-id=\"eb1e9be\" data-element_type=\"widget\" data-e-type=\"widget\" data-widget_type=\"heading.default\">\n\t\t\t\t<div class=\"elementor-widget-container\">\n\t\t\t\t\t<h2 class=\"elementor-heading-title elementor-size-default\">Kedves \u00c9rdekl\u0151d\u0151!<\/h2>\t\t\t\t<\/div>\n\t\t\t\t<\/div>\n\t\t\t\t<div class=\"elementor-element elementor-element-e5788b1 elementor-widget__width-initial elementor-hidden-tablet elementor-hidden-mobile elementor-widget elementor-widget-text-editor\" data-id=\"e5788b1\" data-element_type=\"widget\" data-e-type=\"widget\" data-widget_type=\"text-editor.default\">\n\t\t\t\t<div class=\"elementor-widget-container\">\n\t\t\t\t\t\t\t\t\t<p class=\"font_8 wixui-rich-text__text\">Ezen az oldalon tal\u00e1lja let\u00f6lthet\u0151 anyagainkat,melyeken\u00a0 \u00a0 \u00a0 \u00a0 \u00a0 \u00a0 \u00a0 \u00a0 \u00a0 \u00a0kereszt\u00fcl r\u00e9szleten\u00a0 megismerheti az\u00a0 \u00a0 \u00a0 \u00a0 \u00a0 \u00a0 \u00a0 \u00a0 AMC PR\u00c9MIUM F\u0150Z\u0150RENDSZR\u00c9T.<\/p><p class=\"font_8 wixui-rich-text__text\">B\u00edzunk benne, hogy felkeltette \u00e9rdekl\u0151d\u00e9s\u00e9t, ez a vil\u00e1gon egyed\u00fcl\u00e1ll\u00f3 konyhatechnol\u00f3gia, mely az eg\u00e9sz csal\u00e1d eg\u00e9szs\u00e9g\u00e9t hivatott szolg\u00e1lni.<\/p>\t\t\t\t\t\t\t\t<\/div>\n\t\t\t\t<\/div>\n\t\t\t\t<div class=\"elementor-element elementor-element-574b19d elementor-widget__width-initial elementor-hidden-desktop elementor-hidden-laptop elementor-widget elementor-widget-text-editor\" data-id=\"574b19d\" data-element_type=\"widget\" data-e-type=\"widget\" data-widget_type=\"text-editor.default\">\n\t\t\t\t<div class=\"elementor-widget-container\">\n\t\t\t\t\t\t\t\t\t<p class=\"font_8 wixui-rich-text__text\">Ezen az oldalon tal\u00e1lja let\u00f6lthet\u0151 anyagainkat, melyeken kereszt\u00fcl megismerheti az AMC PR\u00c9MIUM F\u0150Z\u0150RENDSZER\u00c9T.<\/p><p class=\"font_8 wixui-rich-text__text\">B\u00edzunk benne, hogy felkeltette \u00e9rdekl\u0151d\u00e9s\u00e9t, ez a vil\u00e1gon egyed\u00fcl\u00e1ll\u00f3 konyhatechnol\u00f3gia, mely az eg\u00e9sz csal\u00e1d eg\u00e9szs\u00e9g\u00e9t hivatott szolg\u00e1lni.<\/p>\t\t\t\t\t\t\t\t<\/div>\n\t\t\t\t<\/div>\n\t\t\t\t<\/div>\n\t\t\t\t\t<\/div>\n\t\t\t\t<\/div>\n\t\t\t\t\t<\/div>\n\t\t\t\t<\/div>\n\t\t<div class=\"elementor-element elementor-element-e6e88d1 e-grid e-con-boxed e-con e-parent\" data-id=\"e6e88d1\" data-element_type=\"container\" data-e-type=\"container\">\n\t\t\t\t\t<div class=\"e-con-inner\">\n\t\t<div class=\"elementor-element elementor-element-c21669a e-con-full e-flex e-con e-child\" data-id=\"c21669a\" data-element_type=\"container\" data-e-type=\"container\">\n\t\t\t\t<div class=\"elementor-element elementor-element-aa4e433 elementor-widget-mobile__width-inherit elementor-mobile-align-center elementor-align-center elementor-widget__width-initial elementor-widget elementor-widget-button\" data-id=\"aa4e433\" data-element_type=\"widget\" data-e-type=\"widget\" data-widget_type=\"button.default\">\n\t\t\t\t<div class=\"elementor-widget-container\">\n\t\t\t\t\t\t\t\t\t<div class=\"elementor-button-wrapper\">\n\t\t\t\t\t<a class=\"elementor-button elementor-button-link elementor-size-sm\" href=\"https:\/\/amchungary.hu\/wp-content\/uploads\/2025\/10\/AMC-2025-katalogus.pdf\">\n\t\t\t\t\t\t<span class=\"elementor-button-content-wrapper\">\n\t\t\t\t\t\t\t\t\t<span class=\"elementor-button-text\">AMC Term\u00e9kkatal\u00f3gus<\/span>\n\t\t\t\t\t<\/span>\n\t\t\t\t\t<\/a>\n\t\t\t\t<\/div>\n\t\t\t\t\t\t\t\t<\/div>\n\t\t\t\t<\/div>\n\t\t\t\t<div class=\"elementor-element elementor-element-8513352 elementor-widget elementor-widget-text-editor\" data-id=\"8513352\" data-element_type=\"widget\" data-e-type=\"widget\" data-widget_type=\"text-editor.default\">\n\t\t\t\t<div class=\"elementor-widget-container\">\n\t\t\t\t\t\t\t\t\t<p>Az AMC Pr\u00e9mium F\u0151z\u0151rendszer term\u00e9keit bemutat\u00f3 kiadv\u00e1ny,<br \/>melyb\u0151l megismerheti a konyhai innov\u00e1ci\u00f3k leg\u00fajabb v\u00edvm\u00e1nyait.<\/p>\t\t\t\t\t\t\t\t<\/div>\n\t\t\t\t<\/div>\n\t\t\t\t<\/div>\n\t\t<div class=\"elementor-element elementor-element-773c6fb e-con-full e-flex e-con e-child\" data-id=\"773c6fb\" data-element_type=\"container\" data-e-type=\"container\">\n\t\t\t\t<div class=\"elementor-element elementor-element-8c4ae43 elementor-widget-mobile__width-inherit elementor-mobile-align-center elementor-align-center elementor-widget__width-initial elementor-widget elementor-widget-button\" data-id=\"8c4ae43\" data-element_type=\"widget\" data-e-type=\"widget\" data-widget_type=\"button.default\">\n\t\t\t\t<div class=\"elementor-widget-container\">\n\t\t\t\t\t\t\t\t\t<div class=\"elementor-button-wrapper\">\n\t\t\t\t\t<a class=\"elementor-button elementor-button-link elementor-size-sm\" href=\"https:\/\/shop.amchungary.hu\/\">\n\t\t\t\t\t\t<span class=\"elementor-button-content-wrapper\">\n\t\t\t\t\t\t\t\t\t<span class=\"elementor-button-text\">AMC Store<\/span>\n\t\t\t\t\t<\/span>\n\t\t\t\t\t<\/a>\n\t\t\t\t<\/div>\n\t\t\t\t\t\t\t\t<\/div>\n\t\t\t\t<\/div>\n\t\t\t\t<div class=\"elementor-element elementor-element-37058f9 elementor-widget elementor-widget-text-editor\" data-id=\"37058f9\" data-element_type=\"widget\" data-e-type=\"widget\" data-widget_type=\"text-editor.default\">\n\t\t\t\t<div class=\"elementor-widget-container\">\n\t\t\t\t\t\t\t\t\t<p>Itt megtal\u00e1lja \u00faj konyh\u00e1j\u00e1nak minden elem\u00e9t. V\u00e1logasson kedv\u00e9re!<\/p>\t\t\t\t\t\t\t\t<\/div>\n\t\t\t\t<\/div>\n\t\t\t\t<\/div>\n\t\t<div class=\"elementor-element elementor-element-52d90f3 e-con-full e-flex e-con e-child\" data-id=\"52d90f3\" data-element_type=\"container\" data-e-type=\"container\">\n\t\t\t\t<div class=\"elementor-element elementor-element-44ca906 elementor-widget-mobile__width-inherit elementor-mobile-align-center elementor-align-center elementor-widget__width-initial elementor-widget elementor-widget-button\" data-id=\"44ca906\" data-element_type=\"widget\" data-e-type=\"widget\" data-widget_type=\"button.default\">\n\t\t\t\t<div class=\"elementor-widget-container\">\n\t\t\t\t\t\t\t\t\t<div class=\"elementor-button-wrapper\">\n\t\t\t\t\t<a class=\"elementor-button elementor-button-link elementor-size-sm\" href=\"https:\/\/amchungary.hu\/wp-content\/uploads\/2025\/10\/Fozes-AMC-vel-Lepesrol-lepesre-utmutato-a-tokeletes-eredmeny-eleresehez.pdf\">\n\t\t\t\t\t\t<span class=\"elementor-button-content-wrapper\">\n\t\t\t\t\t\t\t\t\t<span class=\"elementor-button-text\">F\u0151z\u00e9s AMC-vel l\u00e9p\u00e9sr\u0151l l\u00e9p\u00e9sre<\/span>\n\t\t\t\t\t<\/span>\n\t\t\t\t\t<\/a>\n\t\t\t\t<\/div>\n\t\t\t\t\t\t\t\t<\/div>\n\t\t\t\t<\/div>\n\t\t\t\t<div class=\"elementor-element elementor-element-48421ab elementor-widget elementor-widget-text-editor\" data-id=\"48421ab\" data-element_type=\"widget\" data-e-type=\"widget\" data-widget_type=\"text-editor.default\">\n\t\t\t\t<div class=\"elementor-widget-container\">\n\t\t\t\t\t\t\t\t\t<p>Pontos t\u00e1j\u00e9koztat\u00e1st ad, hogy mik\u00e9nt kell f\u0151zni az AMC term\u00e9keivel.<br \/>R\u00e9szletes le\u00edr\u00e1sok \u00e9s hasznos tippek az AMC f\u0151z\u00e9si met\u00f3dusokr\u00f3l \u00e9s<br \/>alap\u00e9lelmiszerekr\u0151l.<\/p>\t\t\t\t\t\t\t\t<\/div>\n\t\t\t\t<\/div>\n\t\t\t\t<\/div>\n\t\t<div class=\"elementor-element elementor-element-c1d09ca e-con-full e-flex e-con e-child\" data-id=\"c1d09ca\" data-element_type=\"container\" data-e-type=\"container\">\n\t\t\t\t<div class=\"elementor-element elementor-element-a00d64d elementor-widget-mobile__width-inherit elementor-mobile-align-center elementor-align-center elementor-widget__width-initial elementor-widget elementor-widget-button\" data-id=\"a00d64d\" data-element_type=\"widget\" data-e-type=\"widget\" data-widget_type=\"button.default\">\n\t\t\t\t<div class=\"elementor-widget-container\">\n\t\t\t\t\t\t\t\t\t<div class=\"elementor-button-wrapper\">\n\t\t\t\t\t<a class=\"elementor-button elementor-button-link elementor-size-sm\" href=\"https:\/\/amchungary.hu\/wp-content\/uploads\/2025\/12\/AMC-HU-2026-ajanlat.pdf\">\n\t\t\t\t\t\t<span class=\"elementor-button-content-wrapper\">\n\t\t\t\t\t\t\t\t\t<span class=\"elementor-button-text\">AMC Hungary aktu\u00e1lis aj\u00e1nlatai<\/span>\n\t\t\t\t\t<\/span>\n\t\t\t\t\t<\/a>\n\t\t\t\t<\/div>\n\t\t\t\t\t\t\t\t<\/div>\n\t\t\t\t<\/div>\n\t\t\t\t<div class=\"elementor-element elementor-element-7a48ce3 elementor-widget elementor-widget-text-editor\" data-id=\"7a48ce3\" data-element_type=\"widget\" data-e-type=\"widget\" data-widget_type=\"text-editor.default\">\n\t\t\t\t<div class=\"elementor-widget-container\">\n\t\t\t\t\t\t\t\t\t<p>Az AMC HUNGARY mindig meg\u00fajul\u00f3 aj\u00e1nlataival, a legkedvez\u0151bb<br \/>felt\u00e9telek mellett v\u00e1logathatja \u00f6ssze \u00faj konyh\u00e1j\u00e1t. Akci\u00f3k \u00e9s<br \/>egyedi aj\u00e1nlatok.<\/p>\t\t\t\t\t\t\t\t<\/div>\n\t\t\t\t<\/div>\n\t\t\t\t<\/div>\n\t\t<div class=\"elementor-element elementor-element-e066514 e-con-full e-flex e-con e-child\" data-id=\"e066514\" data-element_type=\"container\" data-e-type=\"container\">\n\t\t\t\t<div class=\"elementor-element elementor-element-aa64ae5 elementor-widget-mobile__width-inherit elementor-mobile-align-center elementor-align-center elementor-widget__width-initial elementor-widget elementor-widget-button\" data-id=\"aa64ae5\" data-element_type=\"widget\" data-e-type=\"widget\" data-widget_type=\"button.default\">\n\t\t\t\t<div class=\"elementor-widget-container\">\n\t\t\t\t\t\t\t\t\t<div class=\"elementor-button-wrapper\">\n\t\t\t\t\t<a class=\"elementor-button elementor-button-link elementor-size-sm\" href=\"https:\/\/amchungary.hu\/wp-content\/uploads\/2025\/10\/AMC-Altalanos-Ismerteto.pdf\">\n\t\t\t\t\t\t<span class=\"elementor-button-content-wrapper\">\n\t\t\t\t\t\t\t\t\t<span class=\"elementor-button-text\">AMC \u00e1ltal\u00e1nos ismertet\u0151<\/span>\n\t\t\t\t\t<\/span>\n\t\t\t\t\t<\/a>\n\t\t\t\t<\/div>\n\t\t\t\t\t\t\t\t<\/div>\n\t\t\t\t<\/div>\n\t\t\t\t<div class=\"elementor-element elementor-element-9d45cfa elementor-widget elementor-widget-text-editor\" data-id=\"9d45cfa\" data-element_type=\"widget\" data-e-type=\"widget\" data-widget_type=\"text-editor.default\">\n\t\t\t\t<div class=\"elementor-widget-container\">\n\t\t\t\t\t\t\t\t\t<p>R\u00f6vid \u00e1ttekint\u00e9se az \u00f6sszes AMC term\u00e9knek. Kivonatolva, hogy<br \/>milyen el\u0151ny\u0151kkkel j\u00e1r az AMC f\u0151z\u0151rendszer haszn\u00e1lata.<\/p>\t\t\t\t\t\t\t\t<\/div>\n\t\t\t\t<\/div>\n\t\t\t\t<\/div>\n\t\t<div class=\"elementor-element elementor-element-802ab6a e-con-full e-flex e-con e-child\" data-id=\"802ab6a\" data-element_type=\"container\" data-e-type=\"container\">\n\t\t\t\t<div class=\"elementor-element elementor-element-4be22a5 elementor-widget-mobile__width-inherit elementor-mobile-align-center elementor-align-center elementor-widget__width-initial elementor-widget elementor-widget-button\" data-id=\"4be22a5\" data-element_type=\"widget\" data-e-type=\"widget\" data-widget_type=\"button.default\">\n\t\t\t\t<div class=\"elementor-widget-container\">\n\t\t\t\t\t\t\t\t\t<div class=\"elementor-button-wrapper\">\n\t\t\t\t\t<a class=\"elementor-button elementor-button-link elementor-size-sm\" href=\"https:\/\/www.youtube.com\/@AMCHUNGARY\">\n\t\t\t\t\t\t<span class=\"elementor-button-content-wrapper\">\n\t\t\t\t\t\t\t\t\t<span class=\"elementor-button-text\">AMC Hungary youtube csatorna<\/span>\n\t\t\t\t\t<\/span>\n\t\t\t\t\t<\/a>\n\t\t\t\t<\/div>\n\t\t\t\t\t\t\t\t<\/div>\n\t\t\t\t<\/div>\n\t\t\t\t<div class=\"elementor-element elementor-element-27e601d elementor-widget elementor-widget-text-editor\" data-id=\"27e601d\" data-element_type=\"widget\" data-e-type=\"widget\" data-widget_type=\"text-editor.default\">\n\t\t\t\t<div class=\"elementor-widget-container\">\n\t\t\t\t\t\t\t\t\t<p>Term\u00e9kbemutat\u00f3k \u00e9s receptek vide\u00f3s<br \/>form\u00e1ban. Megannyi meg\u00fajul\u00f3 finoms\u00e1g.<\/p>\t\t\t\t\t\t\t\t<\/div>\n\t\t\t\t<\/div>\n\t\t\t\t<\/div>\n\t\t\t\t\t<\/div>\n\t\t\t\t<\/div>\n\t\t\t\t<\/div>","protected":false},"excerpt":{"rendered":"<p>AMC pr\u00e9mium f\u0151z\u0151rendszer \u00e1ltal\u00e1nos ismertet\u0151 dokumentumok Kedves \u00c9rdekl\u0151d\u0151! Ezen az oldalon tal\u00e1lja let\u00f6lthet\u0151 anyagainkat,melyeken\u00a0 \u00a0 \u00a0 \u00a0 \u00a0 \u00a0 \u00a0 \u00a0 \u00a0 \u00a0kereszt\u00fcl r\u00e9szleten\u00a0 megismerheti az\u00a0 \u00a0 \u00a0 \u00a0 \u00a0 \u00a0 \u00a0 \u00a0 AMC PR\u00c9MIUM F\u0150Z\u0150RENDSZR\u00c9T. B\u00edzunk benne, hogy felkeltette \u00e9rdekl\u0151d\u00e9s\u00e9t, ez a vil\u00e1gon egyed\u00fcl\u00e1ll\u00f3 konyhatechnol\u00f3gia, mely az eg\u00e9sz csal\u00e1d eg\u00e9szs\u00e9g\u00e9t hivatott szolg\u00e1lni. Ezen az [&hellip;]<\/p>\n","protected":false},"author":1,"featured_media":0,"parent":0,"menu_order":0,"comment_status":"closed","ping_status":"closed","template":"","meta":{"footnotes":""},"class_list":["post-6289","page","type-page","status-publish","hentry"],"yoast_head":"<!-- This site is optimized with the Yoast SEO Premium plugin v27.6 (Yoast SEO v27.6) - https:\/\/yoast.com\/product\/yoast-seo-premium-wordpress\/ -->\n<title>AMC ismertet\u0151 - AMC Hungary<\/title>\n<meta name=\"robots\" content=\"index, follow, max-snippet:-1, max-image-preview:large, max-video-preview:-1\" \/>\n<link rel=\"canonical\" href=\"https:\/\/amchungary.hu\/sr\/amc-ismerteto\/\" \/>\n<meta property=\"og:locale\" content=\"sr_RS\" \/>\n<meta property=\"og:type\" content=\"article\" \/>\n<meta property=\"og:title\" content=\"AMC ismertet\u0151\" \/>\n<meta property=\"og:description\" content=\"AMC pr\u00e9mium f\u0151z\u0151rendszer \u00e1ltal\u00e1nos ismertet\u0151 dokumentumok Kedves \u00c9rdekl\u0151d\u0151! Ezen az oldalon tal\u00e1lja let\u00f6lthet\u0151 anyagainkat,melyeken\u00a0 \u00a0 \u00a0 \u00a0 \u00a0 \u00a0 \u00a0 \u00a0 \u00a0 \u00a0kereszt\u00fcl r\u00e9szleten\u00a0 megismerheti az\u00a0 \u00a0 \u00a0 \u00a0 \u00a0 \u00a0 \u00a0 \u00a0 AMC PR\u00c9MIUM F\u0150Z\u0150RENDSZR\u00c9T. B\u00edzunk benne, hogy felkeltette \u00e9rdekl\u0151d\u00e9s\u00e9t, ez a vil\u00e1gon egyed\u00fcl\u00e1ll\u00f3 konyhatechnol\u00f3gia, mely az eg\u00e9sz csal\u00e1d eg\u00e9szs\u00e9g\u00e9t hivatott szolg\u00e1lni. Ezen az [&hellip;]\" \/>\n<meta property=\"og:url\" content=\"https:\/\/amchungary.hu\/sr\/amc-ismerteto\/\" \/>\n<meta property=\"og:site_name\" content=\"AMC Hungary\" \/>\n<meta property=\"article:publisher\" content=\"https:\/\/www.facebook.com\/people\/AMC-Hungary\/61570426203273\/\" \/>\n<meta property=\"article:modified_time\" content=\"2026-01-07T20:15:16+00:00\" \/>\n<meta name=\"twitter:card\" content=\"summary_large_image\" \/>\n<meta name=\"twitter:label1\" content=\"\u041f\u0440\u043e\u0446\u0435\u045a\u0435\u043d\u043e \u0432\u0440\u0435\u043c\u0435 \u0447\u0438\u0442\u0430\u045a\u0430\" \/>\n\t<meta name=\"twitter:data1\" content=\"1 \u043c\u0438\u043d\u0443\u0442\" \/>\n<script type=\"application\/ld+json\" class=\"yoast-schema-graph\">{\"@context\":\"https:\\\/\\\/schema.org\",\"@graph\":[{\"@type\":\"WebPage\",\"@id\":\"https:\\\/\\\/amchungary.hu\\\/amc-ismerteto\\\/\",\"url\":\"https:\\\/\\\/amchungary.hu\\\/amc-ismerteto\\\/\",\"name\":\"AMC ismertet\u0151 - AMC Hungary\",\"isPartOf\":{\"@id\":\"https:\\\/\\\/amchungary.hu\\\/#website\"},\"primaryImageOfPage\":{\"@id\":\"https:\\\/\\\/amchungary.hu\\\/amc-ismerteto\\\/#primaryimage\"},\"image\":{\"@id\":\"https:\\\/\\\/amchungary.hu\\\/amc-ismerteto\\\/#primaryimage\"},\"thumbnailUrl\":\"https:\\\/\\\/amchungary.hu\\\/wp-content\\\/uploads\\\/2024\\\/12\\\/foglalo-oldal-e1735488658632.avif\",\"datePublished\":\"2025-10-13T08:20:03+00:00\",\"dateModified\":\"2026-01-07T20:15:16+00:00\",\"breadcrumb\":{\"@id\":\"https:\\\/\\\/amchungary.hu\\\/amc-ismerteto\\\/#breadcrumb\"},\"inLanguage\":\"sr-RS\",\"potentialAction\":[{\"@type\":\"ReadAction\",\"target\":[\"https:\\\/\\\/amchungary.hu\\\/amc-ismerteto\\\/\"]}]},{\"@type\":\"ImageObject\",\"inLanguage\":\"sr-RS\",\"@id\":\"https:\\\/\\\/amchungary.hu\\\/amc-ismerteto\\\/#primaryimage\",\"url\":\"https:\\\/\\\/amchungary.hu\\\/wp-content\\\/uploads\\\/2024\\\/12\\\/foglalo-oldal-e1735488658632.avif\",\"contentUrl\":\"https:\\\/\\\/amchungary.hu\\\/wp-content\\\/uploads\\\/2024\\\/12\\\/foglalo-oldal-e1735488658632.avif\"},{\"@type\":\"BreadcrumbList\",\"@id\":\"https:\\\/\\\/amchungary.hu\\\/amc-ismerteto\\\/#breadcrumb\",\"itemListElement\":[{\"@type\":\"ListItem\",\"position\":1,\"name\":\"Home\",\"item\":\"https:\\\/\\\/amchungary.hu\\\/\"},{\"@type\":\"ListItem\",\"position\":2,\"name\":\"AMC ismertet\u0151\"}]},{\"@type\":\"WebSite\",\"@id\":\"https:\\\/\\\/amchungary.hu\\\/#website\",\"url\":\"https:\\\/\\\/amchungary.hu\\\/\",\"name\":\"AMC Hungary\",\"description\":\"\",\"publisher\":{\"@id\":\"https:\\\/\\\/amchungary.hu\\\/#organization\"},\"potentialAction\":[{\"@type\":\"SearchAction\",\"target\":{\"@type\":\"EntryPoint\",\"urlTemplate\":\"https:\\\/\\\/amchungary.hu\\\/?s={search_term_string}\"},\"query-input\":{\"@type\":\"PropertyValueSpecification\",\"valueRequired\":true,\"valueName\":\"search_term_string\"}}],\"inLanguage\":\"sr-RS\"},{\"@type\":\"Organization\",\"@id\":\"https:\\\/\\\/amchungary.hu\\\/#organization\",\"name\":\"AMC Hungary\",\"url\":\"https:\\\/\\\/amchungary.hu\\\/\",\"logo\":{\"@type\":\"ImageObject\",\"inLanguage\":\"sr-RS\",\"@id\":\"https:\\\/\\\/amchungary.hu\\\/#\\\/schema\\\/logo\\\/image\\\/\",\"url\":\"https:\\\/\\\/amchungary.hu\\\/wp-content\\\/uploads\\\/2025\\\/09\\\/AMC_Logo_outline_bw_1-1.avif\",\"contentUrl\":\"https:\\\/\\\/amchungary.hu\\\/wp-content\\\/uploads\\\/2025\\\/09\\\/AMC_Logo_outline_bw_1-1.avif\",\"width\":180,\"height\":120,\"caption\":\"AMC Hungary\"},\"image\":{\"@id\":\"https:\\\/\\\/amchungary.hu\\\/#\\\/schema\\\/logo\\\/image\\\/\"},\"sameAs\":[\"https:\\\/\\\/www.facebook.com\\\/people\\\/AMC-Hungary\\\/61570426203273\\\/\",\"https:\\\/\\\/www.instagram.com\\\/amchungary\\\/\",\"https:\\\/\\\/www.youtube.com\\\/@AMCHUNGARY\",\"https:\\\/\\\/www.tiktok.com\\\/@amchungary\"]}]}<\/script>\n<!-- \/ Yoast SEO Premium plugin. -->","yoast_head_json":{"title":"AMC ismertet\u0151 - AMC Hungary","robots":{"index":"index","follow":"follow","max-snippet":"max-snippet:-1","max-image-preview":"max-image-preview:large","max-video-preview":"max-video-preview:-1"},"canonical":"https:\/\/amchungary.hu\/sr\/amc-ismerteto\/","og_locale":"sr_RS","og_type":"article","og_title":"AMC ismertet\u0151","og_description":"AMC pr\u00e9mium f\u0151z\u0151rendszer \u00e1ltal\u00e1nos ismertet\u0151 dokumentumok Kedves \u00c9rdekl\u0151d\u0151! Ezen az oldalon tal\u00e1lja let\u00f6lthet\u0151 anyagainkat,melyeken\u00a0 \u00a0 \u00a0 \u00a0 \u00a0 \u00a0 \u00a0 \u00a0 \u00a0 \u00a0kereszt\u00fcl r\u00e9szleten\u00a0 megismerheti az\u00a0 \u00a0 \u00a0 \u00a0 \u00a0 \u00a0 \u00a0 \u00a0 AMC PR\u00c9MIUM F\u0150Z\u0150RENDSZR\u00c9T. B\u00edzunk benne, hogy felkeltette \u00e9rdekl\u0151d\u00e9s\u00e9t, ez a vil\u00e1gon egyed\u00fcl\u00e1ll\u00f3 konyhatechnol\u00f3gia, mely az eg\u00e9sz csal\u00e1d eg\u00e9szs\u00e9g\u00e9t hivatott szolg\u00e1lni. Ezen az [&hellip;]","og_url":"https:\/\/amchungary.hu\/sr\/amc-ismerteto\/","og_site_name":"AMC Hungary","article_publisher":"https:\/\/www.facebook.com\/people\/AMC-Hungary\/61570426203273\/","article_modified_time":"2026-01-07T20:15:16+00:00","twitter_card":"summary_large_image","twitter_misc":{"\u041f\u0440\u043e\u0446\u0435\u045a\u0435\u043d\u043e \u0432\u0440\u0435\u043c\u0435 \u0447\u0438\u0442\u0430\u045a\u0430":"1 \u043c\u0438\u043d\u0443\u0442"},"schema":{"@context":"https:\/\/schema.org","@graph":[{"@type":"WebPage","@id":"https:\/\/amchungary.hu\/amc-ismerteto\/","url":"https:\/\/amchungary.hu\/amc-ismerteto\/","name":"AMC ismertet\u0151 - AMC Hungary","isPartOf":{"@id":"https:\/\/amchungary.hu\/#website"},"primaryImageOfPage":{"@id":"https:\/\/amchungary.hu\/amc-ismerteto\/#primaryimage"},"image":{"@id":"https:\/\/amchungary.hu\/amc-ismerteto\/#primaryimage"},"thumbnailUrl":"https:\/\/amchungary.hu\/wp-content\/uploads\/2024\/12\/foglalo-oldal-e1735488658632.avif","datePublished":"2025-10-13T08:20:03+00:00","dateModified":"2026-01-07T20:15:16+00:00","breadcrumb":{"@id":"https:\/\/amchungary.hu\/amc-ismerteto\/#breadcrumb"},"inLanguage":"sr-RS","potentialAction":[{"@type":"ReadAction","target":["https:\/\/amchungary.hu\/amc-ismerteto\/"]}]},{"@type":"ImageObject","inLanguage":"sr-RS","@id":"https:\/\/amchungary.hu\/amc-ismerteto\/#primaryimage","url":"https:\/\/amchungary.hu\/wp-content\/uploads\/2024\/12\/foglalo-oldal-e1735488658632.avif","contentUrl":"https:\/\/amchungary.hu\/wp-content\/uploads\/2024\/12\/foglalo-oldal-e1735488658632.avif"},{"@type":"BreadcrumbList","@id":"https:\/\/amchungary.hu\/amc-ismerteto\/#breadcrumb","itemListElement":[{"@type":"ListItem","position":1,"name":"Home","item":"https:\/\/amchungary.hu\/"},{"@type":"ListItem","position":2,"name":"AMC ismertet\u0151"}]},{"@type":"WebSite","@id":"https:\/\/amchungary.hu\/#website","url":"https:\/\/amchungary.hu\/","name":"AMC Hungary","description":"","publisher":{"@id":"https:\/\/amchungary.hu\/#organization"},"potentialAction":[{"@type":"SearchAction","target":{"@type":"EntryPoint","urlTemplate":"https:\/\/amchungary.hu\/?s={search_term_string}"},"query-input":{"@type":"PropertyValueSpecification","valueRequired":true,"valueName":"search_term_string"}}],"inLanguage":"sr-RS"},{"@type":"Organization","@id":"https:\/\/amchungary.hu\/#organization","name":"AMC Hungary","url":"https:\/\/amchungary.hu\/","logo":{"@type":"ImageObject","inLanguage":"sr-RS","@id":"https:\/\/amchungary.hu\/#\/schema\/logo\/image\/","url":"https:\/\/amchungary.hu\/wp-content\/uploads\/2025\/09\/AMC_Logo_outline_bw_1-1.avif","contentUrl":"https:\/\/amchungary.hu\/wp-content\/uploads\/2025\/09\/AMC_Logo_outline_bw_1-1.avif","width":180,"height":120,"caption":"AMC Hungary"},"image":{"@id":"https:\/\/amchungary.hu\/#\/schema\/logo\/image\/"},"sameAs":["https:\/\/www.facebook.com\/people\/AMC-Hungary\/61570426203273\/","https:\/\/www.instagram.com\/amchungary\/","https:\/\/www.youtube.com\/@AMCHUNGARY","https:\/\/www.tiktok.com\/@amchungary"]}]}},"_links":{"self":[{"href":"https:\/\/amchungary.hu\/sr\/wp-json\/wp\/v2\/pages\/6289","targetHints":{"allow":["GET"]}}],"collection":[{"href":"https:\/\/amchungary.hu\/sr\/wp-json\/wp\/v2\/pages"}],"about":[{"href":"https:\/\/amchungary.hu\/sr\/wp-json\/wp\/v2\/types\/page"}],"author":[{"embeddable":true,"href":"https:\/\/amchungary.hu\/sr\/wp-json\/wp\/v2\/users\/1"}],"replies":[{"embeddable":true,"href":"https:\/\/amchungary.hu\/sr\/wp-json\/wp\/v2\/comments?post=6289"}],"version-history":[{"count":0,"href":"https:\/\/amchungary.hu\/sr\/wp-json\/wp\/v2\/pages\/6289\/revisions"}],"wp:attachment":[{"href":"https:\/\/amchungary.hu\/sr\/wp-json\/wp\/v2\/media?parent=6289"}],"curies":[{"name":"wp","href":"https:\/\/api.w.org\/{rel}","templated":true}]}}