{"id":6433,"date":"2025-11-07T11:39:06","date_gmt":"2025-11-07T10:39:06","guid":{"rendered":"https:\/\/amchungary.hu\/?page_id=6433"},"modified":"2025-11-14T09:35:31","modified_gmt":"2025-11-14T08:35:31","slug":"karacsonyi-ajanlatok","status":"publish","type":"page","link":"https:\/\/amchungary.hu\/sr\/karacsonyi-ajanlatok\/","title":{"rendered":"Kar\u00e1csonyi aj\u00e1nlatok"},"content":{"rendered":"\t\t<div data-elementor-type=\"wp-page\" data-elementor-id=\"6433\" class=\"elementor elementor-6433\" data-elementor-post-type=\"page\">\n\t\t\t\t<div class=\"elementor-element elementor-element-c761e57 e-con-full e-flex e-con e-parent\" data-id=\"c761e57\" data-element_type=\"container\" data-e-type=\"container\" data-settings=\"{&quot;background_background&quot;:&quot;classic&quot;}\">\n\t\t\t\t<\/div>\n\t\t<div class=\"elementor-element elementor-element-63dbdd5 e-flex e-con-boxed e-con e-parent\" data-id=\"63dbdd5\" data-element_type=\"container\" data-e-type=\"container\" data-settings=\"{&quot;background_background&quot;:&quot;classic&quot;}\">\n\t\t\t\t\t<div class=\"e-con-inner\">\n\t\t\t\t<div class=\"elementor-element elementor-element-ff68d12 elementor-widget elementor-widget-heading\" data-id=\"ff68d12\" data-element_type=\"widget\" data-e-type=\"widget\" data-widget_type=\"heading.default\">\n\t\t\t\t<div class=\"elementor-widget-container\">\n\t\t\t\t\t<h2 class=\"elementor-heading-title elementor-size-default\">Kar\u00e1csonyi aj\u00e1nlataink<\/h2>\t\t\t\t<\/div>\n\t\t\t\t<\/div>\n\t\t\t\t<div class=\"elementor-element elementor-element-404d3bb elementor-widget elementor-widget-text-editor\" data-id=\"404d3bb\" data-element_type=\"widget\" data-e-type=\"widget\" data-widget_type=\"text-editor.default\">\n\t\t\t\t<div class=\"elementor-widget-container\">\n\t\t\t\t\t\t\t\t\t<div id=\"comp-m49se3og\" class=\"HcOXKn c9GqVL QxJLC3 lq2cno YQcXTT comp-m49se3og wixui-rich-text\" data-testid=\"richTextElement\"><article class=\"text-token-text-primary w-full focus:outline-none [--shadow-height:45px] has-data-writing-block:pointer-events-none has-data-writing-block:-mt-(--shadow-height) has-data-writing-block:pt-(--shadow-height) [&amp;:has([data-writing-block])&gt;*]:pointer-events-auto [content-visibility:auto] supports-[content-visibility:auto]:[contain-intrinsic-size:auto_100lvh] scroll-mt-[calc(var(--header-height)+min(200px,max(70px,20svh)))]\" dir=\"auto\" tabindex=\"-1\" data-turn-id=\"93cf882b-7244-4ce0-a85f-23d21969d85d\" data-testid=\"conversation-turn-6\" data-scroll-anchor=\"true\" data-turn=\"assistant\"><div class=\"text-base my-auto mx-auto pb-10 [--thread-content-margin:--spacing(4)] thread-sm:[--thread-content-margin:--spacing(6)] thread-lg:[--thread-content-margin:--spacing(16)] px-(--thread-content-margin)\"><div class=\"[--thread-content-max-width:40rem] thread-lg:[--thread-content-max-width:48rem] mx-auto max-w-(--thread-content-max-width) flex-1 group\/turn-messages focus-visible:outline-hidden relative flex w-full min-w-0 flex-col agent-turn\" tabindex=\"-1\"><div class=\"flex max-w-full flex-col grow\"><div class=\"min-h-8 text-message relative flex w-full flex-col items-end gap-2 text-start break-words whitespace-normal [.text-message+&amp;]:mt-1\" dir=\"auto\" data-message-author-role=\"assistant\" data-message-id=\"dd69eb7f-4f79-42c2-9075-1e9d88bd5525\" data-message-model-slug=\"gpt-5-1-thinking\"><div class=\"flex w-full flex-col gap-1 empty:hidden first:pt-[1px]\"><div class=\"markdown prose dark:prose-invert w-full break-words light markdown-new-styling\"><p data-start=\"21\" data-end=\"505\">Fedezze fel \u00fcnnepi aj\u00e1nlatainkat, amelyekkel a mindennapi f\u0151z\u00e9sb\u0151l is k\u00fcl\u00f6nleges \u00e9lm\u00e9ny v\u00e1lik. Limit\u00e1lt idej\u0171 csomagjaink k\u00f6z\u00f6tt tal\u00e1l kisebb \u00e9s nagyobb f\u0151z\u0151szetteket, okos kieg\u00e9sz\u00edt\u0151kkel kombin\u00e1lt aj\u00e1nlatokat, valamint exkluz\u00edv kedvezm\u00e9nnyel el\u00e9rhet\u0151 \u00f6ssze\u00e1ll\u00edt\u00e1sokat is. V\u00e1logasson a sz\u00e9les k\u00edn\u00e1latb\u00f3l, \u00e9s lepje meg mag\u00e1t vagy szeretteit egy pr\u00e9mium AMC f\u0151z\u0151rendszerrel, amely hossz\u00fa \u00e9vekre az \u00fcnnepi asztal \u00e9s a h\u00e9tk\u00f6znapi f\u0151z\u00e9s meghat\u00e1roz\u00f3 r\u00e9sze lesz.<\/p><\/div><\/div><\/div><\/div><\/div><\/div><\/article><\/div>\t\t\t\t\t\t\t\t<\/div>\n\t\t\t\t<\/div>\n\t\t\t\t\t<\/div>\n\t\t\t\t<\/div>\n\t\t<div class=\"elementor-element elementor-element-0817561 e-grid e-con-boxed e-con e-parent\" data-id=\"0817561\" data-element_type=\"container\" data-e-type=\"container\">\n\t\t\t\t\t<div class=\"e-con-inner\">\n\t\t<div class=\"elementor-element elementor-element-b088f5f e-con-full e-flex e-con e-child\" data-id=\"b088f5f\" data-element_type=\"container\" data-e-type=\"container\">\n\t\t\t\t<div class=\"elementor-element elementor-element-564f6bd elementor-widget__width-initial elementor-widget elementor-widget-gallery\" data-id=\"564f6bd\" data-element_type=\"widget\" data-e-type=\"widget\" data-settings=\"{&quot;columns&quot;:2,&quot;gap&quot;:{&quot;unit&quot;:&quot;px&quot;,&quot;size&quot;:20,&quot;sizes&quot;:[]},&quot;aspect_ratio&quot;:&quot;16:9&quot;,&quot;lazyload&quot;:&quot;yes&quot;,&quot;gallery_layout&quot;:&quot;grid&quot;,&quot;columns_tablet&quot;:2,&quot;columns_mobile&quot;:1,&quot;gap_laptop&quot;:{&quot;unit&quot;:&quot;px&quot;,&quot;size&quot;:10,&quot;sizes&quot;:[]},&quot;gap_tablet&quot;:{&quot;unit&quot;:&quot;px&quot;,&quot;size&quot;:10,&quot;sizes&quot;:[]},&quot;gap_mobile&quot;:{&quot;unit&quot;:&quot;px&quot;,&quot;size&quot;:10,&quot;sizes&quot;:[]},&quot;link_to&quot;:&quot;file&quot;,&quot;overlay_background&quot;:&quot;yes&quot;}\" data-widget_type=\"gallery.default\">\n\t\t\t\t<div class=\"elementor-widget-container\">\n\t\t\t\t\t\t\t<div class=\"elementor-gallery__container\">\n\t\t\t\t\t\t\t<a class=\"e-gallery-item elementor-gallery-item\" href=\"https:\/\/amchungary.hu\/wp-content\/uploads\/2025\/11\/2-1.png\" data-elementor-open-lightbox=\"yes\" data-elementor-lightbox-slideshow=\"564f6bd\" data-elementor-lightbox-title=\"2 (1)\" data-e-action-hash=\"#elementor-action%3Aaction%3Dlightbox%26settings%3DeyJpZCI6NjQ0MiwidXJsIjoiaHR0cHM6XC9cL2FtY2h1bmdhcnkuaHVcL3dwLWNvbnRlbnRcL3VwbG9hZHNcLzIwMjVcLzExXC8yLTEucG5nIiwic2xpZGVzaG93IjoiNTY0ZjZiZCJ9\">\n\t\t\t\t\t<div class=\"e-gallery-image elementor-gallery-item__image\" data-thumbnail=\"https:\/\/amchungary.hu\/wp-content\/uploads\/2025\/11\/2-1.png\" data-width=\"1920\" data-height=\"1080\" aria-label=\"\" role=\"img\" ><\/div>\n\t\t\t\t\t\t\t\t\t\t\t<div class=\"elementor-gallery-item__overlay\"><\/div>\n\t\t\t\t\t\t\t\t\t\t\t\t\t\t<\/a>\n\t\t\t\t\t\t\t<a class=\"e-gallery-item elementor-gallery-item\" href=\"https:\/\/amchungary.hu\/wp-content\/uploads\/2025\/11\/5.png\" data-elementor-open-lightbox=\"yes\" data-elementor-lightbox-slideshow=\"564f6bd\" data-elementor-lightbox-title=\"5\" data-e-action-hash=\"#elementor-action%3Aaction%3Dlightbox%26settings%3DeyJpZCI6NjQzOSwidXJsIjoiaHR0cHM6XC9cL2FtY2h1bmdhcnkuaHVcL3dwLWNvbnRlbnRcL3VwbG9hZHNcLzIwMjVcLzExXC81LnBuZyIsInNsaWRlc2hvdyI6IjU2NGY2YmQifQ%3D%3D\">\n\t\t\t\t\t<div class=\"e-gallery-image elementor-gallery-item__image\" data-thumbnail=\"https:\/\/amchungary.hu\/wp-content\/uploads\/2025\/11\/5.png\" data-width=\"1920\" data-height=\"1080\" aria-label=\"\" role=\"img\" ><\/div>\n\t\t\t\t\t\t\t\t\t\t\t<div class=\"elementor-gallery-item__overlay\"><\/div>\n\t\t\t\t\t\t\t\t\t\t\t\t\t\t<\/a>\n\t\t\t\t\t\t\t<a class=\"e-gallery-item elementor-gallery-item\" href=\"https:\/\/amchungary.hu\/wp-content\/uploads\/2025\/11\/4.png\" data-elementor-open-lightbox=\"yes\" data-elementor-lightbox-slideshow=\"564f6bd\" data-elementor-lightbox-title=\"4\" data-e-action-hash=\"#elementor-action%3Aaction%3Dlightbox%26settings%3DeyJpZCI6NjQ0MCwidXJsIjoiaHR0cHM6XC9cL2FtY2h1bmdhcnkuaHVcL3dwLWNvbnRlbnRcL3VwbG9hZHNcLzIwMjVcLzExXC80LnBuZyIsInNsaWRlc2hvdyI6IjU2NGY2YmQifQ%3D%3D\">\n\t\t\t\t\t<div class=\"e-gallery-image elementor-gallery-item__image\" data-thumbnail=\"https:\/\/amchungary.hu\/wp-content\/uploads\/2025\/11\/4.png\" data-width=\"1920\" data-height=\"1080\" aria-label=\"\" role=\"img\" ><\/div>\n\t\t\t\t\t\t\t\t\t\t\t<div class=\"elementor-gallery-item__overlay\"><\/div>\n\t\t\t\t\t\t\t\t\t\t\t\t\t\t<\/a>\n\t\t\t\t\t\t\t<a class=\"e-gallery-item elementor-gallery-item\" href=\"https:\/\/amchungary.hu\/wp-content\/uploads\/2025\/11\/3.png\" data-elementor-open-lightbox=\"yes\" data-elementor-lightbox-slideshow=\"564f6bd\" data-elementor-lightbox-title=\"3\" data-e-action-hash=\"#elementor-action%3Aaction%3Dlightbox%26settings%3DeyJpZCI6NjQ0MSwidXJsIjoiaHR0cHM6XC9cL2FtY2h1bmdhcnkuaHVcL3dwLWNvbnRlbnRcL3VwbG9hZHNcLzIwMjVcLzExXC8zLnBuZyIsInNsaWRlc2hvdyI6IjU2NGY2YmQifQ%3D%3D\">\n\t\t\t\t\t<div class=\"e-gallery-image elementor-gallery-item__image\" data-thumbnail=\"https:\/\/amchungary.hu\/wp-content\/uploads\/2025\/11\/3.png\" data-width=\"1920\" data-height=\"1080\" aria-label=\"\" role=\"img\" ><\/div>\n\t\t\t\t\t\t\t\t\t\t\t<div class=\"elementor-gallery-item__overlay\"><\/div>\n\t\t\t\t\t\t\t\t\t\t\t\t\t\t<\/a>\n\t\t\t\t\t\t\t<a class=\"e-gallery-item elementor-gallery-item\" href=\"https:\/\/amchungary.hu\/wp-content\/uploads\/2025\/11\/7.png\" data-elementor-open-lightbox=\"yes\" data-elementor-lightbox-slideshow=\"564f6bd\" data-elementor-lightbox-title=\"7\" data-e-action-hash=\"#elementor-action%3Aaction%3Dlightbox%26settings%3DeyJpZCI6NjQzNywidXJsIjoiaHR0cHM6XC9cL2FtY2h1bmdhcnkuaHVcL3dwLWNvbnRlbnRcL3VwbG9hZHNcLzIwMjVcLzExXC83LnBuZyIsInNsaWRlc2hvdyI6IjU2NGY2YmQifQ%3D%3D\">\n\t\t\t\t\t<div class=\"e-gallery-image elementor-gallery-item__image\" data-thumbnail=\"https:\/\/amchungary.hu\/wp-content\/uploads\/2025\/11\/7.png\" data-width=\"1920\" data-height=\"1080\" aria-label=\"\" role=\"img\" ><\/div>\n\t\t\t\t\t\t\t\t\t\t\t<div class=\"elementor-gallery-item__overlay\"><\/div>\n\t\t\t\t\t\t\t\t\t\t\t\t\t\t<\/a>\n\t\t\t\t\t\t\t<a class=\"e-gallery-item elementor-gallery-item\" href=\"https:\/\/amchungary.hu\/wp-content\/uploads\/2025\/11\/6.png\" data-elementor-open-lightbox=\"yes\" data-elementor-lightbox-slideshow=\"564f6bd\" data-elementor-lightbox-title=\"6\" data-e-action-hash=\"#elementor-action%3Aaction%3Dlightbox%26settings%3DeyJpZCI6NjQzOCwidXJsIjoiaHR0cHM6XC9cL2FtY2h1bmdhcnkuaHVcL3dwLWNvbnRlbnRcL3VwbG9hZHNcLzIwMjVcLzExXC82LnBuZyIsInNsaWRlc2hvdyI6IjU2NGY2YmQifQ%3D%3D\">\n\t\t\t\t\t<div class=\"e-gallery-image elementor-gallery-item__image\" data-thumbnail=\"https:\/\/amchungary.hu\/wp-content\/uploads\/2025\/11\/6.png\" data-width=\"1920\" data-height=\"1080\" aria-label=\"\" role=\"img\" ><\/div>\n\t\t\t\t\t\t\t\t\t\t\t<div class=\"elementor-gallery-item__overlay\"><\/div>\n\t\t\t\t\t\t\t\t\t\t\t\t\t\t<\/a>\n\t\t\t\t\t<\/div>\n\t\t\t\t\t<\/div>\n\t\t\t\t<\/div>\n\t\t\t\t<\/div>\n\t\t\t\t\t<\/div>\n\t\t\t\t<\/div>\n\t\t<div class=\"elementor-element elementor-element-7dfc7b4 e-flex e-con-boxed e-con e-parent\" data-id=\"7dfc7b4\" data-element_type=\"container\" data-e-type=\"container\">\n\t\t\t\t\t<div class=\"e-con-inner\">\n\t\t\t\t<div class=\"elementor-element elementor-element-129c49c elementor-widget elementor-widget-text-editor\" data-id=\"129c49c\" data-element_type=\"widget\" data-e-type=\"widget\" data-widget_type=\"text-editor.default\">\n\t\t\t\t<div class=\"elementor-widget-container\">\n\t\t\t\t\t\t\t\t\t<p>Ha felkeltett\u00e9k \u00e9rdekl\u0151d\u00e9s\u00e9t \u00fcnnepi aj\u00e1nlataink, tekintse meg a r\u00e9szleteket, \u00e9s v\u00e1lassza ki az \u00d6nnek legink\u00e1bb megfelel\u0151 \u00f6ssze\u00e1ll\u00edt\u00e1st.<\/p>\t\t\t\t\t\t\t\t<\/div>\n\t\t\t\t<\/div>\n\t\t\t\t<div class=\"elementor-element elementor-element-337074b elementor-mobile-align-center elementor-widget__width-initial elementor-widget elementor-widget-button\" data-id=\"337074b\" data-element_type=\"widget\" data-e-type=\"widget\" data-widget_type=\"button.default\">\n\t\t\t\t<div class=\"elementor-widget-container\">\n\t\t\t\t\t\t\t\t\t<div class=\"elementor-button-wrapper\">\n\t\t\t\t\t<a class=\"elementor-button elementor-button-link elementor-size-sm\" href=\"https:\/\/shop.amchungary.hu\/\">\n\t\t\t\t\t\t<span class=\"elementor-button-content-wrapper\">\n\t\t\t\t\t\t\t\t\t<span class=\"elementor-button-text\">Megn\u00e9zem az aj\u00e1nlatokat<\/span>\n\t\t\t\t\t<\/span>\n\t\t\t\t\t<\/a>\n\t\t\t\t<\/div>\n\t\t\t\t\t\t\t\t<\/div>\n\t\t\t\t<\/div>\n\t\t\t\t\t<\/div>\n\t\t\t\t<\/div>\n\t\t\t\t<\/div>\n\t\t","protected":false},"excerpt":{"rendered":"<p>Kar\u00e1csonyi aj\u00e1nlataink Fedezze fel \u00fcnnepi aj\u00e1nlatainkat, amelyekkel a mindennapi f\u0151z\u00e9sb\u0151l is k\u00fcl\u00f6nleges \u00e9lm\u00e9ny v\u00e1lik. Limit\u00e1lt idej\u0171 csomagjaink k\u00f6z\u00f6tt tal\u00e1l kisebb \u00e9s nagyobb f\u0151z\u0151szetteket, okos kieg\u00e9sz\u00edt\u0151kkel kombin\u00e1lt aj\u00e1nlatokat, valamint exkluz\u00edv kedvezm\u00e9nnyel el\u00e9rhet\u0151 \u00f6ssze\u00e1ll\u00edt\u00e1sokat is. V\u00e1logasson a sz\u00e9les k\u00edn\u00e1latb\u00f3l, \u00e9s lepje meg mag\u00e1t vagy szeretteit egy pr\u00e9mium AMC f\u0151z\u0151rendszerrel, amely hossz\u00fa \u00e9vekre az \u00fcnnepi asztal \u00e9s a [&hellip;]<\/p>\n","protected":false},"author":1,"featured_media":0,"parent":0,"menu_order":0,"comment_status":"closed","ping_status":"closed","template":"","meta":{"footnotes":""},"class_list":["post-6433","page","type-page","status-publish","hentry"],"yoast_head":"<!-- This site is optimized with the Yoast SEO Premium plugin v27.6 (Yoast SEO v27.6) - https:\/\/yoast.com\/product\/yoast-seo-premium-wordpress\/ -->\n<title>Kar\u00e1csonyi aj\u00e1nlatok - AMC Hungary<\/title>\n<meta name=\"robots\" content=\"index, follow, max-snippet:-1, max-image-preview:large, max-video-preview:-1\" \/>\n<link rel=\"canonical\" href=\"https:\/\/amchungary.hu\/sr\/karacsonyi-ajanlatok\/\" \/>\n<meta property=\"og:locale\" content=\"sr_RS\" \/>\n<meta property=\"og:type\" content=\"article\" \/>\n<meta property=\"og:title\" content=\"Kar\u00e1csonyi aj\u00e1nlatok\" \/>\n<meta property=\"og:description\" content=\"Kar\u00e1csonyi aj\u00e1nlataink Fedezze fel \u00fcnnepi aj\u00e1nlatainkat, amelyekkel a mindennapi f\u0151z\u00e9sb\u0151l is k\u00fcl\u00f6nleges \u00e9lm\u00e9ny v\u00e1lik. Limit\u00e1lt idej\u0171 csomagjaink k\u00f6z\u00f6tt tal\u00e1l kisebb \u00e9s nagyobb f\u0151z\u0151szetteket, okos kieg\u00e9sz\u00edt\u0151kkel kombin\u00e1lt aj\u00e1nlatokat, valamint exkluz\u00edv kedvezm\u00e9nnyel el\u00e9rhet\u0151 \u00f6ssze\u00e1ll\u00edt\u00e1sokat is. V\u00e1logasson a sz\u00e9les k\u00edn\u00e1latb\u00f3l, \u00e9s lepje meg mag\u00e1t vagy szeretteit egy pr\u00e9mium AMC f\u0151z\u0151rendszerrel, amely hossz\u00fa \u00e9vekre az \u00fcnnepi asztal \u00e9s a [&hellip;]\" \/>\n<meta property=\"og:url\" content=\"https:\/\/amchungary.hu\/sr\/karacsonyi-ajanlatok\/\" \/>\n<meta property=\"og:site_name\" content=\"AMC Hungary\" \/>\n<meta property=\"article:publisher\" content=\"https:\/\/www.facebook.com\/people\/AMC-Hungary\/61570426203273\/\" \/>\n<meta property=\"article:modified_time\" content=\"2025-11-14T08:35:31+00:00\" \/>\n<meta name=\"twitter:card\" content=\"summary_large_image\" \/>\n<meta name=\"twitter:label1\" content=\"\u041f\u0440\u043e\u0446\u0435\u045a\u0435\u043d\u043e \u0432\u0440\u0435\u043c\u0435 \u0447\u0438\u0442\u0430\u045a\u0430\" \/>\n\t<meta name=\"twitter:data1\" content=\"1 \u043c\u0438\u043d\u0443\u0442\" \/>\n<script type=\"application\/ld+json\" class=\"yoast-schema-graph\">{\"@context\":\"https:\\\/\\\/schema.org\",\"@graph\":[{\"@type\":\"WebPage\",\"@id\":\"https:\\\/\\\/amchungary.hu\\\/karacsonyi-ajanlatok\\\/\",\"url\":\"https:\\\/\\\/amchungary.hu\\\/karacsonyi-ajanlatok\\\/\",\"name\":\"Kar\u00e1csonyi aj\u00e1nlatok - AMC Hungary\",\"isPartOf\":{\"@id\":\"https:\\\/\\\/amchungary.hu\\\/#website\"},\"datePublished\":\"2025-11-07T10:39:06+00:00\",\"dateModified\":\"2025-11-14T08:35:31+00:00\",\"breadcrumb\":{\"@id\":\"https:\\\/\\\/amchungary.hu\\\/karacsonyi-ajanlatok\\\/#breadcrumb\"},\"inLanguage\":\"sr-RS\",\"potentialAction\":[{\"@type\":\"ReadAction\",\"target\":[\"https:\\\/\\\/amchungary.hu\\\/karacsonyi-ajanlatok\\\/\"]}]},{\"@type\":\"BreadcrumbList\",\"@id\":\"https:\\\/\\\/amchungary.hu\\\/karacsonyi-ajanlatok\\\/#breadcrumb\",\"itemListElement\":[{\"@type\":\"ListItem\",\"position\":1,\"name\":\"Home\",\"item\":\"https:\\\/\\\/amchungary.hu\\\/\"},{\"@type\":\"ListItem\",\"position\":2,\"name\":\"Kar\u00e1csonyi aj\u00e1nlatok\"}]},{\"@type\":\"WebSite\",\"@id\":\"https:\\\/\\\/amchungary.hu\\\/#website\",\"url\":\"https:\\\/\\\/amchungary.hu\\\/\",\"name\":\"AMC Hungary\",\"description\":\"\",\"publisher\":{\"@id\":\"https:\\\/\\\/amchungary.hu\\\/#organization\"},\"potentialAction\":[{\"@type\":\"SearchAction\",\"target\":{\"@type\":\"EntryPoint\",\"urlTemplate\":\"https:\\\/\\\/amchungary.hu\\\/?s={search_term_string}\"},\"query-input\":{\"@type\":\"PropertyValueSpecification\",\"valueRequired\":true,\"valueName\":\"search_term_string\"}}],\"inLanguage\":\"sr-RS\"},{\"@type\":\"Organization\",\"@id\":\"https:\\\/\\\/amchungary.hu\\\/#organization\",\"name\":\"AMC Hungary\",\"url\":\"https:\\\/\\\/amchungary.hu\\\/\",\"logo\":{\"@type\":\"ImageObject\",\"inLanguage\":\"sr-RS\",\"@id\":\"https:\\\/\\\/amchungary.hu\\\/#\\\/schema\\\/logo\\\/image\\\/\",\"url\":\"https:\\\/\\\/amchungary.hu\\\/wp-content\\\/uploads\\\/2025\\\/09\\\/AMC_Logo_outline_bw_1-1.avif\",\"contentUrl\":\"https:\\\/\\\/amchungary.hu\\\/wp-content\\\/uploads\\\/2025\\\/09\\\/AMC_Logo_outline_bw_1-1.avif\",\"width\":180,\"height\":120,\"caption\":\"AMC Hungary\"},\"image\":{\"@id\":\"https:\\\/\\\/amchungary.hu\\\/#\\\/schema\\\/logo\\\/image\\\/\"},\"sameAs\":[\"https:\\\/\\\/www.facebook.com\\\/people\\\/AMC-Hungary\\\/61570426203273\\\/\",\"https:\\\/\\\/www.instagram.com\\\/amchungary\\\/\",\"https:\\\/\\\/www.youtube.com\\\/@AMCHUNGARY\",\"https:\\\/\\\/www.tiktok.com\\\/@amchungary\"]}]}<\/script>\n<!-- \/ Yoast SEO Premium plugin. -->","yoast_head_json":{"title":"Kar\u00e1csonyi aj\u00e1nlatok - AMC Hungary","robots":{"index":"index","follow":"follow","max-snippet":"max-snippet:-1","max-image-preview":"max-image-preview:large","max-video-preview":"max-video-preview:-1"},"canonical":"https:\/\/amchungary.hu\/sr\/karacsonyi-ajanlatok\/","og_locale":"sr_RS","og_type":"article","og_title":"Kar\u00e1csonyi aj\u00e1nlatok","og_description":"Kar\u00e1csonyi aj\u00e1nlataink Fedezze fel \u00fcnnepi aj\u00e1nlatainkat, amelyekkel a mindennapi f\u0151z\u00e9sb\u0151l is k\u00fcl\u00f6nleges \u00e9lm\u00e9ny v\u00e1lik. Limit\u00e1lt idej\u0171 csomagjaink k\u00f6z\u00f6tt tal\u00e1l kisebb \u00e9s nagyobb f\u0151z\u0151szetteket, okos kieg\u00e9sz\u00edt\u0151kkel kombin\u00e1lt aj\u00e1nlatokat, valamint exkluz\u00edv kedvezm\u00e9nnyel el\u00e9rhet\u0151 \u00f6ssze\u00e1ll\u00edt\u00e1sokat is. V\u00e1logasson a sz\u00e9les k\u00edn\u00e1latb\u00f3l, \u00e9s lepje meg mag\u00e1t vagy szeretteit egy pr\u00e9mium AMC f\u0151z\u0151rendszerrel, amely hossz\u00fa \u00e9vekre az \u00fcnnepi asztal \u00e9s a [&hellip;]","og_url":"https:\/\/amchungary.hu\/sr\/karacsonyi-ajanlatok\/","og_site_name":"AMC Hungary","article_publisher":"https:\/\/www.facebook.com\/people\/AMC-Hungary\/61570426203273\/","article_modified_time":"2025-11-14T08:35:31+00:00","twitter_card":"summary_large_image","twitter_misc":{"\u041f\u0440\u043e\u0446\u0435\u045a\u0435\u043d\u043e \u0432\u0440\u0435\u043c\u0435 \u0447\u0438\u0442\u0430\u045a\u0430":"1 \u043c\u0438\u043d\u0443\u0442"},"schema":{"@context":"https:\/\/schema.org","@graph":[{"@type":"WebPage","@id":"https:\/\/amchungary.hu\/karacsonyi-ajanlatok\/","url":"https:\/\/amchungary.hu\/karacsonyi-ajanlatok\/","name":"Kar\u00e1csonyi aj\u00e1nlatok - AMC Hungary","isPartOf":{"@id":"https:\/\/amchungary.hu\/#website"},"datePublished":"2025-11-07T10:39:06+00:00","dateModified":"2025-11-14T08:35:31+00:00","breadcrumb":{"@id":"https:\/\/amchungary.hu\/karacsonyi-ajanlatok\/#breadcrumb"},"inLanguage":"sr-RS","potentialAction":[{"@type":"ReadAction","target":["https:\/\/amchungary.hu\/karacsonyi-ajanlatok\/"]}]},{"@type":"BreadcrumbList","@id":"https:\/\/amchungary.hu\/karacsonyi-ajanlatok\/#breadcrumb","itemListElement":[{"@type":"ListItem","position":1,"name":"Home","item":"https:\/\/amchungary.hu\/"},{"@type":"ListItem","position":2,"name":"Kar\u00e1csonyi aj\u00e1nlatok"}]},{"@type":"WebSite","@id":"https:\/\/amchungary.hu\/#website","url":"https:\/\/amchungary.hu\/","name":"AMC Hungary","description":"","publisher":{"@id":"https:\/\/amchungary.hu\/#organization"},"potentialAction":[{"@type":"SearchAction","target":{"@type":"EntryPoint","urlTemplate":"https:\/\/amchungary.hu\/?s={search_term_string}"},"query-input":{"@type":"PropertyValueSpecification","valueRequired":true,"valueName":"search_term_string"}}],"inLanguage":"sr-RS"},{"@type":"Organization","@id":"https:\/\/amchungary.hu\/#organization","name":"AMC Hungary","url":"https:\/\/amchungary.hu\/","logo":{"@type":"ImageObject","inLanguage":"sr-RS","@id":"https:\/\/amchungary.hu\/#\/schema\/logo\/image\/","url":"https:\/\/amchungary.hu\/wp-content\/uploads\/2025\/09\/AMC_Logo_outline_bw_1-1.avif","contentUrl":"https:\/\/amchungary.hu\/wp-content\/uploads\/2025\/09\/AMC_Logo_outline_bw_1-1.avif","width":180,"height":120,"caption":"AMC Hungary"},"image":{"@id":"https:\/\/amchungary.hu\/#\/schema\/logo\/image\/"},"sameAs":["https:\/\/www.facebook.com\/people\/AMC-Hungary\/61570426203273\/","https:\/\/www.instagram.com\/amchungary\/","https:\/\/www.youtube.com\/@AMCHUNGARY","https:\/\/www.tiktok.com\/@amchungary"]}]}},"_links":{"self":[{"href":"https:\/\/amchungary.hu\/sr\/wp-json\/wp\/v2\/pages\/6433","targetHints":{"allow":["GET"]}}],"collection":[{"href":"https:\/\/amchungary.hu\/sr\/wp-json\/wp\/v2\/pages"}],"about":[{"href":"https:\/\/amchungary.hu\/sr\/wp-json\/wp\/v2\/types\/page"}],"author":[{"embeddable":true,"href":"https:\/\/amchungary.hu\/sr\/wp-json\/wp\/v2\/users\/1"}],"replies":[{"embeddable":true,"href":"https:\/\/amchungary.hu\/sr\/wp-json\/wp\/v2\/comments?post=6433"}],"version-history":[{"count":0,"href":"https:\/\/amchungary.hu\/sr\/wp-json\/wp\/v2\/pages\/6433\/revisions"}],"wp:attachment":[{"href":"https:\/\/amchungary.hu\/sr\/wp-json\/wp\/v2\/media?parent=6433"}],"curies":[{"name":"wp","href":"https:\/\/api.w.org\/{rel}","templated":true}]}}